{"id":3603,"date":"2018-01-13T22:30:19","date_gmt":"2018-01-13T22:30:19","guid":{"rendered":"http:\/\/new.elearning.upt.ro\/?page_id=3603"},"modified":"2023-06-14T21:02:53","modified_gmt":"2023-06-14T18:02:53","slug":"crp","status":"publish","type":"page","link":"https:\/\/elearning.upt.ro\/ro\/programele-de-studiu\/licenta\/curricula\/crp\/","title":{"rendered":"Comunicare si Relatii Publice"},"content":{"rendered":"<h2><span class=\"selected\"><a href=\"https:\/\/elearning.upt.ro\/?page_id=3587\">Tehnologii si sisteme de telecomunicatii<\/a><\/span>&nbsp;&nbsp;|&nbsp;&nbsp;<a href=\"https:\/\/elearning.upt.ro\/?page_id=3605\">an 1<\/a>&nbsp;&nbsp;&#8211;&nbsp;&nbsp;<a href=\"https:\/\/elearning.upt.ro\/?page_id=3607\">an 2<\/a>&nbsp;&nbsp;&#8211;&nbsp;&nbsp;<a href=\"https:\/\/elearning.upt.ro\/?page_id=3612\">an 3<\/a>&nbsp;&nbsp;&#8211;&nbsp;&nbsp;<a href=\"https:\/\/elearning.upt.ro\/?page_id=3614\">an 4<\/a><\/h2>\n<h2><a href=\"https:\/\/elearning.upt.ro\/?page_id=3611\">Informatica aplicata<\/a>&nbsp;&nbsp;|&nbsp;&nbsp;<a href=\"https:\/\/elearning.upt.ro\/?page_id=3619\">an 1<\/a>&nbsp;&nbsp;&#8211;&nbsp;&nbsp;<a href=\"https:\/\/elearning.upt.ro\/?page_id=3623\">an 2<\/a>&nbsp;&nbsp;&#8211;&nbsp;&nbsp;<a href=\"https:\/\/elearning.upt.ro\/?page_id=3626\">an 3<\/a><\/h2>\n<h2><a href=\"https:\/\/elearning.upt.ro\/?page_id=3603\">Comunicare si Relatii Publice<\/a>&nbsp;&nbsp;|&nbsp;&nbsp;<a href=\"https:\/\/elearning.upt.ro\/?page_id=3638\">an 1<\/a>&nbsp;&nbsp;&#8211;&nbsp;&nbsp;<a href=\"https:\/\/elearning.upt.ro\/?page_id=3642\">an 2<\/a>&nbsp;&nbsp;&#8211;&nbsp;&nbsp;<a href=\"https:\/\/elearning.upt.ro\/?page_id=3639\">an 3<\/a><\/h2>\n<h2><a href=\"https:\/\/elearning.upt.ro\/?page_id=3600\">Tehnologia Constructiilor de Masini<\/a>&nbsp;&nbsp;|&nbsp;&nbsp;<a href=\"https:\/\/elearning.upt.ro\/?page_id=3620\">an 1<\/a>&nbsp;&nbsp;&#8211;&nbsp;&nbsp;<a href=\"https:\/\/elearning.upt.ro\/?page_id=3629\">an 2<\/a>&nbsp;&nbsp;&#8211;&nbsp;&nbsp;<a href=\"https:\/\/elearning.upt.ro\/?page_id=3633\">an 3<\/a> &#8211;&nbsp;&nbsp;<a href=\"https:\/\/elearning.upt.ro\/?page_id=25000\">an 4<\/a><\/h2>\n\n\n<figure class=\"wp-block-table\"><table><tbody><tr><td><strong>Cursuri<\/strong><\/td><td><strong>Tutori<\/strong><\/td><\/tr><tr><td>Fundamente ale \u0219tiin\u021belor comunic\u0103rii<\/td><td>Conf. dr. Suciu Lavinia<br>Asist. dr. T\u00eemplaru Adina<\/td><\/tr><tr><td>Introducere \u00een sistemul mass-media<\/td><td>Conf. dr. Cernicova Mariana<br>Lect. dr. Ciurel Daniel<\/td><\/tr><tr><td>G\u00e2ndire critic\u0103<\/td><td>Lect. dr. B\u0103ia\u0219 Cosmin<\/td><\/tr><tr><td>Gramatic\u0103 comunicativ\u0103 E<\/td><td>Lect. dr. Kilyeni Annamaria<\/td><\/tr><tr><td>Comunicare oral\u0103 \u00een contexte profesionale E<\/td><td>Prof. dr. \u015eimon Simona<br>Asist. dr. Pele Andreea<\/td><\/tr><tr><td>Limba str\u0103in\u0103 II &#8211; F<\/td><td>Prof. dr. Pop Mirela<br>Lect AUF Crept Gautier<\/td><\/tr><tr><td>Limba str\u0103in\u0103 II &#8211; G<\/td><td>Conf. dr. Dejica-Car\u021bi\u0219 Anca<\/td><\/tr><tr><td>Sociologia opiniei publice<\/td><td>Prof. dr. Dragomir Gabriel Mugurel<\/td><\/tr><tr><td>Educa\u0163ie fizic\u0103 1<\/td><td>Lect. dr. D. Ionescu<\/td><\/tr><tr><td>Introducere \u00een rela\u0163iile publice<\/td><td>Conf. dr. Palea Adina<\/td><\/tr><tr><td>Introducere \u00een  publicitate<\/td><td>Lect. dr. Ciurel Daniel<\/td><\/tr><tr><td>Tehnici de redactare \u0219i prezentare<\/td><td>Conf. dr. Suciu Lavinia<\/td><\/tr><tr><td>Cultura si civilizatie in contextul globalizarii E<\/td><td>Conf. dr. Farca\u0219iu Marcela<\/td><\/tr><tr><td>Comunicare scris\u0103 \u00een contexte profesionale E<\/td><td>Conf. dr. Farca\u0219iu Marcela<\/td><\/tr><tr><td>Limba str\u0103in\u0103 II &#8211; F<\/td><td>Prof. dr. Pop Mirela<br>Lector AUF Crept Gautier<\/td><\/tr><tr><td>Limba str\u0103in\u0103 II &#8211; G<\/td><td>Conf. dr. Dejica-Car\u021bi\u0219 Anca<\/td><\/tr><tr><td>Multimedia<\/td><td>Conf. dr. ing. Mocofan Mugura\u0219<\/td><\/tr><tr><td>Educa\u0163ie fizic\u0103 2<\/td><td>Lect. dr. D. Ionescu<\/td><\/tr><tr><td>Etica \u0219i deontologia comunic\u0103rii<\/td><td>Conf. dr. Cernicova Mariana<\/td><\/tr><tr><td>Redactarea materialelor de RP<\/td><td>Conf. dr. Cernicova Mariana<br>Conf. dr. Palea Adina<\/td><\/tr><tr><td>Comunicare cu presa<\/td><td>Conf. dr. Cernicova Mariana<br>Lect. dr. Ciurel Daniel<\/td><\/tr><tr><td>Lexic specializat E<\/td><td>Lect. dr. Kilyeni Annamaria<\/td><\/tr><tr><td>Pragmatic\u0103 E<\/td><td>Prof. dr. \u0218imon Simona<\/td><\/tr><tr><td>Limba str\u0103in\u0103 II &#8211; F<\/td><td>Prof. dr. Pop Mirela<br>Lector AUF Crept Gautier<\/td><\/tr><tr><td>Limba str\u0103in\u0103 II &#8211; G<\/td><td>Conf. dr. Dejica-Car\u021bi\u0219 Anca<\/td><\/tr><tr><td>No\u021biuni de management \u0219i marketing<\/td><td>Prof. dr. ing. Pro\u0219tean Gabriela<\/td><\/tr><tr><td>Educa\u0163ie fizic\u0103 3<\/td><td>Lect. dr. D. Ionescu<\/td><\/tr><tr><td>Metode de cercetare \u00een \u0219tiin\u021bele sociale<\/td><td>Prof. dr. Dragomir Gabriel Mugurel<\/td><\/tr><tr><td>Elaborarea de produse de RP cu calculatorul<\/td><td>Prof. dr. Gherhe\u0219 Vasile<\/td><\/tr><tr><td>Managementul RP<\/td><td>Conf. dr. Palea Adina<\/td><\/tr><tr><td>Limbaje de specialitate E<\/td><td>Lect. dr. Kilyeni Annamaria<br>Asist. dr. Pele Andreea<\/td><\/tr><tr><td>Analiza discursului E<\/td><td>Lect. dr. Stoian Claudia<\/td><\/tr><tr><td>Retoric\u0103<\/td><td>Lect. dr. B\u0103ia\u0219 Cosmin<\/td><\/tr><tr><td>Practic\u0103 <\/td><td>Lect.dr. Grosseck Maria-Dana<br>Conf. dr. Palea Adina<\/td><\/tr><tr><td>Educa\u0163ie fizic\u0103 4<\/td><td>Lect. dr. D. Ionescu<\/td><\/tr><tr><td>Organizarea de evenimente<\/td><td>Conf. dr. Palea Adina<\/td><\/tr><tr><td>Campanii de RP<\/td><td>Prof. dr. Dragomir Gabriel Mugurel<\/td><\/tr><tr><td>Campanii electorale<\/td><td>Lect. dr. Suciu Sorin<\/td><\/tr><tr><td>Comunicare intern\u0103<\/td><td>Conf. dr. Palea Adina<\/td><\/tr><tr><td>Comunicare corporativ\u0103<\/td><td>Asist. dr. Cismariu Liliana<\/td><\/tr><tr><td>Mediere lingvistic\u0103 \u0219i cultural\u0103 (E)<\/td><td>Prof. dr. Dejica-Car\u021bi\u0219 Daniel<br>Lect. dr. Stoian Claudia<\/td><\/tr><tr><td>Legisla\u021bie \u00een domeniul comunic\u0103rii<\/td><td>Lect. dr. Luminosu Caius<\/td><\/tr><tr><td>Comunicare interpersonal\u0103<\/td><td>Asist. dr. Stanici Miroslav<\/td><\/tr><tr><td>Rela\u021bii publice sectoriale<\/td><td>Conf. dr. Cernicova Mariana<\/td><\/tr><tr><td>RP \u00een social media<\/td><td>Prof. dr. Gherhe\u0219 Vasile<\/td><\/tr><tr><td>Comunicare vizual\u0103<\/td><td>Lect. dr. Suciu Sorin<\/td><\/tr><\/tbody><\/table><\/figure>\n","protected":false},"excerpt":{"rendered":"<p>Tehnologii si sisteme de telecomunicatii&nbsp;&nbsp;|&nbsp;&nbsp;an 1&nbsp;&nbsp;&#8211;&nbsp;&nbsp;an 2&nbsp;&nbsp;&#8211;&nbsp;&nbsp;an 3&nbsp;&nbsp;&#8211;&nbsp;&nbsp;an 4 Informatica aplicata&nbsp;&nbsp;|&nbsp;&nbsp;an 1&nbsp;&nbsp;&#8211;&nbsp;&nbsp;an 2&nbsp;&nbsp;&#8211;&nbsp;&nbsp;an 3 Comunicare si Relatii Publice&nbsp;&nbsp;|&nbsp;&nbsp;an 1&nbsp;&nbsp;&#8211;&nbsp;&nbsp;an 2&nbsp;&nbsp;&#8211;&nbsp;&nbsp;an 3 Tehnologia Constructiilor de Masini&nbsp;&nbsp;|&nbsp;&nbsp;an 1&nbsp;&nbsp;&#8211;&nbsp;&nbsp;an 2&nbsp;&nbsp;&#8211;&nbsp;&nbsp;an 3 &#8211;&nbsp;&nbsp;an 4 Cursuri Tutori Fundamente ale \u0219tiin\u021belor comunic\u0103rii Conf. dr. Suciu LaviniaAsist. dr. T\u00eemplaru Adina Introducere \u00een sistemul mass-media Conf. dr. Cernicova MarianaLect. dr. Ciurel Daniel G\u00e2ndire [&hellip;]<\/p>\n","protected":false},"author":1,"featured_media":0,"parent":3082,"menu_order":0,"comment_status":"closed","ping_status":"closed","template":"","meta":{"footnotes":""},"class_list":["post-3603","page","type-page","status-publish","hentry"],"yoast_head":"<!-- This site is optimized with the Yoast SEO plugin v27.3 - https:\/\/yoast.com\/product\/yoast-seo-wordpress\/ -->\n<title>Comunicare si Relatii Publice - Universitatea Politehnica Timi\u015foara Departamentul de ID\/IFR \u0219i Educa\u021bie Digital\u0103 \u2013 DeL<\/title>\n<meta name=\"robots\" content=\"index, follow, max-snippet:-1, max-image-preview:large, max-video-preview:-1\" \/>\n<link rel=\"canonical\" href=\"https:\/\/elearning.upt.ro\/ro\/programele-de-studiu\/licenta\/curricula\/crp\/\" \/>\n<meta property=\"og:locale\" content=\"ro_RO\" \/>\n<meta property=\"og:type\" content=\"article\" \/>\n<meta property=\"og:title\" content=\"Comunicare si Relatii Publice - Universitatea Politehnica Timi\u015foara Departamentul de ID\/IFR \u0219i Educa\u021bie Digital\u0103 \u2013 DeL\" \/>\n<meta property=\"og:description\" content=\"Tehnologii si sisteme de telecomunicatii&nbsp;&nbsp;|&nbsp;&nbsp;an 1&nbsp;&nbsp;&#8211;&nbsp;&nbsp;an 2&nbsp;&nbsp;&#8211;&nbsp;&nbsp;an 3&nbsp;&nbsp;&#8211;&nbsp;&nbsp;an 4 Informatica aplicata&nbsp;&nbsp;|&nbsp;&nbsp;an 1&nbsp;&nbsp;&#8211;&nbsp;&nbsp;an 2&nbsp;&nbsp;&#8211;&nbsp;&nbsp;an 3 Comunicare si Relatii Publice&nbsp;&nbsp;|&nbsp;&nbsp;an 1&nbsp;&nbsp;&#8211;&nbsp;&nbsp;an 2&nbsp;&nbsp;&#8211;&nbsp;&nbsp;an 3 Tehnologia Constructiilor de Masini&nbsp;&nbsp;|&nbsp;&nbsp;an 1&nbsp;&nbsp;&#8211;&nbsp;&nbsp;an 2&nbsp;&nbsp;&#8211;&nbsp;&nbsp;an 3 &#8211;&nbsp;&nbsp;an 4 Cursuri Tutori Fundamente ale \u0219tiin\u021belor comunic\u0103rii Conf. dr. Suciu LaviniaAsist. dr. T\u00eemplaru Adina Introducere \u00een sistemul mass-media Conf. dr. Cernicova MarianaLect. dr. Ciurel Daniel G\u00e2ndire [&hellip;]\" \/>\n<meta property=\"og:url\" content=\"https:\/\/elearning.upt.ro\/ro\/programele-de-studiu\/licenta\/curricula\/crp\/\" \/>\n<meta property=\"og:site_name\" content=\"Universitatea Politehnica Timi\u015foara Departamentul de ID\/IFR \u0219i Educa\u021bie Digital\u0103 \u2013 DeL\" \/>\n<meta property=\"article:publisher\" content=\"https:\/\/www.facebook.com\/CIDUPT\/?ref=page_internal\" \/>\n<meta property=\"article:modified_time\" content=\"2023-06-14T18:02:53+00:00\" \/>\n<meta name=\"twitter:card\" content=\"summary_large_image\" \/>\n<meta name=\"twitter:label1\" content=\"Est. reading time\" \/>\n\t<meta name=\"twitter:data1\" content=\"2 minutes\" \/>\n<script type=\"application\/ld+json\" class=\"yoast-schema-graph\">{\"@context\":\"https:\\\/\\\/schema.org\",\"@graph\":[{\"@type\":\"WebPage\",\"@id\":\"https:\\\/\\\/elearning.upt.ro\\\/ro\\\/programele-de-studiu\\\/licenta\\\/curricula\\\/crp\\\/\",\"url\":\"https:\\\/\\\/elearning.upt.ro\\\/ro\\\/programele-de-studiu\\\/licenta\\\/curricula\\\/crp\\\/\",\"name\":\"Comunicare si Relatii Publice - Universitatea Politehnica Timi\u015foara Departamentul de ID\\\/IFR \u0219i Educa\u021bie Digital\u0103 \u2013 DeL\",\"isPartOf\":{\"@id\":\"https:\\\/\\\/elearning.upt.ro\\\/ro\\\/#website\"},\"datePublished\":\"2018-01-13T22:30:19+00:00\",\"dateModified\":\"2023-06-14T18:02:53+00:00\",\"breadcrumb\":{\"@id\":\"https:\\\/\\\/elearning.upt.ro\\\/ro\\\/programele-de-studiu\\\/licenta\\\/curricula\\\/crp\\\/#breadcrumb\"},\"inLanguage\":\"ro-RO\",\"potentialAction\":[{\"@type\":\"ReadAction\",\"target\":[\"https:\\\/\\\/elearning.upt.ro\\\/ro\\\/programele-de-studiu\\\/licenta\\\/curricula\\\/crp\\\/\"]}]},{\"@type\":\"BreadcrumbList\",\"@id\":\"https:\\\/\\\/elearning.upt.ro\\\/ro\\\/programele-de-studiu\\\/licenta\\\/curricula\\\/crp\\\/#breadcrumb\",\"itemListElement\":[{\"@type\":\"ListItem\",\"position\":1,\"name\":\"Home\",\"item\":\"https:\\\/\\\/elearning.upt.ro\\\/\"},{\"@type\":\"ListItem\",\"position\":2,\"name\":\"Educa\u021bie\",\"item\":\"https:\\\/\\\/elearning.upt.ro\\\/ro\\\/programele-de-studiu\\\/\"},{\"@type\":\"ListItem\",\"position\":3,\"name\":\"Licenta\",\"item\":\"https:\\\/\\\/elearning.upt.ro\\\/ro\\\/programele-de-studiu\\\/licenta\\\/\"},{\"@type\":\"ListItem\",\"position\":4,\"name\":\"Curricula\",\"item\":\"https:\\\/\\\/elearning.upt.ro\\\/ro\\\/programele-de-studiu\\\/licenta\\\/curricula\\\/\"},{\"@type\":\"ListItem\",\"position\":5,\"name\":\"Comunicare si Relatii Publice\"}]},{\"@type\":\"WebSite\",\"@id\":\"https:\\\/\\\/elearning.upt.ro\\\/ro\\\/#website\",\"url\":\"https:\\\/\\\/elearning.upt.ro\\\/ro\\\/\",\"name\":\"Universitatea Politehnica Timi\u015foara Departamentul de ID\\\/IFR \u0219i Educa\u021bie Digital\u0103 \u2013 DeL\",\"description\":\"\",\"potentialAction\":[{\"@type\":\"SearchAction\",\"target\":{\"@type\":\"EntryPoint\",\"urlTemplate\":\"https:\\\/\\\/elearning.upt.ro\\\/ro\\\/?s={search_term_string}\"},\"query-input\":{\"@type\":\"PropertyValueSpecification\",\"valueRequired\":true,\"valueName\":\"search_term_string\"}}],\"inLanguage\":\"ro-RO\"}]}<\/script>\n<!-- \/ Yoast SEO plugin. -->","yoast_head_json":{"title":"Comunicare si Relatii Publice - Universitatea Politehnica Timi\u015foara Departamentul de ID\/IFR \u0219i Educa\u021bie Digital\u0103 \u2013 DeL","robots":{"index":"index","follow":"follow","max-snippet":"max-snippet:-1","max-image-preview":"max-image-preview:large","max-video-preview":"max-video-preview:-1"},"canonical":"https:\/\/elearning.upt.ro\/ro\/programele-de-studiu\/licenta\/curricula\/crp\/","og_locale":"ro_RO","og_type":"article","og_title":"Comunicare si Relatii Publice - Universitatea Politehnica Timi\u015foara Departamentul de ID\/IFR \u0219i Educa\u021bie Digital\u0103 \u2013 DeL","og_description":"Tehnologii si sisteme de telecomunicatii&nbsp;&nbsp;|&nbsp;&nbsp;an 1&nbsp;&nbsp;&#8211;&nbsp;&nbsp;an 2&nbsp;&nbsp;&#8211;&nbsp;&nbsp;an 3&nbsp;&nbsp;&#8211;&nbsp;&nbsp;an 4 Informatica aplicata&nbsp;&nbsp;|&nbsp;&nbsp;an 1&nbsp;&nbsp;&#8211;&nbsp;&nbsp;an 2&nbsp;&nbsp;&#8211;&nbsp;&nbsp;an 3 Comunicare si Relatii Publice&nbsp;&nbsp;|&nbsp;&nbsp;an 1&nbsp;&nbsp;&#8211;&nbsp;&nbsp;an 2&nbsp;&nbsp;&#8211;&nbsp;&nbsp;an 3 Tehnologia Constructiilor de Masini&nbsp;&nbsp;|&nbsp;&nbsp;an 1&nbsp;&nbsp;&#8211;&nbsp;&nbsp;an 2&nbsp;&nbsp;&#8211;&nbsp;&nbsp;an 3 &#8211;&nbsp;&nbsp;an 4 Cursuri Tutori Fundamente ale \u0219tiin\u021belor comunic\u0103rii Conf. dr. Suciu LaviniaAsist. dr. T\u00eemplaru Adina Introducere \u00een sistemul mass-media Conf. dr. Cernicova MarianaLect. dr. Ciurel Daniel G\u00e2ndire [&hellip;]","og_url":"https:\/\/elearning.upt.ro\/ro\/programele-de-studiu\/licenta\/curricula\/crp\/","og_site_name":"Universitatea Politehnica Timi\u015foara Departamentul de ID\/IFR \u0219i Educa\u021bie Digital\u0103 \u2013 DeL","article_publisher":"https:\/\/www.facebook.com\/CIDUPT\/?ref=page_internal","article_modified_time":"2023-06-14T18:02:53+00:00","twitter_card":"summary_large_image","twitter_misc":{"Est. reading time":"2 minutes"},"schema":{"@context":"https:\/\/schema.org","@graph":[{"@type":"WebPage","@id":"https:\/\/elearning.upt.ro\/ro\/programele-de-studiu\/licenta\/curricula\/crp\/","url":"https:\/\/elearning.upt.ro\/ro\/programele-de-studiu\/licenta\/curricula\/crp\/","name":"Comunicare si Relatii Publice - Universitatea Politehnica Timi\u015foara Departamentul de ID\/IFR \u0219i Educa\u021bie Digital\u0103 \u2013 DeL","isPartOf":{"@id":"https:\/\/elearning.upt.ro\/ro\/#website"},"datePublished":"2018-01-13T22:30:19+00:00","dateModified":"2023-06-14T18:02:53+00:00","breadcrumb":{"@id":"https:\/\/elearning.upt.ro\/ro\/programele-de-studiu\/licenta\/curricula\/crp\/#breadcrumb"},"inLanguage":"ro-RO","potentialAction":[{"@type":"ReadAction","target":["https:\/\/elearning.upt.ro\/ro\/programele-de-studiu\/licenta\/curricula\/crp\/"]}]},{"@type":"BreadcrumbList","@id":"https:\/\/elearning.upt.ro\/ro\/programele-de-studiu\/licenta\/curricula\/crp\/#breadcrumb","itemListElement":[{"@type":"ListItem","position":1,"name":"Home","item":"https:\/\/elearning.upt.ro\/"},{"@type":"ListItem","position":2,"name":"Educa\u021bie","item":"https:\/\/elearning.upt.ro\/ro\/programele-de-studiu\/"},{"@type":"ListItem","position":3,"name":"Licenta","item":"https:\/\/elearning.upt.ro\/ro\/programele-de-studiu\/licenta\/"},{"@type":"ListItem","position":4,"name":"Curricula","item":"https:\/\/elearning.upt.ro\/ro\/programele-de-studiu\/licenta\/curricula\/"},{"@type":"ListItem","position":5,"name":"Comunicare si Relatii Publice"}]},{"@type":"WebSite","@id":"https:\/\/elearning.upt.ro\/ro\/#website","url":"https:\/\/elearning.upt.ro\/ro\/","name":"Universitatea Politehnica Timi\u015foara Departamentul de ID\/IFR \u0219i Educa\u021bie Digital\u0103 \u2013 DeL","description":"","potentialAction":[{"@type":"SearchAction","target":{"@type":"EntryPoint","urlTemplate":"https:\/\/elearning.upt.ro\/ro\/?s={search_term_string}"},"query-input":{"@type":"PropertyValueSpecification","valueRequired":true,"valueName":"search_term_string"}}],"inLanguage":"ro-RO"}]}},"_links":{"self":[{"href":"https:\/\/elearning.upt.ro\/ro\/wp-json\/wp\/v2\/pages\/3603","targetHints":{"allow":["GET"]}}],"collection":[{"href":"https:\/\/elearning.upt.ro\/ro\/wp-json\/wp\/v2\/pages"}],"about":[{"href":"https:\/\/elearning.upt.ro\/ro\/wp-json\/wp\/v2\/types\/page"}],"author":[{"embeddable":true,"href":"https:\/\/elearning.upt.ro\/ro\/wp-json\/wp\/v2\/users\/1"}],"replies":[{"embeddable":true,"href":"https:\/\/elearning.upt.ro\/ro\/wp-json\/wp\/v2\/comments?post=3603"}],"version-history":[{"count":5,"href":"https:\/\/elearning.upt.ro\/ro\/wp-json\/wp\/v2\/pages\/3603\/revisions"}],"predecessor-version":[{"id":25012,"href":"https:\/\/elearning.upt.ro\/ro\/wp-json\/wp\/v2\/pages\/3603\/revisions\/25012"}],"up":[{"embeddable":true,"href":"https:\/\/elearning.upt.ro\/ro\/wp-json\/wp\/v2\/pages\/3082"}],"wp:attachment":[{"href":"https:\/\/elearning.upt.ro\/ro\/wp-json\/wp\/v2\/media?parent=3603"}],"curies":[{"name":"wp","href":"https:\/\/api.w.org\/{rel}","templated":true}]}}