{"id":3600,"date":"2018-01-13T22:30:01","date_gmt":"2018-01-13T22:30:01","guid":{"rendered":"http:\/\/new.elearning.upt.ro\/?page_id=3600"},"modified":"2023-06-14T20:57:54","modified_gmt":"2023-06-14T17:57:54","slug":"tcm","status":"publish","type":"page","link":"https:\/\/elearning.upt.ro\/ro\/programele-de-studiu\/licenta\/curricula\/tcm\/","title":{"rendered":"Tehnologia Constructiilor de Masini"},"content":{"rendered":"<h2><span class=\"selected\"><a href=\"https:\/\/elearning.upt.ro\/?page_id=3587\">Tehnologii si sisteme de telecomunicatii<\/a><\/span>&nbsp;&nbsp;|&nbsp;&nbsp;<a href=\"https:\/\/elearning.upt.ro\/?page_id=3605\">an 1<\/a>&nbsp;&nbsp;&#8211;&nbsp;&nbsp;<a href=\"https:\/\/elearning.upt.ro\/?page_id=3607\">an 2<\/a>&nbsp;&nbsp;&#8211;&nbsp;&nbsp;<a href=\"https:\/\/elearning.upt.ro\/?page_id=3612\">an 3<\/a>&nbsp;&nbsp;&#8211;&nbsp;&nbsp;<a href=\"https:\/\/elearning.upt.ro\/?page_id=3614\">an 4<\/a><\/h2>\n<h2><a href=\"https:\/\/elearning.upt.ro\/?page_id=3611\">Informatica aplicata<\/a>&nbsp;&nbsp;|&nbsp;&nbsp;<a href=\"https:\/\/elearning.upt.ro\/?page_id=3619\">an 1<\/a>&nbsp;&nbsp;&#8211;&nbsp;&nbsp;<a href=\"https:\/\/elearning.upt.ro\/?page_id=3623\">an 2<\/a>&nbsp;&nbsp;&#8211;&nbsp;&nbsp;<a href=\"https:\/\/elearning.upt.ro\/?page_id=3626\">an 3<\/a><\/h2>\n<h2><a href=\"https:\/\/elearning.upt.ro\/?page_id=3603\">Comunicare si Relatii Publice<\/a>&nbsp;&nbsp;|&nbsp;&nbsp;<a href=\"https:\/\/elearning.upt.ro\/?page_id=3638\">an 1<\/a>&nbsp;&nbsp;&#8211;&nbsp;&nbsp;<a href=\"https:\/\/elearning.upt.ro\/?page_id=3642\">an 2<\/a>&nbsp;&nbsp;&#8211;&nbsp;&nbsp;<a href=\"https:\/\/elearning.upt.ro\/?page_id=3639\">an 3<\/a><\/h2>\n<h2><a href=\"https:\/\/elearning.upt.ro\/?page_id=3600\">Tehnologia Constructiilor de Masini<\/a>&nbsp;&nbsp;|&nbsp;&nbsp;<a href=\"https:\/\/elearning.upt.ro\/?page_id=3620\">an 1<\/a>&nbsp;&nbsp;&#8211;&nbsp;&nbsp;<a href=\"https:\/\/elearning.upt.ro\/?page_id=3629\">an 2<\/a>&nbsp;&nbsp;&#8211;&nbsp;&nbsp;<a href=\"https:\/\/elearning.upt.ro\/?page_id=3633\">an 3<\/a> &#8211;&nbsp;&nbsp;<a href=\"https:\/\/elearning.upt.ro\/?page_id=25000\">an 4<\/a><\/h2>\n<table class=\"table\">\n<tbody>\n<tr>\n<th>Cursuri<\/th>\n<th>Tutori<\/th>\n<\/tr>\n<tr class=\"row0\">\n<td>Acoperiri termice si reconditionari<\/td>\n<td>Prof.dr.ing. Utu Dragos<\/td>\n<\/tr>\n<tr class=\"row1\">\n<td>Actionari si comenzi pneumatice si hidraulice (A)<\/td>\n<td>\u0218.l.dr.ing. Badarau Rodica<\/td>\n<\/tr>\n<tr class=\"row0\">\n<td>Actionari si comenzi pneumatice si hidraulice (B)<\/td>\n<td>\u0218.l.dr.ing. \u0218tef Ioan Dorian<\/td>\n<\/tr>\n<tr class=\"row1\">\n<td>Algebr\u0103 liniar\u0103, geometrie analitic\u0103 \u0219i diferen\u021bial\u0103<\/td>\n<td>Prof.univ.dr. L\u0103zureanu Cristian<br \/>\nConf.univ.dr. C\u0103runtu Bogdan<\/td>\n<\/tr>\n<tr class=\"row0\">\n<td>Analiza matematica<\/td>\n<td>Conf.univ. dr. Pater Flavius<br \/>\nAsist.univ. Popescu Dan<\/td>\n<\/tr>\n<tr class=\"row1\">\n<td>Bazele Proceselor de fabricatie<\/td>\n<td>Conf.dr.ing. Turc Cristian Gheorghe<\/td>\n<\/tr>\n<tr class=\"row0\">\n<td>Chimie<\/td>\n<td>Conf.univ.dr.chim. Du\u021beanu Narcis<\/td>\n<\/tr>\n<tr class=\"row1\">\n<td>Comunicare<\/td>\n<td>Prof.dr.ing. Pro\u0219tean Gabriela<\/td>\n<\/tr>\n<tr class=\"row0\">\n<td>Constructia si Exploatarea Sculelor Aschietoare<\/td>\n<td>\u0218.l.dr.ing. \u0218tef Ioan Dorian<\/td>\n<\/tr>\n<tr class=\"row1\">\n<td>Desen tehnic si infografica<\/td>\n<td>Conf.univ.dr.ing. Ilie Mariana<\/td>\n<\/tr>\n<tr class=\"row0\">\n<td>Dispozitive Tehnologice<\/td>\n<td>As.dr.ing. \u021a\u00eempea \u0218tefan Adrian<\/td>\n<\/tr>\n<tr class=\"row1\">\n<td>Educatie Fizica 1<\/td>\n<td>Lect.dr. Ionescu Dan<\/td>\n<\/tr>\n<tr class=\"row0\">\n<td>Educatie Fizica 2<\/td>\n<td>Lect.dr. Ionescu Dan<\/td>\n<\/tr>\n<tr class=\"row1\">\n<td>Educatie Fizica 3<\/td>\n<td>Lect.dr. Ionescu Dan<\/td>\n<\/tr>\n<tr class=\"row0\">\n<td>Educatie Fizica 4<\/td>\n<td>Lect.dr. Ionescu Dan<\/td>\n<\/tr>\n<tr class=\"row1\">\n<td>Electrotehnic\u0103<\/td>\n<td>\u0218.l.dr.ing. Vesa Daniela<\/td>\n<\/tr>\n<tr class=\"row0\">\n<td>Fizica<\/td>\n<td>Prof.dr.habil. Pop Nicolina Rodica<\/td>\n<\/tr>\n<tr class=\"row1\">\n<td>Geometrie descriptiva si desen tehnic<\/td>\n<td>Conf.univ.dr.ing. Ilie Mariana<\/td>\n<\/tr>\n<tr class=\"row0\">\n<td>Ingineria calitatii<\/td>\n<td>Conf.dr.ing. Feier Anamaria<\/td>\n<\/tr>\n<tr class=\"row1\">\n<td>Inovare si comunicare profesionala<\/td>\n<td>Conf.dr.ing. Stan Daniel Voicu<\/td>\n<\/tr>\n<tr class=\"row0\">\n<td>Limbi de circulatie internationala 1<\/td>\n<td>Asist.univ.dr. Constantin Claudia<\/td>\n<\/tr>\n<tr class=\"row1\">\n<td>Limbi de circulatie internationala 2<\/td>\n<td>Asist.univ.dr. Constantin Claudia<\/td>\n<\/tr>\n<tr class=\"row0\">\n<td>Management<\/td>\n<td>\u0218.l.dr.ing. Strauti Gabriela<\/td>\n<\/tr>\n<tr class=\"row1\">\n<td>Marketing<\/td>\n<td>\u0218.l.dr. Pater Liana<\/td>\n<\/tr>\n<tr class=\"row0\">\n<td>Masini-Unelte<\/td>\n<td>\u0218.l.dr.ing. Dume Adrian Ilie<\/td>\n<\/tr>\n<tr class=\"row1\">\n<td>Matematici speciale<\/td>\n<td>Lect.univ.dr. Bund\u0103u Olivia Mihaela<\/td>\n<\/tr>\n<tr class=\"row0\">\n<td>Materiale plastice \u0219i tehnologii de fabrica\u021bie<\/td>\n<td>Conf.dr.ing. Stan Daniel Voicu<\/td>\n<\/tr>\n<tr class=\"row1\">\n<td>Mecanica Fluidelor<\/td>\n<td>\u0218.l.dr.ing. Badarau Rodica<\/td>\n<\/tr>\n<tr class=\"row0\">\n<td>Mecanica II<\/td>\n<td>Prof.univ.dr.ing. Heri\u0219anu Nicolae<\/td>\n<\/tr>\n<tr class=\"row1\">\n<td>Mecanic\u0103 I<\/td>\n<td>Prof.univ.dr.ing. Heri\u0219anu Nicolae<\/td>\n<\/tr>\n<tr class=\"row0\">\n<td>Mecanisme I<\/td>\n<td>\u0218.l.dr.ing. Moldovan Cristian Emil<\/td>\n<\/tr>\n<tr class=\"row1\">\n<td>Mecanisme II<\/td>\n<td>\u0218.l.dr.ing. Moldovan Cristian Emil<\/td>\n<\/tr>\n<tr class=\"row0\">\n<td>Metode numerice<\/td>\n<td>\u0218.l.dr.ing. Galatanu Sergiu<\/td>\n<\/tr>\n<tr class=\"row1\">\n<td>Organe de masini I<\/td>\n<td>Conf.dr.ing. Margineanu Dan<\/td>\n<\/tr>\n<tr class=\"row0\">\n<td>Organe de masini II<\/td>\n<td>Conf.dr.ing. Margineanu Dan<\/td>\n<\/tr>\n<tr class=\"row1\">\n<td>Practica1<\/td>\n<td>\u0218.l.dr.ing. Dume Adrian Ilie<br \/>\n\u0218.l.dr.ing. \u0218tef Ioan Dorian<\/td>\n<\/tr>\n<tr class=\"row0\">\n<td>Practica2<\/td>\n<td>\u0218.l.dr.ing. Dume Adrian Ilie<br \/>\n\u0218.l.dr.ing. \u0218tef Ioan Dorian<\/td>\n<\/tr>\n<tr class=\"row1\">\n<td>Procedee de sudare industriala<\/td>\n<td>Conf.dr.ing. Feier Anamaria<br \/>\n\u0218.l.dr.ing. Molnar Richard Istvan<\/td>\n<\/tr>\n<tr class=\"row0\">\n<td>Proceduri de masurare 3D<\/td>\n<td>Conf.dr.ing. Tulcan Aurel<\/td>\n<\/tr>\n<tr class=\"row1\">\n<td>Programarea calculatoarelor \u0219i limbaje de programare<\/td>\n<td>\u0218.l.dr.ing. Dume Adrian Ilie<\/td>\n<\/tr>\n<tr class=\"row0\">\n<td>Proiectarea asistata de calculator<\/td>\n<td>\u0218.l.dr.ing. Dume Adrian Ilie<\/td>\n<\/tr>\n<tr class=\"row1\">\n<td>Prototipare si fabricatie rapida<\/td>\n<td>\u0218.l.dr.ing. \u0218tef Ioan Dorian<\/td>\n<\/tr>\n<tr class=\"row0\">\n<td>Rezistenta materialelor I<\/td>\n<td>\u0218.l.dr.ing. Sava Marcela<\/td>\n<\/tr>\n<tr class=\"row1\">\n<td>Rezistenta materialelor II<\/td>\n<td>\u0218.l.dr.ing. Sava Marcela<\/td>\n<\/tr>\n<tr class=\"row0\">\n<td>Selectia materialelor<\/td>\n<td>Conf.dr.ing. Radu Bogdan<br \/>\n\u0218.l.dr.ing. Buzdugan Drago\u0219<\/td>\n<\/tr>\n<tr class=\"row1\">\n<td>Servomecanisme, traductori si senzori<\/td>\n<td>\u0218.l.dr.ing. Dume Adrian Ilie<\/td>\n<\/tr>\n<tr class=\"row0\">\n<td>Stiinta si ingineria materialelor II<\/td>\n<td>\u0218.l.dr.ing. Duma Sebastian<\/td>\n<\/tr>\n<tr class=\"row1\">\n<td>\u0218tiin\u021ba \u0219i ingineria materialelor I<\/td>\n<td>\u0218.l.dr.ing. Duma Sebastian<\/td>\n<\/tr>\n<tr class=\"row0\">\n<td>Tehnologia Fabricarii Produselor<\/td>\n<td>Conf.dr.ing. Turc Cristian Gheorghe<\/td>\n<\/tr>\n<tr class=\"row1\">\n<td>Tehnologia materialelor 1<\/td>\n<td>Conf.dr.ing. Tulcan Liliana<br \/>\nAs.dr.ing. Pop-C\u0103limanu Marius<\/td>\n<\/tr>\n<tr class=\"row0\">\n<td>Tehnologia materialelor II<\/td>\n<td>Conf.dr.ing. Tulcan Liliana<br \/>\nAs.dr.ing. Pop-C\u0103limanu Marius<\/td>\n<\/tr>\n<tr class=\"row1\">\n<td>Tehnologii de deformare plastica<\/td>\n<td>Conf.dr.ing. Tulcan Aurel<\/td>\n<\/tr>\n<tr class=\"row0\">\n<td>Tehnologii de procesare a materialelor polimerice<\/td>\n<td>Conf.dr.ing. Stan Daniel Voicu<\/td>\n<\/tr>\n<tr class=\"row1\">\n<td>Tehnologii pe Masini cu Comenzi Numerice<\/td>\n<td>Conf.dr.ing. But Adrian<\/td>\n<\/tr>\n<tr class=\"row0\">\n<td>Tehnologii si echipamente de fabricatie<\/td>\n<td>\u0218.l.dr.ing. \u0218tef Ioan Dorian<\/td>\n<\/tr>\n<tr class=\"row1\">\n<td>Termotehnica I<\/td>\n<td>Prof.dr.ing. Stoian Floriana<br \/>\n\u0218.l.dr.ing. Trif-Tordai Gavril\u0103<\/td>\n<\/tr>\n<tr class=\"row0\">\n<td>Termotehnica II<\/td>\n<td>Prof.dr.ing. Stoian Floriana<br \/>\n\u0218.l.dr.ing. Trif-Tordai Gavril\u0103<\/td>\n<\/tr>\n<tr class=\"row1\">\n<td>Toleran\u021be \u0219i control dimensional<\/td>\n<td>Conf.dr.ing. Groza Ioan-Vasile<\/td>\n<\/tr>\n<tr class=\"row0\">\n<td>Tratamente termice<\/td>\n<td>Prof.dr.ing. Nicoara Mircea<br \/>\n\u0218.l.dr.ing. Buzdugan Drago\u0219<\/td>\n<\/tr>\n<tr class=\"row1\">\n<td>Vibra\u021bii mecanice<\/td>\n<td>Prof.univ.dr.ing. Heri\u0219anu Nicolae<\/td>\n<\/tr>\n<\/tbody>\n<\/table>\n","protected":false},"excerpt":{"rendered":"<p>Tehnologii si sisteme de telecomunicatii&nbsp;&nbsp;|&nbsp;&nbsp;an 1&nbsp;&nbsp;&#8211;&nbsp;&nbsp;an 2&nbsp;&nbsp;&#8211;&nbsp;&nbsp;an 3&nbsp;&nbsp;&#8211;&nbsp;&nbsp;an 4 Informatica aplicata&nbsp;&nbsp;|&nbsp;&nbsp;an 1&nbsp;&nbsp;&#8211;&nbsp;&nbsp;an 2&nbsp;&nbsp;&#8211;&nbsp;&nbsp;an 3 Comunicare si Relatii Publice&nbsp;&nbsp;|&nbsp;&nbsp;an 1&nbsp;&nbsp;&#8211;&nbsp;&nbsp;an 2&nbsp;&nbsp;&#8211;&nbsp;&nbsp;an 3 Tehnologia Constructiilor de Masini&nbsp;&nbsp;|&nbsp;&nbsp;an 1&nbsp;&nbsp;&#8211;&nbsp;&nbsp;an 2&nbsp;&nbsp;&#8211;&nbsp;&nbsp;an 3 &#8211;&nbsp;&nbsp;an 4 Cursuri Tutori Acoperiri termice si reconditionari Prof.dr.ing. Utu Dragos Actionari si comenzi pneumatice si hidraulice (A) \u0218.l.dr.ing. Badarau Rodica Actionari si comenzi pneumatice si hidraulice [&hellip;]<\/p>\n","protected":false},"author":1,"featured_media":0,"parent":3082,"menu_order":0,"comment_status":"closed","ping_status":"closed","template":"","meta":{"footnotes":""},"class_list":["post-3600","page","type-page","status-publish","hentry"],"yoast_head":"<!-- This site is optimized with the Yoast SEO plugin v27.3 - https:\/\/yoast.com\/product\/yoast-seo-wordpress\/ -->\n<title>Tehnologia Constructiilor de Masini - Universitatea Politehnica Timi\u015foara Departamentul de ID\/IFR \u0219i Educa\u021bie Digital\u0103 \u2013 DeL<\/title>\n<meta name=\"robots\" content=\"index, follow, max-snippet:-1, max-image-preview:large, max-video-preview:-1\" \/>\n<link rel=\"canonical\" href=\"https:\/\/elearning.upt.ro\/ro\/programele-de-studiu\/licenta\/curricula\/tcm\/\" \/>\n<meta property=\"og:locale\" content=\"ro_RO\" \/>\n<meta property=\"og:type\" content=\"article\" \/>\n<meta property=\"og:title\" content=\"Tehnologia Constructiilor de Masini - Universitatea Politehnica Timi\u015foara Departamentul de ID\/IFR \u0219i Educa\u021bie Digital\u0103 \u2013 DeL\" \/>\n<meta property=\"og:description\" content=\"Tehnologii si sisteme de telecomunicatii&nbsp;&nbsp;|&nbsp;&nbsp;an 1&nbsp;&nbsp;&#8211;&nbsp;&nbsp;an 2&nbsp;&nbsp;&#8211;&nbsp;&nbsp;an 3&nbsp;&nbsp;&#8211;&nbsp;&nbsp;an 4 Informatica aplicata&nbsp;&nbsp;|&nbsp;&nbsp;an 1&nbsp;&nbsp;&#8211;&nbsp;&nbsp;an 2&nbsp;&nbsp;&#8211;&nbsp;&nbsp;an 3 Comunicare si Relatii Publice&nbsp;&nbsp;|&nbsp;&nbsp;an 1&nbsp;&nbsp;&#8211;&nbsp;&nbsp;an 2&nbsp;&nbsp;&#8211;&nbsp;&nbsp;an 3 Tehnologia Constructiilor de Masini&nbsp;&nbsp;|&nbsp;&nbsp;an 1&nbsp;&nbsp;&#8211;&nbsp;&nbsp;an 2&nbsp;&nbsp;&#8211;&nbsp;&nbsp;an 3 &#8211;&nbsp;&nbsp;an 4 Cursuri Tutori Acoperiri termice si reconditionari Prof.dr.ing. Utu Dragos Actionari si comenzi pneumatice si hidraulice (A) \u0218.l.dr.ing. Badarau Rodica Actionari si comenzi pneumatice si hidraulice [&hellip;]\" \/>\n<meta property=\"og:url\" content=\"https:\/\/elearning.upt.ro\/ro\/programele-de-studiu\/licenta\/curricula\/tcm\/\" \/>\n<meta property=\"og:site_name\" content=\"Universitatea Politehnica Timi\u015foara Departamentul de ID\/IFR \u0219i Educa\u021bie Digital\u0103 \u2013 DeL\" \/>\n<meta property=\"article:publisher\" content=\"https:\/\/www.facebook.com\/CIDUPT\/?ref=page_internal\" \/>\n<meta property=\"article:modified_time\" content=\"2023-06-14T17:57:54+00:00\" \/>\n<meta name=\"twitter:card\" content=\"summary_large_image\" \/>\n<meta name=\"twitter:label1\" content=\"Est. reading time\" \/>\n\t<meta name=\"twitter:data1\" content=\"3 minutes\" \/>\n<script type=\"application\/ld+json\" class=\"yoast-schema-graph\">{\"@context\":\"https:\\\/\\\/schema.org\",\"@graph\":[{\"@type\":\"WebPage\",\"@id\":\"https:\\\/\\\/elearning.upt.ro\\\/ro\\\/programele-de-studiu\\\/licenta\\\/curricula\\\/tcm\\\/\",\"url\":\"https:\\\/\\\/elearning.upt.ro\\\/ro\\\/programele-de-studiu\\\/licenta\\\/curricula\\\/tcm\\\/\",\"name\":\"Tehnologia Constructiilor de Masini - Universitatea Politehnica Timi\u015foara Departamentul de ID\\\/IFR \u0219i Educa\u021bie Digital\u0103 \u2013 DeL\",\"isPartOf\":{\"@id\":\"https:\\\/\\\/elearning.upt.ro\\\/ro\\\/#website\"},\"datePublished\":\"2018-01-13T22:30:01+00:00\",\"dateModified\":\"2023-06-14T17:57:54+00:00\",\"breadcrumb\":{\"@id\":\"https:\\\/\\\/elearning.upt.ro\\\/ro\\\/programele-de-studiu\\\/licenta\\\/curricula\\\/tcm\\\/#breadcrumb\"},\"inLanguage\":\"ro-RO\",\"potentialAction\":[{\"@type\":\"ReadAction\",\"target\":[\"https:\\\/\\\/elearning.upt.ro\\\/ro\\\/programele-de-studiu\\\/licenta\\\/curricula\\\/tcm\\\/\"]}]},{\"@type\":\"BreadcrumbList\",\"@id\":\"https:\\\/\\\/elearning.upt.ro\\\/ro\\\/programele-de-studiu\\\/licenta\\\/curricula\\\/tcm\\\/#breadcrumb\",\"itemListElement\":[{\"@type\":\"ListItem\",\"position\":1,\"name\":\"Home\",\"item\":\"https:\\\/\\\/elearning.upt.ro\\\/\"},{\"@type\":\"ListItem\",\"position\":2,\"name\":\"Educa\u021bie\",\"item\":\"https:\\\/\\\/elearning.upt.ro\\\/ro\\\/programele-de-studiu\\\/\"},{\"@type\":\"ListItem\",\"position\":3,\"name\":\"Licenta\",\"item\":\"https:\\\/\\\/elearning.upt.ro\\\/ro\\\/programele-de-studiu\\\/licenta\\\/\"},{\"@type\":\"ListItem\",\"position\":4,\"name\":\"Curricula\",\"item\":\"https:\\\/\\\/elearning.upt.ro\\\/ro\\\/programele-de-studiu\\\/licenta\\\/curricula\\\/\"},{\"@type\":\"ListItem\",\"position\":5,\"name\":\"Tehnologia Constructiilor de Masini\"}]},{\"@type\":\"WebSite\",\"@id\":\"https:\\\/\\\/elearning.upt.ro\\\/ro\\\/#website\",\"url\":\"https:\\\/\\\/elearning.upt.ro\\\/ro\\\/\",\"name\":\"Universitatea Politehnica Timi\u015foara Departamentul de ID\\\/IFR \u0219i Educa\u021bie Digital\u0103 \u2013 DeL\",\"description\":\"\",\"potentialAction\":[{\"@type\":\"SearchAction\",\"target\":{\"@type\":\"EntryPoint\",\"urlTemplate\":\"https:\\\/\\\/elearning.upt.ro\\\/ro\\\/?s={search_term_string}\"},\"query-input\":{\"@type\":\"PropertyValueSpecification\",\"valueRequired\":true,\"valueName\":\"search_term_string\"}}],\"inLanguage\":\"ro-RO\"}]}<\/script>\n<!-- \/ Yoast SEO plugin. -->","yoast_head_json":{"title":"Tehnologia Constructiilor de Masini - Universitatea Politehnica Timi\u015foara Departamentul de ID\/IFR \u0219i Educa\u021bie Digital\u0103 \u2013 DeL","robots":{"index":"index","follow":"follow","max-snippet":"max-snippet:-1","max-image-preview":"max-image-preview:large","max-video-preview":"max-video-preview:-1"},"canonical":"https:\/\/elearning.upt.ro\/ro\/programele-de-studiu\/licenta\/curricula\/tcm\/","og_locale":"ro_RO","og_type":"article","og_title":"Tehnologia Constructiilor de Masini - Universitatea Politehnica Timi\u015foara Departamentul de ID\/IFR \u0219i Educa\u021bie Digital\u0103 \u2013 DeL","og_description":"Tehnologii si sisteme de telecomunicatii&nbsp;&nbsp;|&nbsp;&nbsp;an 1&nbsp;&nbsp;&#8211;&nbsp;&nbsp;an 2&nbsp;&nbsp;&#8211;&nbsp;&nbsp;an 3&nbsp;&nbsp;&#8211;&nbsp;&nbsp;an 4 Informatica aplicata&nbsp;&nbsp;|&nbsp;&nbsp;an 1&nbsp;&nbsp;&#8211;&nbsp;&nbsp;an 2&nbsp;&nbsp;&#8211;&nbsp;&nbsp;an 3 Comunicare si Relatii Publice&nbsp;&nbsp;|&nbsp;&nbsp;an 1&nbsp;&nbsp;&#8211;&nbsp;&nbsp;an 2&nbsp;&nbsp;&#8211;&nbsp;&nbsp;an 3 Tehnologia Constructiilor de Masini&nbsp;&nbsp;|&nbsp;&nbsp;an 1&nbsp;&nbsp;&#8211;&nbsp;&nbsp;an 2&nbsp;&nbsp;&#8211;&nbsp;&nbsp;an 3 &#8211;&nbsp;&nbsp;an 4 Cursuri Tutori Acoperiri termice si reconditionari Prof.dr.ing. Utu Dragos Actionari si comenzi pneumatice si hidraulice (A) \u0218.l.dr.ing. Badarau Rodica Actionari si comenzi pneumatice si hidraulice [&hellip;]","og_url":"https:\/\/elearning.upt.ro\/ro\/programele-de-studiu\/licenta\/curricula\/tcm\/","og_site_name":"Universitatea Politehnica Timi\u015foara Departamentul de ID\/IFR \u0219i Educa\u021bie Digital\u0103 \u2013 DeL","article_publisher":"https:\/\/www.facebook.com\/CIDUPT\/?ref=page_internal","article_modified_time":"2023-06-14T17:57:54+00:00","twitter_card":"summary_large_image","twitter_misc":{"Est. reading time":"3 minutes"},"schema":{"@context":"https:\/\/schema.org","@graph":[{"@type":"WebPage","@id":"https:\/\/elearning.upt.ro\/ro\/programele-de-studiu\/licenta\/curricula\/tcm\/","url":"https:\/\/elearning.upt.ro\/ro\/programele-de-studiu\/licenta\/curricula\/tcm\/","name":"Tehnologia Constructiilor de Masini - Universitatea Politehnica Timi\u015foara Departamentul de ID\/IFR \u0219i Educa\u021bie Digital\u0103 \u2013 DeL","isPartOf":{"@id":"https:\/\/elearning.upt.ro\/ro\/#website"},"datePublished":"2018-01-13T22:30:01+00:00","dateModified":"2023-06-14T17:57:54+00:00","breadcrumb":{"@id":"https:\/\/elearning.upt.ro\/ro\/programele-de-studiu\/licenta\/curricula\/tcm\/#breadcrumb"},"inLanguage":"ro-RO","potentialAction":[{"@type":"ReadAction","target":["https:\/\/elearning.upt.ro\/ro\/programele-de-studiu\/licenta\/curricula\/tcm\/"]}]},{"@type":"BreadcrumbList","@id":"https:\/\/elearning.upt.ro\/ro\/programele-de-studiu\/licenta\/curricula\/tcm\/#breadcrumb","itemListElement":[{"@type":"ListItem","position":1,"name":"Home","item":"https:\/\/elearning.upt.ro\/"},{"@type":"ListItem","position":2,"name":"Educa\u021bie","item":"https:\/\/elearning.upt.ro\/ro\/programele-de-studiu\/"},{"@type":"ListItem","position":3,"name":"Licenta","item":"https:\/\/elearning.upt.ro\/ro\/programele-de-studiu\/licenta\/"},{"@type":"ListItem","position":4,"name":"Curricula","item":"https:\/\/elearning.upt.ro\/ro\/programele-de-studiu\/licenta\/curricula\/"},{"@type":"ListItem","position":5,"name":"Tehnologia Constructiilor de Masini"}]},{"@type":"WebSite","@id":"https:\/\/elearning.upt.ro\/ro\/#website","url":"https:\/\/elearning.upt.ro\/ro\/","name":"Universitatea Politehnica Timi\u015foara Departamentul de ID\/IFR \u0219i Educa\u021bie Digital\u0103 \u2013 DeL","description":"","potentialAction":[{"@type":"SearchAction","target":{"@type":"EntryPoint","urlTemplate":"https:\/\/elearning.upt.ro\/ro\/?s={search_term_string}"},"query-input":{"@type":"PropertyValueSpecification","valueRequired":true,"valueName":"search_term_string"}}],"inLanguage":"ro-RO"}]}},"_links":{"self":[{"href":"https:\/\/elearning.upt.ro\/ro\/wp-json\/wp\/v2\/pages\/3600","targetHints":{"allow":["GET"]}}],"collection":[{"href":"https:\/\/elearning.upt.ro\/ro\/wp-json\/wp\/v2\/pages"}],"about":[{"href":"https:\/\/elearning.upt.ro\/ro\/wp-json\/wp\/v2\/types\/page"}],"author":[{"embeddable":true,"href":"https:\/\/elearning.upt.ro\/ro\/wp-json\/wp\/v2\/users\/1"}],"replies":[{"embeddable":true,"href":"https:\/\/elearning.upt.ro\/ro\/wp-json\/wp\/v2\/comments?post=3600"}],"version-history":[{"count":6,"href":"https:\/\/elearning.upt.ro\/ro\/wp-json\/wp\/v2\/pages\/3600\/revisions"}],"predecessor-version":[{"id":25005,"href":"https:\/\/elearning.upt.ro\/ro\/wp-json\/wp\/v2\/pages\/3600\/revisions\/25005"}],"up":[{"embeddable":true,"href":"https:\/\/elearning.upt.ro\/ro\/wp-json\/wp\/v2\/pages\/3082"}],"wp:attachment":[{"href":"https:\/\/elearning.upt.ro\/ro\/wp-json\/wp\/v2\/media?parent=3600"}],"curies":[{"name":"wp","href":"https:\/\/api.w.org\/{rel}","templated":true}]}}