{"id":3323,"date":"2018-01-13T20:43:49","date_gmt":"2018-01-13T20:43:49","guid":{"rendered":"http:\/\/new.elearning.upt.ro\/?page_id=3323"},"modified":"2019-06-16T19:40:49","modified_gmt":"2019-06-16T16:40:49","slug":"didatec","status":"publish","type":"page","link":"https:\/\/elearning.upt.ro\/ro\/didatec\/","title":{"rendered":"DidaTec"},"content":{"rendered":"<h2 class=\"titlu colororange\">Info<\/h2>\n<p>01 october 2010<\/p>\n<p><strong>Proiect POSDRU (Human Resources Development Project: \u201c\u015ecoala universitar\u0103 de formare ini\u0163ial\u0103 \u015fi continu\u0103 a personalului didactic \u015fi a trainerilor din domeniul specializ\u0103rilor tehnice \u015fi inginere\u015fti \u2013 DidaTec\u201d<\/strong>, Proiect nr.\u00a0<strong>POSDRU\/86\/1.3\/S\/60891<\/strong><\/p>\n<p><strong>Director:<\/strong>\u00a0\u00a0\u00a0 Prof.dr.eng. Radu VASIU<br \/>\n<strong>Value:\u00a0<\/strong>\u00a0\u00a0 2.506.564 RON<br \/>\n<strong>Period:<\/strong>\u00a0\u00a0\u00a0 2010-2013<\/p>\n<p><strong>Members:<\/strong><br \/>\nDiana ANDONE<br \/>\nMuguras MOCOFAN<br \/>\nToma Leonida DRAGOMIR<br \/>\nVirel-Aurel SERBAN<br \/>\nFlorin ALEXA<br \/>\nDan LASCU<br \/>\nMugur DRAGOMIR<br \/>\nCarmen GRECEA<br \/>\nCarmen HOLOTESCU<br \/>\nIvan BOGDANOV<br \/>\nSabin IONEL<br \/>\nMirela TOTH-TASCAU<br \/>\nNicolae CRAINIC<br \/>\nNicolae MUNTEAN<br \/>\nDaniel GRECEA<br \/>\nAurel GONTEAN<br \/>\nMihai ONITA<br \/>\nAndrei TERNAUCIUC<br \/>\nVlad MIHAESCU<br \/>\nSilviu VERT<br \/>\nTatiana TERNAUCIUC<\/p>\n<p><strong>Partners:<\/strong><br \/>\nUniversitatea Tehnica din Cluj-Napoca<br \/>\nUniversitatea Transilvania din Brasov<\/p>\n<p><strong>Project web page:<\/strong>\u00a0<a href=\"http:\/\/www.didatec.utcluj.ro\/\" target=\"_blank\" rel=\"noopener noreferrer\">www.didatec.utcluj.ro<\/a><\/p>\n<h2 class=\"titlu colororange\">Obiective<\/h2>\n<p>01 october 2010<\/p>\n<p>Proiectul are ca obiectiv general \u00eembun\u0103t\u0103\u0163irea procesului de educa\u0163ie \u015fi formare din \u00eenv\u0103\u0163\u0103m\u00e2ntul universitar tehnic (\u015ftiin\u0163e inginere\u015fti) prin realizarea unui program complet \u015fi unitar (abordare na\u0163ional\u0103) de formare ini\u0163ial\u0103 \u015fi continu\u0103 a personalului didactic, axat pe integrarea tehnicilor interactive de predare-\u00eenv\u0103\u0163are \u015fi a\u00a0<strong>TIC<\/strong>\u00a0in r\u00e2ndul competen\u0163elor, ca punct cheie pentru un \u201e\u00eenv\u0103\u0163\u0103m\u00e2nt relevant \u015fi receptiv la nevoile specifice ale economiei\u201d. Programul va fi pilotat \u00een vederea form\u0103rii (continue) a personalului didactic existent \u015fi respectiv pentru instruirea (formare ini\u0163ial\u0103) de tineri speciali\u015fti\/profesioni\u015fti \u00een domeniul educa\u0163iei inginere\u015fti pentru asigurarea unui \u00eenv\u0103\u0163\u0103m\u00e2nt tehnic superior de calitate \u00een concordan\u0163\u0103 cu cerin\u0163ele mediului economic.<\/p>\n<p><strong>Astfel, sunt prev\u0103zute urm\u0103toarele obiective specifice:<\/strong><\/p>\n<ul>\n<li>Consolidarea cooper\u0103rii intra \u015fi inter-universitare precum \u015fi cu al\u0163i actori interesa\u0163i, \u00een vederea dezvolt\u0103rii unui sistem eficient de preg\u0103tire \u015fi formare a personalului didactic universitar \u00een domeniul \u015ftiin\u0163elor inginere\u015fti (SI)<\/li>\n<li>Elaborarea unui \u201eStandard de calitate a preg\u0103tirii personalului didactic\u201d \u015fi a \u201ePlanurilor de dezvoltare personal\u0103\u201d pentru personalul didactic universitar \u015fi \u0163in\u00e2nd cont de specificul SI<\/li>\n<li>Dob\u00e2ndirea la nivel institu\u0163ional de competen\u0163e, proceduri \u015fi metodologii \u00een ceea ce prive\u015fte organizarea, implementarea \u015fi promovarea programelor de formare ini\u0163ial\u0103 \u015fi continu\u0103 \u015fi respectiv perfec\u0163ionare obligatorie a personalului didactic \u00eentrun cadru unitar la nivel na\u0163ional\/sectorial<\/li>\n<li>Formarea cadrelor didactice \u00een vederea extinderii \u015fi utiliz\u0103rii cu succes a tehnicilor de predare-\u00eenv\u0103\u0163are av\u00e2nd la baza suportul oferit de TIC \u015fi de instrumentele integrate suport de management al activit\u0103\u0163ii educa\u0163ionale \u015fi c\u00e2\u015ftigarea de expertiz\u0103 \u00een conducerea de cursuri\/training-uri pe platforme educa\u0163ionale de tip e-Learning pentru cursuri in domeniul tehnic (SI)<\/li>\n<li>Cre\u015fterea gradului de dezvoltare profesional\u0103\/personal\u0103 a cadrelor didactice debutante prin implementarea unui program de mentorat<\/li>\n<li>Dezvoltarea capitalului uman implicat \u00een activit\u0103\u0163ile didactice (predare efectiv\u0103, management) prin crearea unei platforme de cunoa\u015ftere \u015fi comunicare (\u00een mediul virtual) care s\u0103 sus\u0163in\u0103 ac\u0163iunile viitoare de formare \u015fi dezvoltare profesional\u0103 continu\u0103<\/li>\n<\/ul>\n<p>Proiectul cre\u015fte calitatea \u015fi relevan\u0163a sistemului de educa\u0163ie \u015fi formare prefesional\u0103 din institu\u0163iile de \u00eenv\u0103\u0163\u0103m\u00e2nt superior tehnic din Rom\u00e2nia prin \u00eembun\u0103t\u0103\u0163irea preg\u0103tirii personalului didactic \u015fi men\u0163inerea la un nivel ridicat de calificare a resursei umane implicate (peste 850 de beneficiari direc\u0163i). Caracterul deschis va permite transferul cuno\u015ftin\u0163elor \u015fi capacit\u0103\u0163ilor dob\u00e2ndite pentru restructurarea altor arii de interes (\u015ftiin\u0163e umaniste,etc.).<\/p>\n<p>Pentru atingerea obiectivului principal al proiectului se va promova o abordare integrat\u0103, multidimensional\u0103, av\u00e2nd la baz\u0103 urm\u0103toarele:<\/p>\n<ul>\n<li>Concept \u2013 cadru general de desf\u0103\u015furare \u015fi func\u0163ionare: activit\u0103\u0163i dedicate realiz\u0103rii cadrului general de func\u0163ionare a programului de preg\u0103tire \u015fi formare propus<\/li>\n<li>Programul de studiu: activit\u0103\u0163i legate de specificul definirii \u015fi implement\u0103rii unui program de studiu (formare ini\u0163ial\u0103 \u015fi continu\u0103) \u00een domeniul preg\u0103tirii personalului didactic \u015fi a formatorilor\/trainerilor care activeaz\u0103 \u00een domeniul ethnic<\/li>\n<li>Dezvoltare-integrare-implementare platform\u0103 suport on-line: realizarea unei platforme suport complexe, accesibil\u0103 de pe internet, care s\u0103 sprijine derularea activit\u0103\u0163ilor de dezvoltare a resursei umane din cadrul proiectului<\/li>\n<li>Dezvoltarea resursei umane: derularea de programe pilot de formare, programului de mentorat \u015fi organizarea de vizite de formare \u015fi lucru<\/li>\n<li>Management &amp; promovare: activit\u0103\u0163i legate de managementul proiectului, inclusiv activit\u0103\u0163ile de achizi\u0163ie, informare \u015fi promovare<\/li>\n<\/ul>\n<p>Proiectul debuteaz\u0103 cu realizarea cadrului general de func\u0163ionare a programului de preg\u0103tire sub denumirea de \u201c<strong>\u015ecoala universitar\u0103 de formare ini\u0163ial\u0103 \u015fi continu\u0103 a personalului didactic \u015fi a trainerilor (formatorilor) din domeniul specializ\u0103rilor tehnice \u015fi inginere\u015fti &#8211; DidaTec<\/strong>\u201d, format din 6-8 centre de competen\u0163\u0103 regionale\/locale func\u0163ion\u00e2nd la nivelul institu\u0163iilor de \u00eenv\u0103\u0163\u0103m\u00e2nt superior tehnic selectate (inclusiv cele din cadrul parteneriatului). Centrele vor furniza masa critic\u0103 de formatori initiali, care vor coordona ulterior activit\u0103\u0163ile de formare a beneficiarilor. Modul de func\u0163ionare, organizare \u015fi lucru se va stabili \u00een cadrul sesiunilor de consultare comune, rezult\u00e2nd strategia de func\u0163ionare, care va sta la baza evalu\u0103rii ulterioare a calit\u0103\u0163ii programului. Totodat\u0103, se va face \u015fi identificarea nevoilor de formare existente \u00een r\u00e2ndul personalului didactic \u00eempreuna cu analiza acestora, elabor\u00e2ndu-se un studiu \u00een acest sens. Este prevazut\u0103 o etap\u0103 de preg\u0103tire \u015fi lucru a exper\u0163ilor selecta\u0163i, sub forma de vizite \u00een institute de renume specializate \u00een \u015ftiin\u0163e ale educa\u0163iei, at\u00e2t din \u0163ar\u0103 (Institutul de \u015etiin\u0163e ale Educa\u0163iei, Bucure\u015fti) c\u00e2t \u015fi din str\u0103in\u0103tate (Institute of Education, University of London, Anglia). Vor fi implica\u0163i exper\u0163i \u00een dezvoltarea \u015fi managementul programelor de formare continu\u0103 a personalului didactic \u015fi formatorilor, cu func\u0163ii de conducere, monitorizare, evaluare \u015fi control \u00een \u00eenv\u0103\u0163\u0103m\u00e2nt, experti in elaborarea\/revizuirea de standarde de formare profesional\u0103 \u015fi a curriculei.<\/p>\n<p>In cadrul dezvoltat, se va realiza programul de formare a personalului didactic. Se vor identifica modulele care vor forma pachetul de studiu, at\u00e2t pentru formarea ini\u0163ial\u0103 c\u00e2t \u015fi pentru cea continu\u0103. \u00cempreun\u0103 cu personalul din centrele de compenten\u0163\u0103 se va realiza materialul de studiu afferent, care va fi integrat \u00een platforma educa\u0163ional\u0103 on-line, parte a platformei integrate suport on-line a DidaTec. Pe baza reac\u0163iilor \u015fi sugestiilor primite \u00een etapa de pilotare a programului, materialul va fi corectat \u015fi revizuit pentru a r\u0103spunde cerin\u0163elor de calitate auto-impuse. \u00cen paralel se va identifica modul optim de func\u0163ionare \u015fi se vor elabora modulele de training pentru preg\u0103tirea actorilor implica\u0163i \u00een programul de mentorat dedicat asist\u0103rii cadrelor didactice la debutul \u00een carier\u0103. Rezultatul va fi strategia programului de mentorat \u015fi materialul de preg\u0103tire afferent, revizuite p\u00e2n\u0103 la finalul proiectului. Vor participa exper\u0163i in elaborarea\/revizuirea de standarde de formare profesional\u0103 \u015fi a curriculei, crearea de materiale didactice de \u00eenv\u0103\u0163are, testare \u015fi evaluare.<\/p>\n<p>Se va dezvolta, in baza unei analize preliminare, platforma integrat\u0103 on-line de suport pentru desf\u0103\u015furarea activit\u0103\u0163ii DidaTec cu componentele:<br \/>\n<strong>C1:\u00a0<\/strong>Platforma educa\u0163ional\u0103 pentru perfec\u0163ionarea\/formarea ini\u0163ial\u0103 \u015fi continu\u0103 a personalului didactic, care va include materialul dezvoltat<br \/>\n<strong>C2:\u00a0<\/strong>Platforma pilot de predare-\u00eenv\u0103\u0163are de tip eLearning pentru \u00eenv\u0103\u0163\u0103m\u00e2ntul tehnic, av\u00e2nd la baz\u0103 o colec\u0163ie de cursuri\/training-uri tehnice dezvoltate de cursan\u0163i ca parte a programului de preg\u0103tire \/ perfec\u0163ionare<br \/>\n<strong>C3:\u00a0<\/strong>Platforma electronic\u0103 suport pentru desf\u0103\u015furarea programului de mentorat<br \/>\n<strong>C4:\u00a0<\/strong>Platforma suport de comunicare si diseminare a rezultatelor proiectului<\/p>\n<p>Vor fi implicati experti in elaborarea de material didactic, cu experienta in dezvoltarea de platforme si instrumente suport in activitatea didactic\u0103.<br \/>\nEtapa de pilotare va avea dou\u0103 componente: programul de perfec\u0163ionare\/formare ini\u0163ial\u0103 \u015fi continu\u0103 a personalului didactic &#8211; PFICPD \u015fi programul de mentorat &#8211; PM.<\/p>\n<p><strong>PFICPD<\/strong>\u00a0se va desf\u0103\u015fura pe baza cursurilor elaborate, cu doua runde distincte. Cursan\u0163ii, acumul\u00e2nd cuno\u015ftin\u0163e \u015fi deprinderi practice legate de tehnicile interactive de predare-\u00eenv\u0103\u0163are \u015fi respectiv utilizarea TIC, vor trebui sa elaboreze un curs nou, av\u00e2nd ca tem\u0103 specializarea tehnic\u0103 din care provin; cursul creat se va integra pe platforma pilot de predare-\u00eenv\u0103\u0163are; se va \u00eencuraja refacerea\/restructurarea cursurilor tehnice deja predate de respectivul cadru didactic (pentru a realiza transferul cuno\u015ftin\u0163elor acumulate \u00een procesul didactic); pe perioada de desf\u0103\u015furare a preg\u0103tirii beneficiarii vor primi burse \u015fi vor putea efectua vizite de studiu \u00een \u0163ar\u0103\/str\u0103in\u0103tate pentru documentare. Programul de preg\u0103tire va fi acreditat, iar absolven\u0163ii vor fi certificati. Materialele de curs vor fi perfec\u0163ionate \u015fi adnotare pe baza reac\u0163iilor \u015fi observa\u0163iilor primite. Vor participa experti in preg\u0103tirea personalului didactic si beneficiari din universit\u0103\u0163ile implicate.<\/p>\n<p>\u00cen cadrul PM participan\u0163ii vor primi instruire privind supervizarea unui debutant \u015fi desf\u0103\u015furarea unui program de mentorat \u015fi respectiv \u00eendrumare profesional\u0103 \u015fi personal\u0103 la \u00eenceputul carierei legat\u0103 de elaborarea unui material de curs \u015fi conducerea activit\u0103\u0163ii didactice, urmat\u0103 \u00een final de certificare. Totodat\u0103 sunt prev\u0103zute vizite de formare \u015fi lucru pentru cei selecta\u0163i.<\/p>\n","protected":false},"excerpt":{"rendered":"<p>Info 01 october 2010 Proiect POSDRU (Human Resources Development Project: \u201c\u015ecoala universitar\u0103 de formare ini\u0163ial\u0103 \u015fi continu\u0103 a personalului didactic \u015fi a trainerilor din domeniul specializ\u0103rilor tehnice \u015fi inginere\u015fti \u2013 DidaTec\u201d, Proiect nr.\u00a0POSDRU\/86\/1.3\/S\/60891 Director:\u00a0\u00a0\u00a0 Prof.dr.eng. Radu VASIU Value:\u00a0\u00a0\u00a0 2.506.564 RON Period:\u00a0\u00a0\u00a0 2010-2013 Members: Diana ANDONE Muguras MOCOFAN Toma Leonida DRAGOMIR Virel-Aurel SERBAN Florin ALEXA Dan [&hellip;]<\/p>\n","protected":false},"author":1,"featured_media":0,"parent":0,"menu_order":0,"comment_status":"closed","ping_status":"closed","template":"","meta":{"footnotes":""},"class_list":["post-3323","page","type-page","status-publish","hentry"],"yoast_head":"<!-- This site is optimized with the Yoast SEO plugin v27.3 - https:\/\/yoast.com\/product\/yoast-seo-wordpress\/ -->\n<title>DidaTec - Universitatea Politehnica Timi\u015foara Departamentul de ID\/IFR \u0219i Educa\u021bie Digital\u0103 \u2013 DeL<\/title>\n<meta name=\"robots\" content=\"index, follow, max-snippet:-1, max-image-preview:large, max-video-preview:-1\" \/>\n<link rel=\"canonical\" href=\"https:\/\/elearning.upt.ro\/ro\/didatec\/\" \/>\n<meta property=\"og:locale\" content=\"ro_RO\" \/>\n<meta property=\"og:type\" content=\"article\" \/>\n<meta property=\"og:title\" content=\"DidaTec - Universitatea Politehnica Timi\u015foara Departamentul de ID\/IFR \u0219i Educa\u021bie Digital\u0103 \u2013 DeL\" \/>\n<meta property=\"og:description\" content=\"Info 01 october 2010 Proiect POSDRU (Human Resources Development Project: \u201c\u015ecoala universitar\u0103 de formare ini\u0163ial\u0103 \u015fi continu\u0103 a personalului didactic \u015fi a trainerilor din domeniul specializ\u0103rilor tehnice \u015fi inginere\u015fti \u2013 DidaTec\u201d, Proiect nr.\u00a0POSDRU\/86\/1.3\/S\/60891 Director:\u00a0\u00a0\u00a0 Prof.dr.eng. Radu VASIU Value:\u00a0\u00a0\u00a0 2.506.564 RON Period:\u00a0\u00a0\u00a0 2010-2013 Members: Diana ANDONE Muguras MOCOFAN Toma Leonida DRAGOMIR Virel-Aurel SERBAN Florin ALEXA Dan [&hellip;]\" \/>\n<meta property=\"og:url\" content=\"https:\/\/elearning.upt.ro\/ro\/didatec\/\" \/>\n<meta property=\"og:site_name\" content=\"Universitatea Politehnica Timi\u015foara Departamentul de ID\/IFR \u0219i Educa\u021bie Digital\u0103 \u2013 DeL\" \/>\n<meta property=\"article:publisher\" content=\"https:\/\/www.facebook.com\/CIDUPT\/?ref=page_internal\" \/>\n<meta property=\"article:modified_time\" content=\"2019-06-16T16:40:49+00:00\" \/>\n<meta name=\"twitter:card\" content=\"summary_large_image\" \/>\n<meta name=\"twitter:label1\" content=\"Est. reading time\" \/>\n\t<meta name=\"twitter:data1\" content=\"7 minutes\" \/>\n<script type=\"application\/ld+json\" class=\"yoast-schema-graph\">{\"@context\":\"https:\\\/\\\/schema.org\",\"@graph\":[{\"@type\":\"WebPage\",\"@id\":\"https:\\\/\\\/elearning.upt.ro\\\/didatec\\\/\",\"url\":\"https:\\\/\\\/elearning.upt.ro\\\/didatec\\\/\",\"name\":\"DidaTec - Universitatea Politehnica Timi\u015foara Departamentul de ID\\\/IFR \u0219i Educa\u021bie Digital\u0103 \u2013 DeL\",\"isPartOf\":{\"@id\":\"https:\\\/\\\/elearning.upt.ro\\\/ro\\\/#website\"},\"datePublished\":\"2018-01-13T20:43:49+00:00\",\"dateModified\":\"2019-06-16T16:40:49+00:00\",\"breadcrumb\":{\"@id\":\"https:\\\/\\\/elearning.upt.ro\\\/didatec\\\/#breadcrumb\"},\"inLanguage\":\"ro-RO\",\"potentialAction\":[{\"@type\":\"ReadAction\",\"target\":[\"https:\\\/\\\/elearning.upt.ro\\\/didatec\\\/\"]}]},{\"@type\":\"BreadcrumbList\",\"@id\":\"https:\\\/\\\/elearning.upt.ro\\\/didatec\\\/#breadcrumb\",\"itemListElement\":[{\"@type\":\"ListItem\",\"position\":1,\"name\":\"Home\",\"item\":\"https:\\\/\\\/elearning.upt.ro\\\/\"},{\"@type\":\"ListItem\",\"position\":2,\"name\":\"DidaTec\"}]},{\"@type\":\"WebSite\",\"@id\":\"https:\\\/\\\/elearning.upt.ro\\\/ro\\\/#website\",\"url\":\"https:\\\/\\\/elearning.upt.ro\\\/ro\\\/\",\"name\":\"Universitatea Politehnica Timi\u015foara Departamentul de ID\\\/IFR \u0219i Educa\u021bie Digital\u0103 \u2013 DeL\",\"description\":\"\",\"potentialAction\":[{\"@type\":\"SearchAction\",\"target\":{\"@type\":\"EntryPoint\",\"urlTemplate\":\"https:\\\/\\\/elearning.upt.ro\\\/ro\\\/?s={search_term_string}\"},\"query-input\":{\"@type\":\"PropertyValueSpecification\",\"valueRequired\":true,\"valueName\":\"search_term_string\"}}],\"inLanguage\":\"ro-RO\"}]}<\/script>\n<!-- \/ Yoast SEO plugin. -->","yoast_head_json":{"title":"DidaTec - Universitatea Politehnica Timi\u015foara Departamentul de ID\/IFR \u0219i Educa\u021bie Digital\u0103 \u2013 DeL","robots":{"index":"index","follow":"follow","max-snippet":"max-snippet:-1","max-image-preview":"max-image-preview:large","max-video-preview":"max-video-preview:-1"},"canonical":"https:\/\/elearning.upt.ro\/ro\/didatec\/","og_locale":"ro_RO","og_type":"article","og_title":"DidaTec - Universitatea Politehnica Timi\u015foara Departamentul de ID\/IFR \u0219i Educa\u021bie Digital\u0103 \u2013 DeL","og_description":"Info 01 october 2010 Proiect POSDRU (Human Resources Development Project: \u201c\u015ecoala universitar\u0103 de formare ini\u0163ial\u0103 \u015fi continu\u0103 a personalului didactic \u015fi a trainerilor din domeniul specializ\u0103rilor tehnice \u015fi inginere\u015fti \u2013 DidaTec\u201d, Proiect nr.\u00a0POSDRU\/86\/1.3\/S\/60891 Director:\u00a0\u00a0\u00a0 Prof.dr.eng. Radu VASIU Value:\u00a0\u00a0\u00a0 2.506.564 RON Period:\u00a0\u00a0\u00a0 2010-2013 Members: Diana ANDONE Muguras MOCOFAN Toma Leonida DRAGOMIR Virel-Aurel SERBAN Florin ALEXA Dan [&hellip;]","og_url":"https:\/\/elearning.upt.ro\/ro\/didatec\/","og_site_name":"Universitatea Politehnica Timi\u015foara Departamentul de ID\/IFR \u0219i Educa\u021bie Digital\u0103 \u2013 DeL","article_publisher":"https:\/\/www.facebook.com\/CIDUPT\/?ref=page_internal","article_modified_time":"2019-06-16T16:40:49+00:00","twitter_card":"summary_large_image","twitter_misc":{"Est. reading time":"7 minutes"},"schema":{"@context":"https:\/\/schema.org","@graph":[{"@type":"WebPage","@id":"https:\/\/elearning.upt.ro\/didatec\/","url":"https:\/\/elearning.upt.ro\/didatec\/","name":"DidaTec - Universitatea Politehnica Timi\u015foara Departamentul de ID\/IFR \u0219i Educa\u021bie Digital\u0103 \u2013 DeL","isPartOf":{"@id":"https:\/\/elearning.upt.ro\/ro\/#website"},"datePublished":"2018-01-13T20:43:49+00:00","dateModified":"2019-06-16T16:40:49+00:00","breadcrumb":{"@id":"https:\/\/elearning.upt.ro\/didatec\/#breadcrumb"},"inLanguage":"ro-RO","potentialAction":[{"@type":"ReadAction","target":["https:\/\/elearning.upt.ro\/didatec\/"]}]},{"@type":"BreadcrumbList","@id":"https:\/\/elearning.upt.ro\/didatec\/#breadcrumb","itemListElement":[{"@type":"ListItem","position":1,"name":"Home","item":"https:\/\/elearning.upt.ro\/"},{"@type":"ListItem","position":2,"name":"DidaTec"}]},{"@type":"WebSite","@id":"https:\/\/elearning.upt.ro\/ro\/#website","url":"https:\/\/elearning.upt.ro\/ro\/","name":"Universitatea Politehnica Timi\u015foara Departamentul de ID\/IFR \u0219i Educa\u021bie Digital\u0103 \u2013 DeL","description":"","potentialAction":[{"@type":"SearchAction","target":{"@type":"EntryPoint","urlTemplate":"https:\/\/elearning.upt.ro\/ro\/?s={search_term_string}"},"query-input":{"@type":"PropertyValueSpecification","valueRequired":true,"valueName":"search_term_string"}}],"inLanguage":"ro-RO"}]}},"_links":{"self":[{"href":"https:\/\/elearning.upt.ro\/ro\/wp-json\/wp\/v2\/pages\/3323","targetHints":{"allow":["GET"]}}],"collection":[{"href":"https:\/\/elearning.upt.ro\/ro\/wp-json\/wp\/v2\/pages"}],"about":[{"href":"https:\/\/elearning.upt.ro\/ro\/wp-json\/wp\/v2\/types\/page"}],"author":[{"embeddable":true,"href":"https:\/\/elearning.upt.ro\/ro\/wp-json\/wp\/v2\/users\/1"}],"replies":[{"embeddable":true,"href":"https:\/\/elearning.upt.ro\/ro\/wp-json\/wp\/v2\/comments?post=3323"}],"version-history":[{"count":6,"href":"https:\/\/elearning.upt.ro\/ro\/wp-json\/wp\/v2\/pages\/3323\/revisions"}],"predecessor-version":[{"id":6289,"href":"https:\/\/elearning.upt.ro\/ro\/wp-json\/wp\/v2\/pages\/3323\/revisions\/6289"}],"wp:attachment":[{"href":"https:\/\/elearning.upt.ro\/ro\/wp-json\/wp\/v2\/media?parent=3323"}],"curies":[{"name":"wp","href":"https:\/\/api.w.org\/{rel}","templated":true}]}}