{"id":3321,"date":"2018-01-13T20:43:23","date_gmt":"2018-01-13T18:43:23","guid":{"rendered":"http:\/\/new.elearning.upt.ro\/?page_id=3321"},"modified":"2019-06-16T19:40:01","modified_gmt":"2019-06-16T16:40:01","slug":"estart","status":"publish","type":"page","link":"https:\/\/elearning.upt.ro\/ro\/estart\/","title":{"rendered":"eSTART"},"content":{"rendered":"<h2 class=\"titlu colororange\">Info<\/h2>\n<p>01 october 2010<\/p>\n<p><img decoding=\"async\" src=\"http:\/\/cid.upt.ro\/assets\/upload\/content\/header_estart.jpg\" alt=\"header estart\" width=\"537\" height=\"56\" \/><\/p>\n<p><strong>Proiect POSDRU (Human Resources Development Project: \u201cProgram multi-regional de studii masterale in domeniul eActivitati \u2013 eSTART\u201d<\/strong>, Proiect nr.\u00a0<strong>POSDRU\/86\/1.2\/S\/54956<\/strong><\/p>\n<p><strong>Director:<\/strong>\u00a0\u00a0\u00a0 Prof.dr.eng. Radu VASIU<br \/>Value:\u00a0\u00a0\u00a0 2.081.662 RON<br \/>Period:\u00a0\u00a0\u00a0 2010-2013<\/p>\n<p><strong>Members:<\/strong><br \/>Diana ANDONE<br \/>Florin ALEXA<br \/>Marian BUCOS<br \/>Mihai ONITA<br \/>Aurel GONTEAN<br \/>Lacramioara STOICU-TIVADAR<br \/>Stoicu-Tivadar Vasile<br \/>Sorin NANU<br \/>Marius OTESTEANU<br \/>Inocentiu MANIU<br \/>Nicolae ROBU<br \/>Vasile GUI<br \/>Dan LASCU<br \/>Vladimir CRETU<br \/>Delia TANASE<br \/>Andrei TERNAUCIUC<br \/>Bogdan DRAGULESCU<br \/>Muguras MOCOFAN<br \/>Dreucean Mircea<br \/>Popa Gheorghe<br \/>Pintea Romina<br \/>Iasmina ERMALAI<br \/>Vlad MIHAESCU<br \/>Silviu VERT<br \/>Tatiana TERNAUCIUC<br \/>Ivanc Daniel<br \/>Tecu Cristian<\/p>\n<p><strong>Partners:<\/strong><br \/>Universitatea Tehnica din Cluj-Napoca<br \/>Universitatea Transilvania din Brasov<br \/>Universitatea Babes-Bolyai Cluj-Napoca<\/p>\n<p><strong>Project web page:<\/strong>\u00a0<a href=\"http:\/\/www.estart.utcluj.ro\/\" target=\"_blank\" rel=\"noopener noreferrer\">www.estart.utcluj.ro<\/a><\/p>\n<h2 class=\"titlu colororange\">Obiective<\/h2>\n<p>01 october 2010<\/p>\n<p><img decoding=\"async\" src=\"http:\/\/cid.upt.ro\/assets\/upload\/content\/header_estart.jpg\" alt=\"header estart\" width=\"537\" height=\"56\" \/><\/p>\n<p>Proiectul are ca obiectiv general crearea de noi oportunit\u0103\u0163i de \u00eenv\u0103\u0163are, formare \u015fi perfec\u0163ionare la nivel de master av\u00e2nd la baz\u0103 o abordare multi-regional\u0103 prin dezvoltarea unui program de studiu axat pe utilizarea noilor tehnologii TIC \u015fi a abordarilor inovative din domeniu (medii colaborative) \u00een procesul de organizare, predare \u015fi func\u0163ionare, \u00een concordan\u0163\u0103 cu procesul Bologna. Programul va fi pilotat \u00een vederea form\u0103rii de profesioni\u015fti \u00een domeniul utiliz\u0103rii, realiz\u0103rii, implement\u0103rii \u015fi dezvolt\u0103rii e-serviciilor, e-activit\u0103\u0163ilor, e-aplica\u0163iilor precum \u015fi a platformelor \u015fi tehnologiilor aferente.<\/p>\n<p><strong>Atingerea obiectivului general este condi\u0163ionat\u0103 de realizarea urm\u0103toarelor obiective specifice:<\/strong><\/p>\n<ul>\n<li>dob\u00e2ndirea la nivel institu\u0163ional de competen\u0163e, proceduri \u015fi metodologii \u00een ceea ce prive\u015fte organizarea, implementarea \u015fi promovarea programelor universitare de master dezvoltate la nivel multi-regional, derulate pe baza suportului \u015fi solu\u0163iilor oferite de noile tehnologii TIC<\/li>\n<li>realizarea unei structuri deschise de organizare \u015fi func\u0163ionare a unui program de formare la nivel de master centrat pe student, dezvoltat \u00eentr-o form\u0103 multi-regional\u0103 \u015fi care s\u0103 permit\u0103 accesul flexibil (timp, loca\u0163ie, curricul\u0103) la procesul educa\u0163ional pe baza TIC<\/li>\n<li>descrierea \u00een termeni de competen\u0163e profesionale \u015fi transversale \u00eempreun\u0103 cu dezvoltarea \u015fi implementarea unui curriculum corespunz\u0103tor dedicat domeniului e-Activit\u0103\u0163i (cu speciliz\u0103rile e-Afaceri, e-S\u0103n\u0103tate, e-Guvernare&amp;Administrare, e-Media), respect\u00e2nd dezideratele CNCIS<\/li>\n<li>furnizarea unui program de studiu axat pe utilizarea unei platforme integrate on-line de educa\u0163ie \u015fi formare, av\u00e2nd la baz\u0103 conceptul inovativ \u201cblended-learning\u201d \u015fi suportul oferit de noile tehnologii care s\u0103 cuprind\u0103 sisteme inteligente de evaluare \u015fi monitorizare a activitatilor educa\u0163ionale pentru promovarea calit\u0103\u0163ii<\/li>\n<li>derularea unui program pilot de formare utiliz\u00e2nd procedurile (modul flexibil de organizare), metodologia, materialele educa\u0163ionale \u015fi tehnologia implementat\u0103 \u00eempreun\u0103 cu crearea unei comunit\u0103\u0163i virtuale \u00een domeniul e-Activit\u0103\u0163i.<\/li>\n<\/ul>\n<p>Proiectul \u00eembun\u0103t\u0103\u0163e\u015fte calitatea \u015fi relevan\u0163a specializ\u0103rilor oferite la nivel de master \u00een institu\u0163iile de \u00eenv\u0103\u0163\u0103m\u00e2nt superior partenere prin metodologiile \u015fi procesele alese pentru implementarea programului de studiu \u015fi prin relevan\u0163a domeniului ales pentru specializare: e-Activit\u0103\u0163i, av\u00e2nd ca scop implicarea unui num\u0103r total de peste 320 de beneficiari din grupul \u0163int\u0103 eligibil (120 \u00een dezvoltarea programului \u015fi 200 de cursan\u0163i \u00een etapa de pilotare). Caracterul deschis al proiectului va permite transferul cuno\u015ftiin\u0163elor \u015fi capacit\u0103\u0163ilor dob\u00e2ndite pentru restructurarea altor arii curiculare conexe (calculatoare, informatic\u0103, tehnologia informa\u0163iei, etc.).<\/p>\n<p>Pentru atingerea obiectivului principal se va promova o abordare integrat\u0103, multidimensional\u0103, av\u00e2nd la baz\u0103\u00a0<strong>urm\u0103toarele componente:<\/strong><\/p>\n<ul>\n<li>Management&amp;promovare &#8211; activit\u0103\u0163i legate de managementul proiectului, inclusiv activit\u0103\u0163ile de achizi\u0163ie, informare \u015fi promovare<\/li>\n<li>Concept\/cadrul general de func\u0163ionare a masterului multi-regional &#8211; activit\u0103\u0163i dedicate realiz\u0103rii cadrului general de func\u0163ionare a programului de master propus<\/li>\n<li>Program de studiu e-Activit\u0103\u0163i &#8211; activit\u0103\u0163i prev\u0103zute pentru dezvoltarea de curriculum \u015fi implementarea unui program de studiu \u00een domeniul e-Activit\u0103\u0163i (cu specializ\u0103rile e-Afaceri, e-S\u0103n\u0103tate, e-Guvernare&amp;Administrare, e-Media)<\/li>\n<li>Dezvoltarea \u015fi implementarea instrumentelor software destinate activit\u0103\u0163ilor educa\u0163ionale ale programului de master multi-regional<\/li>\n<li>Promovare \u015fi pilotare program de studiu &#8211; furnizarea programului multi-regional de formare \u015fi de perfec\u0163ionare<\/li>\n<\/ul>\n<p>Utilizarea noilor tehnici de predare-\u00eenv\u0103\u0163are bazate pe TIC, precum \u015fi a noilor tehnologii \u015fi platforme informatice on-line, \u00een elaborarea unui program de formare la nivel de master multi-regional necesit\u0103 \u00een primul r\u00e2nd crearea unei structuri generice de func\u0163ionare adecvat\u0103, \u00een concordan\u0163\u0103 cu dezideratele existente \u015fi care s\u0103 asigure un \u00eenalt standard de calitate (nevoia abord\u0103rii multi-regionale este justificat\u0103 de aportul de expertiz\u0103 multi-disciplinar\u0103 ce caracterizeaz\u0103 domeniul e-Activit\u0103\u0163ilor).<br \/>Astfel, proiectul debuteaz\u0103 cu activit\u0103\u0163ile de formare a personalului \u015fi a factorilor de decizie implica\u0163i, \u00eempreun\u0103 cu realizarea de studii \u015fi analize cu privire la cea mai potrivit\u0103 form\u0103 de organizare a programului de studiu, at\u00e2t la nivel institu\u0163ional general (parteneriate viitoare) cat \u015fi particular (parteneriatul curent) \u00een vederea acreditarii, c\u00e2t \u015fi la nivel opera\u0163ional \u015fi func\u0163ional. Opera\u0163ional sunt prev\u0103zute activit\u0103\u0163i pentru realizarea regulamentului de func\u0163ionare a masterului, \u00eempreun\u0103 cu metodologia specific\u0103 de evaluare \u015fi validare a performan\u0163elor \u015fi calit\u0103\u0163ii procesului educa\u0163ional, ce poate fi integrat\u0103 \u00eentr-o platform\u0103 on-line. Func\u0163ional, sunt incluse activit\u0103\u0163i pentru documentarea \u015fi \u00eentocmirea setului de specifica\u0163ii pentru platforma de \u00eenv\u0103\u0163\u0103m\u00e2nt, precum si activit\u0103\u0163i legate de derularea efectiv\u0103 a programului. \u00cen final va realiza acreditarea programului de master. Pentru atingerea rezultatelor acestui grup de activit\u0103\u0163i se vor atrage exper\u0163i \u00een elaborarea politicilor \u00een \u00eenv\u0103\u0163\u0103m\u00e2ntul superior, \u00een dezvoltarea programelor de studii universitare \u015fi managementul activit\u0103\u0163ilor didactice, precum \u015fi \u00een evaluare \u015fi acreditare, membrii ai comitetelor sectoriale, ai comisiilor de asigurare a calit\u0103\u0163ii la nivel local,regional \u015fi na\u0163ional \u015fi respectiv ai partenerilor sociali \u00een educa\u0163ie.<\/p>\n<p>\u00cen cadrul organizatoric creat se va implementa programul de studiu dedicat sferei e-Activit\u0103\u0163ilor, \u00eencep\u00e2nd cu descrierea \u00een termeni de compenten\u0163e profesionale \u015fi transversale \u015fi continu\u00e2nd cu dezvoltarea curricular\u0103 \u015fi a materialului didactic aferent fiecarei specializ\u0103ri: e-Afaceri, e-S\u0103n\u0103tate, e-Guvernare &amp; Administrare \u015fi e-Media. Se vor implica exper\u0163i cu competen\u0163e: \u00een dezvoltarea \u015fi managementul calific\u0103rilor la nivel de sistem, universitate \u015fi facultate; \u00een dezvoltarea programelor de studii universitare; \u015fi exper\u0163i \u00een redactarea de materiale educa\u0163ionale \u00een format multi-media.<br \/>Elaborarea curriculei \u015fi a materialului didactic va avea loc \u00een paralel cu realizarea platformei electronice complexe dezvoltat\u0103 \u00een conformitate cu specifica\u0163iile elaborate, utiliz\u00e2nd mediile colaborative.<\/p>\n<p>Aceasta va trebui s\u0103 \u00eendeplineasc\u0103 mai multe categorii de func\u0163ionalit\u0103\u0163i: implementarea\/dezvoltarea modulului software dedicat explicit procesului educa\u0163ional (inclusiv testarea cuno\u015ftin\u0163elor), a modulului software pentru managementul con\u0163inutului (materiale de curs, materiale de laborator \u015fi seminar, materiale \u015fi resurse suplimentare), a modulului utilizat pentru evaluarea performan\u0163elor \u015fi calit\u0103\u0163ii procesului de \u00eenv\u0103\u0163are dezvoltat pe baza rezultatelor \u015fi specifica\u0163iilor elaborate. \u00cen cadrul platformei educa\u0163ionale vor fi integrate materialele de curs \u015fi va fi furnizat suportul tehnic necesar utiliz\u0103rii ini\u0163iale a platformei pe durata pilot\u0103rii. Activit\u0103\u0163ile se vor desf\u0103\u015fura cu aportul exper\u0163ilor \u00een dezvoltarea de instrumente software complexe cu experien\u0163\u0103 relevant\u0103 \u00een programarea orientat\u0103 pe obiecte, managementul con\u0163inutului informa\u0163ional, medii colaborative, spa\u0163ii virtuale partajate.<\/p>\n<p>\u00cen urma finaliz\u0103rii platformei \u015fi includerii materialului didactic se va demara etapa de validare prin pilotarea programului de studiu propus \u00een r\u00e2ndul unui grup \u0163int\u0103 de 200 de beneficiari; programul va fi pilotat \u00een doi ani consecutivi, fiecare an av\u00e2nd alocate 100 de locuri (c\u00e2te 25 pentru fiecare partener); pe perioada particip\u0103rii \u00een cadrul programului studen\u0163ii vor beneficia de burse, iar structura perioadei de \u015fcolarizare va include 4 semestre, 3 de studiu \u015fi 1 semestru alocat elabor\u0103rii proiectului de diserta\u0163ie, \u00een conformitate cu ghidul de desf\u0103\u015furare a programului de master multi-regional. \u00cen paralel se va crea o re\u0163ea de speciali\u015fti \u00een domeniul e-Activit\u0103\u0163i menit\u0103 s\u0103 confere valoare masterului propus, prin \u00eencurajarea schimbului de bune practici profesionale rezultate \u00een baza trasferului de cuno\u015ftiin\u0163e acumulate \u00een timpul \u015fi ulterior (angaja\u0163i \u00een domeniu) absolvirii masterului. Astfel, se vor implica exper\u0163i \u00een domeniile de studiu pentru activit\u0103\u0163ile educa\u0163ionale \u015fi respectiv reprezentan\u0163i ai partenerilor sociali \u00een educa\u0163ie (proiectul de disertatie, angajare).<\/p>\n<p>\u00centreaga experien\u0163\u0103 acumulat\u0103 \u00een organizarea \u015fi desf\u0103\u015furarea programului de studiu bazat pe utilizarea noilor tehnologii TIC \u015fi a metodelor inovative de predare propus va face obiectul unor activit\u0103\u0163i de elaborare a ghidurilor de bune practici, diseminate \u00een cadrul seminariilor prev\u0103zute pentru acest scop.<\/p>\n\n\n<p><\/p>\n","protected":false},"excerpt":{"rendered":"<p>Info 01 october 2010 Proiect POSDRU (Human Resources Development Project: \u201cProgram multi-regional de studii masterale in domeniul eActivitati \u2013 eSTART\u201d, Proiect nr.\u00a0POSDRU\/86\/1.2\/S\/54956 Director:\u00a0\u00a0\u00a0 Prof.dr.eng. Radu VASIUValue:\u00a0\u00a0\u00a0 2.081.662 RONPeriod:\u00a0\u00a0\u00a0 2010-2013 Members:Diana ANDONEFlorin ALEXAMarian BUCOSMihai ONITAAurel GONTEANLacramioara STOICU-TIVADARStoicu-Tivadar VasileSorin NANUMarius OTESTEANUInocentiu MANIUNicolae ROBUVasile GUIDan LASCUVladimir CRETUDelia TANASEAndrei TERNAUCIUCBogdan DRAGULESCUMuguras MOCOFANDreucean MirceaPopa GheorghePintea RominaIasmina ERMALAIVlad MIHAESCUSilviu VERTTatiana TERNAUCIUCIvanc [&hellip;]<\/p>\n","protected":false},"author":1,"featured_media":0,"parent":0,"menu_order":0,"comment_status":"closed","ping_status":"closed","template":"","meta":{"footnotes":""},"class_list":["post-3321","page","type-page","status-publish","hentry"],"yoast_head":"<!-- This site is optimized with the Yoast SEO plugin v27.3 - https:\/\/yoast.com\/product\/yoast-seo-wordpress\/ -->\n<title>eSTART - Universitatea Politehnica Timi\u015foara Departamentul de ID\/IFR \u0219i Educa\u021bie Digital\u0103 \u2013 DeL<\/title>\n<meta name=\"robots\" content=\"index, follow, max-snippet:-1, max-image-preview:large, max-video-preview:-1\" \/>\n<link rel=\"canonical\" href=\"https:\/\/elearning.upt.ro\/ro\/estart\/\" \/>\n<meta property=\"og:locale\" content=\"ro_RO\" \/>\n<meta property=\"og:type\" content=\"article\" \/>\n<meta property=\"og:title\" content=\"eSTART - Universitatea Politehnica Timi\u015foara Departamentul de ID\/IFR \u0219i Educa\u021bie Digital\u0103 \u2013 DeL\" \/>\n<meta property=\"og:description\" content=\"Info 01 october 2010 Proiect POSDRU (Human Resources Development Project: \u201cProgram multi-regional de studii masterale in domeniul eActivitati \u2013 eSTART\u201d, Proiect nr.\u00a0POSDRU\/86\/1.2\/S\/54956 Director:\u00a0\u00a0\u00a0 Prof.dr.eng. Radu VASIUValue:\u00a0\u00a0\u00a0 2.081.662 RONPeriod:\u00a0\u00a0\u00a0 2010-2013 Members:Diana ANDONEFlorin ALEXAMarian BUCOSMihai ONITAAurel GONTEANLacramioara STOICU-TIVADARStoicu-Tivadar VasileSorin NANUMarius OTESTEANUInocentiu MANIUNicolae ROBUVasile GUIDan LASCUVladimir CRETUDelia TANASEAndrei TERNAUCIUCBogdan DRAGULESCUMuguras MOCOFANDreucean MirceaPopa GheorghePintea RominaIasmina ERMALAIVlad MIHAESCUSilviu VERTTatiana TERNAUCIUCIvanc [&hellip;]\" \/>\n<meta property=\"og:url\" content=\"https:\/\/elearning.upt.ro\/ro\/estart\/\" \/>\n<meta property=\"og:site_name\" content=\"Universitatea Politehnica Timi\u015foara Departamentul de ID\/IFR \u0219i Educa\u021bie Digital\u0103 \u2013 DeL\" \/>\n<meta property=\"article:publisher\" content=\"https:\/\/www.facebook.com\/CIDUPT\/?ref=page_internal\" \/>\n<meta property=\"article:modified_time\" content=\"2019-06-16T16:40:01+00:00\" \/>\n<meta property=\"og:image\" content=\"http:\/\/cid.upt.ro\/assets\/upload\/content\/header_estart.jpg\" \/>\n<meta name=\"twitter:card\" content=\"summary_large_image\" \/>\n<meta name=\"twitter:label1\" content=\"Est. reading time\" \/>\n\t<meta name=\"twitter:data1\" content=\"7 minutes\" \/>\n<script type=\"application\/ld+json\" class=\"yoast-schema-graph\">{\"@context\":\"https:\\\/\\\/schema.org\",\"@graph\":[{\"@type\":\"WebPage\",\"@id\":\"https:\\\/\\\/elearning.upt.ro\\\/estart\\\/\",\"url\":\"https:\\\/\\\/elearning.upt.ro\\\/estart\\\/\",\"name\":\"eSTART - Universitatea Politehnica Timi\u015foara Departamentul de ID\\\/IFR \u0219i Educa\u021bie Digital\u0103 \u2013 DeL\",\"isPartOf\":{\"@id\":\"https:\\\/\\\/elearning.upt.ro\\\/ro\\\/#website\"},\"primaryImageOfPage\":{\"@id\":\"https:\\\/\\\/elearning.upt.ro\\\/estart\\\/#primaryimage\"},\"image\":{\"@id\":\"https:\\\/\\\/elearning.upt.ro\\\/estart\\\/#primaryimage\"},\"thumbnailUrl\":\"http:\\\/\\\/cid.upt.ro\\\/assets\\\/upload\\\/content\\\/header_estart.jpg\",\"datePublished\":\"2018-01-13T18:43:23+00:00\",\"dateModified\":\"2019-06-16T16:40:01+00:00\",\"breadcrumb\":{\"@id\":\"https:\\\/\\\/elearning.upt.ro\\\/estart\\\/#breadcrumb\"},\"inLanguage\":\"ro-RO\",\"potentialAction\":[{\"@type\":\"ReadAction\",\"target\":[\"https:\\\/\\\/elearning.upt.ro\\\/estart\\\/\"]}]},{\"@type\":\"ImageObject\",\"inLanguage\":\"ro-RO\",\"@id\":\"https:\\\/\\\/elearning.upt.ro\\\/estart\\\/#primaryimage\",\"url\":\"http:\\\/\\\/cid.upt.ro\\\/assets\\\/upload\\\/content\\\/header_estart.jpg\",\"contentUrl\":\"http:\\\/\\\/cid.upt.ro\\\/assets\\\/upload\\\/content\\\/header_estart.jpg\"},{\"@type\":\"BreadcrumbList\",\"@id\":\"https:\\\/\\\/elearning.upt.ro\\\/estart\\\/#breadcrumb\",\"itemListElement\":[{\"@type\":\"ListItem\",\"position\":1,\"name\":\"Home\",\"item\":\"https:\\\/\\\/elearning.upt.ro\\\/\"},{\"@type\":\"ListItem\",\"position\":2,\"name\":\"eSTART\"}]},{\"@type\":\"WebSite\",\"@id\":\"https:\\\/\\\/elearning.upt.ro\\\/ro\\\/#website\",\"url\":\"https:\\\/\\\/elearning.upt.ro\\\/ro\\\/\",\"name\":\"Universitatea Politehnica Timi\u015foara Departamentul de ID\\\/IFR \u0219i Educa\u021bie Digital\u0103 \u2013 DeL\",\"description\":\"\",\"potentialAction\":[{\"@type\":\"SearchAction\",\"target\":{\"@type\":\"EntryPoint\",\"urlTemplate\":\"https:\\\/\\\/elearning.upt.ro\\\/ro\\\/?s={search_term_string}\"},\"query-input\":{\"@type\":\"PropertyValueSpecification\",\"valueRequired\":true,\"valueName\":\"search_term_string\"}}],\"inLanguage\":\"ro-RO\"}]}<\/script>\n<!-- \/ Yoast SEO plugin. -->","yoast_head_json":{"title":"eSTART - Universitatea Politehnica Timi\u015foara Departamentul de ID\/IFR \u0219i Educa\u021bie Digital\u0103 \u2013 DeL","robots":{"index":"index","follow":"follow","max-snippet":"max-snippet:-1","max-image-preview":"max-image-preview:large","max-video-preview":"max-video-preview:-1"},"canonical":"https:\/\/elearning.upt.ro\/ro\/estart\/","og_locale":"ro_RO","og_type":"article","og_title":"eSTART - Universitatea Politehnica Timi\u015foara Departamentul de ID\/IFR \u0219i Educa\u021bie Digital\u0103 \u2013 DeL","og_description":"Info 01 october 2010 Proiect POSDRU (Human Resources Development Project: \u201cProgram multi-regional de studii masterale in domeniul eActivitati \u2013 eSTART\u201d, Proiect nr.\u00a0POSDRU\/86\/1.2\/S\/54956 Director:\u00a0\u00a0\u00a0 Prof.dr.eng. Radu VASIUValue:\u00a0\u00a0\u00a0 2.081.662 RONPeriod:\u00a0\u00a0\u00a0 2010-2013 Members:Diana ANDONEFlorin ALEXAMarian BUCOSMihai ONITAAurel GONTEANLacramioara STOICU-TIVADARStoicu-Tivadar VasileSorin NANUMarius OTESTEANUInocentiu MANIUNicolae ROBUVasile GUIDan LASCUVladimir CRETUDelia TANASEAndrei TERNAUCIUCBogdan DRAGULESCUMuguras MOCOFANDreucean MirceaPopa GheorghePintea RominaIasmina ERMALAIVlad MIHAESCUSilviu VERTTatiana TERNAUCIUCIvanc [&hellip;]","og_url":"https:\/\/elearning.upt.ro\/ro\/estart\/","og_site_name":"Universitatea Politehnica Timi\u015foara Departamentul de ID\/IFR \u0219i Educa\u021bie Digital\u0103 \u2013 DeL","article_publisher":"https:\/\/www.facebook.com\/CIDUPT\/?ref=page_internal","article_modified_time":"2019-06-16T16:40:01+00:00","og_image":[{"url":"http:\/\/cid.upt.ro\/assets\/upload\/content\/header_estart.jpg","type":"","width":"","height":""}],"twitter_card":"summary_large_image","twitter_misc":{"Est. reading time":"7 minutes"},"schema":{"@context":"https:\/\/schema.org","@graph":[{"@type":"WebPage","@id":"https:\/\/elearning.upt.ro\/estart\/","url":"https:\/\/elearning.upt.ro\/estart\/","name":"eSTART - Universitatea Politehnica Timi\u015foara Departamentul de ID\/IFR \u0219i Educa\u021bie Digital\u0103 \u2013 DeL","isPartOf":{"@id":"https:\/\/elearning.upt.ro\/ro\/#website"},"primaryImageOfPage":{"@id":"https:\/\/elearning.upt.ro\/estart\/#primaryimage"},"image":{"@id":"https:\/\/elearning.upt.ro\/estart\/#primaryimage"},"thumbnailUrl":"http:\/\/cid.upt.ro\/assets\/upload\/content\/header_estart.jpg","datePublished":"2018-01-13T18:43:23+00:00","dateModified":"2019-06-16T16:40:01+00:00","breadcrumb":{"@id":"https:\/\/elearning.upt.ro\/estart\/#breadcrumb"},"inLanguage":"ro-RO","potentialAction":[{"@type":"ReadAction","target":["https:\/\/elearning.upt.ro\/estart\/"]}]},{"@type":"ImageObject","inLanguage":"ro-RO","@id":"https:\/\/elearning.upt.ro\/estart\/#primaryimage","url":"http:\/\/cid.upt.ro\/assets\/upload\/content\/header_estart.jpg","contentUrl":"http:\/\/cid.upt.ro\/assets\/upload\/content\/header_estart.jpg"},{"@type":"BreadcrumbList","@id":"https:\/\/elearning.upt.ro\/estart\/#breadcrumb","itemListElement":[{"@type":"ListItem","position":1,"name":"Home","item":"https:\/\/elearning.upt.ro\/"},{"@type":"ListItem","position":2,"name":"eSTART"}]},{"@type":"WebSite","@id":"https:\/\/elearning.upt.ro\/ro\/#website","url":"https:\/\/elearning.upt.ro\/ro\/","name":"Universitatea Politehnica Timi\u015foara Departamentul de ID\/IFR \u0219i Educa\u021bie Digital\u0103 \u2013 DeL","description":"","potentialAction":[{"@type":"SearchAction","target":{"@type":"EntryPoint","urlTemplate":"https:\/\/elearning.upt.ro\/ro\/?s={search_term_string}"},"query-input":{"@type":"PropertyValueSpecification","valueRequired":true,"valueName":"search_term_string"}}],"inLanguage":"ro-RO"}]}},"_links":{"self":[{"href":"https:\/\/elearning.upt.ro\/ro\/wp-json\/wp\/v2\/pages\/3321","targetHints":{"allow":["GET"]}}],"collection":[{"href":"https:\/\/elearning.upt.ro\/ro\/wp-json\/wp\/v2\/pages"}],"about":[{"href":"https:\/\/elearning.upt.ro\/ro\/wp-json\/wp\/v2\/types\/page"}],"author":[{"embeddable":true,"href":"https:\/\/elearning.upt.ro\/ro\/wp-json\/wp\/v2\/users\/1"}],"replies":[{"embeddable":true,"href":"https:\/\/elearning.upt.ro\/ro\/wp-json\/wp\/v2\/comments?post=3321"}],"version-history":[{"count":6,"href":"https:\/\/elearning.upt.ro\/ro\/wp-json\/wp\/v2\/pages\/3321\/revisions"}],"predecessor-version":[{"id":6288,"href":"https:\/\/elearning.upt.ro\/ro\/wp-json\/wp\/v2\/pages\/3321\/revisions\/6288"}],"wp:attachment":[{"href":"https:\/\/elearning.upt.ro\/ro\/wp-json\/wp\/v2\/media?parent=3321"}],"curies":[{"name":"wp","href":"https:\/\/api.w.org\/{rel}","templated":true}]}}