{"id":3177,"date":"2018-01-13T19:15:12","date_gmt":"2018-01-13T19:15:12","guid":{"rendered":"http:\/\/new.elearning.upt.ro\/?page_id=3177"},"modified":"2019-06-16T19:47:30","modified_gmt":"2019-06-16T16:47:30","slug":"tafcity-2","status":"publish","type":"page","link":"https:\/\/elearning.upt.ro\/ro\/proiecte\/proiecte-eu\/tafcity-2\/","title":{"rendered":"TAFCITY"},"content":{"rendered":"<p>25 may 2012<\/p>\n<p><img decoding=\"async\" src=\"http:\/\/cid.upt.ro\/assets\/upload\/content\/tafcitybanner.jpg\" alt=\"header estart\" width=\"537\" height=\"56\" \/><\/p>\n<p><strong>The Age Friendly City &#8211; TAFCITY<\/strong><br \/>\nProject number:<strong> 2011-1-ES1-LEO05-35886<br \/>\n<\/strong><\/p>\n<p><strong>Director:<\/strong>\u00a0\u00a0\u00a0 Assoc.lect.eng. Diana ANDONE<br \/>\n<strong>Value:<\/strong>\u00a0\u00a0\u00a0 &#8211;<br \/>\n<strong>Period:<\/strong>\u00a0\u00a0 &#8211;<\/p>\n<p><strong>Members:<br \/>\n<\/strong>\u00a0\u00a0 Prof.dr.eng. Radu VASIU<br \/>\ndrd. ing. Vlad MIHAESCU<\/p>\n<p><strong>Partners:<br \/>\n<\/strong>\u00a0\u00a0 Cdea, Spain<br \/>\nNorton Radstock College, United Kingdom<br \/>\nMatia Innova, Spain<br \/>\nInsignare Associacao de Ensino e Formacao, Portugal<br \/>\nSrednja \u0161ola za gostinstvo in turizem Maribor, Slovenia<br \/>\nPolitehnica University of Timisoara, Romania<br \/>\nEuro Contact Business School, Hungary<br \/>\nEuropean Forum for Vocational Education and Training, Belgium<\/p>\n<p><strong>Project web page:<\/strong> <a href=\"http:\/\/www.tafcity.eu\/\" target=\"_blank\" rel=\"noopener noreferrer\">http:\/\/www.tafcity.eu\/<\/a><\/p>\n<p>25 may 2012<\/p>\n<p><img decoding=\"async\" src=\"http:\/\/cid.upt.ro\/assets\/upload\/content\/tafcitybanner.jpg\" alt=\"header estart\" width=\"537\" height=\"56\" \/><\/p>\n<p><strong>The Age Friendly City \u2018TAFCITY\u2019 &#8211; Ora\u015ful accesibil tuturor categoriilor de v\u00e2rst\u0103<\/strong><\/p>\n<p><strong>Ce este proiectul TAFCIty?<\/strong><\/p>\n<p>P\u00e2n\u0103 \u00een 2050, 22% din popula\u0163ia mondial\u0103 va fi \u00eemb\u0103tr\u00e2nit 60 de ani sau mai mult. P\u00e2n\u0103 atunci vor fi mai multe persoane \u00een v\u00e2rst\u0103 dec\u00e2t copii, premier\u0103 absolut\u0103 \u00een istoria umanit\u0103\u0163ii. Tot mai multe persoane \u00een v\u00e2rst\u0103 locuiesc \u00een zonele urbane.<\/p>\n<p>Organiza\u0163ia Mondial\u0103 a S\u0103n\u0103t\u0103\u0163ii (OMS) a lansat o ini\u0163iativ\u0103 ce are ca scop promovarea cre\u0103rii de medii \u201cage friendly\u201d (accesibile tuturor categoriilor de v\u00e2rst\u0103). O re\u0163ea de ora\u015fe age-friendly a fost creat\u0103, incluz\u00e2nd San Sebastian \u00een Spania \u015fi Maribor \u00een Slovenia (toate fiind partenere ale proiectului).<\/p>\n<p>Acest proiect va dezvolta un program de preg\u0103tire pentru promovarea \u2018The Age Friendly City\u2019.<\/p>\n<p><strong>Ce este un ora\u015f Age-friendly (accesibil tuturor categoriilor de v\u00e2rst\u0103)?<\/strong><\/p>\n<p>\u00cemb\u0103tr\u00e2nirea activ\u0103 (active ageing) este procesul de optimizare a oportunit\u0103\u0163ilor din mai multe zone, pentru \u00eembun\u0103t\u0103\u0163irea calit\u0103\u0163ii vie\u0163ii, precum \u015fi recunoa\u015fterea \u015fi respectarea persoanelor \u00een v\u00e2rst\u0103, pentru integrarea lor continu\u0103 \u00een societate. \u00centr-un ora\u015f age-friendly, multe dintre aspectele vie\u0163ii, politici \u015fi servicii \u0163in cont de necesit\u0103\u0163ile popula\u0163iei \u00een v\u00e2rst\u0103; aceste \u00eembun\u0103t\u0103\u0163iri vizeaz\u0103 de asemenea persoanele tinere, familiile \u015fi persoanele cu dizabilit\u0103\u0163i.<\/p>\n<p>Opt dintre aspectele vie\u0163ii urbane sunt acoperite de aceast\u0103 ini\u0163iativ\u0103 \u015fi vor fi urm\u0103rite \u00een programul de preg\u0103tire:<\/p>\n<ul>\n<li>Spa\u0163ii \u00een aer liber \u015fi construc\u0163ii, transport \u015fi cazare<\/li>\n<li>Respect, incluziune social\u0103 \u015fi participare civic\u0103<\/li>\n<li>Servicii medicale \u015fi comunitare de sprijin, ocuparea for\u0163ei de munc\u0103, comunica\u0163ii \u015fi informa\u0163ii<\/li>\n<\/ul>\n<p><strong>Grupuri \u0162int\u0103<\/strong><\/p>\n<ul>\n<li>Angaja\u0163i actuali \u015fi viitori implica\u0163i \u00een turism \u015fi alte sectoare de servicii<\/li>\n<li>Servicii ale administra\u0163iei locale, responsabile de men\u0163inerea integr\u0103rii \u00een societate a persoanelor \u00een v\u00e2rst\u0103<\/li>\n<li>Profesori \u015fi studen\u0163i implica\u0163i \u00een turism \u015fi alte sectoare de servicii<\/li>\n<\/ul>\n<p><strong>Rezultatele principale ale proiectului<\/strong><\/p>\n<ul>\n<li>Adaptarea structurilor de cursuri, proceselor \u015fi procedurilor din TACTALL (<a href=\"http:\/\/www.tactall.org\/\" target=\"_blank\" rel=\"noopener noreferrer\">www.tactall.org<\/a>) pentru a crea noi pachete modulare de preg\u0103tire care vor fi integrate apoi \u00eentr-un mediu online (ViCaDiS) ca \u015fi o zon\u0103 pentru \u00eenv\u0103\u0163\u0103m\u00e2nt virtual \u015fi creare de re\u0163ele educa\u0163ionale, incluz\u00e2nd uneltele de comunicare \u015fi sociale pentru to\u0163i utilizatorii.<\/li>\n<li>Crearea de con\u0163inut educational nou \u015fi de con\u0163inut e-learning. Pilotarea \u015fi evaluarea programului de preg\u0103tire.<\/li>\n<li>Investigarea poten\u0163ialului de dezvoltare a conceptului de \u2018The Age Friendly City\u2019.<\/li>\n<\/ul>\n<p><strong>Abilit\u0103\u0163i urm\u0103rite<\/strong><\/p>\n<ul>\n<li>\u00cen\u0163elegerea conceptului de &#8220;\u00eemb\u0103tr\u00e2nire activ\u0103&#8221; (active aging), a nevoilor persoanelor \u00een v\u00e2rst\u0103 \u015fi a serviciilor disponibile acestora; deprinderea modului de \u00eembun\u0103t\u0103\u0163ire a serviciilor \u015fi identificarea schimb\u0103rilor care sunt necesare.<\/li>\n<li>Dob\u00e2ndirea abilit\u0103\u0163ii de a interac\u0163iona cu diferite grupuri de diferite v\u00e2rste.<\/li>\n<\/ul>\n<p>Proiectul TAFCity aduce \u00eempreun\u0103 \u015fapte \u0163\u0103ri partenere \u2013 Spania, Marea Britanie, Ungaria, Portugalia, Slovenia, Belgia \u015fi Rom\u00e2nia, transfer\u00e2nd metodologii educa\u0163ionale inovatoare pentru a \u00een\u0163elege conceptul de \u201c\u00cemb\u0103tr\u00e2nire Activ\u0103\u201d (Active Ageing). Proiectul promoveaz\u0103 \u201cOra\u015ful accesibil tuturor categoriilor de v\u00e2rst\u0103\u201d (The Age Friendly City) \u00een ora\u015fele \u015fi municipalit\u0103\u0163ile partenere.<\/p>\n","protected":false},"excerpt":{"rendered":"<p>25 may 2012 The Age Friendly City &#8211; TAFCITY Project number: 2011-1-ES1-LEO05-35886 Director:\u00a0\u00a0\u00a0 Assoc.lect.eng. Diana ANDONE Value:\u00a0\u00a0\u00a0 &#8211; Period:\u00a0\u00a0 &#8211; Members: \u00a0\u00a0 Prof.dr.eng. Radu VASIU drd. ing. Vlad MIHAESCU Partners: \u00a0\u00a0 Cdea, Spain Norton Radstock College, United Kingdom Matia Innova, Spain Insignare Associacao de Ensino e Formacao, Portugal Srednja \u0161ola za gostinstvo in turizem Maribor, [&hellip;]<\/p>\n","protected":false},"author":1,"featured_media":0,"parent":2821,"menu_order":0,"comment_status":"closed","ping_status":"closed","template":"","meta":{"footnotes":""},"class_list":["post-3177","page","type-page","status-publish","hentry"],"yoast_head":"<!-- This site is optimized with the Yoast SEO plugin v27.3 - https:\/\/yoast.com\/product\/yoast-seo-wordpress\/ -->\n<title>TAFCITY - Universitatea Politehnica Timi\u015foara Departamentul de ID\/IFR \u0219i Educa\u021bie Digital\u0103 \u2013 DeL<\/title>\n<meta name=\"robots\" content=\"index, follow, max-snippet:-1, max-image-preview:large, max-video-preview:-1\" \/>\n<link rel=\"canonical\" href=\"https:\/\/elearning.upt.ro\/ro\/proiecte\/proiecte-eu\/tafcity-2\/\" \/>\n<meta property=\"og:locale\" content=\"ro_RO\" \/>\n<meta property=\"og:type\" content=\"article\" \/>\n<meta property=\"og:title\" content=\"TAFCITY - Universitatea Politehnica Timi\u015foara Departamentul de ID\/IFR \u0219i Educa\u021bie Digital\u0103 \u2013 DeL\" \/>\n<meta property=\"og:description\" content=\"25 may 2012 The Age Friendly City &#8211; TAFCITY Project number: 2011-1-ES1-LEO05-35886 Director:\u00a0\u00a0\u00a0 Assoc.lect.eng. Diana ANDONE Value:\u00a0\u00a0\u00a0 &#8211; Period:\u00a0\u00a0 &#8211; Members: \u00a0\u00a0 Prof.dr.eng. Radu VASIU drd. ing. Vlad MIHAESCU Partners: \u00a0\u00a0 Cdea, Spain Norton Radstock College, United Kingdom Matia Innova, Spain Insignare Associacao de Ensino e Formacao, Portugal Srednja \u0161ola za gostinstvo in turizem Maribor, [&hellip;]\" \/>\n<meta property=\"og:url\" content=\"https:\/\/elearning.upt.ro\/ro\/proiecte\/proiecte-eu\/tafcity-2\/\" \/>\n<meta property=\"og:site_name\" content=\"Universitatea Politehnica Timi\u015foara Departamentul de ID\/IFR \u0219i Educa\u021bie Digital\u0103 \u2013 DeL\" \/>\n<meta property=\"article:publisher\" content=\"https:\/\/www.facebook.com\/CIDUPT\/?ref=page_internal\" \/>\n<meta property=\"article:modified_time\" content=\"2019-06-16T16:47:30+00:00\" \/>\n<meta property=\"og:image\" content=\"http:\/\/cid.upt.ro\/assets\/upload\/content\/tafcitybanner.jpg\" \/>\n<meta name=\"twitter:card\" content=\"summary_large_image\" \/>\n<meta name=\"twitter:label1\" content=\"Est. reading time\" \/>\n\t<meta name=\"twitter:data1\" content=\"3 minutes\" \/>\n<script type=\"application\/ld+json\" class=\"yoast-schema-graph\">{\"@context\":\"https:\\\/\\\/schema.org\",\"@graph\":[{\"@type\":\"WebPage\",\"@id\":\"https:\\\/\\\/elearning.upt.ro\\\/ro\\\/proiecte\\\/proiecte-eu\\\/tafcity-2\\\/\",\"url\":\"https:\\\/\\\/elearning.upt.ro\\\/ro\\\/proiecte\\\/proiecte-eu\\\/tafcity-2\\\/\",\"name\":\"TAFCITY - Universitatea Politehnica Timi\u015foara Departamentul de ID\\\/IFR \u0219i Educa\u021bie Digital\u0103 \u2013 DeL\",\"isPartOf\":{\"@id\":\"https:\\\/\\\/elearning.upt.ro\\\/ro\\\/#website\"},\"primaryImageOfPage\":{\"@id\":\"https:\\\/\\\/elearning.upt.ro\\\/ro\\\/proiecte\\\/proiecte-eu\\\/tafcity-2\\\/#primaryimage\"},\"image\":{\"@id\":\"https:\\\/\\\/elearning.upt.ro\\\/ro\\\/proiecte\\\/proiecte-eu\\\/tafcity-2\\\/#primaryimage\"},\"thumbnailUrl\":\"http:\\\/\\\/cid.upt.ro\\\/assets\\\/upload\\\/content\\\/tafcitybanner.jpg\",\"datePublished\":\"2018-01-13T19:15:12+00:00\",\"dateModified\":\"2019-06-16T16:47:30+00:00\",\"breadcrumb\":{\"@id\":\"https:\\\/\\\/elearning.upt.ro\\\/ro\\\/proiecte\\\/proiecte-eu\\\/tafcity-2\\\/#breadcrumb\"},\"inLanguage\":\"ro-RO\",\"potentialAction\":[{\"@type\":\"ReadAction\",\"target\":[\"https:\\\/\\\/elearning.upt.ro\\\/ro\\\/proiecte\\\/proiecte-eu\\\/tafcity-2\\\/\"]}]},{\"@type\":\"ImageObject\",\"inLanguage\":\"ro-RO\",\"@id\":\"https:\\\/\\\/elearning.upt.ro\\\/ro\\\/proiecte\\\/proiecte-eu\\\/tafcity-2\\\/#primaryimage\",\"url\":\"http:\\\/\\\/cid.upt.ro\\\/assets\\\/upload\\\/content\\\/tafcitybanner.jpg\",\"contentUrl\":\"http:\\\/\\\/cid.upt.ro\\\/assets\\\/upload\\\/content\\\/tafcitybanner.jpg\"},{\"@type\":\"BreadcrumbList\",\"@id\":\"https:\\\/\\\/elearning.upt.ro\\\/ro\\\/proiecte\\\/proiecte-eu\\\/tafcity-2\\\/#breadcrumb\",\"itemListElement\":[{\"@type\":\"ListItem\",\"position\":1,\"name\":\"Home\",\"item\":\"https:\\\/\\\/elearning.upt.ro\\\/\"},{\"@type\":\"ListItem\",\"position\":2,\"name\":\"Proiecte\",\"item\":\"https:\\\/\\\/elearning.upt.ro\\\/ro\\\/proiecte\\\/\"},{\"@type\":\"ListItem\",\"position\":3,\"name\":\"Proiecte EU\",\"item\":\"https:\\\/\\\/elearning.upt.ro\\\/ro\\\/proiecte\\\/proiecte-eu\\\/\"},{\"@type\":\"ListItem\",\"position\":4,\"name\":\"TAFCITY\"}]},{\"@type\":\"WebSite\",\"@id\":\"https:\\\/\\\/elearning.upt.ro\\\/ro\\\/#website\",\"url\":\"https:\\\/\\\/elearning.upt.ro\\\/ro\\\/\",\"name\":\"Universitatea Politehnica Timi\u015foara Departamentul de ID\\\/IFR \u0219i Educa\u021bie Digital\u0103 \u2013 DeL\",\"description\":\"\",\"potentialAction\":[{\"@type\":\"SearchAction\",\"target\":{\"@type\":\"EntryPoint\",\"urlTemplate\":\"https:\\\/\\\/elearning.upt.ro\\\/ro\\\/?s={search_term_string}\"},\"query-input\":{\"@type\":\"PropertyValueSpecification\",\"valueRequired\":true,\"valueName\":\"search_term_string\"}}],\"inLanguage\":\"ro-RO\"}]}<\/script>\n<!-- \/ Yoast SEO plugin. -->","yoast_head_json":{"title":"TAFCITY - Universitatea Politehnica Timi\u015foara Departamentul de ID\/IFR \u0219i Educa\u021bie Digital\u0103 \u2013 DeL","robots":{"index":"index","follow":"follow","max-snippet":"max-snippet:-1","max-image-preview":"max-image-preview:large","max-video-preview":"max-video-preview:-1"},"canonical":"https:\/\/elearning.upt.ro\/ro\/proiecte\/proiecte-eu\/tafcity-2\/","og_locale":"ro_RO","og_type":"article","og_title":"TAFCITY - Universitatea Politehnica Timi\u015foara Departamentul de ID\/IFR \u0219i Educa\u021bie Digital\u0103 \u2013 DeL","og_description":"25 may 2012 The Age Friendly City &#8211; TAFCITY Project number: 2011-1-ES1-LEO05-35886 Director:\u00a0\u00a0\u00a0 Assoc.lect.eng. Diana ANDONE Value:\u00a0\u00a0\u00a0 &#8211; Period:\u00a0\u00a0 &#8211; Members: \u00a0\u00a0 Prof.dr.eng. Radu VASIU drd. ing. Vlad MIHAESCU Partners: \u00a0\u00a0 Cdea, Spain Norton Radstock College, United Kingdom Matia Innova, Spain Insignare Associacao de Ensino e Formacao, Portugal Srednja \u0161ola za gostinstvo in turizem Maribor, [&hellip;]","og_url":"https:\/\/elearning.upt.ro\/ro\/proiecte\/proiecte-eu\/tafcity-2\/","og_site_name":"Universitatea Politehnica Timi\u015foara Departamentul de ID\/IFR \u0219i Educa\u021bie Digital\u0103 \u2013 DeL","article_publisher":"https:\/\/www.facebook.com\/CIDUPT\/?ref=page_internal","article_modified_time":"2019-06-16T16:47:30+00:00","og_image":[{"url":"http:\/\/cid.upt.ro\/assets\/upload\/content\/tafcitybanner.jpg","type":"","width":"","height":""}],"twitter_card":"summary_large_image","twitter_misc":{"Est. reading time":"3 minutes"},"schema":{"@context":"https:\/\/schema.org","@graph":[{"@type":"WebPage","@id":"https:\/\/elearning.upt.ro\/ro\/proiecte\/proiecte-eu\/tafcity-2\/","url":"https:\/\/elearning.upt.ro\/ro\/proiecte\/proiecte-eu\/tafcity-2\/","name":"TAFCITY - Universitatea Politehnica Timi\u015foara Departamentul de ID\/IFR \u0219i Educa\u021bie Digital\u0103 \u2013 DeL","isPartOf":{"@id":"https:\/\/elearning.upt.ro\/ro\/#website"},"primaryImageOfPage":{"@id":"https:\/\/elearning.upt.ro\/ro\/proiecte\/proiecte-eu\/tafcity-2\/#primaryimage"},"image":{"@id":"https:\/\/elearning.upt.ro\/ro\/proiecte\/proiecte-eu\/tafcity-2\/#primaryimage"},"thumbnailUrl":"http:\/\/cid.upt.ro\/assets\/upload\/content\/tafcitybanner.jpg","datePublished":"2018-01-13T19:15:12+00:00","dateModified":"2019-06-16T16:47:30+00:00","breadcrumb":{"@id":"https:\/\/elearning.upt.ro\/ro\/proiecte\/proiecte-eu\/tafcity-2\/#breadcrumb"},"inLanguage":"ro-RO","potentialAction":[{"@type":"ReadAction","target":["https:\/\/elearning.upt.ro\/ro\/proiecte\/proiecte-eu\/tafcity-2\/"]}]},{"@type":"ImageObject","inLanguage":"ro-RO","@id":"https:\/\/elearning.upt.ro\/ro\/proiecte\/proiecte-eu\/tafcity-2\/#primaryimage","url":"http:\/\/cid.upt.ro\/assets\/upload\/content\/tafcitybanner.jpg","contentUrl":"http:\/\/cid.upt.ro\/assets\/upload\/content\/tafcitybanner.jpg"},{"@type":"BreadcrumbList","@id":"https:\/\/elearning.upt.ro\/ro\/proiecte\/proiecte-eu\/tafcity-2\/#breadcrumb","itemListElement":[{"@type":"ListItem","position":1,"name":"Home","item":"https:\/\/elearning.upt.ro\/"},{"@type":"ListItem","position":2,"name":"Proiecte","item":"https:\/\/elearning.upt.ro\/ro\/proiecte\/"},{"@type":"ListItem","position":3,"name":"Proiecte EU","item":"https:\/\/elearning.upt.ro\/ro\/proiecte\/proiecte-eu\/"},{"@type":"ListItem","position":4,"name":"TAFCITY"}]},{"@type":"WebSite","@id":"https:\/\/elearning.upt.ro\/ro\/#website","url":"https:\/\/elearning.upt.ro\/ro\/","name":"Universitatea Politehnica Timi\u015foara Departamentul de ID\/IFR \u0219i Educa\u021bie Digital\u0103 \u2013 DeL","description":"","potentialAction":[{"@type":"SearchAction","target":{"@type":"EntryPoint","urlTemplate":"https:\/\/elearning.upt.ro\/ro\/?s={search_term_string}"},"query-input":{"@type":"PropertyValueSpecification","valueRequired":true,"valueName":"search_term_string"}}],"inLanguage":"ro-RO"}]}},"_links":{"self":[{"href":"https:\/\/elearning.upt.ro\/ro\/wp-json\/wp\/v2\/pages\/3177","targetHints":{"allow":["GET"]}}],"collection":[{"href":"https:\/\/elearning.upt.ro\/ro\/wp-json\/wp\/v2\/pages"}],"about":[{"href":"https:\/\/elearning.upt.ro\/ro\/wp-json\/wp\/v2\/types\/page"}],"author":[{"embeddable":true,"href":"https:\/\/elearning.upt.ro\/ro\/wp-json\/wp\/v2\/users\/1"}],"replies":[{"embeddable":true,"href":"https:\/\/elearning.upt.ro\/ro\/wp-json\/wp\/v2\/comments?post=3177"}],"version-history":[{"count":7,"href":"https:\/\/elearning.upt.ro\/ro\/wp-json\/wp\/v2\/pages\/3177\/revisions"}],"predecessor-version":[{"id":6294,"href":"https:\/\/elearning.upt.ro\/ro\/wp-json\/wp\/v2\/pages\/3177\/revisions\/6294"}],"up":[{"embeddable":true,"href":"https:\/\/elearning.upt.ro\/ro\/wp-json\/wp\/v2\/pages\/2821"}],"wp:attachment":[{"href":"https:\/\/elearning.upt.ro\/ro\/wp-json\/wp\/v2\/media?parent=3177"}],"curies":[{"name":"wp","href":"https:\/\/api.w.org\/{rel}","templated":true}]}}