{"id":3123,"date":"2018-01-13T18:39:50","date_gmt":"2018-01-13T18:39:50","guid":{"rendered":"http:\/\/new.elearning.upt.ro\/?page_id=3123"},"modified":"2023-06-14T22:05:25","modified_gmt":"2023-06-14T19:05:25","slug":"tehnologia-constructiilor-de-masini","status":"publish","type":"page","link":"https:\/\/elearning.upt.ro\/ro\/cel-2\/personal\/tehnologia-constructiilor-de-masini\/","title":{"rendered":"Personal &#8211; Specializarea Tehnologia Constructiilor de Masini"},"content":{"rendered":"<table class=\"table\">\n<tbody>\n<tr class=\"row0\">\n<td>\u0218.l.dr.ing. Badarau Rodica<\/td>\n<td>Actionari si comenzi pneumatice si hidraulice (A)<br \/>\nMecanica Fluidelor<\/td>\n<\/tr>\n<tr class=\"row1\">\n<td>Lect.univ.dr. Bund\u0103u Olivia Mihaela<\/td>\n<td>Matematici speciale<\/td>\n<\/tr>\n<tr class=\"row0\">\n<td>Conf.dr.ing. But Adrian<\/td>\n<td>Tehnologii pe Masini cu Comenzi Numerice<\/td>\n<\/tr>\n<tr class=\"row1\">\n<td>\u0218.l.dr.ing. Buzdugan Drago\u0219<\/td>\n<td>Selectia materialelor<br \/>\nTratamente termice<\/td>\n<\/tr>\n<tr class=\"row0\">\n<td>Conf.univ.dr. C\u0103runtu Bogdan<\/td>\n<td>Algebr\u0103 liniar\u0103, geometrie analitic\u0103 \u0219i diferen\u021bial\u0103<\/td>\n<\/tr>\n<tr class=\"row1\">\n<td>Asist.univ.dr. Constantin Claudia<\/td>\n<td>Limbi de circulatie internationala 1<br \/>\nLimbi de circulatie internationala 2<\/td>\n<\/tr>\n<tr class=\"row0\">\n<td>\u0218.l.dr.ing. Duma Sebastian<\/td>\n<td>\u0218tiin\u021ba \u0219i ingineria materialelor I<br \/>\n\u0218tiin\u021ba \u0219i ingineria materialelor II<\/td>\n<\/tr>\n<tr class=\"row1\">\n<td>\u0218.l.dr.ing. Dume Adrian Ilie<\/td>\n<td>Masini-Unelte<br \/>\nProgramarea calculatoarelor \u0219i limbaje de programare<br \/>\nProiectarea asistata de calculator<br \/>\nServomecanisme, traductori si senzori<br \/>\nPractica1<br \/>\nPractica2<\/td>\n<\/tr>\n<tr class=\"row0\">\n<td>Conf.univ.dr.chim. Du\u021beanu Narcis<\/td>\n<td>Chimie<\/td>\n<\/tr>\n<tr class=\"row1\">\n<td>Conf.dr.ing. Feier Anamaria<\/td>\n<td>Ingineria calitatii<br \/>\nProcedee de sudare industriala<\/td>\n<\/tr>\n<tr class=\"row0\">\n<td>\u0218.l.dr.ing. Galatanu Sergiu<\/td>\n<td>Metode numerice<\/td>\n<\/tr>\n<tr class=\"row1\">\n<td>Conf.dr.ing. Groza Ioan-Vasile<\/td>\n<td>Toleran\u021be \u0219i control dimensional<\/td>\n<\/tr>\n<tr class=\"row0\">\n<td>Prof.univ.dr.ing. Heri\u0219anu Nicolae<\/td>\n<td>Mecanica I<br \/>\nMecanica II<br \/>\nVibra\u021bii mecanice<\/td>\n<\/tr>\n<tr class=\"row1\">\n<td>Conf.univ.dr.ing. Ilie Mariana<\/td>\n<td>Desen tehnic si infografica<br \/>\nGeometrie descriptiva si desen tehnic<\/td>\n<\/tr>\n<tr class=\"row0\">\n<td>Lect.dr. Ionescu Dan<\/td>\n<td>Educatie Fizica 1<br \/>\nEducatie Fizica 2<br \/>\nEducatie Fizica 3<br \/>\nEducatie Fizica 4<\/td>\n<\/tr>\n<tr class=\"row1\">\n<td>Prof.univ.dr. L\u0103zureanu Cristian<\/td>\n<td>Algebr\u0103 liniar\u0103, geometrie analitic\u0103 \u0219i diferen\u021bial\u0103<\/td>\n<\/tr>\n<tr class=\"row0\">\n<td>Conf.dr.ing. Margineanu Dan<\/td>\n<td>Organe de masini I<br \/>\nOrgane de masini II<\/td>\n<\/tr>\n<tr class=\"row1\">\n<td>\u0218.l.dr.ing. Moldovan Cristian Emil<\/td>\n<td>Mecanisme I<br \/>\nMecanisme II<\/td>\n<\/tr>\n<tr class=\"row0\">\n<td>\u0218.l.dr.ing. Molnar Richard Istvan<\/td>\n<td>Procedee de sudare industriala<\/td>\n<\/tr>\n<tr class=\"row1\">\n<td>Prof.dr.ing. Nicoara Mircea<\/td>\n<td>Tratamente termice<\/td>\n<\/tr>\n<tr class=\"row0\">\n<td>Conf.univ.dr. Pater Flavius<\/td>\n<td>Analiza matematica<\/td>\n<\/tr>\n<tr class=\"row1\">\n<td>\u0218.l.dr. Pater Liana<\/td>\n<td>Marketing<\/td>\n<\/tr>\n<tr class=\"row0\">\n<td>Prof.dr.habil. Pop Nicolina Rodica<\/td>\n<td>Fizica<\/td>\n<\/tr>\n<tr class=\"row1\">\n<td>As.dr.ing. Pop-C\u0103limanu Marius<\/td>\n<td>Tehnologia materialelor 1<br \/>\nTehnologia materialelor 2<\/td>\n<\/tr>\n<tr class=\"row0\">\n<td>Asist.univ. Popescu Dan<\/td>\n<td>Analiza matematica<\/td>\n<\/tr>\n<tr class=\"row1\">\n<td>Prof.dr.ing. Pro\u0219tean Gabriela<\/td>\n<td>Comunicare<\/td>\n<\/tr>\n<tr class=\"row0\">\n<td>Conf.dr.ing. Radu Bogdan<\/td>\n<td>Selectia materialelor<\/td>\n<\/tr>\n<tr class=\"row1\">\n<td>\u0218.l.dr.ing. Sava Marcela<\/td>\n<td>Rezistenta materialelor I<br \/>\nRezistenta materialelor II<\/td>\n<\/tr>\n<tr class=\"row0\">\n<td>Conf.dr.ing. Stan Daniel Voicu<\/td>\n<td>Inovare si comunicare profesionala<br \/>\nMateriale plastice \u0219i tehnologii de fabrica\u021bie<br \/>\nTehnologii de procesare a materialelor polimerice<\/td>\n<\/tr>\n<tr class=\"row1\">\n<td>Prof.dr.ing. Stoian Floriana<\/td>\n<td>Termotehnica I<br \/>\nTermotehnica II<\/td>\n<\/tr>\n<tr class=\"row0\">\n<td>\u0218.l.dr.ing. Strauti Gabriela<\/td>\n<td>Management<\/td>\n<\/tr>\n<tr class=\"row1\">\n<td>\u0218.l.dr.ing. \u0218tef Ioan Dorian<\/td>\n<td>Actionari si comenzi pneumatice si hidraulice (B)<br \/>\nConstructia si Exploatarea Sculelor Aschietoare<br \/>\nPrototipare si fabricatie rapida<br \/>\nTehnologii si echipamente de fabricatie<br \/>\nPractica1<br \/>\nPractica2<\/td>\n<\/tr>\n<tr class=\"row0\">\n<td>\u0218.l.dr.ing. Trif-Tordai Gavril\u0103<\/td>\n<td>Termotehnica I<br \/>\nTermotehnica II<\/td>\n<\/tr>\n<tr class=\"row1\">\n<td>Conf.dr.ing. Tulcan Aurel<\/td>\n<td>Proceduri de masurare 3D<br \/>\nTehnologii de deformare plastica<\/td>\n<\/tr>\n<tr class=\"row0\">\n<td>Conf.dr.ing. Tulcan Liliana<\/td>\n<td>Tehnologia materialelor 1<br \/>\nTehnologia materialelor 2<\/td>\n<\/tr>\n<tr class=\"row1\">\n<td>Conf.dr.ing. Turc Cristian Gheorghe<\/td>\n<td>Bazele Proceselor de fabricatie<br \/>\nTehnologia Fabricarii Produselor<\/td>\n<\/tr>\n<tr class=\"row0\">\n<td>As.dr.ing. \u021a\u00eempea \u0218tefan Adrian<\/td>\n<td>Dispozitive Tehnologice<\/td>\n<\/tr>\n<tr class=\"row1\">\n<td>Prof.dr.ing. Utu Dragos<\/td>\n<td>Acoperiri termice si reconditionari<\/td>\n<\/tr>\n<tr class=\"row0\">\n<td>\u0218.l.dr.ing. Vesa Daniela<\/td>\n<td>Electrotehnic\u0103<\/td>\n<\/tr>\n<\/tbody>\n<\/table>\n","protected":false},"excerpt":{"rendered":"<p>\u0218.l.dr.ing. Badarau Rodica Actionari si comenzi pneumatice si hidraulice (A) Mecanica Fluidelor Lect.univ.dr. Bund\u0103u Olivia Mihaela Matematici speciale Conf.dr.ing. But Adrian Tehnologii pe Masini cu Comenzi Numerice \u0218.l.dr.ing. Buzdugan Drago\u0219 Selectia materialelor Tratamente termice Conf.univ.dr. C\u0103runtu Bogdan Algebr\u0103 liniar\u0103, geometrie analitic\u0103 \u0219i diferen\u021bial\u0103 Asist.univ.dr. Constantin Claudia Limbi de circulatie internationala 1 Limbi de circulatie internationala [&hellip;]<\/p>\n","protected":false},"author":1,"featured_media":0,"parent":2935,"menu_order":0,"comment_status":"closed","ping_status":"closed","template":"","meta":{"footnotes":""},"class_list":["post-3123","page","type-page","status-publish","hentry"],"yoast_head":"<!-- This site is optimized with the Yoast SEO plugin v27.3 - https:\/\/yoast.com\/product\/yoast-seo-wordpress\/ -->\n<title>Personal &#8211; Specializarea Tehnologia Constructiilor de Masini - Universitatea Politehnica Timi\u015foara Departamentul de ID\/IFR \u0219i Educa\u021bie Digital\u0103 \u2013 DeL<\/title>\n<meta name=\"robots\" content=\"index, follow, max-snippet:-1, max-image-preview:large, max-video-preview:-1\" \/>\n<link rel=\"canonical\" href=\"https:\/\/elearning.upt.ro\/ro\/cel-2\/personal\/tehnologia-constructiilor-de-masini\/\" \/>\n<meta property=\"og:locale\" content=\"ro_RO\" \/>\n<meta property=\"og:type\" content=\"article\" \/>\n<meta property=\"og:title\" content=\"Personal &#8211; Specializarea Tehnologia Constructiilor de Masini - Universitatea Politehnica Timi\u015foara Departamentul de ID\/IFR \u0219i Educa\u021bie Digital\u0103 \u2013 DeL\" \/>\n<meta property=\"og:description\" content=\"\u0218.l.dr.ing. Badarau Rodica Actionari si comenzi pneumatice si hidraulice (A) Mecanica Fluidelor Lect.univ.dr. Bund\u0103u Olivia Mihaela Matematici speciale Conf.dr.ing. But Adrian Tehnologii pe Masini cu Comenzi Numerice \u0218.l.dr.ing. Buzdugan Drago\u0219 Selectia materialelor Tratamente termice Conf.univ.dr. C\u0103runtu Bogdan Algebr\u0103 liniar\u0103, geometrie analitic\u0103 \u0219i diferen\u021bial\u0103 Asist.univ.dr. Constantin Claudia Limbi de circulatie internationala 1 Limbi de circulatie internationala [&hellip;]\" \/>\n<meta property=\"og:url\" content=\"https:\/\/elearning.upt.ro\/ro\/cel-2\/personal\/tehnologia-constructiilor-de-masini\/\" \/>\n<meta property=\"og:site_name\" content=\"Universitatea Politehnica Timi\u015foara Departamentul de ID\/IFR \u0219i Educa\u021bie Digital\u0103 \u2013 DeL\" \/>\n<meta property=\"article:publisher\" content=\"https:\/\/www.facebook.com\/CIDUPT\/?ref=page_internal\" \/>\n<meta property=\"article:modified_time\" content=\"2023-06-14T19:05:25+00:00\" \/>\n<meta name=\"twitter:card\" content=\"summary_large_image\" \/>\n<meta name=\"twitter:label1\" content=\"Est. reading time\" \/>\n\t<meta name=\"twitter:data1\" content=\"2 minutes\" \/>\n<script type=\"application\/ld+json\" class=\"yoast-schema-graph\">{\"@context\":\"https:\\\/\\\/schema.org\",\"@graph\":[{\"@type\":\"WebPage\",\"@id\":\"https:\\\/\\\/elearning.upt.ro\\\/cel-2\\\/personal\\\/tehnologia-constructiilor-de-masini\\\/\",\"url\":\"https:\\\/\\\/elearning.upt.ro\\\/cel-2\\\/personal\\\/tehnologia-constructiilor-de-masini\\\/\",\"name\":\"Personal &#8211; Specializarea Tehnologia Constructiilor de Masini - Universitatea Politehnica Timi\u015foara Departamentul de ID\\\/IFR \u0219i Educa\u021bie Digital\u0103 \u2013 DeL\",\"isPartOf\":{\"@id\":\"https:\\\/\\\/elearning.upt.ro\\\/ro\\\/#website\"},\"datePublished\":\"2018-01-13T18:39:50+00:00\",\"dateModified\":\"2023-06-14T19:05:25+00:00\",\"breadcrumb\":{\"@id\":\"https:\\\/\\\/elearning.upt.ro\\\/cel-2\\\/personal\\\/tehnologia-constructiilor-de-masini\\\/#breadcrumb\"},\"inLanguage\":\"ro-RO\",\"potentialAction\":[{\"@type\":\"ReadAction\",\"target\":[\"https:\\\/\\\/elearning.upt.ro\\\/cel-2\\\/personal\\\/tehnologia-constructiilor-de-masini\\\/\"]}]},{\"@type\":\"BreadcrumbList\",\"@id\":\"https:\\\/\\\/elearning.upt.ro\\\/cel-2\\\/personal\\\/tehnologia-constructiilor-de-masini\\\/#breadcrumb\",\"itemListElement\":[{\"@type\":\"ListItem\",\"position\":1,\"name\":\"Home\",\"item\":\"https:\\\/\\\/elearning.upt.ro\\\/\"},{\"@type\":\"ListItem\",\"position\":2,\"name\":\"Despre DeL\",\"item\":\"https:\\\/\\\/elearning.upt.ro\\\/cel-2\\\/\"},{\"@type\":\"ListItem\",\"position\":3,\"name\":\"Personal\",\"item\":\"https:\\\/\\\/elearning.upt.ro\\\/cel-2\\\/personal\\\/\"},{\"@type\":\"ListItem\",\"position\":4,\"name\":\"Personal &#8211; Specializarea Tehnologia Constructiilor de Masini\"}]},{\"@type\":\"WebSite\",\"@id\":\"https:\\\/\\\/elearning.upt.ro\\\/ro\\\/#website\",\"url\":\"https:\\\/\\\/elearning.upt.ro\\\/ro\\\/\",\"name\":\"Universitatea Politehnica Timi\u015foara Departamentul de ID\\\/IFR \u0219i Educa\u021bie Digital\u0103 \u2013 DeL\",\"description\":\"\",\"potentialAction\":[{\"@type\":\"SearchAction\",\"target\":{\"@type\":\"EntryPoint\",\"urlTemplate\":\"https:\\\/\\\/elearning.upt.ro\\\/ro\\\/?s={search_term_string}\"},\"query-input\":{\"@type\":\"PropertyValueSpecification\",\"valueRequired\":true,\"valueName\":\"search_term_string\"}}],\"inLanguage\":\"ro-RO\"}]}<\/script>\n<!-- \/ Yoast SEO plugin. -->","yoast_head_json":{"title":"Personal &#8211; Specializarea Tehnologia Constructiilor de Masini - Universitatea Politehnica Timi\u015foara Departamentul de ID\/IFR \u0219i Educa\u021bie Digital\u0103 \u2013 DeL","robots":{"index":"index","follow":"follow","max-snippet":"max-snippet:-1","max-image-preview":"max-image-preview:large","max-video-preview":"max-video-preview:-1"},"canonical":"https:\/\/elearning.upt.ro\/ro\/cel-2\/personal\/tehnologia-constructiilor-de-masini\/","og_locale":"ro_RO","og_type":"article","og_title":"Personal &#8211; Specializarea Tehnologia Constructiilor de Masini - Universitatea Politehnica Timi\u015foara Departamentul de ID\/IFR \u0219i Educa\u021bie Digital\u0103 \u2013 DeL","og_description":"\u0218.l.dr.ing. Badarau Rodica Actionari si comenzi pneumatice si hidraulice (A) Mecanica Fluidelor Lect.univ.dr. Bund\u0103u Olivia Mihaela Matematici speciale Conf.dr.ing. But Adrian Tehnologii pe Masini cu Comenzi Numerice \u0218.l.dr.ing. Buzdugan Drago\u0219 Selectia materialelor Tratamente termice Conf.univ.dr. C\u0103runtu Bogdan Algebr\u0103 liniar\u0103, geometrie analitic\u0103 \u0219i diferen\u021bial\u0103 Asist.univ.dr. Constantin Claudia Limbi de circulatie internationala 1 Limbi de circulatie internationala [&hellip;]","og_url":"https:\/\/elearning.upt.ro\/ro\/cel-2\/personal\/tehnologia-constructiilor-de-masini\/","og_site_name":"Universitatea Politehnica Timi\u015foara Departamentul de ID\/IFR \u0219i Educa\u021bie Digital\u0103 \u2013 DeL","article_publisher":"https:\/\/www.facebook.com\/CIDUPT\/?ref=page_internal","article_modified_time":"2023-06-14T19:05:25+00:00","twitter_card":"summary_large_image","twitter_misc":{"Est. reading time":"2 minutes"},"schema":{"@context":"https:\/\/schema.org","@graph":[{"@type":"WebPage","@id":"https:\/\/elearning.upt.ro\/cel-2\/personal\/tehnologia-constructiilor-de-masini\/","url":"https:\/\/elearning.upt.ro\/cel-2\/personal\/tehnologia-constructiilor-de-masini\/","name":"Personal &#8211; Specializarea Tehnologia Constructiilor de Masini - Universitatea Politehnica Timi\u015foara Departamentul de ID\/IFR \u0219i Educa\u021bie Digital\u0103 \u2013 DeL","isPartOf":{"@id":"https:\/\/elearning.upt.ro\/ro\/#website"},"datePublished":"2018-01-13T18:39:50+00:00","dateModified":"2023-06-14T19:05:25+00:00","breadcrumb":{"@id":"https:\/\/elearning.upt.ro\/cel-2\/personal\/tehnologia-constructiilor-de-masini\/#breadcrumb"},"inLanguage":"ro-RO","potentialAction":[{"@type":"ReadAction","target":["https:\/\/elearning.upt.ro\/cel-2\/personal\/tehnologia-constructiilor-de-masini\/"]}]},{"@type":"BreadcrumbList","@id":"https:\/\/elearning.upt.ro\/cel-2\/personal\/tehnologia-constructiilor-de-masini\/#breadcrumb","itemListElement":[{"@type":"ListItem","position":1,"name":"Home","item":"https:\/\/elearning.upt.ro\/"},{"@type":"ListItem","position":2,"name":"Despre DeL","item":"https:\/\/elearning.upt.ro\/cel-2\/"},{"@type":"ListItem","position":3,"name":"Personal","item":"https:\/\/elearning.upt.ro\/cel-2\/personal\/"},{"@type":"ListItem","position":4,"name":"Personal &#8211; Specializarea Tehnologia Constructiilor de Masini"}]},{"@type":"WebSite","@id":"https:\/\/elearning.upt.ro\/ro\/#website","url":"https:\/\/elearning.upt.ro\/ro\/","name":"Universitatea Politehnica Timi\u015foara Departamentul de ID\/IFR \u0219i Educa\u021bie Digital\u0103 \u2013 DeL","description":"","potentialAction":[{"@type":"SearchAction","target":{"@type":"EntryPoint","urlTemplate":"https:\/\/elearning.upt.ro\/ro\/?s={search_term_string}"},"query-input":{"@type":"PropertyValueSpecification","valueRequired":true,"valueName":"search_term_string"}}],"inLanguage":"ro-RO"}]}},"_links":{"self":[{"href":"https:\/\/elearning.upt.ro\/ro\/wp-json\/wp\/v2\/pages\/3123","targetHints":{"allow":["GET"]}}],"collection":[{"href":"https:\/\/elearning.upt.ro\/ro\/wp-json\/wp\/v2\/pages"}],"about":[{"href":"https:\/\/elearning.upt.ro\/ro\/wp-json\/wp\/v2\/types\/page"}],"author":[{"embeddable":true,"href":"https:\/\/elearning.upt.ro\/ro\/wp-json\/wp\/v2\/users\/1"}],"replies":[{"embeddable":true,"href":"https:\/\/elearning.upt.ro\/ro\/wp-json\/wp\/v2\/comments?post=3123"}],"version-history":[{"count":33,"href":"https:\/\/elearning.upt.ro\/ro\/wp-json\/wp\/v2\/pages\/3123\/revisions"}],"predecessor-version":[{"id":25045,"href":"https:\/\/elearning.upt.ro\/ro\/wp-json\/wp\/v2\/pages\/3123\/revisions\/25045"}],"up":[{"embeddable":true,"href":"https:\/\/elearning.upt.ro\/ro\/wp-json\/wp\/v2\/pages\/2935"}],"wp:attachment":[{"href":"https:\/\/elearning.upt.ro\/ro\/wp-json\/wp\/v2\/media?parent=3123"}],"curies":[{"name":"wp","href":"https:\/\/api.w.org\/{rel}","templated":true}]}}