{"id":3120,"date":"2018-01-13T18:39:29","date_gmt":"2018-01-13T18:39:29","guid":{"rendered":"http:\/\/new.elearning.upt.ro\/?page_id=3120"},"modified":"2020-06-17T16:38:37","modified_gmt":"2020-06-17T13:38:37","slug":"comunicare-si-relatii-publice","status":"publish","type":"page","link":"https:\/\/elearning.upt.ro\/ro\/cel-2\/personal\/comunicare-si-relatii-publice\/","title":{"rendered":"Personal &#8211; Specializarea Comunicare si Relatii Publice"},"content":{"rendered":"<table class=\"table\">\n<tbody>\n<tr>\n<th>Nume<\/th>\n<th><\/th>\n<th>Cursuri<\/th>\n<th>Contact<\/th>\n<\/tr>\n<tr class=\"row0\">\n<td class=\"primutd\">\u0218.l.univ.<\/td>\n<td>Adina PALEA<\/td>\n<td>Fundamentele rela\u021biilor publice<br \/>\nManagementul RP<br \/>\nRedactarea materialelor de RP<\/td>\n<td><a class=\"vcard\" title=\"Hcard \/ Vcard \/ QRcode\" href=\"https:\/\/elearning.upt.ro\/despre-cel\/personal\/crp\" rel=\"https:\/\/elearning.upt.ro\/hcard\/6961\/\">vcard<\/a><\/td>\n<\/tr>\n<tr class=\"row1\">\n<td class=\"primutd\">\u0218.l.univ.dr.<\/td>\n<td>Anca DEJICA-CAR\u021aIS<\/td>\n<td>Medierea comunic\u0103rii \u00een limbi str\u0103ine &#8211; German\u0103<\/td>\n<td><a class=\"vcard\" title=\"Hcard \/ Vcard \/ QRcode\" href=\"https:\/\/elearning.upt.ro\/despre-cel\/personal\/crp\" rel=\"https:\/\/elearning.upt.ro\/hcard\/10828\/\">vcard<\/a><\/td>\n<\/tr>\n<tr class=\"row0\">\n<td class=\"primutd\">\u0218.l.univ.dr.<\/td>\n<td>Cosmin B\u0102IA\u0218<\/td>\n<td>Licen\u021b\u0103<\/p>\n<p>Practic\u0103 1<br \/>\nPractic\u0103 2<br \/>\nRetoric\u0103 \u0219i argumentare<br \/>\nStrategii de persuasiune<\/td>\n<td><a class=\"vcard\" title=\"Hcard \/ Vcard \/ QRcode\" href=\"https:\/\/elearning.upt.ro\/despre-cel\/personal\/crp\" rel=\"https:\/\/elearning.upt.ro\/hcard\/15072\/\">vcard<\/a><\/td>\n<\/tr>\n<tr class=\"row1\">\n<td class=\"primutd\">Asist.dr.<\/td>\n<td>Laura CHIRIAC<\/td>\n<td>Limba str\u0103in\u0103<br \/>\nLimba str\u0103in\u0103 II<\/td>\n<td><a class=\"vcard\" title=\"Hcard \/ Vcard \/ QRcode\" href=\"https:\/\/elearning.upt.ro\/despre-cel\/personal\/crp\" rel=\"https:\/\/elearning.upt.ro\/hcard\/15074\/\">vcard<\/a><\/td>\n<\/tr>\n<tr class=\"row0\">\n<td class=\"primutd\">\u0218.l.univ.dr.<\/td>\n<td>Claudia ICOBESCU<\/td>\n<td>Limba str\u0103in\u0103 I &#8211; German\u0103<br \/>\nLimba str\u0103in\u0103 II &#8211; German\u0103<br \/>\nMedierea comunic\u0103rii \u00een limbi str\u0103ine &#8211; German\u0103<\/td>\n<td><a class=\"vcard\" title=\"Hcard \/ Vcard \/ QRcode\" href=\"https:\/\/elearning.upt.ro\/despre-cel\/personal\/crp\" rel=\"https:\/\/elearning.upt.ro\/hcard\/6964\/\">vcard<\/a><\/td>\n<\/tr>\n<tr class=\"row1\">\n<td class=\"primutd\">Asist.dr.<\/td>\n<td>Claudia STOIAN<\/td>\n<td>Analiza discursului<br \/>\nMedierea comunic\u0103rii \u00een limbi str\u0103ine &#8211; Englez\u0103<br \/>\nPragmatic\u0103<\/td>\n<td><a class=\"vcard\" title=\"Hcard \/ Vcard \/ QRcode\" href=\"https:\/\/elearning.upt.ro\/despre-cel\/personal\/crp\" rel=\"https:\/\/elearning.upt.ro\/hcard\/6966\/\">vcard<\/a><\/td>\n<\/tr>\n<tr class=\"row0\">\n<td class=\"primutd\">Conf.univ.dr.<\/td>\n<td>Cristina Alina MAZILESCU<\/td>\n<td>Modul pedagogic<\/td>\n<td><a class=\"vcard\" title=\"Hcard \/ Vcard \/ QRcode\" href=\"https:\/\/elearning.upt.ro\/despre-cel\/personal\/crp\" rel=\"https:\/\/elearning.upt.ro\/hcard\/6968\/\">vcard<\/a><\/td>\n<\/tr>\n<tr class=\"row1\">\n<td class=\"primutd\">Lect. dr.<\/td>\n<td>Dan IONESCU<\/td>\n<td>Educa\u021bie Fizic\u0103<\/td>\n<td><a class=\"vcard\" title=\"Hcard \/ Vcard \/ QRcode\" href=\"https:\/\/elearning.upt.ro\/despre-cel\/personal\/crp\" rel=\"https:\/\/elearning.upt.ro\/hcard\/12727\/\">vcard<\/a><\/td>\n<\/tr>\n<tr class=\"row0\">\n<td class=\"primutd\">Prof.univ.dr.<\/td>\n<td>Daniel DEJICA-CAR\u021aIS<\/td>\n<td>Medierea comunic\u0103rii \u00een limbi str\u0103ine &#8211; Englez\u0103<\/td>\n<td><a class=\"vcard\" title=\"Hcard \/ Vcard \/ QRcode\" href=\"https:\/\/elearning.upt.ro\/despre-cel\/personal\/crp\" rel=\"https:\/\/elearning.upt.ro\/hcard\/4576\/\">vcard<\/a><\/td>\n<\/tr>\n<tr class=\"row1\">\n<td class=\"primutd\">Conf.dr.<\/td>\n<td>Gabriel Mugurel DRAGOMIR<\/td>\n<td>Campanii de RP<br \/>\nImaginea organiza\u021biilor<br \/>\nMetode de cercetare \u00een RP<br \/>\nNo\u021biuni generale de sociologie \u0219i opinie public\u0103<\/td>\n<td><a class=\"vcard\" title=\"Hcard \/ Vcard \/ QRcode\" href=\"https:\/\/elearning.upt.ro\/despre-cel\/personal\/crp\" rel=\"https:\/\/elearning.upt.ro\/hcard\/3267\/\">vcard<\/a><\/td>\n<\/tr>\n<tr class=\"row0\">\n<td class=\"primutd\">\u0218.l.univ.dr.<\/td>\n<td>Annamaria KILYENI<\/td>\n<td>Comunicare \u00een limbaje specializate<\/td>\n<td><a class=\"vcard\" title=\"Hcard \/ Vcard \/ QRcode\" href=\"https:\/\/elearning.upt.ro\/despre-cel\/personal\/crp\" rel=\"https:\/\/elearning.upt.ro\/hcard\/15073\/\">vcard<\/a><\/td>\n<\/tr>\n<tr class=\"row1\">\n<td class=\"primutd\">Asist.dr.<\/td>\n<td>\u00a0Laura CHIRIAC<\/td>\n<td>Limba str\u0103in\u0103 I &#8211; Francez\u0103<\/td>\n<td><a class=\"vcard\" title=\"Hcard \/ Vcard \/ QRcode\" href=\"https:\/\/elearning.upt.ro\/despre-cel\/personal\/crp\" rel=\"https:\/\/elearning.upt.ro\/hcard\/6963\/\">vcard<\/a><\/td>\n<\/tr>\n<tr class=\"row0\">\n<td class=\"primutd\">Conf.univ. dr.<\/td>\n<td>Lavinia SUCIU<\/td>\n<td>Comunicare Intercultural\u0103<br \/>\nComunicare oral\u0103 \u0219i scris\u0103<br \/>\nIntroducere \u00een teoriile comunic\u0103rii<\/td>\n<td><a class=\"vcard\" title=\"Hcard \/ Vcard \/ QRcode\" href=\"https:\/\/elearning.upt.ro\/despre-cel\/personal\/crp\" rel=\"https:\/\/elearning.upt.ro\/hcard\/4318\/\">vcard<\/a><\/td>\n<\/tr>\n<tr class=\"row1\">\n<td class=\"primutd\">Lect.univ.dr.<\/td>\n<td>Liliana Lumini\u021ba TODORESCU<\/td>\n<td>Modul pedagogic<\/td>\n<td><a class=\"vcard\" title=\"Hcard \/ Vcard \/ QRcode\" href=\"https:\/\/elearning.upt.ro\/despre-cel\/personal\/crp\" rel=\"https:\/\/elearning.upt.ro\/hcard\/6972\/\">vcard<\/a><\/td>\n<\/tr>\n<tr class=\"row0\">\n<td class=\"primutd\">\u0218.l.univ.dr.<\/td>\n<td>Caius LUMINOSU<\/td>\n<td>Dreptul comunic\u0103rii<\/td>\n<td><a class=\"vcard\" title=\"Hcard \/ Vcard \/ QRcode\" href=\"https:\/\/elearning.upt.ro\/despre-cel\/personal\/crp\" rel=\"https:\/\/elearning.upt.ro\/hcard\/16676\/\">vcard<\/a><\/td>\n<\/tr>\n<tr class=\"row1\">\n<td class=\"primutd\">\u0218.l.univ.dr.<\/td>\n<td>Maria Dana GROSSECK<\/td>\n<td>Limba str\u0103in\u0103 I &#8211; German\u0103<br \/>\nPractic\u0103 1<br \/>\nPractic\u0103 2<\/td>\n<td><a class=\"vcard\" title=\"Hcard \/ Vcard \/ QRcode\" href=\"https:\/\/elearning.upt.ro\/despre-cel\/personal\/crp\" rel=\"https:\/\/elearning.upt.ro\/hcard\/6965\/\">vcard<\/a><\/td>\n<\/tr>\n<tr class=\"row0\">\n<td class=\"primutd\">Lect.univ.dr.<\/td>\n<td>Marian Monic\u0103 POPESCU MITROI<\/td>\n<td>Modul pedagogic<\/td>\n<td><a class=\"vcard\" title=\"Hcard \/ Vcard \/ QRcode\" href=\"https:\/\/elearning.upt.ro\/despre-cel\/personal\/crp\" rel=\"https:\/\/elearning.upt.ro\/hcard\/6969\/\">vcard<\/a><\/td>\n<\/tr>\n<tr class=\"row1\">\n<td class=\"primutd\">Conf. Dr.<\/td>\n<td>Mariana CERNICOVA-BUC\u0102<\/td>\n<td>Comunicare cu presa<br \/>\nEtica \u0219i deontologia comunic\u0103rii<br \/>\nIntroducere \u00een mass-media<br \/>\nRedactarea materialelor de RP<\/td>\n<td><a class=\"vcard\" title=\"Hcard \/ Vcard \/ QRcode\" href=\"https:\/\/elearning.upt.ro\/despre-cel\/personal\/crp\" rel=\"https:\/\/elearning.upt.ro\/hcard\/4185\/\">vcard<\/a><\/td>\n<\/tr>\n<tr class=\"row0\">\n<td class=\"primutd\">\u0218.l.univ.dr.<\/td>\n<td>Marion COHEN-VIDA<\/td>\n<td>Limba str\u0103in\u0103 I &#8211; Francez\u0103<\/td>\n<td><a class=\"vcard\" title=\"Hcard \/ Vcard \/ QRcode\" href=\"https:\/\/elearning.upt.ro\/despre-cel\/personal\/crp\" rel=\"https:\/\/elearning.upt.ro\/hcard\/6962\/\">vcard<\/a><\/td>\n<\/tr>\n<tr class=\"row1\">\n<td class=\"primutd\">Asist.drd.<\/td>\n<td>Mihaela VISKY<\/td>\n<td>Limba str\u0103in\u0103 II &#8211; Francez\u0103<br \/>\nMedierea comunic\u0103rii \u00een limbi str\u0103ine 1 &#8211; Francez\u0103<br \/>\nMedierea comunic\u0103rii \u00een limbi str\u0103ine 2 &#8211; Francez\u0103<\/td>\n<td><a class=\"vcard\" title=\"Hcard \/ Vcard \/ QRcode\" href=\"https:\/\/elearning.upt.ro\/despre-cel\/personal\/crp\" rel=\"https:\/\/elearning.upt.ro\/hcard\/6967\/\">vcard<\/a><\/td>\n<\/tr>\n<tr class=\"row0\">\n<td class=\"primutd\">Prof.univ.dr.<\/td>\n<td>Mirela Cristina POP<\/td>\n<td>Limba str\u0103in\u0103<br \/>\nLimba str\u0103in\u0103 II<br \/>\nMedierea comunic\u0103rii \u00een limbi str\u0103ine 1 &#8211; Francez\u0103<br \/>\nMedierea comunic\u0103rii \u00een limbi str\u0103ine 2 &#8211; Francez\u0103<\/td>\n<td><a class=\"vcard\" title=\"Hcard \/ Vcard \/ QRcode\" href=\"https:\/\/elearning.upt.ro\/despre-cel\/personal\/crp\" rel=\"https:\/\/elearning.upt.ro\/hcard\/5432\/\">vcard<\/a><\/td>\n<\/tr>\n<tr class=\"row1\">\n<td class=\"primutd\">Prof.dr.ing.<\/td>\n<td>Gabriela PRO\u0218TEAN<\/td>\n<td>Management general<br \/>\nMarketing<\/td>\n<td><a class=\"vcard\" title=\"Hcard \/ Vcard \/ QRcode\" href=\"https:\/\/elearning.upt.ro\/despre-cel\/personal\/crp\" rel=\"https:\/\/elearning.upt.ro\/hcard\/928\/\">vcard<\/a><\/td>\n<\/tr>\n<tr class=\"row0\">\n<td class=\"primutd\">\u0218.l.univ.dr.<\/td>\n<td>\u00a0Delia T\u0102NASE<\/td>\n<td>Limba str\u0103in\u0103 I &#8211; Englez\u0103<\/td>\n<td><a class=\"vcard\" title=\"Hcard \/ Vcard \/ QRcode\" href=\"https:\/\/elearning.upt.ro\/despre-cel\/personal\/crp\" rel=\"https:\/\/elearning.upt.ro\/hcard\/945\/\">vcard<\/a><\/td>\n<\/tr>\n<tr class=\"row1\">\n<td class=\"primutd\">\u0218.l.univ.dr.<\/td>\n<td>Simona \u0218IMON<\/td>\n<td>Analiza discursului<br \/>\nLimba str\u0103in\u0103 I &#8211; Englez\u0103<br \/>\nLimba str\u0103in\u0103 II &#8211; Englez\u0103<br \/>\nNo\u021biuni de publicitate<br \/>\nPragmatic\u0103<\/td>\n<td><a class=\"vcard\" title=\"Hcard \/ Vcard \/ QRcode\" href=\"https:\/\/elearning.upt.ro\/despre-cel\/personal\/crp\" rel=\"https:\/\/elearning.upt.ro\/hcard\/4575\/\">vcard<\/a><\/td>\n<\/tr>\n<tr class=\"row0\">\n<td class=\"primutd\">Conf.univ.dr. ing.<\/td>\n<td>Loredana-Mihaela STANCIU<\/td>\n<td>Utilizarea calculatoarelor<\/td>\n<td><a class=\"vcard\" title=\"Hcard \/ Vcard \/ QRcode\" href=\"https:\/\/elearning.upt.ro\/despre-cel\/personal\/crp\" rel=\"https:\/\/elearning.upt.ro\/hcard\/1183\/\">vcard<\/a><\/td>\n<\/tr>\n<tr class=\"row1\">\n<td class=\"primutd\">\u0218.l.univ.dr.<\/td>\n<td>Sorin SUCIU<\/td>\n<td>RP \u00een domeniul politic<br \/>\nStiin\u021be Politice<\/td>\n<td><a class=\"vcard\" title=\"Hcard \/ Vcard \/ QRcode\" href=\"https:\/\/elearning.upt.ro\/despre-cel\/personal\/crp\" rel=\"https:\/\/elearning.upt.ro\/hcard\/15075\/\">vcard<\/a><\/td>\n<\/tr>\n<tr class=\"row0\">\n<td class=\"primutd\">Prof.univ.dr.<\/td>\n<td>Vasile GHERHE\u0218<\/td>\n<td>Elaborarea de produs PR cu calculatorul<br \/>\nComunicare \u00een contexte sociale<br \/>\nComunicare Intercultural\u0103<br \/>\nNo\u021biuni generale de sociologie \u0219i opinie public\u0103<br \/>\nRela\u021bii publice \u00een social media<\/td>\n<\/tr>\n<\/tbody>\n<\/table>\n","protected":false},"excerpt":{"rendered":"<p>Nume Cursuri Contact \u0218.l.univ. Adina PALEA Fundamentele rela\u021biilor publice Managementul RP Redactarea materialelor de RP vcard \u0218.l.univ.dr. Anca DEJICA-CAR\u021aIS Medierea comunic\u0103rii \u00een limbi str\u0103ine &#8211; German\u0103 vcard \u0218.l.univ.dr. Cosmin B\u0102IA\u0218 Licen\u021b\u0103 Practic\u0103 1 Practic\u0103 2 Retoric\u0103 \u0219i argumentare Strategii de persuasiune vcard Asist.dr. Laura CHIRIAC Limba str\u0103in\u0103 Limba str\u0103in\u0103 II vcard \u0218.l.univ.dr. Claudia ICOBESCU Limba [&hellip;]<\/p>\n","protected":false},"author":1,"featured_media":0,"parent":2935,"menu_order":0,"comment_status":"closed","ping_status":"closed","template":"","meta":{"footnotes":""},"class_list":["post-3120","page","type-page","status-publish","hentry"],"yoast_head":"<!-- This site is optimized with the Yoast SEO plugin v27.4 - https:\/\/yoast.com\/product\/yoast-seo-wordpress\/ -->\n<title>Personal - Specializarea Comunicare si Relatii Publice - Universitatea Politehnica Timi\u015foara Departamentul de ID\/IFR \u0219i Educa\u021bie Digital\u0103 \u2013 DeL<\/title>\n<meta name=\"robots\" content=\"index, follow, max-snippet:-1, max-image-preview:large, max-video-preview:-1\" \/>\n<link rel=\"canonical\" href=\"https:\/\/elearning.upt.ro\/ro\/cel-2\/personal\/comunicare-si-relatii-publice\/\" \/>\n<meta property=\"og:locale\" content=\"ro_RO\" \/>\n<meta property=\"og:type\" content=\"article\" \/>\n<meta property=\"og:title\" content=\"Personal - Specializarea Comunicare si Relatii Publice - Universitatea Politehnica Timi\u015foara Departamentul de ID\/IFR \u0219i Educa\u021bie Digital\u0103 \u2013 DeL\" \/>\n<meta property=\"og:description\" content=\"Nume Cursuri Contact \u0218.l.univ. Adina PALEA Fundamentele rela\u021biilor publice Managementul RP Redactarea materialelor de RP vcard \u0218.l.univ.dr. Anca DEJICA-CAR\u021aIS Medierea comunic\u0103rii \u00een limbi str\u0103ine &#8211; German\u0103 vcard \u0218.l.univ.dr. Cosmin B\u0102IA\u0218 Licen\u021b\u0103 Practic\u0103 1 Practic\u0103 2 Retoric\u0103 \u0219i argumentare Strategii de persuasiune vcard Asist.dr. Laura CHIRIAC Limba str\u0103in\u0103 Limba str\u0103in\u0103 II vcard \u0218.l.univ.dr. Claudia ICOBESCU Limba [&hellip;]\" \/>\n<meta property=\"og:url\" content=\"https:\/\/elearning.upt.ro\/ro\/cel-2\/personal\/comunicare-si-relatii-publice\/\" \/>\n<meta property=\"og:site_name\" content=\"Universitatea Politehnica Timi\u015foara Departamentul de ID\/IFR \u0219i Educa\u021bie Digital\u0103 \u2013 DeL\" \/>\n<meta property=\"article:publisher\" content=\"https:\/\/www.facebook.com\/CIDUPT\/?ref=page_internal\" \/>\n<meta property=\"article:modified_time\" content=\"2020-06-17T13:38:37+00:00\" \/>\n<meta name=\"twitter:card\" content=\"summary_large_image\" \/>\n<meta name=\"twitter:label1\" content=\"Est. reading time\" \/>\n\t<meta name=\"twitter:data1\" content=\"2 minutes\" \/>\n<script type=\"application\/ld+json\" class=\"yoast-schema-graph\">{\"@context\":\"https:\\\/\\\/schema.org\",\"@graph\":[{\"@type\":\"WebPage\",\"@id\":\"https:\\\/\\\/elearning.upt.ro\\\/cel-2\\\/personal\\\/comunicare-si-relatii-publice\\\/\",\"url\":\"https:\\\/\\\/elearning.upt.ro\\\/cel-2\\\/personal\\\/comunicare-si-relatii-publice\\\/\",\"name\":\"Personal - Specializarea Comunicare si Relatii Publice - Universitatea Politehnica Timi\u015foara Departamentul de ID\\\/IFR \u0219i Educa\u021bie Digital\u0103 \u2013 DeL\",\"isPartOf\":{\"@id\":\"https:\\\/\\\/elearning.upt.ro\\\/ro\\\/#website\"},\"datePublished\":\"2018-01-13T18:39:29+00:00\",\"dateModified\":\"2020-06-17T13:38:37+00:00\",\"breadcrumb\":{\"@id\":\"https:\\\/\\\/elearning.upt.ro\\\/cel-2\\\/personal\\\/comunicare-si-relatii-publice\\\/#breadcrumb\"},\"inLanguage\":\"ro-RO\",\"potentialAction\":[{\"@type\":\"ReadAction\",\"target\":[\"https:\\\/\\\/elearning.upt.ro\\\/cel-2\\\/personal\\\/comunicare-si-relatii-publice\\\/\"]}]},{\"@type\":\"BreadcrumbList\",\"@id\":\"https:\\\/\\\/elearning.upt.ro\\\/cel-2\\\/personal\\\/comunicare-si-relatii-publice\\\/#breadcrumb\",\"itemListElement\":[{\"@type\":\"ListItem\",\"position\":1,\"name\":\"Home\",\"item\":\"https:\\\/\\\/elearning.upt.ro\\\/\"},{\"@type\":\"ListItem\",\"position\":2,\"name\":\"Despre DeL\",\"item\":\"https:\\\/\\\/elearning.upt.ro\\\/cel-2\\\/\"},{\"@type\":\"ListItem\",\"position\":3,\"name\":\"Personal\",\"item\":\"https:\\\/\\\/elearning.upt.ro\\\/cel-2\\\/personal\\\/\"},{\"@type\":\"ListItem\",\"position\":4,\"name\":\"Personal &#8211; Specializarea Comunicare si Relatii Publice\"}]},{\"@type\":\"WebSite\",\"@id\":\"https:\\\/\\\/elearning.upt.ro\\\/ro\\\/#website\",\"url\":\"https:\\\/\\\/elearning.upt.ro\\\/ro\\\/\",\"name\":\"Universitatea Politehnica Timi\u015foara Departamentul de ID\\\/IFR \u0219i Educa\u021bie Digital\u0103 \u2013 DeL\",\"description\":\"\",\"potentialAction\":[{\"@type\":\"SearchAction\",\"target\":{\"@type\":\"EntryPoint\",\"urlTemplate\":\"https:\\\/\\\/elearning.upt.ro\\\/ro\\\/?s={search_term_string}\"},\"query-input\":{\"@type\":\"PropertyValueSpecification\",\"valueRequired\":true,\"valueName\":\"search_term_string\"}}],\"inLanguage\":\"ro-RO\"}]}<\/script>\n<!-- \/ Yoast SEO plugin. -->","yoast_head_json":{"title":"Personal - Specializarea Comunicare si Relatii Publice - Universitatea Politehnica Timi\u015foara Departamentul de ID\/IFR \u0219i Educa\u021bie Digital\u0103 \u2013 DeL","robots":{"index":"index","follow":"follow","max-snippet":"max-snippet:-1","max-image-preview":"max-image-preview:large","max-video-preview":"max-video-preview:-1"},"canonical":"https:\/\/elearning.upt.ro\/ro\/cel-2\/personal\/comunicare-si-relatii-publice\/","og_locale":"ro_RO","og_type":"article","og_title":"Personal - Specializarea Comunicare si Relatii Publice - Universitatea Politehnica Timi\u015foara Departamentul de ID\/IFR \u0219i Educa\u021bie Digital\u0103 \u2013 DeL","og_description":"Nume Cursuri Contact \u0218.l.univ. Adina PALEA Fundamentele rela\u021biilor publice Managementul RP Redactarea materialelor de RP vcard \u0218.l.univ.dr. Anca DEJICA-CAR\u021aIS Medierea comunic\u0103rii \u00een limbi str\u0103ine &#8211; German\u0103 vcard \u0218.l.univ.dr. Cosmin B\u0102IA\u0218 Licen\u021b\u0103 Practic\u0103 1 Practic\u0103 2 Retoric\u0103 \u0219i argumentare Strategii de persuasiune vcard Asist.dr. Laura CHIRIAC Limba str\u0103in\u0103 Limba str\u0103in\u0103 II vcard \u0218.l.univ.dr. Claudia ICOBESCU Limba [&hellip;]","og_url":"https:\/\/elearning.upt.ro\/ro\/cel-2\/personal\/comunicare-si-relatii-publice\/","og_site_name":"Universitatea Politehnica Timi\u015foara Departamentul de ID\/IFR \u0219i Educa\u021bie Digital\u0103 \u2013 DeL","article_publisher":"https:\/\/www.facebook.com\/CIDUPT\/?ref=page_internal","article_modified_time":"2020-06-17T13:38:37+00:00","twitter_card":"summary_large_image","twitter_misc":{"Est. reading time":"2 minutes"},"schema":{"@context":"https:\/\/schema.org","@graph":[{"@type":"WebPage","@id":"https:\/\/elearning.upt.ro\/cel-2\/personal\/comunicare-si-relatii-publice\/","url":"https:\/\/elearning.upt.ro\/cel-2\/personal\/comunicare-si-relatii-publice\/","name":"Personal - Specializarea Comunicare si Relatii Publice - Universitatea Politehnica Timi\u015foara Departamentul de ID\/IFR \u0219i Educa\u021bie Digital\u0103 \u2013 DeL","isPartOf":{"@id":"https:\/\/elearning.upt.ro\/ro\/#website"},"datePublished":"2018-01-13T18:39:29+00:00","dateModified":"2020-06-17T13:38:37+00:00","breadcrumb":{"@id":"https:\/\/elearning.upt.ro\/cel-2\/personal\/comunicare-si-relatii-publice\/#breadcrumb"},"inLanguage":"ro-RO","potentialAction":[{"@type":"ReadAction","target":["https:\/\/elearning.upt.ro\/cel-2\/personal\/comunicare-si-relatii-publice\/"]}]},{"@type":"BreadcrumbList","@id":"https:\/\/elearning.upt.ro\/cel-2\/personal\/comunicare-si-relatii-publice\/#breadcrumb","itemListElement":[{"@type":"ListItem","position":1,"name":"Home","item":"https:\/\/elearning.upt.ro\/"},{"@type":"ListItem","position":2,"name":"Despre DeL","item":"https:\/\/elearning.upt.ro\/cel-2\/"},{"@type":"ListItem","position":3,"name":"Personal","item":"https:\/\/elearning.upt.ro\/cel-2\/personal\/"},{"@type":"ListItem","position":4,"name":"Personal &#8211; Specializarea Comunicare si Relatii Publice"}]},{"@type":"WebSite","@id":"https:\/\/elearning.upt.ro\/ro\/#website","url":"https:\/\/elearning.upt.ro\/ro\/","name":"Universitatea Politehnica Timi\u015foara Departamentul de ID\/IFR \u0219i Educa\u021bie Digital\u0103 \u2013 DeL","description":"","potentialAction":[{"@type":"SearchAction","target":{"@type":"EntryPoint","urlTemplate":"https:\/\/elearning.upt.ro\/ro\/?s={search_term_string}"},"query-input":{"@type":"PropertyValueSpecification","valueRequired":true,"valueName":"search_term_string"}}],"inLanguage":"ro-RO"}]}},"_links":{"self":[{"href":"https:\/\/elearning.upt.ro\/ro\/wp-json\/wp\/v2\/pages\/3120","targetHints":{"allow":["GET"]}}],"collection":[{"href":"https:\/\/elearning.upt.ro\/ro\/wp-json\/wp\/v2\/pages"}],"about":[{"href":"https:\/\/elearning.upt.ro\/ro\/wp-json\/wp\/v2\/types\/page"}],"author":[{"embeddable":true,"href":"https:\/\/elearning.upt.ro\/ro\/wp-json\/wp\/v2\/users\/1"}],"replies":[{"embeddable":true,"href":"https:\/\/elearning.upt.ro\/ro\/wp-json\/wp\/v2\/comments?post=3120"}],"version-history":[{"count":33,"href":"https:\/\/elearning.upt.ro\/ro\/wp-json\/wp\/v2\/pages\/3120\/revisions"}],"predecessor-version":[{"id":10756,"href":"https:\/\/elearning.upt.ro\/ro\/wp-json\/wp\/v2\/pages\/3120\/revisions\/10756"}],"up":[{"embeddable":true,"href":"https:\/\/elearning.upt.ro\/ro\/wp-json\/wp\/v2\/pages\/2935"}],"wp:attachment":[{"href":"https:\/\/elearning.upt.ro\/ro\/wp-json\/wp\/v2\/media?parent=3120"}],"curies":[{"name":"wp","href":"https:\/\/api.w.org\/{rel}","templated":true}]}}