{"id":3117,"date":"2018-01-13T18:39:08","date_gmt":"2018-01-13T18:39:08","guid":{"rendered":"http:\/\/new.elearning.upt.ro\/?page_id=3117"},"modified":"2020-06-17T11:51:37","modified_gmt":"2020-06-17T08:51:37","slug":"informatica","status":"publish","type":"page","link":"https:\/\/elearning.upt.ro\/ro\/cel-2\/personal\/informatica\/","title":{"rendered":"Personal &#8211; Specializarea Informatic\u0103"},"content":{"rendered":"<table class=\"table\">\n<tbody>\n<tr>\n<th>Nume<\/th>\n<th><\/th>\n<th>Cursuri<\/th>\n<th>Contact<\/th>\n<\/tr>\n<tr class=\"row0\">\n<td class=\"primutd\">\u0218.l.dr. ing.<\/td>\n<td>ALBU Adriana<\/td>\n<td>Introducere \u00een Programarea Calculatoarelor<\/td>\n<td><a class=\"vcard\" title=\"Hcard \/ Vcard \/ QRcode\" href=\"https:\/\/elearning.upt.ro\/despre-cel\/personal\/ia\" rel=\"https:\/\/elearning.upt.ro\/hcard\/947\/\">vcard<\/a><\/td>\n<\/tr>\n<tr class=\"row1\">\n<td class=\"primutd\">\u0218l.dr. ing.<\/td>\n<td>BERIAN Dorin<\/td>\n<td>Medii \u0219i Tehnologii de Programare<\/td>\n<td><a class=\"vcard\" title=\"Hcard \/ Vcard \/ QRcode\" href=\"https:\/\/elearning.upt.ro\/despre-cel\/personal\/ia\" rel=\"https:\/\/elearning.upt.ro\/hcard\/926\/\">vcard<\/a><\/td>\n<\/tr>\n<tr class=\"row0\">\n<td class=\"primutd\">\u0218.l.dr. ing.<\/td>\n<td>BOGDAN R\u0103zvan<\/td>\n<td>Sisteme \u00cencorporate<\/td>\n<td><a class=\"vcard\" title=\"Hcard \/ Vcard \/ QRcode\" href=\"https:\/\/elearning.upt.ro\/despre-cel\/personal\/ia\" rel=\"https:\/\/elearning.upt.ro\/hcard\/16536\/\">vcard<\/a><\/td>\n<\/tr>\n<tr class=\"row1\">\n<td class=\"primutd\">Conf.univ. dr.<\/td>\n<td>C\u0102DARIU Liviu<\/td>\n<td>Algebr\u0103 Liniar\u0103<\/td>\n<td><a class=\"vcard\" title=\"Hcard \/ Vcard \/ QRcode\" href=\"https:\/\/elearning.upt.ro\/despre-cel\/personal\/ia\" rel=\"https:\/\/elearning.upt.ro\/hcard\/5863\/\">vcard<\/a><\/td>\n<\/tr>\n<tr class=\"row0\">\n<td class=\"primutd\">Lect. dr.<\/td>\n<td>C\u0102RUNTU Bogdan<\/td>\n<td>Algebr\u0103 Liniar\u0103<\/td>\n<td><a class=\"vcard\" title=\"Hcard \/ Vcard \/ QRcode\" href=\"https:\/\/elearning.upt.ro\/despre-cel\/personal\/ia\" rel=\"https:\/\/elearning.upt.ro\/hcard\/5865\/\">vcard<\/a><\/td>\n<\/tr>\n<tr class=\"row1\">\n<td class=\"primutd\">As.dr.ing.<\/td>\n<td>C\u0102U\u0218 Oana<\/td>\n<td>Concepte ale limbajelor de programare<br \/>\nProiect Sincretic<\/td>\n<td><a class=\"vcard\" title=\"Hcard \/ Vcard \/ QRcode\" href=\"https:\/\/elearning.upt.ro\/despre-cel\/personal\/ia\" rel=\"https:\/\/elearning.upt.ro\/hcard\/988\/\">vcard<\/a><\/td>\n<\/tr>\n<tr class=\"row0\">\n<td class=\"primutd\">Conf.dr. ing.<\/td>\n<td>CHIRIL\u0102 Ciprian-Bogdan<\/td>\n<td>Analiza Algoritmilor<br \/>\nPractica IA2<br \/>\nStructuri de date \u015fi algoritmi<\/td>\n<td><a class=\"vcard\" title=\"Hcard \/ Vcard \/ QRcode\" href=\"https:\/\/elearning.upt.ro\/despre-cel\/personal\/ia\" rel=\"https:\/\/elearning.upt.ro\/hcard\/1145\/\">vcard<\/a><\/td>\n<\/tr>\n<tr class=\"row1\">\n<td class=\"primutd\">\u0218.l.dr.ing<\/td>\n<td>CHIRILA Oana &#8211; Sorina<\/td>\n<td>Programare Java<\/td>\n<td><a class=\"vcard\" title=\"Hcard \/ Vcard \/ QRcode\" href=\"https:\/\/elearning.upt.ro\/despre-cel\/personal\/ia\" rel=\"https:\/\/elearning.upt.ro\/hcard\/1991\/\">vcard<\/a><\/td>\n<\/tr>\n<tr class=\"row0\">\n<td class=\"primutd\">Prof.dr. ing.<\/td>\n<td>CIOC\u00c2RLIE Horia<\/td>\n<td>Proiect Sincretic<br \/>\nTehnici de programare<\/td>\n<td><a class=\"vcard\" title=\"Hcard \/ Vcard \/ QRcode\" href=\"https:\/\/elearning.upt.ro\/despre-cel\/personal\/ia\" rel=\"https:\/\/elearning.upt.ro\/hcard\/956\/\">vcard<\/a><\/td>\n<\/tr>\n<tr class=\"row1\">\n<td class=\"primutd\">Asist.univ. dr.<\/td>\n<td>CONSTANTIN Claudia<\/td>\n<td>Limba Engleza<br \/>\nLimba englez\u0103 2 (Informatic\u0103)<\/td>\n<td><a class=\"vcard\" title=\"Hcard \/ Vcard \/ QRcode\" href=\"https:\/\/elearning.upt.ro\/despre-cel\/personal\/ia\" rel=\"https:\/\/elearning.upt.ro\/hcard\/12333\/\">vcard<\/a><\/td>\n<\/tr>\n<tr class=\"row0\">\n<td class=\"primutd\">Prof.dr.ing.<\/td>\n<td>CRE\u021aU Vladimir<\/td>\n<td>Analiza Algoritmilor<\/td>\n<td><a class=\"vcard\" title=\"Hcard \/ Vcard \/ QRcode\" href=\"https:\/\/elearning.upt.ro\/despre-cel\/personal\/ia\" rel=\"https:\/\/elearning.upt.ro\/hcard\/955\/\">vcard<\/a><\/td>\n<\/tr>\n<tr class=\"row1\">\n<td class=\"primutd\">Prof.dr.ing.<\/td>\n<td>CRI\u0218AN Marius<\/td>\n<td>Logic\u0103 \u0219i structuri discrete<\/td>\n<td><a class=\"vcard\" title=\"Hcard \/ Vcard \/ QRcode\" href=\"https:\/\/elearning.upt.ro\/despre-cel\/personal\/ia\" rel=\"https:\/\/elearning.upt.ro\/hcard\/976\/\">vcard<\/a><\/td>\n<\/tr>\n<tr class=\"row0\">\n<td class=\"primutd\">Conf.univ.dr. ing.<\/td>\n<td>DR\u0102GAN Florin<\/td>\n<td>Fundamentele Calculatoarelor<br \/>\nSisteme de Operare<\/td>\n<td><a class=\"vcard\" title=\"Hcard \/ Vcard \/ QRcode\" href=\"https:\/\/elearning.upt.ro\/despre-cel\/personal\/ia\" rel=\"https:\/\/elearning.upt.ro\/hcard\/925\/\">vcard<\/a><\/td>\n<\/tr>\n<tr class=\"row1\">\n<td class=\"primutd\">Prof.dr.ing.<\/td>\n<td>DR\u0102GHICI Anca<\/td>\n<td>Cultur\u0103 \u0219i civiliza\u021bie<\/td>\n<td><a class=\"vcard\" title=\"Hcard \/ Vcard \/ QRcode\" href=\"https:\/\/elearning.upt.ro\/despre-cel\/personal\/ia\" rel=\"https:\/\/elearning.upt.ro\/hcard\/3148\/\">vcard<\/a><\/td>\n<\/tr>\n<tr class=\"row0\">\n<td class=\"primutd\">\u0218.l.dr.ing.<\/td>\n<td>GAL Norbert<\/td>\n<td>Fundamente de Inginerie software<br \/>\nLicen\u021b\u0103<br \/>\nProgramarea aplica\u021biilor multimedia<br \/>\nProiect sincretic (PS)<br \/>\nProiectarea Microsistemelor Digitale<\/td>\n<td><a class=\"vcard\" title=\"Hcard \/ Vcard \/ QRcode\" href=\"https:\/\/elearning.upt.ro\/despre-cel\/personal\/ia\" rel=\"https:\/\/elearning.upt.ro\/hcard\/6866\/\">vcard<\/a><\/td>\n<\/tr>\n<tr class=\"row1\">\n<td class=\"primutd\">Prof.dr.<\/td>\n<td>GOLE\u021a Ioan<\/td>\n<td>Analiza Matematic\u0103<\/td>\n<td><a class=\"vcard\" title=\"Hcard \/ Vcard \/ QRcode\" href=\"https:\/\/elearning.upt.ro\/despre-cel\/personal\/ia\" rel=\"https:\/\/elearning.upt.ro\/hcard\/942\/\">vcard<\/a><\/td>\n<\/tr>\n<tr class=\"row0\">\n<td class=\"primutd\">\u0218.l.dr.ing.<\/td>\n<td>ISTIN Codru\u021ba<\/td>\n<td>Limbaje Formale \u0219i Tehnici de Compilare<br \/>\nProiectarea bazelor de date<\/td>\n<td><a class=\"vcard\" title=\"Hcard \/ Vcard \/ QRcode\" href=\"https:\/\/elearning.upt.ro\/despre-cel\/personal\/ia\" rel=\"https:\/\/elearning.upt.ro\/hcard\/1151\/\">vcard<\/a><\/td>\n<\/tr>\n<tr class=\"row1\">\n<td class=\"primutd\">\u0218.l.dr.ing.<\/td>\n<td>MIOC Mirella<\/td>\n<td>Tehnici de programare<\/td>\n<td><a class=\"vcard\" title=\"Hcard \/ Vcard \/ QRcode\" href=\"https:\/\/elearning.upt.ro\/despre-cel\/personal\/ia\" rel=\"https:\/\/elearning.upt.ro\/hcard\/6953\/\">vcard<\/a><\/td>\n<\/tr>\n<tr class=\"row0\">\n<td class=\"primutd\">As.univ.<\/td>\n<td>POPESCU Dan<\/td>\n<td>Analiza Matematic\u0103<br \/>\nMatematici speciale (Probabilit\u0103\u0219i \u0219i statistic\u0103)<\/td>\n<td><a class=\"vcard\" title=\"Hcard \/ Vcard \/ QRcode\" href=\"https:\/\/elearning.upt.ro\/despre-cel\/personal\/ia\" rel=\"https:\/\/elearning.upt.ro\/hcard\/5864\/\">vcard<\/a><\/td>\n<\/tr>\n<tr class=\"row1\">\n<td class=\"primutd\">As.univ.<\/td>\n<td>POPESCU Diana<\/td>\n<td>Cultur\u0103 \u0219i civiliza\u021bie<\/td>\n<td><a class=\"vcard\" title=\"Hcard \/ Vcard \/ QRcode\" href=\"https:\/\/elearning.upt.ro\/despre-cel\/personal\/ia\" rel=\"https:\/\/elearning.upt.ro\/hcard\/4322\/\">vcard<\/a><\/td>\n<\/tr>\n<tr class=\"row0\">\n<td class=\"primutd\">Conf.dr.ing.<\/td>\n<td>PRODAN Lucian<\/td>\n<td>Proiectarea Aplica\u021biilor pe Platforme Reconfigurabile<\/td>\n<td><a class=\"vcard\" title=\"Hcard \/ Vcard \/ QRcode\" href=\"https:\/\/elearning.upt.ro\/despre-cel\/personal\/ia\" rel=\"https:\/\/elearning.upt.ro\/hcard\/1170\/\">vcard<\/a><\/td>\n<\/tr>\n<tr class=\"row1\">\n<td class=\"primutd\">Prof.dr.ing.<\/td>\n<td>PRO\u0218TEAN Gabriela<\/td>\n<td>Comunicare<br \/>\nManagement<br \/>\nMarketing<\/td>\n<td><a class=\"vcard\" title=\"Hcard \/ Vcard \/ QRcode\" href=\"https:\/\/elearning.upt.ro\/despre-cel\/personal\/ia\" rel=\"https:\/\/elearning.upt.ro\/hcard\/928\/\">vcard<\/a><\/td>\n<\/tr>\n<tr class=\"row0\">\n<td class=\"primutd\">Prof.dr.ing.<\/td>\n<td>PRO\u0218TEAN Octavian<\/td>\n<td>Elemente de automatic\u0103<\/td>\n<td><a class=\"vcard\" title=\"Hcard \/ Vcard \/ QRcode\" href=\"https:\/\/elearning.upt.ro\/despre-cel\/personal\/ia\" rel=\"https:\/\/elearning.upt.ro\/hcard\/927\/\">vcard<\/a><\/td>\n<\/tr>\n<tr class=\"row1\">\n<td class=\"primutd\">Prof.dr.ing.<\/td>\n<td>SILEA Ioan<\/td>\n<td>Practica IA2<\/td>\n<td><a class=\"vcard\" title=\"Hcard \/ Vcard \/ QRcode\" href=\"https:\/\/elearning.upt.ro\/despre-cel\/personal\/ia\" rel=\"https:\/\/elearning.upt.ro\/hcard\/933\/\">vcard<\/a><\/td>\n<\/tr>\n<tr class=\"row0\">\n<td class=\"primutd\">\u0218.l.dr.ing.<\/td>\n<td>STANCIU Antonius<\/td>\n<td>Arhitectur\u0103 calculatoarelor<br \/>\nLogic\u0103 \u0219i structuri discrete<\/td>\n<td><a class=\"vcard\" title=\"Hcard \/ Vcard \/ QRcode\" href=\"https:\/\/elearning.upt.ro\/despre-cel\/personal\/ia\" rel=\"https:\/\/elearning.upt.ro\/hcard\/1068\/\">vcard<\/a><\/td>\n<\/tr>\n<tr class=\"row1\">\n<td class=\"primutd\">Cof.dr.ing.<\/td>\n<td>STANCIU Loredana-Mihaela<\/td>\n<td>Introducere \u00een Programarea Calculatoarelor<\/td>\n<td><a class=\"vcard\" title=\"Hcard \/ Vcard \/ QRcode\" href=\"https:\/\/elearning.upt.ro\/despre-cel\/personal\/ia\" rel=\"https:\/\/elearning.upt.ro\/hcard\/1183\/\">vcard<\/a><\/td>\n<\/tr>\n<tr class=\"row0\">\n<td class=\"primutd\">\u0218.l.dr.ing.<\/td>\n<td>STEFAN Octavian<\/td>\n<td>Administrarea re\u021belelor<br \/>\nRe\u021bele de calculatoare<\/td>\n<td><a class=\"vcard\" title=\"Hcard \/ Vcard \/ QRcode\" href=\"https:\/\/elearning.upt.ro\/despre-cel\/personal\/ia\" rel=\"https:\/\/elearning.upt.ro\/hcard\/3999\/\">vcard<\/a><\/td>\n<\/tr>\n<tr class=\"row1\">\n<td class=\"primutd\">Prof.dr.ing.<\/td>\n<td>STOICU-TIVADAR L\u0103cramioara<\/td>\n<td>Programare Java<br \/>\nProiectarea Interfe\u021belor Utilizator \u0219i Grafic\u0103<\/td>\n<td><a class=\"vcard\" title=\"Hcard \/ Vcard \/ QRcode\" href=\"https:\/\/elearning.upt.ro\/despre-cel\/personal\/ia\" rel=\"https:\/\/elearning.upt.ro\/hcard\/940\/\">vcard<\/a><\/td>\n<\/tr>\n<tr class=\"row0\">\n<td class=\"primutd\">Prof.dr.ing.<\/td>\n<td>STOICU-TIVADAR Vasile<\/td>\n<td>Fundamente de Inginerie software<br \/>\nProgramare Orientat\u0103 pe Obiecte<\/td>\n<td><a class=\"vcard\" title=\"Hcard \/ Vcard \/ QRcode\" href=\"https:\/\/elearning.upt.ro\/despre-cel\/personal\/ia\" rel=\"https:\/\/elearning.upt.ro\/hcard\/938\/\">vcard<\/a><\/td>\n<\/tr>\n<tr class=\"row1\">\n<td class=\"primutd\">Conf.dr.ing.<\/td>\n<td>SZEIDERT Iosif<\/td>\n<td>Baze de date<br \/>\nProgramare Web<\/td>\n<td><a class=\"vcard\" title=\"Hcard \/ Vcard \/ QRcode\" href=\"https:\/\/elearning.upt.ro\/despre-cel\/personal\/ia\" rel=\"https:\/\/elearning.upt.ro\/hcard\/1138\/\">vcard<\/a><\/td>\n<\/tr>\n<tr class=\"row0\">\n<td class=\"primutd\">Conf.dr.ing.<\/td>\n<td>TAMA\u0218IL\u0102 Matei<\/td>\n<td>Microeconomie<\/td>\n<td><a class=\"vcard\" title=\"Hcard \/ Vcard \/ QRcode\" href=\"https:\/\/elearning.upt.ro\/despre-cel\/personal\/ia\" rel=\"https:\/\/elearning.upt.ro\/hcard\/977\/\">vcard<\/a><\/td>\n<\/tr>\n<tr class=\"row1\">\n<td class=\"primutd\">\u0218.l.dr.ing.<\/td>\n<td>VA\u0218AR Cristian<\/td>\n<td>Baze de date<br \/>\nElemente de automatic\u0103<br \/>\nProgramare Web<\/td>\n<td><a class=\"vcard\" title=\"Hcard \/ Vcard \/ QRcode\" href=\"https:\/\/elearning.upt.ro\/despre-cel\/personal\/ia\" rel=\"https:\/\/elearning.upt.ro\/hcard\/1137\/\">vcard<\/a><\/td>\n<\/tr>\n<tr class=\"row0\">\n<td class=\"primutd\">As.dr.ing.<\/td>\n<td>VIDA Mihaela Marcella<\/td>\n<td>Medii \u0219i Tehnologii de Programare<br \/>\nPractica IA2<br \/>\nProgramare Java<br \/>\nProgramare Orientat\u0103 pe Obiecte<br \/>\nProiectarea Interfe\u021belor Utilizator \u0219i Grafic\u0103<br \/>\nProiectarea Microsistemelor Digitale<br \/>\nSecuritatea informa\u021biei<br \/>\nStructuri de date \u015fi algoritmi<\/td>\n<td><a class=\"vcard\" title=\"Hcard \/ Vcard \/ QRcode\" href=\"https:\/\/elearning.upt.ro\/despre-cel\/personal\/ia\" rel=\"https:\/\/elearning.upt.ro\/hcard\/3820\/\">vcard<\/a><\/td>\n<\/tr>\n<tr class=\"row1\">\n<td class=\"primutd\">As.ing.<\/td>\n<td>VOI\u0218AN Emil<\/td>\n<td>Fundamentele Calculatoarelor<br \/>\nSisteme de Operare<\/td>\n<td><a class=\"vcard\" title=\"Hcard \/ Vcard \/ QRcode\" href=\"https:\/\/elearning.upt.ro\/despre-cel\/personal\/ia\" rel=\"https:\/\/elearning.upt.ro\/hcard\/951\/\">vcard<\/a><\/td>\n<\/tr>\n<tr class=\"row0\">\n<td class=\"primutd\">Prof.dr.ing.<\/td>\n<td>VOLOSENCU Constantin<\/td>\n<td>Norme \u0219i standarde \u00een informatic\u0103<\/td>\n<td><a class=\"vcard\" title=\"Hcard \/ Vcard \/ QRcode\" href=\"https:\/\/elearning.upt.ro\/despre-cel\/personal\/ia\" rel=\"https:\/\/elearning.upt.ro\/hcard\/1070\/\">vcard<\/a><\/td>\n<\/tr>\n<tr class=\"row1\">\n<td class=\"primutd\">As.univ.<\/td>\n<td>ZIMBRU Cristian-Grigore<\/td>\n<td>Arhitectura calculatoarelor<br \/>\nIntroducere \u00een Programarea Calculatoarelor<br \/>\nLogic\u0103 \u0219i structuri discrete<\/td>\n<td><a class=\"vcard\" title=\"Hcard \/ Vcard \/ QRcode\" href=\"https:\/\/elearning.upt.ro\/despre-cel\/personal\/ia\" rel=\"https:\/\/elearning.upt.ro\/hcard\/3611\/\">vcard<\/a><\/td>\n<\/tr>\n<\/tbody>\n<\/table>\n","protected":false},"excerpt":{"rendered":"<p>Nume Cursuri Contact \u0218.l.dr. ing. ALBU Adriana Introducere \u00een Programarea Calculatoarelor vcard \u0218l.dr. ing. BERIAN Dorin Medii \u0219i Tehnologii de Programare vcard \u0218.l.dr. ing. BOGDAN R\u0103zvan Sisteme \u00cencorporate vcard Conf.univ. dr. C\u0102DARIU Liviu Algebr\u0103 Liniar\u0103 vcard Lect. dr. C\u0102RUNTU Bogdan Algebr\u0103 Liniar\u0103 vcard As.dr.ing. C\u0102U\u0218 Oana Concepte ale limbajelor de programare Proiect Sincretic vcard Conf.dr. [&hellip;]<\/p>\n","protected":false},"author":1,"featured_media":0,"parent":2935,"menu_order":0,"comment_status":"closed","ping_status":"closed","template":"","meta":{"footnotes":""},"class_list":["post-3117","page","type-page","status-publish","hentry"],"yoast_head":"<!-- This site is optimized with the Yoast SEO plugin v27.4 - https:\/\/yoast.com\/product\/yoast-seo-wordpress\/ -->\n<title>Personal - Specializarea Informatic\u0103 - Universitatea Politehnica Timi\u015foara Departamentul de ID\/IFR \u0219i Educa\u021bie Digital\u0103 \u2013 DeL<\/title>\n<meta name=\"robots\" content=\"index, follow, max-snippet:-1, max-image-preview:large, max-video-preview:-1\" \/>\n<link rel=\"canonical\" href=\"https:\/\/elearning.upt.ro\/ro\/cel-2\/personal\/informatica\/\" \/>\n<meta property=\"og:locale\" content=\"ro_RO\" \/>\n<meta property=\"og:type\" content=\"article\" \/>\n<meta property=\"og:title\" content=\"Personal - Specializarea Informatic\u0103 - Universitatea Politehnica Timi\u015foara Departamentul de ID\/IFR \u0219i Educa\u021bie Digital\u0103 \u2013 DeL\" \/>\n<meta property=\"og:description\" content=\"Nume Cursuri Contact \u0218.l.dr. ing. ALBU Adriana Introducere \u00een Programarea Calculatoarelor vcard \u0218l.dr. ing. BERIAN Dorin Medii \u0219i Tehnologii de Programare vcard \u0218.l.dr. ing. BOGDAN R\u0103zvan Sisteme \u00cencorporate vcard Conf.univ. dr. C\u0102DARIU Liviu Algebr\u0103 Liniar\u0103 vcard Lect. dr. C\u0102RUNTU Bogdan Algebr\u0103 Liniar\u0103 vcard As.dr.ing. C\u0102U\u0218 Oana Concepte ale limbajelor de programare Proiect Sincretic vcard Conf.dr. [&hellip;]\" \/>\n<meta property=\"og:url\" content=\"https:\/\/elearning.upt.ro\/ro\/cel-2\/personal\/informatica\/\" \/>\n<meta property=\"og:site_name\" content=\"Universitatea Politehnica Timi\u015foara Departamentul de ID\/IFR \u0219i Educa\u021bie Digital\u0103 \u2013 DeL\" \/>\n<meta property=\"article:publisher\" content=\"https:\/\/www.facebook.com\/CIDUPT\/?ref=page_internal\" \/>\n<meta property=\"article:modified_time\" content=\"2020-06-17T08:51:37+00:00\" \/>\n<meta name=\"twitter:card\" content=\"summary_large_image\" \/>\n<meta name=\"twitter:label1\" content=\"Est. reading time\" \/>\n\t<meta name=\"twitter:data1\" content=\"2 minutes\" \/>\n<script type=\"application\/ld+json\" class=\"yoast-schema-graph\">{\"@context\":\"https:\\\/\\\/schema.org\",\"@graph\":[{\"@type\":\"WebPage\",\"@id\":\"https:\\\/\\\/elearning.upt.ro\\\/cel-2\\\/personal\\\/informatica\\\/\",\"url\":\"https:\\\/\\\/elearning.upt.ro\\\/cel-2\\\/personal\\\/informatica\\\/\",\"name\":\"Personal - Specializarea Informatic\u0103 - Universitatea Politehnica Timi\u015foara Departamentul de ID\\\/IFR \u0219i Educa\u021bie Digital\u0103 \u2013 DeL\",\"isPartOf\":{\"@id\":\"https:\\\/\\\/elearning.upt.ro\\\/ro\\\/#website\"},\"datePublished\":\"2018-01-13T18:39:08+00:00\",\"dateModified\":\"2020-06-17T08:51:37+00:00\",\"breadcrumb\":{\"@id\":\"https:\\\/\\\/elearning.upt.ro\\\/cel-2\\\/personal\\\/informatica\\\/#breadcrumb\"},\"inLanguage\":\"ro-RO\",\"potentialAction\":[{\"@type\":\"ReadAction\",\"target\":[\"https:\\\/\\\/elearning.upt.ro\\\/cel-2\\\/personal\\\/informatica\\\/\"]}]},{\"@type\":\"BreadcrumbList\",\"@id\":\"https:\\\/\\\/elearning.upt.ro\\\/cel-2\\\/personal\\\/informatica\\\/#breadcrumb\",\"itemListElement\":[{\"@type\":\"ListItem\",\"position\":1,\"name\":\"Home\",\"item\":\"https:\\\/\\\/elearning.upt.ro\\\/\"},{\"@type\":\"ListItem\",\"position\":2,\"name\":\"Despre DeL\",\"item\":\"https:\\\/\\\/elearning.upt.ro\\\/cel-2\\\/\"},{\"@type\":\"ListItem\",\"position\":3,\"name\":\"Personal\",\"item\":\"https:\\\/\\\/elearning.upt.ro\\\/cel-2\\\/personal\\\/\"},{\"@type\":\"ListItem\",\"position\":4,\"name\":\"Personal &#8211; Specializarea Informatic\u0103\"}]},{\"@type\":\"WebSite\",\"@id\":\"https:\\\/\\\/elearning.upt.ro\\\/ro\\\/#website\",\"url\":\"https:\\\/\\\/elearning.upt.ro\\\/ro\\\/\",\"name\":\"Universitatea Politehnica Timi\u015foara Departamentul de ID\\\/IFR \u0219i Educa\u021bie Digital\u0103 \u2013 DeL\",\"description\":\"\",\"potentialAction\":[{\"@type\":\"SearchAction\",\"target\":{\"@type\":\"EntryPoint\",\"urlTemplate\":\"https:\\\/\\\/elearning.upt.ro\\\/ro\\\/?s={search_term_string}\"},\"query-input\":{\"@type\":\"PropertyValueSpecification\",\"valueRequired\":true,\"valueName\":\"search_term_string\"}}],\"inLanguage\":\"ro-RO\"}]}<\/script>\n<!-- \/ Yoast SEO plugin. -->","yoast_head_json":{"title":"Personal - Specializarea Informatic\u0103 - Universitatea Politehnica Timi\u015foara Departamentul de ID\/IFR \u0219i Educa\u021bie Digital\u0103 \u2013 DeL","robots":{"index":"index","follow":"follow","max-snippet":"max-snippet:-1","max-image-preview":"max-image-preview:large","max-video-preview":"max-video-preview:-1"},"canonical":"https:\/\/elearning.upt.ro\/ro\/cel-2\/personal\/informatica\/","og_locale":"ro_RO","og_type":"article","og_title":"Personal - Specializarea Informatic\u0103 - Universitatea Politehnica Timi\u015foara Departamentul de ID\/IFR \u0219i Educa\u021bie Digital\u0103 \u2013 DeL","og_description":"Nume Cursuri Contact \u0218.l.dr. ing. ALBU Adriana Introducere \u00een Programarea Calculatoarelor vcard \u0218l.dr. ing. BERIAN Dorin Medii \u0219i Tehnologii de Programare vcard \u0218.l.dr. ing. BOGDAN R\u0103zvan Sisteme \u00cencorporate vcard Conf.univ. dr. C\u0102DARIU Liviu Algebr\u0103 Liniar\u0103 vcard Lect. dr. C\u0102RUNTU Bogdan Algebr\u0103 Liniar\u0103 vcard As.dr.ing. C\u0102U\u0218 Oana Concepte ale limbajelor de programare Proiect Sincretic vcard Conf.dr. [&hellip;]","og_url":"https:\/\/elearning.upt.ro\/ro\/cel-2\/personal\/informatica\/","og_site_name":"Universitatea Politehnica Timi\u015foara Departamentul de ID\/IFR \u0219i Educa\u021bie Digital\u0103 \u2013 DeL","article_publisher":"https:\/\/www.facebook.com\/CIDUPT\/?ref=page_internal","article_modified_time":"2020-06-17T08:51:37+00:00","twitter_card":"summary_large_image","twitter_misc":{"Est. reading time":"2 minutes"},"schema":{"@context":"https:\/\/schema.org","@graph":[{"@type":"WebPage","@id":"https:\/\/elearning.upt.ro\/cel-2\/personal\/informatica\/","url":"https:\/\/elearning.upt.ro\/cel-2\/personal\/informatica\/","name":"Personal - Specializarea Informatic\u0103 - Universitatea Politehnica Timi\u015foara Departamentul de ID\/IFR \u0219i Educa\u021bie Digital\u0103 \u2013 DeL","isPartOf":{"@id":"https:\/\/elearning.upt.ro\/ro\/#website"},"datePublished":"2018-01-13T18:39:08+00:00","dateModified":"2020-06-17T08:51:37+00:00","breadcrumb":{"@id":"https:\/\/elearning.upt.ro\/cel-2\/personal\/informatica\/#breadcrumb"},"inLanguage":"ro-RO","potentialAction":[{"@type":"ReadAction","target":["https:\/\/elearning.upt.ro\/cel-2\/personal\/informatica\/"]}]},{"@type":"BreadcrumbList","@id":"https:\/\/elearning.upt.ro\/cel-2\/personal\/informatica\/#breadcrumb","itemListElement":[{"@type":"ListItem","position":1,"name":"Home","item":"https:\/\/elearning.upt.ro\/"},{"@type":"ListItem","position":2,"name":"Despre DeL","item":"https:\/\/elearning.upt.ro\/cel-2\/"},{"@type":"ListItem","position":3,"name":"Personal","item":"https:\/\/elearning.upt.ro\/cel-2\/personal\/"},{"@type":"ListItem","position":4,"name":"Personal &#8211; Specializarea Informatic\u0103"}]},{"@type":"WebSite","@id":"https:\/\/elearning.upt.ro\/ro\/#website","url":"https:\/\/elearning.upt.ro\/ro\/","name":"Universitatea Politehnica Timi\u015foara Departamentul de ID\/IFR \u0219i Educa\u021bie Digital\u0103 \u2013 DeL","description":"","potentialAction":[{"@type":"SearchAction","target":{"@type":"EntryPoint","urlTemplate":"https:\/\/elearning.upt.ro\/ro\/?s={search_term_string}"},"query-input":{"@type":"PropertyValueSpecification","valueRequired":true,"valueName":"search_term_string"}}],"inLanguage":"ro-RO"}]}},"_links":{"self":[{"href":"https:\/\/elearning.upt.ro\/ro\/wp-json\/wp\/v2\/pages\/3117","targetHints":{"allow":["GET"]}}],"collection":[{"href":"https:\/\/elearning.upt.ro\/ro\/wp-json\/wp\/v2\/pages"}],"about":[{"href":"https:\/\/elearning.upt.ro\/ro\/wp-json\/wp\/v2\/types\/page"}],"author":[{"embeddable":true,"href":"https:\/\/elearning.upt.ro\/ro\/wp-json\/wp\/v2\/users\/1"}],"replies":[{"embeddable":true,"href":"https:\/\/elearning.upt.ro\/ro\/wp-json\/wp\/v2\/comments?post=3117"}],"version-history":[{"count":24,"href":"https:\/\/elearning.upt.ro\/ro\/wp-json\/wp\/v2\/pages\/3117\/revisions"}],"predecessor-version":[{"id":24284,"href":"https:\/\/elearning.upt.ro\/ro\/wp-json\/wp\/v2\/pages\/3117\/revisions\/24284"}],"up":[{"embeddable":true,"href":"https:\/\/elearning.upt.ro\/ro\/wp-json\/wp\/v2\/pages\/2935"}],"wp:attachment":[{"href":"https:\/\/elearning.upt.ro\/ro\/wp-json\/wp\/v2\/media?parent=3117"}],"curies":[{"name":"wp","href":"https:\/\/api.w.org\/{rel}","templated":true}]}}