{"id":3110,"date":"2018-01-13T18:38:24","date_gmt":"2018-01-13T18:38:24","guid":{"rendered":"http:\/\/new.elearning.upt.ro\/?page_id=3110"},"modified":"2026-02-27T08:23:53","modified_gmt":"2026-02-27T06:23:53","slug":"conducere","status":"publish","type":"page","link":"https:\/\/elearning.upt.ro\/ro\/cel-2\/personal\/conducere\/","title":{"rendered":"Conducere"},"content":{"rendered":"<p><strong>Director CeL<\/strong><br \/>\nDr.ing.\u00a0<span style=\"color: #3366ff;\"><a style=\"color: #3366ff;\" title=\"Diana Andone\" href=\"https:\/\/elearning.upt.ro\/diana-andone\/\">Diana ANDONE<\/a>\u00a0<\/span><\/p>\n<p><strong>Decan ETC<br \/>\n<\/strong>Prof.dr.ing. C\u0103t\u0103lin C\u0103leanu<br \/>\n<strong>Responsabil academic ETC<\/strong><br \/>\nConf.dr.ing.\u00a0Mugura\u0219 Mocofan<br \/>\n<strong>Secretar-\u0219ef<\/strong><br \/>\nCecilia MOISE \/ Simona DOBRESCU<\/p>\n<p><strong>Decan AC<br \/>\n<\/strong>Prof.dr.ing. Marius-George MARCU<br \/>\n<strong>Responsabil academic AC<\/strong><br \/>\nProf.dr.ing. Lacramioara STOICU-TIVADAR<br \/>\n<strong>Secretar<\/strong><br \/>\nAlina MIH\u0102L\u021aAN<\/p>\n<p><strong>Decan Mecanic\u0103<\/strong><\/p>\n<p>Prof. univ. dr. ing. Ion-Drago\u0219 U\u021aU<\/p>\n<p><strong>Responsabil academic Mecanic\u0103<\/strong><br \/>\n\u0218.l.dr.ing. Adrian DUME<\/p>\n<p><strong>Secretar<\/strong><\/p>\n<p>Daniela Carla MILOI<\/p>\n<p><strong>Decan FSC<\/strong><\/p>\n<p>Prof. univ. dr. Daniel Dejica-Car\u021bi\u0219<\/p>\n<p><strong>Responsabil academic FSC<\/strong><br \/>\nConf.dr. Mugurel Gabriel DRAGOMIR<\/p>\n<p><strong>Conducere intre 1998 &#8211; 2004<\/strong><br \/>\nProf.univ.dr.ing. Nicolae ROBU<br \/>\n<strong>Conducere intre 2004 &#8211; 2008<\/strong><br \/>\nProf.dr.ing. Vasile STOICU-TIVADAR<\/p>\n","protected":false},"excerpt":{"rendered":"<p>Director CeL Dr.ing.\u00a0Diana ANDONE\u00a0 Decan ETC Prof.dr.ing. C\u0103t\u0103lin C\u0103leanu Responsabil academic ETC Conf.dr.ing.\u00a0Mugura\u0219 Mocofan Secretar-\u0219ef Cecilia MOISE \/ Simona DOBRESCU Decan AC Prof.dr.ing. Marius-George MARCU Responsabil academic AC Prof.dr.ing. Lacramioara STOICU-TIVADAR Secretar Alina MIH\u0102L\u021aAN Decan Mecanic\u0103 Prof. univ. dr. ing. Ion-Drago\u0219 U\u021aU Responsabil academic Mecanic\u0103 \u0218.l.dr.ing. Adrian DUME Secretar Daniela Carla MILOI Decan FSC Prof. [&hellip;]<\/p>\n","protected":false},"author":1,"featured_media":0,"parent":2935,"menu_order":0,"comment_status":"closed","ping_status":"closed","template":"","meta":{"footnotes":""},"class_list":["post-3110","page","type-page","status-publish","hentry"],"yoast_head":"<!-- This site is optimized with the Yoast SEO plugin v27.3 - https:\/\/yoast.com\/product\/yoast-seo-wordpress\/ -->\n<title>Conducere - Universitatea Politehnica Timi\u015foara Departamentul de ID\/IFR \u0219i Educa\u021bie Digital\u0103 \u2013 DeL<\/title>\n<meta name=\"robots\" content=\"index, follow, max-snippet:-1, max-image-preview:large, max-video-preview:-1\" \/>\n<link rel=\"canonical\" href=\"https:\/\/elearning.upt.ro\/ro\/cel-2\/personal\/conducere\/\" \/>\n<meta property=\"og:locale\" content=\"ro_RO\" \/>\n<meta property=\"og:type\" content=\"article\" \/>\n<meta property=\"og:title\" content=\"Conducere - Universitatea Politehnica Timi\u015foara Departamentul de ID\/IFR \u0219i Educa\u021bie Digital\u0103 \u2013 DeL\" \/>\n<meta property=\"og:description\" content=\"Director CeL Dr.ing.\u00a0Diana ANDONE\u00a0 Decan ETC Prof.dr.ing. C\u0103t\u0103lin C\u0103leanu Responsabil academic ETC Conf.dr.ing.\u00a0Mugura\u0219 Mocofan Secretar-\u0219ef Cecilia MOISE \/ Simona DOBRESCU Decan AC Prof.dr.ing. Marius-George MARCU Responsabil academic AC Prof.dr.ing. Lacramioara STOICU-TIVADAR Secretar Alina MIH\u0102L\u021aAN Decan Mecanic\u0103 Prof. univ. dr. ing. Ion-Drago\u0219 U\u021aU Responsabil academic Mecanic\u0103 \u0218.l.dr.ing. Adrian DUME Secretar Daniela Carla MILOI Decan FSC Prof. [&hellip;]\" \/>\n<meta property=\"og:url\" content=\"https:\/\/elearning.upt.ro\/ro\/cel-2\/personal\/conducere\/\" \/>\n<meta property=\"og:site_name\" content=\"Universitatea Politehnica Timi\u015foara Departamentul de ID\/IFR \u0219i Educa\u021bie Digital\u0103 \u2013 DeL\" \/>\n<meta property=\"article:publisher\" content=\"https:\/\/www.facebook.com\/CIDUPT\/?ref=page_internal\" \/>\n<meta property=\"article:modified_time\" content=\"2026-02-27T06:23:53+00:00\" \/>\n<meta name=\"twitter:card\" content=\"summary_large_image\" \/>\n<meta name=\"twitter:label1\" content=\"Est. reading time\" \/>\n\t<meta name=\"twitter:data1\" content=\"1 minute\" \/>\n<script type=\"application\/ld+json\" class=\"yoast-schema-graph\">{\"@context\":\"https:\\\/\\\/schema.org\",\"@graph\":[{\"@type\":\"WebPage\",\"@id\":\"https:\\\/\\\/elearning.upt.ro\\\/cel-2\\\/personal\\\/conducere\\\/\",\"url\":\"https:\\\/\\\/elearning.upt.ro\\\/cel-2\\\/personal\\\/conducere\\\/\",\"name\":\"Conducere - Universitatea Politehnica Timi\u015foara Departamentul de ID\\\/IFR \u0219i Educa\u021bie Digital\u0103 \u2013 DeL\",\"isPartOf\":{\"@id\":\"https:\\\/\\\/elearning.upt.ro\\\/ro\\\/#website\"},\"datePublished\":\"2018-01-13T18:38:24+00:00\",\"dateModified\":\"2026-02-27T06:23:53+00:00\",\"breadcrumb\":{\"@id\":\"https:\\\/\\\/elearning.upt.ro\\\/cel-2\\\/personal\\\/conducere\\\/#breadcrumb\"},\"inLanguage\":\"ro-RO\",\"potentialAction\":[{\"@type\":\"ReadAction\",\"target\":[\"https:\\\/\\\/elearning.upt.ro\\\/cel-2\\\/personal\\\/conducere\\\/\"]}]},{\"@type\":\"BreadcrumbList\",\"@id\":\"https:\\\/\\\/elearning.upt.ro\\\/cel-2\\\/personal\\\/conducere\\\/#breadcrumb\",\"itemListElement\":[{\"@type\":\"ListItem\",\"position\":1,\"name\":\"Home\",\"item\":\"https:\\\/\\\/elearning.upt.ro\\\/\"},{\"@type\":\"ListItem\",\"position\":2,\"name\":\"Despre DeL\",\"item\":\"https:\\\/\\\/elearning.upt.ro\\\/cel-2\\\/\"},{\"@type\":\"ListItem\",\"position\":3,\"name\":\"Personal\",\"item\":\"https:\\\/\\\/elearning.upt.ro\\\/cel-2\\\/personal\\\/\"},{\"@type\":\"ListItem\",\"position\":4,\"name\":\"Conducere\"}]},{\"@type\":\"WebSite\",\"@id\":\"https:\\\/\\\/elearning.upt.ro\\\/ro\\\/#website\",\"url\":\"https:\\\/\\\/elearning.upt.ro\\\/ro\\\/\",\"name\":\"Universitatea Politehnica Timi\u015foara Departamentul de ID\\\/IFR \u0219i Educa\u021bie Digital\u0103 \u2013 DeL\",\"description\":\"\",\"potentialAction\":[{\"@type\":\"SearchAction\",\"target\":{\"@type\":\"EntryPoint\",\"urlTemplate\":\"https:\\\/\\\/elearning.upt.ro\\\/ro\\\/?s={search_term_string}\"},\"query-input\":{\"@type\":\"PropertyValueSpecification\",\"valueRequired\":true,\"valueName\":\"search_term_string\"}}],\"inLanguage\":\"ro-RO\"}]}<\/script>\n<!-- \/ Yoast SEO plugin. -->","yoast_head_json":{"title":"Conducere - Universitatea Politehnica Timi\u015foara Departamentul de ID\/IFR \u0219i Educa\u021bie Digital\u0103 \u2013 DeL","robots":{"index":"index","follow":"follow","max-snippet":"max-snippet:-1","max-image-preview":"max-image-preview:large","max-video-preview":"max-video-preview:-1"},"canonical":"https:\/\/elearning.upt.ro\/ro\/cel-2\/personal\/conducere\/","og_locale":"ro_RO","og_type":"article","og_title":"Conducere - Universitatea Politehnica Timi\u015foara Departamentul de ID\/IFR \u0219i Educa\u021bie Digital\u0103 \u2013 DeL","og_description":"Director CeL Dr.ing.\u00a0Diana ANDONE\u00a0 Decan ETC Prof.dr.ing. C\u0103t\u0103lin C\u0103leanu Responsabil academic ETC Conf.dr.ing.\u00a0Mugura\u0219 Mocofan Secretar-\u0219ef Cecilia MOISE \/ Simona DOBRESCU Decan AC Prof.dr.ing. Marius-George MARCU Responsabil academic AC Prof.dr.ing. Lacramioara STOICU-TIVADAR Secretar Alina MIH\u0102L\u021aAN Decan Mecanic\u0103 Prof. univ. dr. ing. Ion-Drago\u0219 U\u021aU Responsabil academic Mecanic\u0103 \u0218.l.dr.ing. Adrian DUME Secretar Daniela Carla MILOI Decan FSC Prof. [&hellip;]","og_url":"https:\/\/elearning.upt.ro\/ro\/cel-2\/personal\/conducere\/","og_site_name":"Universitatea Politehnica Timi\u015foara Departamentul de ID\/IFR \u0219i Educa\u021bie Digital\u0103 \u2013 DeL","article_publisher":"https:\/\/www.facebook.com\/CIDUPT\/?ref=page_internal","article_modified_time":"2026-02-27T06:23:53+00:00","twitter_card":"summary_large_image","twitter_misc":{"Est. reading time":"1 minute"},"schema":{"@context":"https:\/\/schema.org","@graph":[{"@type":"WebPage","@id":"https:\/\/elearning.upt.ro\/cel-2\/personal\/conducere\/","url":"https:\/\/elearning.upt.ro\/cel-2\/personal\/conducere\/","name":"Conducere - Universitatea Politehnica Timi\u015foara Departamentul de ID\/IFR \u0219i Educa\u021bie Digital\u0103 \u2013 DeL","isPartOf":{"@id":"https:\/\/elearning.upt.ro\/ro\/#website"},"datePublished":"2018-01-13T18:38:24+00:00","dateModified":"2026-02-27T06:23:53+00:00","breadcrumb":{"@id":"https:\/\/elearning.upt.ro\/cel-2\/personal\/conducere\/#breadcrumb"},"inLanguage":"ro-RO","potentialAction":[{"@type":"ReadAction","target":["https:\/\/elearning.upt.ro\/cel-2\/personal\/conducere\/"]}]},{"@type":"BreadcrumbList","@id":"https:\/\/elearning.upt.ro\/cel-2\/personal\/conducere\/#breadcrumb","itemListElement":[{"@type":"ListItem","position":1,"name":"Home","item":"https:\/\/elearning.upt.ro\/"},{"@type":"ListItem","position":2,"name":"Despre DeL","item":"https:\/\/elearning.upt.ro\/cel-2\/"},{"@type":"ListItem","position":3,"name":"Personal","item":"https:\/\/elearning.upt.ro\/cel-2\/personal\/"},{"@type":"ListItem","position":4,"name":"Conducere"}]},{"@type":"WebSite","@id":"https:\/\/elearning.upt.ro\/ro\/#website","url":"https:\/\/elearning.upt.ro\/ro\/","name":"Universitatea Politehnica Timi\u015foara Departamentul de ID\/IFR \u0219i Educa\u021bie Digital\u0103 \u2013 DeL","description":"","potentialAction":[{"@type":"SearchAction","target":{"@type":"EntryPoint","urlTemplate":"https:\/\/elearning.upt.ro\/ro\/?s={search_term_string}"},"query-input":{"@type":"PropertyValueSpecification","valueRequired":true,"valueName":"search_term_string"}}],"inLanguage":"ro-RO"}]}},"_links":{"self":[{"href":"https:\/\/elearning.upt.ro\/ro\/wp-json\/wp\/v2\/pages\/3110","targetHints":{"allow":["GET"]}}],"collection":[{"href":"https:\/\/elearning.upt.ro\/ro\/wp-json\/wp\/v2\/pages"}],"about":[{"href":"https:\/\/elearning.upt.ro\/ro\/wp-json\/wp\/v2\/types\/page"}],"author":[{"embeddable":true,"href":"https:\/\/elearning.upt.ro\/ro\/wp-json\/wp\/v2\/users\/1"}],"replies":[{"embeddable":true,"href":"https:\/\/elearning.upt.ro\/ro\/wp-json\/wp\/v2\/comments?post=3110"}],"version-history":[{"count":26,"href":"https:\/\/elearning.upt.ro\/ro\/wp-json\/wp\/v2\/pages\/3110\/revisions"}],"predecessor-version":[{"id":30478,"href":"https:\/\/elearning.upt.ro\/ro\/wp-json\/wp\/v2\/pages\/3110\/revisions\/30478"}],"up":[{"embeddable":true,"href":"https:\/\/elearning.upt.ro\/ro\/wp-json\/wp\/v2\/pages\/2935"}],"wp:attachment":[{"href":"https:\/\/elearning.upt.ro\/ro\/wp-json\/wp\/v2\/media?parent=3110"}],"curies":[{"name":"wp","href":"https:\/\/api.w.org\/{rel}","templated":true}]}}