{"id":2937,"date":"2018-01-13T17:52:53","date_gmt":"2018-01-13T17:52:53","guid":{"rendered":"http:\/\/new.elearning.upt.ro\/?page_id=2937"},"modified":"2026-02-06T12:40:41","modified_gmt":"2026-02-06T10:40:41","slug":"acreditare","status":"publish","type":"page","link":"https:\/\/elearning.upt.ro\/ro\/cel-2\/acreditare\/","title":{"rendered":"Acreditare"},"content":{"rendered":"<div class=\"cmidle subblue\">\n<div class=\"contentbox\"><strong>Universitatea Politehnica Timi\u015foara<\/strong>\u00a0prin\u00a0<strong>Departamentul de ID\/IFR \u0219i Educa\u021bie digital\u0103 (DeL)<\/strong>\u00a0organizeaz\u0103 \u015fi desf\u0103\u015foar\u0103 programele de studiu \u00een regim de \u00eenv\u0103\u0163\u0103m\u00e2nt la distan\u0163\u0103\u00a0 acreditate ARACIS<\/p>\n<ul>\n<li><a href=\"https:\/\/elearning.upt.ro\/educatie\/licenta\/informatica\/\"><strong>Informatic\u0103<\/strong><\/a>, \u00een colaborare cu Facultatea de Automatic\u0103 \u0219i Calculatoare\u00a0 (licen\u021bia\u021bi \u00een informatic\u0103\u00a0 &#8211; 3 ani de studiu, ID) &#8211; <strong>120 locuri<\/strong><\/li>\n<li><a href=\"https:\/\/elearning.upt.ro\/educatie\/licenta\/tehnologii-si-sisteme-de-telecomunicatii\/\"><strong>Tehnologii \u0219i Sisteme de Telecomunica\u021bii<\/strong><\/a>, \u00een colaborare cu Facultatea de Electronic\u0103, Telecomunica\u021bii \u0219i Tehnologii Informa\u021bionale (ingineri \u2013 4 ani de studiu, ID) &#8211; <strong>50 locuri<\/strong><\/li>\n<li><a href=\"https:\/\/elearning.upt.ro\/educatie\/licenta\/tehnologia-constructiilor-de-masini\/\"><strong>Tehnologia Construc\u021biilor de Ma\u0219ini<\/strong><\/a>, \u00een colaborare cu Facultatea de Mecanic\u0103 (ingineri &#8211; 4 ani de studiu, IFR) &#8211; <strong>60 locuri<\/strong><\/li>\n<li><a href=\"https:\/\/elearning.upt.ro\/educatie\/licenta\/comunicare-si-relatii-publice\/\"><strong>Comunicare \u0219i Rela\u021bii Publice<\/strong><\/a>, \u00een colaborare cu Facultatea de \u0218tiin\u021be ale Comunic\u0103rii (licen\u021biat \u00een \u0218tiin\u021be ale Comunic\u0103rii &#8211; 3 ani de studiu, ID) &#8211; <strong>75 locuri<\/strong><\/li>\n<\/ul>\n<\/div>\n<\/div>\n<div class=\"cright\"><\/div>\n","protected":false},"excerpt":{"rendered":"<p>Universitatea Politehnica Timi\u015foara\u00a0prin\u00a0Departamentul de ID\/IFR \u0219i Educa\u021bie digital\u0103 (DeL)\u00a0organizeaz\u0103 \u015fi desf\u0103\u015foar\u0103 programele de studiu \u00een regim de \u00eenv\u0103\u0163\u0103m\u00e2nt la distan\u0163\u0103\u00a0 acreditate ARACIS Informatic\u0103, \u00een colaborare cu Facultatea de Automatic\u0103 \u0219i Calculatoare\u00a0 (licen\u021bia\u021bi \u00een informatic\u0103\u00a0 &#8211; 3 ani de studiu, ID) &#8211; 120 locuri Tehnologii \u0219i Sisteme de Telecomunica\u021bii, \u00een colaborare cu Facultatea de Electronic\u0103, Telecomunica\u021bii [&hellip;]<\/p>\n","protected":false},"author":1,"featured_media":0,"parent":2796,"menu_order":0,"comment_status":"closed","ping_status":"closed","template":"","meta":{"footnotes":""},"class_list":["post-2937","page","type-page","status-publish","hentry"],"yoast_head":"<!-- This site is optimized with the Yoast SEO plugin v27.3 - https:\/\/yoast.com\/product\/yoast-seo-wordpress\/ -->\n<title>Acreditare - Universitatea Politehnica Timi\u015foara Departamentul de ID\/IFR \u0219i Educa\u021bie Digital\u0103 \u2013 DeL<\/title>\n<meta name=\"robots\" content=\"index, follow, max-snippet:-1, max-image-preview:large, max-video-preview:-1\" \/>\n<link rel=\"canonical\" href=\"https:\/\/elearning.upt.ro\/ro\/cel-2\/acreditare\/\" \/>\n<meta property=\"og:locale\" content=\"ro_RO\" \/>\n<meta property=\"og:type\" content=\"article\" \/>\n<meta property=\"og:title\" content=\"Acreditare - Universitatea Politehnica Timi\u015foara Departamentul de ID\/IFR \u0219i Educa\u021bie Digital\u0103 \u2013 DeL\" \/>\n<meta property=\"og:description\" content=\"Universitatea Politehnica Timi\u015foara\u00a0prin\u00a0Departamentul de ID\/IFR \u0219i Educa\u021bie digital\u0103 (DeL)\u00a0organizeaz\u0103 \u015fi desf\u0103\u015foar\u0103 programele de studiu \u00een regim de \u00eenv\u0103\u0163\u0103m\u00e2nt la distan\u0163\u0103\u00a0 acreditate ARACIS Informatic\u0103, \u00een colaborare cu Facultatea de Automatic\u0103 \u0219i Calculatoare\u00a0 (licen\u021bia\u021bi \u00een informatic\u0103\u00a0 &#8211; 3 ani de studiu, ID) &#8211; 120 locuri Tehnologii \u0219i Sisteme de Telecomunica\u021bii, \u00een colaborare cu Facultatea de Electronic\u0103, Telecomunica\u021bii [&hellip;]\" \/>\n<meta property=\"og:url\" content=\"https:\/\/elearning.upt.ro\/ro\/cel-2\/acreditare\/\" \/>\n<meta property=\"og:site_name\" content=\"Universitatea Politehnica Timi\u015foara Departamentul de ID\/IFR \u0219i Educa\u021bie Digital\u0103 \u2013 DeL\" \/>\n<meta property=\"article:publisher\" content=\"https:\/\/www.facebook.com\/CIDUPT\/?ref=page_internal\" \/>\n<meta property=\"article:modified_time\" content=\"2026-02-06T10:40:41+00:00\" \/>\n<meta name=\"twitter:card\" content=\"summary_large_image\" \/>\n<meta name=\"twitter:label1\" content=\"Est. reading time\" \/>\n\t<meta name=\"twitter:data1\" content=\"1 minute\" \/>\n<script type=\"application\/ld+json\" class=\"yoast-schema-graph\">{\"@context\":\"https:\\\/\\\/schema.org\",\"@graph\":[{\"@type\":\"WebPage\",\"@id\":\"https:\\\/\\\/elearning.upt.ro\\\/cel-2\\\/acreditare\\\/\",\"url\":\"https:\\\/\\\/elearning.upt.ro\\\/cel-2\\\/acreditare\\\/\",\"name\":\"Acreditare - Universitatea Politehnica Timi\u015foara Departamentul de ID\\\/IFR \u0219i Educa\u021bie Digital\u0103 \u2013 DeL\",\"isPartOf\":{\"@id\":\"https:\\\/\\\/elearning.upt.ro\\\/ro\\\/#website\"},\"datePublished\":\"2018-01-13T17:52:53+00:00\",\"dateModified\":\"2026-02-06T10:40:41+00:00\",\"breadcrumb\":{\"@id\":\"https:\\\/\\\/elearning.upt.ro\\\/cel-2\\\/acreditare\\\/#breadcrumb\"},\"inLanguage\":\"ro-RO\",\"potentialAction\":[{\"@type\":\"ReadAction\",\"target\":[\"https:\\\/\\\/elearning.upt.ro\\\/cel-2\\\/acreditare\\\/\"]}]},{\"@type\":\"BreadcrumbList\",\"@id\":\"https:\\\/\\\/elearning.upt.ro\\\/cel-2\\\/acreditare\\\/#breadcrumb\",\"itemListElement\":[{\"@type\":\"ListItem\",\"position\":1,\"name\":\"Home\",\"item\":\"https:\\\/\\\/elearning.upt.ro\\\/\"},{\"@type\":\"ListItem\",\"position\":2,\"name\":\"Despre DeL\",\"item\":\"https:\\\/\\\/elearning.upt.ro\\\/cel-2\\\/\"},{\"@type\":\"ListItem\",\"position\":3,\"name\":\"Acreditare\"}]},{\"@type\":\"WebSite\",\"@id\":\"https:\\\/\\\/elearning.upt.ro\\\/ro\\\/#website\",\"url\":\"https:\\\/\\\/elearning.upt.ro\\\/ro\\\/\",\"name\":\"Universitatea Politehnica Timi\u015foara Departamentul de ID\\\/IFR \u0219i Educa\u021bie Digital\u0103 \u2013 DeL\",\"description\":\"\",\"potentialAction\":[{\"@type\":\"SearchAction\",\"target\":{\"@type\":\"EntryPoint\",\"urlTemplate\":\"https:\\\/\\\/elearning.upt.ro\\\/ro\\\/?s={search_term_string}\"},\"query-input\":{\"@type\":\"PropertyValueSpecification\",\"valueRequired\":true,\"valueName\":\"search_term_string\"}}],\"inLanguage\":\"ro-RO\"}]}<\/script>\n<!-- \/ Yoast SEO plugin. -->","yoast_head_json":{"title":"Acreditare - Universitatea Politehnica Timi\u015foara Departamentul de ID\/IFR \u0219i Educa\u021bie Digital\u0103 \u2013 DeL","robots":{"index":"index","follow":"follow","max-snippet":"max-snippet:-1","max-image-preview":"max-image-preview:large","max-video-preview":"max-video-preview:-1"},"canonical":"https:\/\/elearning.upt.ro\/ro\/cel-2\/acreditare\/","og_locale":"ro_RO","og_type":"article","og_title":"Acreditare - Universitatea Politehnica Timi\u015foara Departamentul de ID\/IFR \u0219i Educa\u021bie Digital\u0103 \u2013 DeL","og_description":"Universitatea Politehnica Timi\u015foara\u00a0prin\u00a0Departamentul de ID\/IFR \u0219i Educa\u021bie digital\u0103 (DeL)\u00a0organizeaz\u0103 \u015fi desf\u0103\u015foar\u0103 programele de studiu \u00een regim de \u00eenv\u0103\u0163\u0103m\u00e2nt la distan\u0163\u0103\u00a0 acreditate ARACIS Informatic\u0103, \u00een colaborare cu Facultatea de Automatic\u0103 \u0219i Calculatoare\u00a0 (licen\u021bia\u021bi \u00een informatic\u0103\u00a0 &#8211; 3 ani de studiu, ID) &#8211; 120 locuri Tehnologii \u0219i Sisteme de Telecomunica\u021bii, \u00een colaborare cu Facultatea de Electronic\u0103, Telecomunica\u021bii [&hellip;]","og_url":"https:\/\/elearning.upt.ro\/ro\/cel-2\/acreditare\/","og_site_name":"Universitatea Politehnica Timi\u015foara Departamentul de ID\/IFR \u0219i Educa\u021bie Digital\u0103 \u2013 DeL","article_publisher":"https:\/\/www.facebook.com\/CIDUPT\/?ref=page_internal","article_modified_time":"2026-02-06T10:40:41+00:00","twitter_card":"summary_large_image","twitter_misc":{"Est. reading time":"1 minute"},"schema":{"@context":"https:\/\/schema.org","@graph":[{"@type":"WebPage","@id":"https:\/\/elearning.upt.ro\/cel-2\/acreditare\/","url":"https:\/\/elearning.upt.ro\/cel-2\/acreditare\/","name":"Acreditare - Universitatea Politehnica Timi\u015foara Departamentul de ID\/IFR \u0219i Educa\u021bie Digital\u0103 \u2013 DeL","isPartOf":{"@id":"https:\/\/elearning.upt.ro\/ro\/#website"},"datePublished":"2018-01-13T17:52:53+00:00","dateModified":"2026-02-06T10:40:41+00:00","breadcrumb":{"@id":"https:\/\/elearning.upt.ro\/cel-2\/acreditare\/#breadcrumb"},"inLanguage":"ro-RO","potentialAction":[{"@type":"ReadAction","target":["https:\/\/elearning.upt.ro\/cel-2\/acreditare\/"]}]},{"@type":"BreadcrumbList","@id":"https:\/\/elearning.upt.ro\/cel-2\/acreditare\/#breadcrumb","itemListElement":[{"@type":"ListItem","position":1,"name":"Home","item":"https:\/\/elearning.upt.ro\/"},{"@type":"ListItem","position":2,"name":"Despre DeL","item":"https:\/\/elearning.upt.ro\/cel-2\/"},{"@type":"ListItem","position":3,"name":"Acreditare"}]},{"@type":"WebSite","@id":"https:\/\/elearning.upt.ro\/ro\/#website","url":"https:\/\/elearning.upt.ro\/ro\/","name":"Universitatea Politehnica Timi\u015foara Departamentul de ID\/IFR \u0219i Educa\u021bie Digital\u0103 \u2013 DeL","description":"","potentialAction":[{"@type":"SearchAction","target":{"@type":"EntryPoint","urlTemplate":"https:\/\/elearning.upt.ro\/ro\/?s={search_term_string}"},"query-input":{"@type":"PropertyValueSpecification","valueRequired":true,"valueName":"search_term_string"}}],"inLanguage":"ro-RO"}]}},"_links":{"self":[{"href":"https:\/\/elearning.upt.ro\/ro\/wp-json\/wp\/v2\/pages\/2937","targetHints":{"allow":["GET"]}}],"collection":[{"href":"https:\/\/elearning.upt.ro\/ro\/wp-json\/wp\/v2\/pages"}],"about":[{"href":"https:\/\/elearning.upt.ro\/ro\/wp-json\/wp\/v2\/types\/page"}],"author":[{"embeddable":true,"href":"https:\/\/elearning.upt.ro\/ro\/wp-json\/wp\/v2\/users\/1"}],"replies":[{"embeddable":true,"href":"https:\/\/elearning.upt.ro\/ro\/wp-json\/wp\/v2\/comments?post=2937"}],"version-history":[{"count":8,"href":"https:\/\/elearning.upt.ro\/ro\/wp-json\/wp\/v2\/pages\/2937\/revisions"}],"predecessor-version":[{"id":30310,"href":"https:\/\/elearning.upt.ro\/ro\/wp-json\/wp\/v2\/pages\/2937\/revisions\/30310"}],"up":[{"embeddable":true,"href":"https:\/\/elearning.upt.ro\/ro\/wp-json\/wp\/v2\/pages\/2796"}],"wp:attachment":[{"href":"https:\/\/elearning.upt.ro\/ro\/wp-json\/wp\/v2\/media?parent=2937"}],"curies":[{"name":"wp","href":"https:\/\/api.w.org\/{rel}","templated":true}]}}