{"id":2935,"date":"2018-01-13T17:52:29","date_gmt":"2018-01-13T17:52:29","guid":{"rendered":"http:\/\/new.elearning.upt.ro\/?page_id=2935"},"modified":"2026-02-06T12:37:39","modified_gmt":"2026-02-06T10:37:39","slug":"personal","status":"publish","type":"page","link":"https:\/\/elearning.upt.ro\/ro\/cel-2\/personal\/","title":{"rendered":"Personal"},"content":{"rendered":"<h2 class=\"titlu colorblue\">Conducere<\/h2>\n<p><strong>Director DeL<\/strong><br \/>Dr.ing. <a title=\"Diana Andone\" href=\"https:\/\/elearning.upt.ro\/diana-andone\/\">Diana ANDONE<\/a>\u00a0<\/p>\n<p><strong>Decan ETcTI<br \/><\/strong>Prof.dr.ing. C\u0103t\u0103lin C\u0103leanu<br \/><strong>Responsabil academic ETcTi<\/strong><br \/>Prof.dr.ing. Radu VASIU\u00a0<br \/><strong>Secretar-sef<\/strong><br \/>Cecilia MOISE \/ Simona DOBRESCU<\/p>\n<p><strong>Pro-Decan AC<br \/><\/strong>Conf.dr.ing. Ciprian Chirila<br \/><strong>Responsabil academic AC<\/strong><br \/>Prof.dr.ing. Lacramioara STOICU-TIVADAR<br \/><strong>Secretar<\/strong><br \/>Alina MIHALTAN<\/p>\n<p><strong>Responsabil academic Mecanica<\/strong><br \/>S.l. dr. ing. Adrian Dume<br \/><strong>Secretar<br \/><\/strong>Daniela Carla Miloi<\/p>\n<p><strong>Responsabil academic FSC<\/strong><br \/>Lect. dr. Mugurel Gabriel Dragomir<\/p>\n\n\n<div style=\"height:20px\" aria-hidden=\"true\" class=\"wp-block-spacer\"><\/div>\n\n\n\n<p><strong>Conducere intre 1998 &#8211; 2004<\/strong><br>Prof.dr.ing. Nicolae ROBU<br><strong>Conducere intre 2004 &#8211; 2008<\/strong><br>Prof.dr.ing. Vasile STOICU-TIVADAR\n\n<\/p>\n","protected":false},"excerpt":{"rendered":"<p>Conducere Director DeLDr.ing. Diana ANDONE\u00a0 Decan ETcTIProf.dr.ing. C\u0103t\u0103lin C\u0103leanuResponsabil academic ETcTiProf.dr.ing. Radu VASIU\u00a0Secretar-sefCecilia MOISE \/ Simona DOBRESCU Pro-Decan ACConf.dr.ing. Ciprian ChirilaResponsabil academic ACProf.dr.ing. Lacramioara STOICU-TIVADARSecretarAlina MIHALTAN Responsabil academic MecanicaS.l. dr. ing. Adrian DumeSecretarDaniela Carla Miloi Responsabil academic FSCLect. dr. Mugurel Gabriel Dragomir Conducere intre 1998 &#8211; 2004Prof.dr.ing. Nicolae ROBUConducere intre 2004 &#8211; 2008Prof.dr.ing. Vasile STOICU-TIVADAR<\/p>\n","protected":false},"author":1,"featured_media":0,"parent":2796,"menu_order":0,"comment_status":"closed","ping_status":"closed","template":"","meta":{"footnotes":""},"class_list":["post-2935","page","type-page","status-publish","hentry"],"yoast_head":"<!-- This site is optimized with the Yoast SEO plugin v27.3 - https:\/\/yoast.com\/product\/yoast-seo-wordpress\/ -->\n<title>Personal - Universitatea Politehnica Timi\u015foara Departamentul de ID\/IFR \u0219i Educa\u021bie Digital\u0103 \u2013 DeL<\/title>\n<meta name=\"robots\" content=\"index, follow, max-snippet:-1, max-image-preview:large, max-video-preview:-1\" \/>\n<link rel=\"canonical\" href=\"https:\/\/elearning.upt.ro\/ro\/cel-2\/personal\/\" \/>\n<meta property=\"og:locale\" content=\"ro_RO\" \/>\n<meta property=\"og:type\" content=\"article\" \/>\n<meta property=\"og:title\" content=\"Personal - Universitatea Politehnica Timi\u015foara Departamentul de ID\/IFR \u0219i Educa\u021bie Digital\u0103 \u2013 DeL\" \/>\n<meta property=\"og:description\" content=\"Conducere Director DeLDr.ing. Diana ANDONE\u00a0 Decan ETcTIProf.dr.ing. C\u0103t\u0103lin C\u0103leanuResponsabil academic ETcTiProf.dr.ing. Radu VASIU\u00a0Secretar-sefCecilia MOISE \/ Simona DOBRESCU Pro-Decan ACConf.dr.ing. Ciprian ChirilaResponsabil academic ACProf.dr.ing. Lacramioara STOICU-TIVADARSecretarAlina MIHALTAN Responsabil academic MecanicaS.l. dr. ing. Adrian DumeSecretarDaniela Carla Miloi Responsabil academic FSCLect. dr. Mugurel Gabriel Dragomir Conducere intre 1998 &#8211; 2004Prof.dr.ing. Nicolae ROBUConducere intre 2004 &#8211; 2008Prof.dr.ing. Vasile STOICU-TIVADAR\" \/>\n<meta property=\"og:url\" content=\"https:\/\/elearning.upt.ro\/ro\/cel-2\/personal\/\" \/>\n<meta property=\"og:site_name\" content=\"Universitatea Politehnica Timi\u015foara Departamentul de ID\/IFR \u0219i Educa\u021bie Digital\u0103 \u2013 DeL\" \/>\n<meta property=\"article:publisher\" content=\"https:\/\/www.facebook.com\/CIDUPT\/?ref=page_internal\" \/>\n<meta property=\"article:modified_time\" content=\"2026-02-06T10:37:39+00:00\" \/>\n<meta name=\"twitter:card\" content=\"summary_large_image\" \/>\n<meta name=\"twitter:label1\" content=\"Est. reading time\" \/>\n\t<meta name=\"twitter:data1\" content=\"1 minute\" \/>\n<script type=\"application\/ld+json\" class=\"yoast-schema-graph\">{\"@context\":\"https:\\\/\\\/schema.org\",\"@graph\":[{\"@type\":\"WebPage\",\"@id\":\"https:\\\/\\\/elearning.upt.ro\\\/cel-2\\\/personal\\\/\",\"url\":\"https:\\\/\\\/elearning.upt.ro\\\/cel-2\\\/personal\\\/\",\"name\":\"Personal - Universitatea Politehnica Timi\u015foara Departamentul de ID\\\/IFR \u0219i Educa\u021bie Digital\u0103 \u2013 DeL\",\"isPartOf\":{\"@id\":\"https:\\\/\\\/elearning.upt.ro\\\/ro\\\/#website\"},\"datePublished\":\"2018-01-13T17:52:29+00:00\",\"dateModified\":\"2026-02-06T10:37:39+00:00\",\"breadcrumb\":{\"@id\":\"https:\\\/\\\/elearning.upt.ro\\\/cel-2\\\/personal\\\/#breadcrumb\"},\"inLanguage\":\"ro-RO\",\"potentialAction\":[{\"@type\":\"ReadAction\",\"target\":[\"https:\\\/\\\/elearning.upt.ro\\\/cel-2\\\/personal\\\/\"]}]},{\"@type\":\"BreadcrumbList\",\"@id\":\"https:\\\/\\\/elearning.upt.ro\\\/cel-2\\\/personal\\\/#breadcrumb\",\"itemListElement\":[{\"@type\":\"ListItem\",\"position\":1,\"name\":\"Home\",\"item\":\"https:\\\/\\\/elearning.upt.ro\\\/\"},{\"@type\":\"ListItem\",\"position\":2,\"name\":\"Despre DeL\",\"item\":\"https:\\\/\\\/elearning.upt.ro\\\/cel-2\\\/\"},{\"@type\":\"ListItem\",\"position\":3,\"name\":\"Personal\"}]},{\"@type\":\"WebSite\",\"@id\":\"https:\\\/\\\/elearning.upt.ro\\\/ro\\\/#website\",\"url\":\"https:\\\/\\\/elearning.upt.ro\\\/ro\\\/\",\"name\":\"Universitatea Politehnica Timi\u015foara Departamentul de ID\\\/IFR \u0219i Educa\u021bie Digital\u0103 \u2013 DeL\",\"description\":\"\",\"potentialAction\":[{\"@type\":\"SearchAction\",\"target\":{\"@type\":\"EntryPoint\",\"urlTemplate\":\"https:\\\/\\\/elearning.upt.ro\\\/ro\\\/?s={search_term_string}\"},\"query-input\":{\"@type\":\"PropertyValueSpecification\",\"valueRequired\":true,\"valueName\":\"search_term_string\"}}],\"inLanguage\":\"ro-RO\"}]}<\/script>\n<!-- \/ Yoast SEO plugin. -->","yoast_head_json":{"title":"Personal - Universitatea Politehnica Timi\u015foara Departamentul de ID\/IFR \u0219i Educa\u021bie Digital\u0103 \u2013 DeL","robots":{"index":"index","follow":"follow","max-snippet":"max-snippet:-1","max-image-preview":"max-image-preview:large","max-video-preview":"max-video-preview:-1"},"canonical":"https:\/\/elearning.upt.ro\/ro\/cel-2\/personal\/","og_locale":"ro_RO","og_type":"article","og_title":"Personal - Universitatea Politehnica Timi\u015foara Departamentul de ID\/IFR \u0219i Educa\u021bie Digital\u0103 \u2013 DeL","og_description":"Conducere Director DeLDr.ing. Diana ANDONE\u00a0 Decan ETcTIProf.dr.ing. C\u0103t\u0103lin C\u0103leanuResponsabil academic ETcTiProf.dr.ing. Radu VASIU\u00a0Secretar-sefCecilia MOISE \/ Simona DOBRESCU Pro-Decan ACConf.dr.ing. Ciprian ChirilaResponsabil academic ACProf.dr.ing. Lacramioara STOICU-TIVADARSecretarAlina MIHALTAN Responsabil academic MecanicaS.l. dr. ing. Adrian DumeSecretarDaniela Carla Miloi Responsabil academic FSCLect. dr. Mugurel Gabriel Dragomir Conducere intre 1998 &#8211; 2004Prof.dr.ing. Nicolae ROBUConducere intre 2004 &#8211; 2008Prof.dr.ing. Vasile STOICU-TIVADAR","og_url":"https:\/\/elearning.upt.ro\/ro\/cel-2\/personal\/","og_site_name":"Universitatea Politehnica Timi\u015foara Departamentul de ID\/IFR \u0219i Educa\u021bie Digital\u0103 \u2013 DeL","article_publisher":"https:\/\/www.facebook.com\/CIDUPT\/?ref=page_internal","article_modified_time":"2026-02-06T10:37:39+00:00","twitter_card":"summary_large_image","twitter_misc":{"Est. reading time":"1 minute"},"schema":{"@context":"https:\/\/schema.org","@graph":[{"@type":"WebPage","@id":"https:\/\/elearning.upt.ro\/cel-2\/personal\/","url":"https:\/\/elearning.upt.ro\/cel-2\/personal\/","name":"Personal - Universitatea Politehnica Timi\u015foara Departamentul de ID\/IFR \u0219i Educa\u021bie Digital\u0103 \u2013 DeL","isPartOf":{"@id":"https:\/\/elearning.upt.ro\/ro\/#website"},"datePublished":"2018-01-13T17:52:29+00:00","dateModified":"2026-02-06T10:37:39+00:00","breadcrumb":{"@id":"https:\/\/elearning.upt.ro\/cel-2\/personal\/#breadcrumb"},"inLanguage":"ro-RO","potentialAction":[{"@type":"ReadAction","target":["https:\/\/elearning.upt.ro\/cel-2\/personal\/"]}]},{"@type":"BreadcrumbList","@id":"https:\/\/elearning.upt.ro\/cel-2\/personal\/#breadcrumb","itemListElement":[{"@type":"ListItem","position":1,"name":"Home","item":"https:\/\/elearning.upt.ro\/"},{"@type":"ListItem","position":2,"name":"Despre DeL","item":"https:\/\/elearning.upt.ro\/cel-2\/"},{"@type":"ListItem","position":3,"name":"Personal"}]},{"@type":"WebSite","@id":"https:\/\/elearning.upt.ro\/ro\/#website","url":"https:\/\/elearning.upt.ro\/ro\/","name":"Universitatea Politehnica Timi\u015foara Departamentul de ID\/IFR \u0219i Educa\u021bie Digital\u0103 \u2013 DeL","description":"","potentialAction":[{"@type":"SearchAction","target":{"@type":"EntryPoint","urlTemplate":"https:\/\/elearning.upt.ro\/ro\/?s={search_term_string}"},"query-input":{"@type":"PropertyValueSpecification","valueRequired":true,"valueName":"search_term_string"}}],"inLanguage":"ro-RO"}]}},"_links":{"self":[{"href":"https:\/\/elearning.upt.ro\/ro\/wp-json\/wp\/v2\/pages\/2935","targetHints":{"allow":["GET"]}}],"collection":[{"href":"https:\/\/elearning.upt.ro\/ro\/wp-json\/wp\/v2\/pages"}],"about":[{"href":"https:\/\/elearning.upt.ro\/ro\/wp-json\/wp\/v2\/types\/page"}],"author":[{"embeddable":true,"href":"https:\/\/elearning.upt.ro\/ro\/wp-json\/wp\/v2\/users\/1"}],"replies":[{"embeddable":true,"href":"https:\/\/elearning.upt.ro\/ro\/wp-json\/wp\/v2\/comments?post=2935"}],"version-history":[{"count":20,"href":"https:\/\/elearning.upt.ro\/ro\/wp-json\/wp\/v2\/pages\/2935\/revisions"}],"predecessor-version":[{"id":30307,"href":"https:\/\/elearning.upt.ro\/ro\/wp-json\/wp\/v2\/pages\/2935\/revisions\/30307"}],"up":[{"embeddable":true,"href":"https:\/\/elearning.upt.ro\/ro\/wp-json\/wp\/v2\/pages\/2796"}],"wp:attachment":[{"href":"https:\/\/elearning.upt.ro\/ro\/wp-json\/wp\/v2\/media?parent=2935"}],"curies":[{"name":"wp","href":"https:\/\/api.w.org\/{rel}","templated":true}]}}