{"id":2932,"date":"2018-01-13T17:52:13","date_gmt":"2018-01-13T17:52:13","guid":{"rendered":"http:\/\/new.elearning.upt.ro\/?page_id=2932"},"modified":"2026-02-06T12:36:44","modified_gmt":"2026-02-06T10:36:44","slug":"activitati","status":"publish","type":"page","link":"https:\/\/elearning.upt.ro\/ro\/cel-2\/activitati\/","title":{"rendered":"Activitati"},"content":{"rendered":"\t\t<div data-elementor-type=\"wp-page\" data-elementor-id=\"2932\" class=\"elementor elementor-2932\">\n\t\t\t\t\t\t<section class=\"elementor-section elementor-top-section elementor-element elementor-element-13c00fac elementor-section-boxed elementor-section-height-default elementor-section-height-default\" data-id=\"13c00fac\" data-element_type=\"section\" data-e-type=\"section\">\n\t\t\t\t\t\t<div class=\"elementor-container elementor-column-gap-default\">\n\t\t\t\t\t<div class=\"elementor-column elementor-col-100 elementor-top-column elementor-element elementor-element-6c6dbf9b\" data-id=\"6c6dbf9b\" data-element_type=\"column\" data-e-type=\"column\">\n\t\t\t<div class=\"elementor-widget-wrap elementor-element-populated\">\n\t\t\t\t\t\t<div class=\"elementor-element elementor-element-d86a45f elementor-widget elementor-widget-text-editor\" data-id=\"d86a45f\" data-element_type=\"widget\" data-e-type=\"widget\" data-widget_type=\"text-editor.default\">\n\t\t\t\t<div class=\"elementor-widget-container\">\n\t\t\t\t\t\t\t\t\t<p><strong>Academic<\/strong><\/p><p>Universitatea \u201cPolitehnica\u201d din Timi\u015foara prin Departamentul de ID\/IFR \u0219i Educa\u021bie digital\u0103 (DeL) organizeaz\u0103 \u015fi desf\u0103\u015foar\u0103 programele de studiu \u00een regim de \u00eenv\u0103\u0163\u0103m\u00e2nt la distan\u0163\u0103 \u015fi \u00eenv\u0103\u0163\u0103m\u00e2nt online la distan\u0163\u0103 pentru<\/p><ul><li><strong>Informatic\u0103<\/strong>, \u00een colaborare cu Facultatea de Automatic\u0103 \u0219i Calculatoare\u00a0 (licen\u021bia\u021bi \u00een informatic\u0103\u00a0 &#8211; 3 ani de studiu, ID)<\/li><li><strong>Tehnologii \u0219i Sisteme de Telecomunica\u021bii<\/strong>, \u00een colaborare cu Facultatea de Electronic\u0103, Telecomunica\u021bii \u0219i Tehnologii Informa\u021bionale (ingineri \u2013 4 ani de studiu, ID)<\/li><li><strong>Tehnologia Construc\u021biilor de Ma\u0219ini<\/strong>, \u00een colaborare cu Facultatea de Mecanic\u0103 (ingineri &#8211; 4 ani de studiu, IFR)<\/li><li><strong>Comunicare \u0219i Rela\u021bii Publice<\/strong>, \u00een colaborare cu Facultatea de \u0218tiin\u021be ale Comunic\u0103rii (licen\u021biat \u00een \u0218tiin\u021be ale Comunic\u0103rii &#8211; 3 ani de studiu, ID)<\/li><\/ul><p>Deasemenea, este implicata \u00een livrarea:<\/p><ul><li>International Master in Multimedia ( Master online interna\u0163ional \u00een limba englez\u0103 \u2013 2 ani de studiu)\u00a0<\/li><\/ul><p>\u00a0Admiterea se desf\u0103\u015foar\u0103 \u00een sesiunile iulie \u015fi septembrie.<\/p><p>DeL a dezvoltat Campusul Virtual al UPT, mediu educa\u021bional online de suport academic pentru toate facult\u0103\u021bile UPT \u0219i pentru \u00eenva\u0103\u021b\u0103m\u00e2ntul la distan\u021b\u0103. CVUPT a fost re-lansat in 2009 \u0219i se afl\u0103 \u00een gestionarea CeL.<\/p>\t\t\t\t\t\t\t\t<\/div>\n\t\t\t\t<\/div>\n\t\t\t\t<div class=\"elementor-element elementor-element-4127ddd7 elementor-widget elementor-widget-text-editor\" data-id=\"4127ddd7\" data-element_type=\"widget\" data-e-type=\"widget\" data-widget_type=\"text-editor.default\">\n\t\t\t\t<div class=\"elementor-widget-container\">\n\t\t\t\t\t\t\t\t\t<div class=\"cmidle subblue\"><div class=\"contentbox\"><h6><strong><a href=\"http:\/\/upt.ro\/Informatii_rapoarte_335_ro.html\" target=\"_blank\" rel=\"noopener noreferrer\">Informa\u021bii rapoarte UPT<\/a><\/strong><\/h6><h6><strong><a href=\"http:\/\/upt.ro\/img\/files\/rapoarte\/2014\/02_Raport_Rector_2014_Proces_invatamant.pdf\" target=\"_blank\" rel=\"noopener noreferrer\">Vezi raportul de activitate din anul 2014<\/a><\/strong><\/h6><h6><strong><a href=\"http:\/\/upt.ro\/img\/files\/rapoarte\/2015\/01_RR_2015_1.2_Proces_inv.pdf\" target=\"_blank\" rel=\"noopener noreferrer\">Vezi raportul de activitate din anul 2015<\/a><\/strong><\/h6><h6><strong><a href=\"http:\/\/upt.ro\/img\/files\/rapoarte\/2016\/rr\/01.2_RR_2016_Centrul_ID_IFR_e_Learning_.pdf\" target=\"_blank\" rel=\"noopener noreferrer\">Vezi raportul de activitate din anul 2016<\/a><\/strong><\/h6><h6><strong><a href=\"http:\/\/upt.ro\/img\/files\/rapoarte\/2017\/rr\/1.2_RR_2017_Centrul_ID_IFR_e_Learning.pdf\" target=\"_blank\" rel=\"noopener noreferrer\">Vezi raportul de activitate din anul 2017<\/a><\/strong><\/h6><h6 style=\"text-align: left;\"><strong><a href=\"https:\/\/2018.elearning.upt.ro\/\" target=\"_blank\" rel=\"noopener noreferrer\">Vezi raportul de activitate din anul 2018<\/a><\/strong><\/h6><h6 style=\"text-align: left;\"><strong><a href=\"https:\/\/2019.elearning.upt.ro\/\" target=\"_blank\" rel=\"noopener noreferrer\">Vezi raportul de activitate din anul 2019<\/a><\/strong><\/h6><h6 style=\"text-align: left;\"><a href=\"https:\/\/2020.elearning.upt.ro\/\" target=\"_blank\" rel=\"noopener\"><strong>Vezi raportul de activitate din anul 2020<\/strong><\/a><\/h6><h6 style=\"text-align: left;\"><a href=\"https:\/\/2021.elearning.upt.ro\/\" target=\"_blank\" rel=\"noopener\"><strong>Vezi raportul de activitate din anul 2021<\/strong><\/a><\/h6><h6 style=\"text-align: left;\"><a href=\"https:\/\/elearning.upt.ro\/wp-content\/uploads\/2024\/03\/Raport_Rector_-CEL_2022s.pdf\" target=\"_blank\" rel=\"noopener\"><strong>Vezi raportul de activitate din anul 2022<\/strong><\/a><\/h6><h6 style=\"text-align: left;\"><a href=\"https:\/\/elearning.upt.ro\/wp-content\/uploads\/2024\/03\/Raport_Rector_-CEL_2023s.pdf\"><strong>Vezi raportul de activitate din anul 2023<\/strong><\/a><\/h6><\/div><\/div>\t\t\t\t\t\t\t\t<\/div>\n\t\t\t\t<\/div>\n\t\t\t\t<div class=\"elementor-element elementor-element-1f29b7c elementor-widget elementor-widget-text-editor\" data-id=\"1f29b7c\" data-element_type=\"widget\" data-e-type=\"widget\" data-widget_type=\"text-editor.default\">\n\t\t\t\t<div class=\"elementor-widget-container\">\n\t\t\t\t\t\t\t\t\t<p><strong>Cercetare &#8211; cooperare<\/strong><\/p><p>\u00cenc\u0103 de la \u00eenfiin\u021bare, DeL a fost implicat \u00een 7 proiecte interna\u0163ionale finan\u0163ate de Uniunea European\u0103 \u015fi \u00een alte proiecte de cercetare. Rezultatele se reg\u0103sesc \u00een activitatea didactic\u0103 \u015fi academic\u0103, \u00een introducerea sistemului de e-learning.<\/p><p>DeL a fost primul care a introdus \u00een Rom\u00e2nia un mediu educa\u0163ional virtual (VLE), prin dezvoltarea \u015fi integrarea de module de online learning \u015fi mobile learning pentru studen\u0163ii de la specializ\u0103rile de formare academic\u0103. Dezvoltat\u0103 \u00eencep\u00e2nd cu 2000 de c\u0103tre speciali\u015ftii no\u015ftri, platforma DeL\u00a0 a\u00a0 fost constant modificata si imbuntatatita.<\/p><p>Acest mediu educa\u021bional este acum Campusul Virtual al UPT \u2013 CVUPT- un sistem bazat pe Moodle ce cuprinde:<\/p><ul><li>Management academic (LMS Learning Management System): interfa\u0163\u0103 de gestionare studen\u0163i, profesori, examene, rezultate, informa\u0163ii cursuri<\/li><li>Suport academic de \u00eenv\u0103\u0163are (CMS Course management system) : cursuri online , materiale de laborator online sau \u00een format electronic, podcasting<\/li><li>Comunicare \u0219i unelte web 2.0: forum, blog, wiki, messaging, SMS, etc.<\/li><\/ul><p>Incepand cu anul 2008 DeL este implicat \u00eentr-o serie de proiecte de fonduri structurale finan\u021bate de EU prin Fondul Social European.<\/p>\t\t\t\t\t\t\t\t<\/div>\n\t\t\t\t<\/div>\n\t\t\t\t\t<\/div>\n\t\t<\/div>\n\t\t\t\t\t<\/div>\n\t\t<\/section>\n\t\t\t\t<\/div>\n\t\t","protected":false},"excerpt":{"rendered":"<p>Academic Universitatea \u201cPolitehnica\u201d din Timi\u015foara prin Departamentul de ID\/IFR \u0219i Educa\u021bie digital\u0103 (DeL) organizeaz\u0103 \u015fi desf\u0103\u015foar\u0103 programele de studiu \u00een regim de \u00eenv\u0103\u0163\u0103m\u00e2nt la distan\u0163\u0103 \u015fi \u00eenv\u0103\u0163\u0103m\u00e2nt online la distan\u0163\u0103 pentru Informatic\u0103, \u00een colaborare cu Facultatea de Automatic\u0103 \u0219i Calculatoare\u00a0 (licen\u021bia\u021bi \u00een informatic\u0103\u00a0 &#8211; 3 ani de studiu, ID) Tehnologii \u0219i Sisteme de Telecomunica\u021bii, \u00een [&hellip;]<\/p>\n","protected":false},"author":1,"featured_media":0,"parent":2796,"menu_order":0,"comment_status":"closed","ping_status":"closed","template":"","meta":{"footnotes":""},"class_list":["post-2932","page","type-page","status-publish","hentry"],"yoast_head":"<!-- This site is optimized with the Yoast SEO plugin v27.3 - https:\/\/yoast.com\/product\/yoast-seo-wordpress\/ -->\n<title>Activitati - Universitatea Politehnica Timi\u015foara Departamentul de ID\/IFR \u0219i Educa\u021bie Digital\u0103 \u2013 DeL<\/title>\n<meta name=\"robots\" content=\"index, follow, max-snippet:-1, max-image-preview:large, max-video-preview:-1\" \/>\n<link rel=\"canonical\" href=\"https:\/\/elearning.upt.ro\/ro\/cel-2\/activitati\/\" \/>\n<meta property=\"og:locale\" content=\"ro_RO\" \/>\n<meta property=\"og:type\" content=\"article\" \/>\n<meta property=\"og:title\" content=\"Activitati - Universitatea Politehnica Timi\u015foara Departamentul de ID\/IFR \u0219i Educa\u021bie Digital\u0103 \u2013 DeL\" \/>\n<meta property=\"og:description\" content=\"Academic Universitatea \u201cPolitehnica\u201d din Timi\u015foara prin Departamentul de ID\/IFR \u0219i Educa\u021bie digital\u0103 (DeL) organizeaz\u0103 \u015fi desf\u0103\u015foar\u0103 programele de studiu \u00een regim de \u00eenv\u0103\u0163\u0103m\u00e2nt la distan\u0163\u0103 \u015fi \u00eenv\u0103\u0163\u0103m\u00e2nt online la distan\u0163\u0103 pentru Informatic\u0103, \u00een colaborare cu Facultatea de Automatic\u0103 \u0219i Calculatoare\u00a0 (licen\u021bia\u021bi \u00een informatic\u0103\u00a0 &#8211; 3 ani de studiu, ID) Tehnologii \u0219i Sisteme de Telecomunica\u021bii, \u00een [&hellip;]\" \/>\n<meta property=\"og:url\" content=\"https:\/\/elearning.upt.ro\/ro\/cel-2\/activitati\/\" \/>\n<meta property=\"og:site_name\" content=\"Universitatea Politehnica Timi\u015foara Departamentul de ID\/IFR \u0219i Educa\u021bie Digital\u0103 \u2013 DeL\" \/>\n<meta property=\"article:publisher\" content=\"https:\/\/www.facebook.com\/CIDUPT\/?ref=page_internal\" \/>\n<meta property=\"article:modified_time\" content=\"2026-02-06T10:36:44+00:00\" \/>\n<meta name=\"twitter:card\" content=\"summary_large_image\" \/>\n<meta name=\"twitter:label1\" content=\"Est. reading time\" \/>\n\t<meta name=\"twitter:data1\" content=\"2 minutes\" \/>\n<script type=\"application\/ld+json\" class=\"yoast-schema-graph\">{\"@context\":\"https:\\\/\\\/schema.org\",\"@graph\":[{\"@type\":\"WebPage\",\"@id\":\"https:\\\/\\\/elearning.upt.ro\\\/cel-2\\\/activitati\\\/\",\"url\":\"https:\\\/\\\/elearning.upt.ro\\\/cel-2\\\/activitati\\\/\",\"name\":\"Activitati - Universitatea Politehnica Timi\u015foara Departamentul de ID\\\/IFR \u0219i Educa\u021bie Digital\u0103 \u2013 DeL\",\"isPartOf\":{\"@id\":\"https:\\\/\\\/elearning.upt.ro\\\/ro\\\/#website\"},\"datePublished\":\"2018-01-13T17:52:13+00:00\",\"dateModified\":\"2026-02-06T10:36:44+00:00\",\"breadcrumb\":{\"@id\":\"https:\\\/\\\/elearning.upt.ro\\\/cel-2\\\/activitati\\\/#breadcrumb\"},\"inLanguage\":\"ro-RO\",\"potentialAction\":[{\"@type\":\"ReadAction\",\"target\":[\"https:\\\/\\\/elearning.upt.ro\\\/cel-2\\\/activitati\\\/\"]}]},{\"@type\":\"BreadcrumbList\",\"@id\":\"https:\\\/\\\/elearning.upt.ro\\\/cel-2\\\/activitati\\\/#breadcrumb\",\"itemListElement\":[{\"@type\":\"ListItem\",\"position\":1,\"name\":\"Home\",\"item\":\"https:\\\/\\\/elearning.upt.ro\\\/\"},{\"@type\":\"ListItem\",\"position\":2,\"name\":\"Despre DeL\",\"item\":\"https:\\\/\\\/elearning.upt.ro\\\/cel-2\\\/\"},{\"@type\":\"ListItem\",\"position\":3,\"name\":\"Activitati\"}]},{\"@type\":\"WebSite\",\"@id\":\"https:\\\/\\\/elearning.upt.ro\\\/ro\\\/#website\",\"url\":\"https:\\\/\\\/elearning.upt.ro\\\/ro\\\/\",\"name\":\"Universitatea Politehnica Timi\u015foara Departamentul de ID\\\/IFR \u0219i Educa\u021bie Digital\u0103 \u2013 DeL\",\"description\":\"\",\"potentialAction\":[{\"@type\":\"SearchAction\",\"target\":{\"@type\":\"EntryPoint\",\"urlTemplate\":\"https:\\\/\\\/elearning.upt.ro\\\/ro\\\/?s={search_term_string}\"},\"query-input\":{\"@type\":\"PropertyValueSpecification\",\"valueRequired\":true,\"valueName\":\"search_term_string\"}}],\"inLanguage\":\"ro-RO\"}]}<\/script>\n<!-- \/ Yoast SEO plugin. -->","yoast_head_json":{"title":"Activitati - Universitatea Politehnica Timi\u015foara Departamentul de ID\/IFR \u0219i Educa\u021bie Digital\u0103 \u2013 DeL","robots":{"index":"index","follow":"follow","max-snippet":"max-snippet:-1","max-image-preview":"max-image-preview:large","max-video-preview":"max-video-preview:-1"},"canonical":"https:\/\/elearning.upt.ro\/ro\/cel-2\/activitati\/","og_locale":"ro_RO","og_type":"article","og_title":"Activitati - Universitatea Politehnica Timi\u015foara Departamentul de ID\/IFR \u0219i Educa\u021bie Digital\u0103 \u2013 DeL","og_description":"Academic Universitatea \u201cPolitehnica\u201d din Timi\u015foara prin Departamentul de ID\/IFR \u0219i Educa\u021bie digital\u0103 (DeL) organizeaz\u0103 \u015fi desf\u0103\u015foar\u0103 programele de studiu \u00een regim de \u00eenv\u0103\u0163\u0103m\u00e2nt la distan\u0163\u0103 \u015fi \u00eenv\u0103\u0163\u0103m\u00e2nt online la distan\u0163\u0103 pentru Informatic\u0103, \u00een colaborare cu Facultatea de Automatic\u0103 \u0219i Calculatoare\u00a0 (licen\u021bia\u021bi \u00een informatic\u0103\u00a0 &#8211; 3 ani de studiu, ID) Tehnologii \u0219i Sisteme de Telecomunica\u021bii, \u00een [&hellip;]","og_url":"https:\/\/elearning.upt.ro\/ro\/cel-2\/activitati\/","og_site_name":"Universitatea Politehnica Timi\u015foara Departamentul de ID\/IFR \u0219i Educa\u021bie Digital\u0103 \u2013 DeL","article_publisher":"https:\/\/www.facebook.com\/CIDUPT\/?ref=page_internal","article_modified_time":"2026-02-06T10:36:44+00:00","twitter_card":"summary_large_image","twitter_misc":{"Est. reading time":"2 minutes"},"schema":{"@context":"https:\/\/schema.org","@graph":[{"@type":"WebPage","@id":"https:\/\/elearning.upt.ro\/cel-2\/activitati\/","url":"https:\/\/elearning.upt.ro\/cel-2\/activitati\/","name":"Activitati - Universitatea Politehnica Timi\u015foara Departamentul de ID\/IFR \u0219i Educa\u021bie Digital\u0103 \u2013 DeL","isPartOf":{"@id":"https:\/\/elearning.upt.ro\/ro\/#website"},"datePublished":"2018-01-13T17:52:13+00:00","dateModified":"2026-02-06T10:36:44+00:00","breadcrumb":{"@id":"https:\/\/elearning.upt.ro\/cel-2\/activitati\/#breadcrumb"},"inLanguage":"ro-RO","potentialAction":[{"@type":"ReadAction","target":["https:\/\/elearning.upt.ro\/cel-2\/activitati\/"]}]},{"@type":"BreadcrumbList","@id":"https:\/\/elearning.upt.ro\/cel-2\/activitati\/#breadcrumb","itemListElement":[{"@type":"ListItem","position":1,"name":"Home","item":"https:\/\/elearning.upt.ro\/"},{"@type":"ListItem","position":2,"name":"Despre DeL","item":"https:\/\/elearning.upt.ro\/cel-2\/"},{"@type":"ListItem","position":3,"name":"Activitati"}]},{"@type":"WebSite","@id":"https:\/\/elearning.upt.ro\/ro\/#website","url":"https:\/\/elearning.upt.ro\/ro\/","name":"Universitatea Politehnica Timi\u015foara Departamentul de ID\/IFR \u0219i Educa\u021bie Digital\u0103 \u2013 DeL","description":"","potentialAction":[{"@type":"SearchAction","target":{"@type":"EntryPoint","urlTemplate":"https:\/\/elearning.upt.ro\/ro\/?s={search_term_string}"},"query-input":{"@type":"PropertyValueSpecification","valueRequired":true,"valueName":"search_term_string"}}],"inLanguage":"ro-RO"}]}},"_links":{"self":[{"href":"https:\/\/elearning.upt.ro\/ro\/wp-json\/wp\/v2\/pages\/2932","targetHints":{"allow":["GET"]}}],"collection":[{"href":"https:\/\/elearning.upt.ro\/ro\/wp-json\/wp\/v2\/pages"}],"about":[{"href":"https:\/\/elearning.upt.ro\/ro\/wp-json\/wp\/v2\/types\/page"}],"author":[{"embeddable":true,"href":"https:\/\/elearning.upt.ro\/ro\/wp-json\/wp\/v2\/users\/1"}],"replies":[{"embeddable":true,"href":"https:\/\/elearning.upt.ro\/ro\/wp-json\/wp\/v2\/comments?post=2932"}],"version-history":[{"count":48,"href":"https:\/\/elearning.upt.ro\/ro\/wp-json\/wp\/v2\/pages\/2932\/revisions"}],"predecessor-version":[{"id":30306,"href":"https:\/\/elearning.upt.ro\/ro\/wp-json\/wp\/v2\/pages\/2932\/revisions\/30306"}],"up":[{"embeddable":true,"href":"https:\/\/elearning.upt.ro\/ro\/wp-json\/wp\/v2\/pages\/2796"}],"wp:attachment":[{"href":"https:\/\/elearning.upt.ro\/ro\/wp-json\/wp\/v2\/media?parent=2932"}],"curies":[{"name":"wp","href":"https:\/\/api.w.org\/{rel}","templated":true}]}}