{"id":2868,"date":"2018-01-12T19:21:29","date_gmt":"2018-01-12T19:21:29","guid":{"rendered":"http:\/\/new.elearning.upt.ro\/?page_id=2868"},"modified":"2026-02-06T13:01:23","modified_gmt":"2026-02-06T11:01:23","slug":"informatii","status":"publish","type":"page","link":"https:\/\/elearning.upt.ro\/ro\/programele-de-studiu\/licenta\/informatii\/","title":{"rendered":"Informa\u021bii licen\u021b\u0103"},"content":{"rendered":"\t\t<div data-elementor-type=\"wp-page\" data-elementor-id=\"2868\" class=\"elementor elementor-2868\">\n\t\t\t\t\t\t<section class=\"elementor-section elementor-top-section elementor-element elementor-element-7ed7fff elementor-section-boxed elementor-section-height-default elementor-section-height-default\" data-id=\"7ed7fff\" data-element_type=\"section\" data-e-type=\"section\">\n\t\t\t\t\t\t<div class=\"elementor-container elementor-column-gap-default\">\n\t\t\t\t\t<div class=\"elementor-column elementor-col-100 elementor-top-column elementor-element elementor-element-715b1be\" data-id=\"715b1be\" data-element_type=\"column\" data-e-type=\"column\">\n\t\t\t<div class=\"elementor-widget-wrap elementor-element-populated\">\n\t\t\t\t\t\t<div class=\"elementor-element elementor-element-c61ab25 elementor-widget elementor-widget-text-editor\" data-id=\"c61ab25\" data-element_type=\"widget\" data-e-type=\"widget\" data-widget_type=\"text-editor.default\">\n\t\t\t\t<div class=\"elementor-widget-container\">\n\t\t\t\t\t\t\t\t\t<p>HS. nr. 2\/29.01.2026: <a href=\"https:\/\/elearning.upt.ro\/wp-content\/uploads\/2026\/02\/HS-nr.-2-din-29.01.2026.pdf\" target=\"_blank\" rel=\"noopener\"><em><strong>Regulamentul privind organizarea \u0219i desf\u0103\u0219urarea examenelor de licen\u021b\u0103\/diplom\u0103 \u0219i diserta\u021bie \u00een Universitatea Politehnica Timi\u0219oara, sesiunile iulie \u0219i septembrie 2026<\/strong><\/em><\/a><\/p>\t\t\t\t\t\t\t\t<\/div>\n\t\t\t\t<\/div>\n\t\t\t\t\t<\/div>\n\t\t<\/div>\n\t\t\t\t\t<\/div>\n\t\t<\/section>\n\t\t\t\t<section class=\"elementor-section elementor-top-section elementor-element elementor-element-2b094e40 elementor-section-boxed elementor-section-height-default elementor-section-height-default\" data-id=\"2b094e40\" data-element_type=\"section\" data-e-type=\"section\">\n\t\t\t\t\t\t<div class=\"elementor-container elementor-column-gap-default\">\n\t\t\t\t\t<div class=\"elementor-column elementor-col-100 elementor-top-column elementor-element elementor-element-555a0b28\" data-id=\"555a0b28\" data-element_type=\"column\" data-e-type=\"column\">\n\t\t\t<div class=\"elementor-widget-wrap elementor-element-populated\">\n\t\t\t\t\t\t<div class=\"elementor-element elementor-element-581b324e elementor-widget elementor-widget-text-editor\" data-id=\"581b324e\" data-element_type=\"widget\" data-e-type=\"widget\" data-widget_type=\"text-editor.default\">\n\t\t\t\t<div class=\"elementor-widget-container\">\n\t\t\t\t\t\t\t\t\t<h2 class=\"titlu colorgreen\">Informa\u021bii generale licen\u021b\u0103<\/h2><p>Universitatea Politehnica Timisoara, prin Centrul ID\/IFR \u0219i e-Learning (CeL) organizeaza \u0219i desfasoar\u0103\u00a0<strong>programele de studiu \u00een regim de\u00a0<\/strong><strong>\u00a0\u00eenv\u0103\u021b\u0103m\u00e2nt la distan\u021b\u0103\u00a0<\/strong><strong>sau\u00a0<\/strong><strong>\u00eenv\u0103\u021b\u0103m\u00e2nt cu frecven\u021b\u0103 redus\u0103\u00a0<\/strong>pentru specializ\u0103rile:<\/p><ul><li><strong>Informatic\u0103<\/strong>, in colaborare cu Facultatea de Automatica si Calculatoare\u00a0 (licen\u021bia\u021bi \u00een informatic\u0103 &#8211; 3 ani de studiu) &#8211;\u00a0\u00a0\u00eenv\u0103\u021b\u0103m\u00e2nt la distan\u021b\u0103<\/li><li><strong>Tehnologii si Sisteme de Telecomunicatii<\/strong>, in colaborare cu Facultatea de Electronica, Telecomunicatii si Tehnologii Informationale \u00a0(licen\u021b\u0103 &#8211;\u00a0ingineri &#8211; 4 ani de studiu) &#8211;\u00a0\u00a0\u00eenv\u0103\u021b\u0103m\u00e2nt la distan\u021b\u0103<\/li><li><strong>Comunicare \u0219i Rela\u021bii Publice\u00a0<\/strong>\u2013 in colaborare cu Facultatea de \u015etiin\u0163e ale Comunic\u0103rii\u00a0(licen\u021b\u0103\u00a0&#8211; 3 ani de studiu) &#8211;\u00a0\u00a0\u00eenv\u0103\u021b\u0103m\u00e2nt la distan\u021b\u0103<\/li><li><strong>Tehnologia Construc\u021biilor de Ma\u0219ini<\/strong>\u00a0\u2013 in colaborare cu Facultatea de Mecanic\u0103 (licen\u021b\u0103 &#8211; ingineri &#8211; 4 ani de studiu) &#8211;\u00a0\u00a0\u00eenv\u0103\u021b\u0103m\u00e2nt cu frecven\u021b\u0103 redus\u0103<\/li><\/ul><p>Programele de studiu sunt acreditate de catre ARACIS si confera aceeasi diploma ca si in cazul studiilor la forma de invatamant cu frecventa.<\/p><p>Curricula, cursurile sunt identice cu cele de la forma de invatamant de zi, iar tutorizarea va fi efectuata de catre aceleasi cadre didactice care desfasoara cursuri la forma de invatamant de zi.<br \/>Disciplinele din planul de invatamant pentru cei 3 sau 4 ani se gasesc la sectiunea Curricula:<br \/><a href=\"http:\/\/new.elearning.upt.ro\/?page_id=3082\">http:\/\/new.elearning.upt.ro\/?page_id=3082<\/a>\u00a0cat si in\u00a0<a href=\"http:\/\/elearning.upt.ro\/assets\/upload\/content\/Brosura_Romana_si_ID.pdf\">Brosura ETC<\/a><\/p><p>Avantaje ale desfasurarii cursurilor prin invatamant la distanta:<\/p><ul><li>cursuri desfasurate online prin platforma Campus Virtual al UPT (<a href=\"http:\/\/cv.upt.ro\/\">www.cv.upt.ro<\/a>)<\/li><li>administrare online note si teme\/proiecte<\/li><li>4 intalniri in Universitate, in fiecare semestru, pe durata weekend-urilor pentru Invatamant la distanta si 2 intalniri in fiecare luna pentru invatamant cu frecventa redusa (specializare Tehnologia Constructiilor de Masini)<\/li><\/ul><p>Studentii ID beneficiaza de suport complet online pe durata studiilor, prin intermediul\u00a0<a href=\"http:\/\/cv.upt.ro\/\">Campusului Virtual<\/a>: material de curs, teme si activitati, note examene, comunicare si interactiune directa.<\/p><p><strong>Tehnologia Sistemelor de Telecomunicatii<\/strong><\/p><p>Absolventii acestei specializari vor deveni specialisti de inalta performanta si competenta cu o buna pregatire fundamentala in domeniul electronicii si telecomunicatiilor, dar in egala masura pregatiti si in domenii conexe astfel incat sa se integreze rapid in economia de piata.<\/p><p>Ei vor beneficia de pregatire de inalt nivel in domenii de actualitate pe piata muncii: transmisii integrate de date si voce, tehnologii audio-video si multimedia, programare web, retele de telecomunicatii, telefonie fixa si mobila, dezvoltare de baze de date online.<\/p><p>Electronica si sistemele de telecomunicatii se regasesc in aproape toate domeniile de activitate ale vietii moderne si au un impact deosebit in activitatea umana zilnica: calculatorul, telefonia, telefonul mobil, Internetul, televizorul, echipamentele audio-video, echipamentele de comunicatii, de satelit etc.\u00a0\u00a0 O serie de cursuri permit studentilor sa aprofundeze domenii specifice cum ar fi sisteme integrate de telecomunicatii, retele de comunicatii sau multimedia. Studentii in an terminal au posibilitatea de a-si face lucrarea de diploma in strainate sau in colaborare cu firme importante din domeniu. Inginerii specialisti in electronica si telecomunicatii pot deveni: specialisti in telecomunicatii mobile, dezvoltatori de retele de comunicatii, calculatoare sau de centrale, dezvoltatori de aplicatii audio-video, TV, dezvoltatori multimedia sau aplicatii Web. Toti absolventii ultimelor generatii si-au gasit locuri de munca in domeniu.<br \/><a href=\"http:\/\/www.etc.upt.ro\/invatamant\/ingineri\/\" target=\"_blank\" rel=\"noopener noreferrer\">http:\/\/www.etc.upt.ro\/invatamant\/ingineri\/<\/a><\/p><p><strong>Informatica<\/strong><\/p><p>Absolventii acestei specializari vor deveni specialisti informaticieni. Informaticianul in formare trebuie sa poata gasi solutii complete pentru problemele practice de prelucrare a datelor si pe baza conceptelor generale ale informaticii si stiintei calculatoarelor. Pentru aceasta trebuie sa stapaneasca pe langa bazele teoretice ale informaticii si posibilitatile utilizarii practice a acestora. El va trebui sa cunoasca si sa inteleaga un spectru larg de aplicatii din tehnica, respectiv economie.<\/p><p>Informaticianul gaseste un larg domeniu de activitate in diverse domenii ale tehnicii si economiei.<br \/>Ei vor beneficia de pregatire de inalt nivel in domenii de actualitate pe piata muncii: medii de programare, dezvoltare si administrare sisteme informatice, administrare de retea, dezvoltare de aplicatii web.<\/p><p>Diploma de informatician ofera posibilitatea de a exercita o gama larga de ocupatii in acest domeniu, cum sunt: dezvoltatori si administratori de sisteme informatice, specialisti in securitatea calculatoarelor, analisti de programe, administratori de retea, specialisti in asigurarea calitatii software si testare, administratori de site-uri Web, dezvoltatori de aplicatii Web, profesori de informatica.<br \/><a href=\"http:\/\/www.ac.upt.ro\/uploads\/admitere-2011\/prezentare-info-id.html\" target=\"_blank\" rel=\"noopener noreferrer\">http:\/\/www.ac.upt.ro\/uploads\/admitere-2011\/prezentare-info-id.html<\/a><\/p><p><strong>Comunicare \u015fi rela\u0163ii publice<\/strong><\/p><p>\u015etiin\u0163ele comunic\u0103rii ocup\u0103 un loc distinct \u00een aria disciplinelor socio-umane, oferind solu\u0163ii pentru realizarea eficient\u0103 a leg\u0103turilor cu mediul interpersonal, profesional, societal. \u00cen societatea contemporan\u0103, comunicarea a devenit una dintre no\u0163iunile-cheie, al\u0103turi de concepte precum identitate, imagine, rela\u0163ie, mediere sau semnifica\u0163ie. O consecin\u0163\u0103 vizibil\u0103 a recunoa\u015fterii importan\u0163ei comunic\u0103rii este apari\u0163ia profesiei de comunicator (specialist \u00een rela\u0163ii publice, PR manager sau consilier de imagine).<\/p><p>Misiunea programului este de a forma absolven\u0163i capabili s\u0103 activeze ca speciali\u015fti \u00een comunicare \u015fi rela\u0163ii publice pentru activit\u0103\u0163i specifice ocupa\u0163iei, desf\u0103\u015furate \u00een institu\u0163ii, societ\u0103\u0163i comerciale, partide \u015fi organiza\u0163ii politice, organiza\u0163ii non-guvernamentale etc. Ace\u015fti speciali\u015fti vor de\u0163ine competen\u0163e \u015fi abilit\u0103\u0163i \u00een crearea \u015fi gestionarea imaginii organiza\u0163iilor, \u00een medierea \u015fi negocierea conflictelor ca \u015fi \u00een producerea de mesaje \u00een limba rom\u00e2n\u0103 \u015fi \u00een una (dou\u0103) limbi de circula\u0163ie interna\u0163ional\u0103.<br \/><a href=\"http:\/\/elearning.upt.ro\/assets\/upload\/content\/ID_SC_CRP.pdf\" target=\"_blank\" rel=\"noopener noreferrer\">http:\/\/elearning.upt.ro\/assets\/upload\/content\/ID_SC_CRP.pdf<\/a><\/p><p><strong>Tehnologia Construc\u0163iilor de Ma\u015fini<\/strong><\/p><p>Specializarea Tehnologia Construc\u0163iilor de Ma\u015fini (TCM) define\u015fte o profesie adaptat\u0103 evolu\u0163iei economice prezente \u015fi viitoare, conectat\u0103 la practica european\u0103 \u015fi mondial\u0103, \u00een care inginerului mecanic, pe l\u00e2ng\u0103 instruirea tehnic\u0103 de baz\u0103 de profil Inginerie Industriala, i se formeaz\u0103 competen\u0163e opera\u0163ionale pentru sectorul productiv \u00een general dar \u015fi pentru sfera serviciilor \u015fi de promovare produs.<\/p><p>Profilul profesional al inginerului TCM ofer\u0103 absolven\u0163ilor no\u015ftrii posibilit\u0103\u0163i diversificate de integrare pe pia\u0163a muncii \u00een sectoare industriale sau de prest\u0103ri de servicii cum ar fi: produc\u0163ia de componente, subansambluri sau produse industriale sau manufacturiere, pentru industria de autovehicule (automotive), energetic\u0103, transporturi aeriene, navale sau feroviare, echipamente industriale, produse electrocasnice, aparate de m\u0103sur\u0103 \u015fi control, mecanic\u0103 auto, \u00eentre\u0163inere \u015fi repara\u0163ii \u00een domeniul mecanic.<br \/><a href=\"http:\/\/elearning.upt.ro\/assets\/upload\/content\/IFR_MEC_TCM.pdf\" target=\"_blank\" rel=\"noopener noreferrer\">http:\/\/elearning.upt.ro\/assets\/upload\/content\/IFR_MEC_TCM.pdf\u00a0<\/a><\/p><p><strong>Informa\u021bii despre admiterea la specializ\u0103rile\u00a0<\/strong><strong>Tehnologii \u0219i Sisteme de Telecomunica\u021bii (4 ani &#8211; \u00eenv\u0103\u021b\u0103m\u00e2nt la distan\u021b\u0103),\u00a0<\/strong><strong>Informatic\u0103 (3 ani \u2013 \u00eenv\u0103\u021b\u0103m\u00e2nt la distan\u021b\u0103),\u00a0<\/strong><strong>Comunicare \u0219i Rela\u021bii Publice (3 ani \u00a0&#8211; \u00eenv\u0103\u021b\u0103m\u00e2nt la distan\u021b\u0103) \u0219i\u00a0<\/strong><strong>Tehnologia Construc\u021biilor de Ma\u0219ini (4 ani &#8211; \u00eenv\u0103\u021b\u0103m\u00e2nt cu frecven\u021b\u0103 redus\u0103)\u00a0<\/strong><strong>din cadrul Universit\u0103\u021bii Politehnica Timi\u0219oara g\u0103si\u021bi\u00a0la sec\u021biunea\u00a0<\/strong><a href=\"http:\/\/new.elearning.upt.ro\/?page_id=2975\">Admitere<\/a>.<\/p>\t\t\t\t\t\t\t\t<\/div>\n\t\t\t\t<\/div>\n\t\t\t\t\t<\/div>\n\t\t<\/div>\n\t\t\t\t\t<\/div>\n\t\t<\/section>\n\t\t\t\t<\/div>\n\t\t","protected":false},"excerpt":{"rendered":"<p>HS. nr. 2\/29.01.2026: Regulamentul privind organizarea \u0219i desf\u0103\u0219urarea examenelor de licen\u021b\u0103\/diplom\u0103 \u0219i diserta\u021bie \u00een Universitatea Politehnica Timi\u0219oara, sesiunile iulie \u0219i septembrie 2026 Informa\u021bii generale licen\u021b\u0103 Universitatea Politehnica Timisoara, prin Centrul ID\/IFR \u0219i e-Learning (CeL) organizeaza \u0219i desfasoar\u0103\u00a0programele de studiu \u00een regim de\u00a0\u00a0\u00eenv\u0103\u021b\u0103m\u00e2nt la distan\u021b\u0103\u00a0sau\u00a0\u00eenv\u0103\u021b\u0103m\u00e2nt cu frecven\u021b\u0103 redus\u0103\u00a0pentru specializ\u0103rile: Informatic\u0103, in colaborare cu Facultatea de Automatica [&hellip;]<\/p>\n","protected":false},"author":1,"featured_media":0,"parent":2865,"menu_order":0,"comment_status":"closed","ping_status":"closed","template":"","meta":{"footnotes":""},"class_list":["post-2868","page","type-page","status-publish","hentry"],"yoast_head":"<!-- This site is optimized with the Yoast SEO plugin v27.3 - https:\/\/yoast.com\/product\/yoast-seo-wordpress\/ -->\n<title>Informa\u021bii licen\u021b\u0103 - Universitatea Politehnica Timi\u015foara Departamentul de ID\/IFR \u0219i Educa\u021bie Digital\u0103 \u2013 DeL<\/title>\n<meta name=\"robots\" content=\"index, follow, max-snippet:-1, max-image-preview:large, max-video-preview:-1\" \/>\n<link rel=\"canonical\" href=\"https:\/\/elearning.upt.ro\/ro\/programele-de-studiu\/licenta\/informatii\/\" \/>\n<meta property=\"og:locale\" content=\"ro_RO\" \/>\n<meta property=\"og:type\" content=\"article\" \/>\n<meta property=\"og:title\" content=\"Informa\u021bii licen\u021b\u0103 - Universitatea Politehnica Timi\u015foara Departamentul de ID\/IFR \u0219i Educa\u021bie Digital\u0103 \u2013 DeL\" \/>\n<meta property=\"og:description\" content=\"HS. nr. 2\/29.01.2026: Regulamentul privind organizarea \u0219i desf\u0103\u0219urarea examenelor de licen\u021b\u0103\/diplom\u0103 \u0219i diserta\u021bie \u00een Universitatea Politehnica Timi\u0219oara, sesiunile iulie \u0219i septembrie 2026 Informa\u021bii generale licen\u021b\u0103 Universitatea Politehnica Timisoara, prin Centrul ID\/IFR \u0219i e-Learning (CeL) organizeaza \u0219i desfasoar\u0103\u00a0programele de studiu \u00een regim de\u00a0\u00a0\u00eenv\u0103\u021b\u0103m\u00e2nt la distan\u021b\u0103\u00a0sau\u00a0\u00eenv\u0103\u021b\u0103m\u00e2nt cu frecven\u021b\u0103 redus\u0103\u00a0pentru specializ\u0103rile: Informatic\u0103, in colaborare cu Facultatea de Automatica [&hellip;]\" \/>\n<meta property=\"og:url\" content=\"https:\/\/elearning.upt.ro\/ro\/programele-de-studiu\/licenta\/informatii\/\" \/>\n<meta property=\"og:site_name\" content=\"Universitatea Politehnica Timi\u015foara Departamentul de ID\/IFR \u0219i Educa\u021bie Digital\u0103 \u2013 DeL\" \/>\n<meta property=\"article:publisher\" content=\"https:\/\/www.facebook.com\/CIDUPT\/?ref=page_internal\" \/>\n<meta property=\"article:modified_time\" content=\"2026-02-06T11:01:23+00:00\" \/>\n<meta name=\"twitter:card\" content=\"summary_large_image\" \/>\n<meta name=\"twitter:label1\" content=\"Est. reading time\" \/>\n\t<meta name=\"twitter:data1\" content=\"6 minutes\" \/>\n<script type=\"application\/ld+json\" class=\"yoast-schema-graph\">{\"@context\":\"https:\\\/\\\/schema.org\",\"@graph\":[{\"@type\":\"WebPage\",\"@id\":\"https:\\\/\\\/elearning.upt.ro\\\/programele-de-studiu\\\/licenta\\\/informatii\\\/\",\"url\":\"https:\\\/\\\/elearning.upt.ro\\\/programele-de-studiu\\\/licenta\\\/informatii\\\/\",\"name\":\"Informa\u021bii licen\u021b\u0103 - Universitatea Politehnica Timi\u015foara Departamentul de ID\\\/IFR \u0219i Educa\u021bie Digital\u0103 \u2013 DeL\",\"isPartOf\":{\"@id\":\"https:\\\/\\\/elearning.upt.ro\\\/ro\\\/#website\"},\"datePublished\":\"2018-01-12T19:21:29+00:00\",\"dateModified\":\"2026-02-06T11:01:23+00:00\",\"breadcrumb\":{\"@id\":\"https:\\\/\\\/elearning.upt.ro\\\/programele-de-studiu\\\/licenta\\\/informatii\\\/#breadcrumb\"},\"inLanguage\":\"ro-RO\",\"potentialAction\":[{\"@type\":\"ReadAction\",\"target\":[\"https:\\\/\\\/elearning.upt.ro\\\/programele-de-studiu\\\/licenta\\\/informatii\\\/\"]}]},{\"@type\":\"BreadcrumbList\",\"@id\":\"https:\\\/\\\/elearning.upt.ro\\\/programele-de-studiu\\\/licenta\\\/informatii\\\/#breadcrumb\",\"itemListElement\":[{\"@type\":\"ListItem\",\"position\":1,\"name\":\"Home\",\"item\":\"https:\\\/\\\/elearning.upt.ro\\\/\"},{\"@type\":\"ListItem\",\"position\":2,\"name\":\"Educa\u021bie\",\"item\":\"https:\\\/\\\/elearning.upt.ro\\\/ro\\\/programele-de-studiu\\\/\"},{\"@type\":\"ListItem\",\"position\":3,\"name\":\"Licenta\",\"item\":\"https:\\\/\\\/elearning.upt.ro\\\/ro\\\/programele-de-studiu\\\/licenta\\\/\"},{\"@type\":\"ListItem\",\"position\":4,\"name\":\"Informa\u021bii licen\u021b\u0103\"}]},{\"@type\":\"WebSite\",\"@id\":\"https:\\\/\\\/elearning.upt.ro\\\/ro\\\/#website\",\"url\":\"https:\\\/\\\/elearning.upt.ro\\\/ro\\\/\",\"name\":\"Universitatea Politehnica Timi\u015foara Departamentul de ID\\\/IFR \u0219i Educa\u021bie Digital\u0103 \u2013 DeL\",\"description\":\"\",\"potentialAction\":[{\"@type\":\"SearchAction\",\"target\":{\"@type\":\"EntryPoint\",\"urlTemplate\":\"https:\\\/\\\/elearning.upt.ro\\\/ro\\\/?s={search_term_string}\"},\"query-input\":{\"@type\":\"PropertyValueSpecification\",\"valueRequired\":true,\"valueName\":\"search_term_string\"}}],\"inLanguage\":\"ro-RO\"}]}<\/script>\n<!-- \/ Yoast SEO plugin. -->","yoast_head_json":{"title":"Informa\u021bii licen\u021b\u0103 - Universitatea Politehnica Timi\u015foara Departamentul de ID\/IFR \u0219i Educa\u021bie Digital\u0103 \u2013 DeL","robots":{"index":"index","follow":"follow","max-snippet":"max-snippet:-1","max-image-preview":"max-image-preview:large","max-video-preview":"max-video-preview:-1"},"canonical":"https:\/\/elearning.upt.ro\/ro\/programele-de-studiu\/licenta\/informatii\/","og_locale":"ro_RO","og_type":"article","og_title":"Informa\u021bii licen\u021b\u0103 - Universitatea Politehnica Timi\u015foara Departamentul de ID\/IFR \u0219i Educa\u021bie Digital\u0103 \u2013 DeL","og_description":"HS. nr. 2\/29.01.2026: Regulamentul privind organizarea \u0219i desf\u0103\u0219urarea examenelor de licen\u021b\u0103\/diplom\u0103 \u0219i diserta\u021bie \u00een Universitatea Politehnica Timi\u0219oara, sesiunile iulie \u0219i septembrie 2026 Informa\u021bii generale licen\u021b\u0103 Universitatea Politehnica Timisoara, prin Centrul ID\/IFR \u0219i e-Learning (CeL) organizeaza \u0219i desfasoar\u0103\u00a0programele de studiu \u00een regim de\u00a0\u00a0\u00eenv\u0103\u021b\u0103m\u00e2nt la distan\u021b\u0103\u00a0sau\u00a0\u00eenv\u0103\u021b\u0103m\u00e2nt cu frecven\u021b\u0103 redus\u0103\u00a0pentru specializ\u0103rile: Informatic\u0103, in colaborare cu Facultatea de Automatica [&hellip;]","og_url":"https:\/\/elearning.upt.ro\/ro\/programele-de-studiu\/licenta\/informatii\/","og_site_name":"Universitatea Politehnica Timi\u015foara Departamentul de ID\/IFR \u0219i Educa\u021bie Digital\u0103 \u2013 DeL","article_publisher":"https:\/\/www.facebook.com\/CIDUPT\/?ref=page_internal","article_modified_time":"2026-02-06T11:01:23+00:00","twitter_card":"summary_large_image","twitter_misc":{"Est. reading time":"6 minutes"},"schema":{"@context":"https:\/\/schema.org","@graph":[{"@type":"WebPage","@id":"https:\/\/elearning.upt.ro\/programele-de-studiu\/licenta\/informatii\/","url":"https:\/\/elearning.upt.ro\/programele-de-studiu\/licenta\/informatii\/","name":"Informa\u021bii licen\u021b\u0103 - Universitatea Politehnica Timi\u015foara Departamentul de ID\/IFR \u0219i Educa\u021bie Digital\u0103 \u2013 DeL","isPartOf":{"@id":"https:\/\/elearning.upt.ro\/ro\/#website"},"datePublished":"2018-01-12T19:21:29+00:00","dateModified":"2026-02-06T11:01:23+00:00","breadcrumb":{"@id":"https:\/\/elearning.upt.ro\/programele-de-studiu\/licenta\/informatii\/#breadcrumb"},"inLanguage":"ro-RO","potentialAction":[{"@type":"ReadAction","target":["https:\/\/elearning.upt.ro\/programele-de-studiu\/licenta\/informatii\/"]}]},{"@type":"BreadcrumbList","@id":"https:\/\/elearning.upt.ro\/programele-de-studiu\/licenta\/informatii\/#breadcrumb","itemListElement":[{"@type":"ListItem","position":1,"name":"Home","item":"https:\/\/elearning.upt.ro\/"},{"@type":"ListItem","position":2,"name":"Educa\u021bie","item":"https:\/\/elearning.upt.ro\/ro\/programele-de-studiu\/"},{"@type":"ListItem","position":3,"name":"Licenta","item":"https:\/\/elearning.upt.ro\/ro\/programele-de-studiu\/licenta\/"},{"@type":"ListItem","position":4,"name":"Informa\u021bii licen\u021b\u0103"}]},{"@type":"WebSite","@id":"https:\/\/elearning.upt.ro\/ro\/#website","url":"https:\/\/elearning.upt.ro\/ro\/","name":"Universitatea Politehnica Timi\u015foara Departamentul de ID\/IFR \u0219i Educa\u021bie Digital\u0103 \u2013 DeL","description":"","potentialAction":[{"@type":"SearchAction","target":{"@type":"EntryPoint","urlTemplate":"https:\/\/elearning.upt.ro\/ro\/?s={search_term_string}"},"query-input":{"@type":"PropertyValueSpecification","valueRequired":true,"valueName":"search_term_string"}}],"inLanguage":"ro-RO"}]}},"_links":{"self":[{"href":"https:\/\/elearning.upt.ro\/ro\/wp-json\/wp\/v2\/pages\/2868","targetHints":{"allow":["GET"]}}],"collection":[{"href":"https:\/\/elearning.upt.ro\/ro\/wp-json\/wp\/v2\/pages"}],"about":[{"href":"https:\/\/elearning.upt.ro\/ro\/wp-json\/wp\/v2\/types\/page"}],"author":[{"embeddable":true,"href":"https:\/\/elearning.upt.ro\/ro\/wp-json\/wp\/v2\/users\/1"}],"replies":[{"embeddable":true,"href":"https:\/\/elearning.upt.ro\/ro\/wp-json\/wp\/v2\/comments?post=2868"}],"version-history":[{"count":67,"href":"https:\/\/elearning.upt.ro\/ro\/wp-json\/wp\/v2\/pages\/2868\/revisions"}],"predecessor-version":[{"id":30329,"href":"https:\/\/elearning.upt.ro\/ro\/wp-json\/wp\/v2\/pages\/2868\/revisions\/30329"}],"up":[{"embeddable":true,"href":"https:\/\/elearning.upt.ro\/ro\/wp-json\/wp\/v2\/pages\/2865"}],"wp:attachment":[{"href":"https:\/\/elearning.upt.ro\/ro\/wp-json\/wp\/v2\/media?parent=2868"}],"curies":[{"name":"wp","href":"https:\/\/api.w.org\/{rel}","templated":true}]}}