{"id":2865,"date":"2018-01-12T19:20:52","date_gmt":"2018-01-12T19:20:52","guid":{"rendered":"http:\/\/new.elearning.upt.ro\/?page_id=2865"},"modified":"2026-02-06T12:44:13","modified_gmt":"2026-02-06T10:44:13","slug":"licenta","status":"publish","type":"page","link":"https:\/\/elearning.upt.ro\/ro\/programele-de-studiu\/licenta\/","title":{"rendered":"Licenta"},"content":{"rendered":"\t\t<div data-elementor-type=\"wp-page\" data-elementor-id=\"2865\" class=\"elementor elementor-2865\">\n\t\t\t\t\t\t<section class=\"elementor-section elementor-top-section elementor-element elementor-element-6d205852 elementor-section-boxed elementor-section-height-default elementor-section-height-default\" data-id=\"6d205852\" data-element_type=\"section\" data-e-type=\"section\">\n\t\t\t\t\t\t<div class=\"elementor-container elementor-column-gap-default\">\n\t\t\t\t\t<div class=\"elementor-column elementor-col-100 elementor-top-column elementor-element elementor-element-101f40e4\" data-id=\"101f40e4\" data-element_type=\"column\" data-e-type=\"column\">\n\t\t\t<div class=\"elementor-widget-wrap elementor-element-populated\">\n\t\t\t\t\t\t<div class=\"elementor-element elementor-element-3502559b elementor-widget elementor-widget-text-editor\" data-id=\"3502559b\" data-element_type=\"widget\" data-e-type=\"widget\" data-widget_type=\"text-editor.default\">\n\t\t\t\t<div class=\"elementor-widget-container\">\n\t\t\t\t\t\t\t\t\t<h2 class=\"titlu colorgreen\">Informatii licenta<\/h2><p>Universitatea Politehnica Timi\u0219oara, prin Departamentul de ID\/IFR \u0219i Educa\u021bie digital\u0103 (DeL) organizeaz\u0103 \u0219i desfasoar\u0103 <strong>programele de studiu \u00een regim de\u00a0<\/strong><strong>\u00a0\u00eenv\u0103\u021b\u0103m\u00e2nt la distan\u021b\u0103\u00a0<\/strong><strong>sau\u00a0<\/strong><strong>\u00eenv\u0103\u021b\u0103m\u00e2nt cu frecven\u021b\u0103 redus\u0103\u00a0<\/strong>pentru specializ\u0103rile:<\/p><ul><li><a href=\"https:\/\/elearning.upt.ro\/ro\/educatie\/licenta\/informatica\/\"><strong>Informatic\u0103<\/strong><\/a>, \u00een colaborare cu Facultatea de Automatic\u0103 \u0219i Calculatoare\u00a0 (licen\u021bia\u021bi \u00een informatic\u0103 &#8211; 3 ani de studiu) &#8211;\u00a0\u00a0\u00eenv\u0103\u021b\u0103m\u00e2nt la distan\u021b\u0103 &#8211; <strong>100 locuri<\/strong><\/li><li><a href=\"https:\/\/elearning.upt.ro\/ro\/educatie\/licenta\/tehnologii-si-sisteme-de-telecomunicatii\/\"><strong>Tehnologii \u0219i Sisteme de Telecomunica\u021bii<\/strong><\/a>, \u00een colaborare cu Facultatea de Electronic\u0103, Telecomunica\u021bii \u0219i Tehnologii Informa\u021bionale \u00a0(licen\u021b\u0103 &#8211; ingineri &#8211; 4 ani de studiu) &#8211;\u00a0\u00a0\u00eenv\u0103\u021b\u0103m\u00e2nt la distan\u021b\u0103 &#8211; <strong>50 locuri<\/strong><\/li><li><strong><a href=\"https:\/\/elearning.upt.ro\/ro\/educatie\/licenta\/comunicare-si-relatii-publice\/\">Comunicare \u0219i Rela\u021bii Publice<\/a>\u00a0<\/strong>\u2013 \u00een colaborare cu Facultatea de \u015etiin\u0163e ale Comunic\u0103rii (licen\u021b\u0103 &#8211; 3 ani de studiu) &#8211;\u00a0\u00a0\u00eenv\u0103\u021b\u0103m\u00e2nt la distan\u021b\u0103 &#8211; <strong>75 locuri<\/strong><\/li><li><a href=\"https:\/\/elearning.upt.ro\/ro\/educatie\/licenta\/tehnologia-constructiilor-de-masini\/\"><strong>Tehnologia Construc\u021biilor de Ma\u0219ini<\/strong><\/a> \u2013 \u00een colaborare cu Facultatea de Mecanic\u0103 (licen\u021b\u0103 &#8211; ingineri &#8211; 4 ani de studiu) &#8211;\u00a0\u00a0\u00eenv\u0103\u021b\u0103m\u00e2nt cu frecven\u021b\u0103 redus\u0103\u00a0&#8211; <strong>60 locuri<\/strong><\/li><\/ul><p>Programele de studiu sunt acreditate de c\u0103tre ARACIS \u0219i confera acea\u0219i diplom\u0103 ca \u0219i \u00een cazul studiilor la forma de \u00eenv\u0103\u021b\u0103m\u00e2nt cu frecven\u021b\u0103.<\/p><p>Curricula, cursurile sunt identice cu cele de la forma de \u00eenv\u0103\u021b\u0103m\u00e2nt de zi, iar tutorizarea va fi efectuat\u0103 de c\u0103tre acelea\u0219i cadre didactice care desf\u0103\u0219oar\u0103 cursuri la forma de \u00eenv\u0103\u021b\u0103m\u00e2nt de zi.<br \/>Disciplinele din planul de \u00eenv\u0103\u021b\u0103m\u00e2nt pentru cei 3 sau 4 ani se g\u0103sesc at\u00e2t \u00een <a href=\"https:\/\/elearning.upt.ro\/educatie\/licenta\/curricula\/\">sec\u021biunea Curricula<\/a> cat si in\u00a0<a href=\"https:\/\/elearning.upt.ro\/wp-content\/uploads\/2018\/01\/Brosura_Romana_si_ID.pdf\" target=\"_blank\" rel=\"noopener noreferrer\">Brosura ETC<\/a>.<\/p><p>Avantaje ale desf\u0103\u0219ur\u0103rii cursurilor prin \u00eenv\u0103\u021b\u0103m\u00e2nt la distan\u021b\u0103:<\/p><ul><li>cursuri desf\u0103\u0219urate online prin platforma Campus Virtual al UPT (<a href=\"http:\/\/cv.upt.ro\/\" target=\"_blank\" rel=\"noopener noreferrer\">www.cv.upt.ro<\/a>)<\/li><li>administrare online note \u0219i teme\/proiecte<\/li><li>4 \u00eent\u00e2lniri \u00een Universitate, \u00een fiecare semestru, pe durata weekend-urilor pentru \u00cenv\u0103\u021b\u0103m\u00e2nt la distan\u021b\u0103 \u0219i 2 \u00eent\u00e2lniri \u00een fiecare lun\u0103 pentru \u00eenv\u0103\u021b\u0103m\u00e2nt cu frecven\u021b\u0103 redus\u0103 (specializare Tehnologia Construc\u021biilor de Ma\u0219ini)<\/li><\/ul><p>Studen\u021bii ID beneficiaz\u0103 de suport complet online pe durata studiilor, prin intermediul <a href=\"http:\/\/cv.upt.ro\/\" target=\"_blank\" rel=\"noopener noreferrer\">Campusului Virtual<\/a>: material de curs, teme \u0219i activit\u0103\u021bi, note examene, comunicare \u0219i interac\u021biune direct\u0103.<\/p><p><strong>Tehnologii \u0219i Sisteme de Telecomunica\u021bii<\/strong><\/p><p>Absolven\u021bii acestei specializ\u0103ri vor deveni speciali\u0219ti de \u00eenalt\u0103 performan\u021b\u0103 \u0219i competen\u021b\u0103 cu o bun\u0103 preg\u0103tire fundamental\u0103 \u00een domeniul electronicii \u0219i telecomunica\u021biilor, dar \u00een egal\u0103 masur\u0103, preg\u0103ti\u021bi \u0219i \u00een domenii conexe, astfel \u00eenc\u00e2t s\u0103 se integreze rapid \u00een economia de pia\u021b\u0103.<\/p><p>Ei vor beneficia de preg\u0103tire de \u00eenalt nivel \u00een domenii de actualitate pe pia\u021ba muncii: transmisii integrate de date \u0219i voce, tehnologii audio-video \u0219i multimedia, programare web, re\u021bele de telecomunica\u021bii, telefonie fix\u0103 \u0219i mobil\u0103, dezvoltare de baze de date online.<\/p><p>Electronica \u0219i sistemele de telecomunica\u021bii se reg\u0103sesc \u00een aproape toate domeniile de activitate ale vie\u021bii moderne \u0219i au un impact deosebit \u00een activitatea uman\u0103 zilnic\u0103: calculatorul, telefonia, telefonul mobil, Internetul, televizorul, echipamentele audio-video, echipamentele de comunica\u021bii, de satelit etc.\u00a0\u00a0 O serie de cursuri permit studen\u021bilor s\u0103 aprofundeze domenii specifice cum ar fi sisteme integrate de telecomunica\u021bii, re\u021bele de comunica\u021bii sau multimedia. Studen\u021bii \u00een an terminal au posibilitatea de a-\u0219i face lucrarea de diplom\u0103 \u00een str\u0103in\u0103tate sau \u00een colaborare cu firme importante din domeniu. Inginerii speciali\u0219ti \u00een electronic\u0103 \u0219i telecomunica\u021bii pot deveni: speciali\u0219ti \u00een telecomunica\u021bii mobile, dezvoltatori de re\u021bele de comunica\u021bii, calculatoare sau de centrale, dezvoltatori de aplica\u021bii audio-video, TV, dezvoltatori multimedia sau aplica\u021bii Web. To\u021bi absolven\u021bii ultimelor genera\u021bii \u0219i-au g\u0103sit locuri de munc\u0103 \u00een domeniu.<br \/><a href=\"https:\/\/www.etc.upt.ro\/despre\" target=\"_blank\" rel=\"noopener noreferrer\">http:\/\/www.etc.upt.ro\/invatamant\/ingineri\/<\/a><\/p><p><strong>Informatic\u0103<\/strong><\/p><p>Absolven\u021bii acestei specializ\u0103ri vor deveni speciali\u0219ti informaticieni. Informaticianul \u00een formare trebuie s\u0103 poat\u0103 g\u0103si solu\u021bii complete pentru problemele practice de prelucrare a datelor \u0219i pe baza conceptelor generale ale informaticii \u0219i \u0219tiin\u021bei calculatoarelor. Pentru aceasta trebuie s\u0103 st\u0103p\u00e2neasc\u0103 pe l\u00e2ng\u0103 bazele teoretice ale informaticii \u0219i posibilit\u0103\u021bile utiliz\u0103rii practice a acestora. El va trebui s\u0103 cunoasc\u0103 \u0219i s\u0103 \u00eenteleaga un spectru larg de aplicatii din tehnic\u0103, respectiv economie.<\/p><p>Informaticianul g\u0103se\u0219te un larg domeniu de activitate \u00een diverse domenii ale tehnicii \u0219i economiei.<br \/>Ei vor beneficia de preg\u0103tire de \u00eenalt nivel \u00een domenii de actualitate pe pia\u021ba muncii: medii de programare, dezvoltare \u0219i administrare sisteme informatice, administrare de re\u021bea, dezvoltare de aplica\u021bii web.<\/p><p>Diploma de informatician ofer\u0103 posibilitatea de a exercita o gam\u0103 larg\u0103 de ocupa\u021bii \u00een acest domeniu, cum sunt: dezvoltatori \u0219i administratori de sisteme informatice, speciali\u0219ti \u00een securitatea calculatoarelor, anali\u0219ti de programe, administratori de re\u021bea, speciali\u0219ti \u00een asigurarea calit\u0103\u021bii software \u0219i testare, administratori de site-uri Web, dezvoltatori de aplica\u021bii Web, profesori de informatic\u0103.<br \/><a href=\"http:\/\/www.ac.upt.ro\/\" target=\"_blank\" rel=\"noopener noreferrer\">http:\/\/www.ac.upt.ro\/<\/a><\/p><p><strong>Comunicare \u015fi rela\u0163ii publice<\/strong><\/p><p>\u015etiin\u0163ele comunic\u0103rii ocup\u0103 un loc distinct \u00een aria disciplinelor socio-umane, oferind solu\u0163ii pentru realizarea eficient\u0103 a leg\u0103turilor cu mediul interpersonal, profesional, societal. \u00cen societatea contemporan\u0103, comunicarea a devenit una dintre no\u0163iunile-cheie, al\u0103turi de concepte precum identitate, imagine, rela\u0163ie, mediere sau semnifica\u0163ie. O consecin\u0163\u0103 vizibil\u0103 a recunoa\u015fterii importan\u0163ei comunic\u0103rii este apari\u0163ia profesiei de comunicator (specialist \u00een rela\u0163ii publice, PR manager sau consilier de imagine).<\/p><p>Misiunea programului este de a forma absolven\u0163i capabili s\u0103 activeze ca speciali\u015fti \u00een comunicare \u015fi rela\u0163ii publice pentru activit\u0103\u0163i specifice ocupa\u0163iei, desf\u0103\u015furate \u00een institu\u0163ii, societ\u0103\u0163i comerciale, partide \u015fi organiza\u0163ii politice, organiza\u0163ii non-guvernamentale etc. Ace\u015fti speciali\u015fti vor de\u0163ine competen\u0163e \u015fi abilit\u0103\u0163i \u00een crearea \u015fi gestionarea imaginii organiza\u0163iilor, \u00een medierea \u015fi negocierea conflictelor ca \u015fi \u00een producerea de mesaje \u00een limba rom\u00e2n\u0103 \u015fi \u00een una (dou\u0103) limbi de circula\u0163ie interna\u0163ional\u0103.<br \/><a href=\"https:\/\/elearning.upt.ro\/wp-content\/uploads\/2018\/01\/ID_SC_CRP.pdf\" target=\"_blank\" rel=\"noopener noreferrer\">https:\/\/elearning.upt.ro\/wp-content\/uploads\/2018\/01\/ID_SC_CRP.pdf<\/a><\/p><p><strong>Tehnologia Construc\u0163iilor de Ma\u015fini<\/strong><\/p><p>Specializarea Tehnologia Construc\u0163iilor de Ma\u015fini (TCM) define\u015fte o profesie adaptat\u0103 evolu\u0163iei economice prezente \u015fi viitoare, conectat\u0103 la practica european\u0103 \u015fi mondial\u0103, \u00een care inginerului mecanic, pe l\u00e2ng\u0103 instruirea tehnic\u0103 de baz\u0103 de profil Inginerie Industriala, i se formeaz\u0103 competen\u0163e opera\u0163ionale pentru sectorul productiv \u00een general dar \u015fi pentru sfera serviciilor \u015fi de promovare produs.<\/p><p>Profilul profesional al inginerului TCM ofer\u0103 absolven\u0163ilor no\u015ftri posibilit\u0103\u0163i diversificate de integrare pe pia\u0163a muncii \u00een sectoare industriale sau de prest\u0103ri de servicii cum ar fi: produc\u0163ia de componente, subansambluri sau produse industriale sau manufacturiere, pentru industria de autovehicule (automotive), energetic\u0103, transporturi aeriene, navale sau feroviare, echipamente industriale, produse electrocasnice, aparate de m\u0103sur\u0103 \u015fi control, mecanic\u0103 auto, \u00eentre\u0163inere \u015fi repara\u0163ii \u00een domeniul mecanic.<br \/><a href=\"https:\/\/elearning.upt.ro\/wp-content\/uploads\/2018\/01\/IFR_MEC_TCM.pdf\" target=\"_blank\" rel=\"noopener noreferrer\">https:\/\/elearning.upt.ro\/wp-content\/uploads\/2018\/01\/IFR_MEC_TCM.pdf<\/a><\/p><p><strong>Informa\u021bii despre admiterea la specializ\u0103rile\u00a0<\/strong><strong>Tehnologii \u0219i Sisteme de Telecomunica\u021bii (4 ani &#8211; \u00eenv\u0103\u021b\u0103m\u00e2nt la distan\u021b\u0103),\u00a0<\/strong><strong>Informatic\u0103 (3 ani \u2013 \u00eenv\u0103\u021b\u0103m\u00e2nt la distan\u021b\u0103),\u00a0<\/strong><strong>Comunicare \u0219i Rela\u021bii Publice (3 ani \u00a0&#8211; \u00eenv\u0103\u021b\u0103m\u00e2nt la distan\u021b\u0103) \u0219i\u00a0<\/strong><strong>Tehnologia Construc\u021biilor de Ma\u0219ini (4 ani &#8211; \u00eenv\u0103\u021b\u0103m\u00e2nt cu frecven\u021b\u0103 redus\u0103)\u00a0<\/strong><strong>din cadrul Universit\u0103\u021bii Politehnica Timi\u0219oara g\u0103si\u021bi la sec\u021biunea Admitere<\/strong>: <a href=\"https:\/\/elearning.upt.ro\/admitere\/\">https:\/\/elearning.upt.ro\/admiter<\/a><\/p>\t\t\t\t\t\t\t\t<\/div>\n\t\t\t\t<\/div>\n\t\t\t\t\t<\/div>\n\t\t<\/div>\n\t\t\t\t\t<\/div>\n\t\t<\/section>\n\t\t\t\t<section class=\"elementor-section elementor-top-section elementor-element elementor-element-44cdbda elementor-section-boxed elementor-section-height-default elementor-section-height-default\" data-id=\"44cdbda\" data-element_type=\"section\" data-e-type=\"section\">\n\t\t\t\t\t\t<div class=\"elementor-container elementor-column-gap-default\">\n\t\t\t\t\t<div class=\"elementor-column elementor-col-100 elementor-top-column elementor-element elementor-element-9cb63b5\" data-id=\"9cb63b5\" data-element_type=\"column\" data-e-type=\"column\">\n\t\t\t<div class=\"elementor-widget-wrap elementor-element-populated\">\n\t\t\t\t\t\t<div class=\"elementor-element elementor-element-90bde89 elementor-align-center elementor-widget elementor-widget-button\" data-id=\"90bde89\" data-element_type=\"widget\" data-e-type=\"widget\" data-widget_type=\"button.default\">\n\t\t\t\t<div class=\"elementor-widget-container\">\n\t\t\t\t\t\t\t\t\t<div class=\"elementor-button-wrapper\">\n\t\t\t\t\t<a class=\"elementor-button elementor-button-link elementor-size-sm\" href=\"https:\/\/elearning.upt.ro\/ro\/admitere\/\">\n\t\t\t\t\t\t<span class=\"elementor-button-content-wrapper\">\n\t\t\t\t\t\t\t\t\t<span class=\"elementor-button-text\">Informa\u021bii ADMITERE specializ\u0103ri ID\/IFR<\/span>\n\t\t\t\t\t<\/span>\n\t\t\t\t\t<\/a>\n\t\t\t\t<\/div>\n\t\t\t\t\t\t\t\t<\/div>\n\t\t\t\t<\/div>\n\t\t\t\t\t<\/div>\n\t\t<\/div>\n\t\t\t\t\t<\/div>\n\t\t<\/section>\n\t\t\t\t<\/div>\n\t\t","protected":false},"excerpt":{"rendered":"<p>Informatii licenta Universitatea Politehnica Timi\u0219oara, prin Departamentul de ID\/IFR \u0219i Educa\u021bie digital\u0103 (DeL) organizeaz\u0103 \u0219i desfasoar\u0103 programele de studiu \u00een regim de\u00a0\u00a0\u00eenv\u0103\u021b\u0103m\u00e2nt la distan\u021b\u0103\u00a0sau\u00a0\u00eenv\u0103\u021b\u0103m\u00e2nt cu frecven\u021b\u0103 redus\u0103\u00a0pentru specializ\u0103rile: Informatic\u0103, \u00een colaborare cu Facultatea de Automatic\u0103 \u0219i Calculatoare\u00a0 (licen\u021bia\u021bi \u00een informatic\u0103 &#8211; 3 ani de studiu) &#8211;\u00a0\u00a0\u00eenv\u0103\u021b\u0103m\u00e2nt la distan\u021b\u0103 &#8211; 100 locuri Tehnologii \u0219i Sisteme de [&hellip;]<\/p>\n","protected":false},"author":1,"featured_media":0,"parent":2825,"menu_order":0,"comment_status":"closed","ping_status":"closed","template":"","meta":{"footnotes":""},"class_list":["post-2865","page","type-page","status-publish","hentry"],"yoast_head":"<!-- This site is optimized with the Yoast SEO plugin v27.3 - https:\/\/yoast.com\/product\/yoast-seo-wordpress\/ -->\n<title>Licenta - Universitatea Politehnica Timi\u015foara Departamentul de ID\/IFR \u0219i Educa\u021bie Digital\u0103 \u2013 DeL<\/title>\n<meta name=\"description\" content=\"CeL organizeaz\u0103 programe de studiu \u00een regim de \u00eenv\u0103\u021b\u0103m\u00e2nt la distan\u021b\u0103 sau \u00eenv\u0103\u021b\u0103m\u00e2nt cu frecven\u021b\u0103 redus\u0103 pentru ciclul de licen\u021b\u0103.\" \/>\n<meta name=\"robots\" content=\"index, follow, max-snippet:-1, max-image-preview:large, max-video-preview:-1\" \/>\n<link rel=\"canonical\" href=\"https:\/\/elearning.upt.ro\/ro\/programele-de-studiu\/licenta\/\" \/>\n<meta property=\"og:locale\" content=\"ro_RO\" \/>\n<meta property=\"og:type\" content=\"article\" \/>\n<meta property=\"og:title\" content=\"Licenta - Universitatea Politehnica Timi\u015foara Departamentul de ID\/IFR \u0219i Educa\u021bie Digital\u0103 \u2013 DeL\" \/>\n<meta property=\"og:description\" content=\"CeL organizeaz\u0103 programe de studiu \u00een regim de \u00eenv\u0103\u021b\u0103m\u00e2nt la distan\u021b\u0103 sau \u00eenv\u0103\u021b\u0103m\u00e2nt cu frecven\u021b\u0103 redus\u0103 pentru ciclul de licen\u021b\u0103.\" \/>\n<meta property=\"og:url\" content=\"https:\/\/elearning.upt.ro\/ro\/programele-de-studiu\/licenta\/\" \/>\n<meta property=\"og:site_name\" content=\"Universitatea Politehnica Timi\u015foara Departamentul de ID\/IFR \u0219i Educa\u021bie Digital\u0103 \u2013 DeL\" \/>\n<meta property=\"article:publisher\" content=\"https:\/\/www.facebook.com\/CIDUPT\/?ref=page_internal\" \/>\n<meta property=\"article:modified_time\" content=\"2026-02-06T10:44:13+00:00\" \/>\n<meta name=\"twitter:card\" content=\"summary_large_image\" \/>\n<meta name=\"twitter:label1\" content=\"Est. reading time\" \/>\n\t<meta name=\"twitter:data1\" content=\"5 minutes\" \/>\n<script type=\"application\/ld+json\" class=\"yoast-schema-graph\">{\"@context\":\"https:\\\/\\\/schema.org\",\"@graph\":[{\"@type\":\"WebPage\",\"@id\":\"https:\\\/\\\/elearning.upt.ro\\\/ro\\\/programele-de-studiu\\\/licenta\\\/\",\"url\":\"https:\\\/\\\/elearning.upt.ro\\\/ro\\\/programele-de-studiu\\\/licenta\\\/\",\"name\":\"Licenta - Universitatea Politehnica Timi\u015foara Departamentul de ID\\\/IFR \u0219i Educa\u021bie Digital\u0103 \u2013 DeL\",\"isPartOf\":{\"@id\":\"https:\\\/\\\/elearning.upt.ro\\\/ro\\\/#website\"},\"datePublished\":\"2018-01-12T19:20:52+00:00\",\"dateModified\":\"2026-02-06T10:44:13+00:00\",\"description\":\"CeL organizeaz\u0103 programe de studiu \u00een regim de \u00eenv\u0103\u021b\u0103m\u00e2nt la distan\u021b\u0103 sau \u00eenv\u0103\u021b\u0103m\u00e2nt cu frecven\u021b\u0103 redus\u0103 pentru ciclul de licen\u021b\u0103.\",\"breadcrumb\":{\"@id\":\"https:\\\/\\\/elearning.upt.ro\\\/ro\\\/programele-de-studiu\\\/licenta\\\/#breadcrumb\"},\"inLanguage\":\"ro-RO\",\"potentialAction\":[{\"@type\":\"ReadAction\",\"target\":[\"https:\\\/\\\/elearning.upt.ro\\\/ro\\\/programele-de-studiu\\\/licenta\\\/\"]}]},{\"@type\":\"BreadcrumbList\",\"@id\":\"https:\\\/\\\/elearning.upt.ro\\\/ro\\\/programele-de-studiu\\\/licenta\\\/#breadcrumb\",\"itemListElement\":[{\"@type\":\"ListItem\",\"position\":1,\"name\":\"Home\",\"item\":\"https:\\\/\\\/elearning.upt.ro\\\/\"},{\"@type\":\"ListItem\",\"position\":2,\"name\":\"Educa\u021bie\",\"item\":\"https:\\\/\\\/elearning.upt.ro\\\/ro\\\/programele-de-studiu\\\/\"},{\"@type\":\"ListItem\",\"position\":3,\"name\":\"Licenta\"}]},{\"@type\":\"WebSite\",\"@id\":\"https:\\\/\\\/elearning.upt.ro\\\/ro\\\/#website\",\"url\":\"https:\\\/\\\/elearning.upt.ro\\\/ro\\\/\",\"name\":\"Universitatea Politehnica Timi\u015foara Departamentul de ID\\\/IFR \u0219i Educa\u021bie Digital\u0103 \u2013 DeL\",\"description\":\"\",\"potentialAction\":[{\"@type\":\"SearchAction\",\"target\":{\"@type\":\"EntryPoint\",\"urlTemplate\":\"https:\\\/\\\/elearning.upt.ro\\\/ro\\\/?s={search_term_string}\"},\"query-input\":{\"@type\":\"PropertyValueSpecification\",\"valueRequired\":true,\"valueName\":\"search_term_string\"}}],\"inLanguage\":\"ro-RO\"}]}<\/script>\n<!-- \/ Yoast SEO plugin. -->","yoast_head_json":{"title":"Licenta - Universitatea Politehnica Timi\u015foara Departamentul de ID\/IFR \u0219i Educa\u021bie Digital\u0103 \u2013 DeL","description":"CeL organizeaz\u0103 programe de studiu \u00een regim de \u00eenv\u0103\u021b\u0103m\u00e2nt la distan\u021b\u0103 sau \u00eenv\u0103\u021b\u0103m\u00e2nt cu frecven\u021b\u0103 redus\u0103 pentru ciclul de licen\u021b\u0103.","robots":{"index":"index","follow":"follow","max-snippet":"max-snippet:-1","max-image-preview":"max-image-preview:large","max-video-preview":"max-video-preview:-1"},"canonical":"https:\/\/elearning.upt.ro\/ro\/programele-de-studiu\/licenta\/","og_locale":"ro_RO","og_type":"article","og_title":"Licenta - Universitatea Politehnica Timi\u015foara Departamentul de ID\/IFR \u0219i Educa\u021bie Digital\u0103 \u2013 DeL","og_description":"CeL organizeaz\u0103 programe de studiu \u00een regim de \u00eenv\u0103\u021b\u0103m\u00e2nt la distan\u021b\u0103 sau \u00eenv\u0103\u021b\u0103m\u00e2nt cu frecven\u021b\u0103 redus\u0103 pentru ciclul de licen\u021b\u0103.","og_url":"https:\/\/elearning.upt.ro\/ro\/programele-de-studiu\/licenta\/","og_site_name":"Universitatea Politehnica Timi\u015foara Departamentul de ID\/IFR \u0219i Educa\u021bie Digital\u0103 \u2013 DeL","article_publisher":"https:\/\/www.facebook.com\/CIDUPT\/?ref=page_internal","article_modified_time":"2026-02-06T10:44:13+00:00","twitter_card":"summary_large_image","twitter_misc":{"Est. reading time":"5 minutes"},"schema":{"@context":"https:\/\/schema.org","@graph":[{"@type":"WebPage","@id":"https:\/\/elearning.upt.ro\/ro\/programele-de-studiu\/licenta\/","url":"https:\/\/elearning.upt.ro\/ro\/programele-de-studiu\/licenta\/","name":"Licenta - Universitatea Politehnica Timi\u015foara Departamentul de ID\/IFR \u0219i Educa\u021bie Digital\u0103 \u2013 DeL","isPartOf":{"@id":"https:\/\/elearning.upt.ro\/ro\/#website"},"datePublished":"2018-01-12T19:20:52+00:00","dateModified":"2026-02-06T10:44:13+00:00","description":"CeL organizeaz\u0103 programe de studiu \u00een regim de \u00eenv\u0103\u021b\u0103m\u00e2nt la distan\u021b\u0103 sau \u00eenv\u0103\u021b\u0103m\u00e2nt cu frecven\u021b\u0103 redus\u0103 pentru ciclul de licen\u021b\u0103.","breadcrumb":{"@id":"https:\/\/elearning.upt.ro\/ro\/programele-de-studiu\/licenta\/#breadcrumb"},"inLanguage":"ro-RO","potentialAction":[{"@type":"ReadAction","target":["https:\/\/elearning.upt.ro\/ro\/programele-de-studiu\/licenta\/"]}]},{"@type":"BreadcrumbList","@id":"https:\/\/elearning.upt.ro\/ro\/programele-de-studiu\/licenta\/#breadcrumb","itemListElement":[{"@type":"ListItem","position":1,"name":"Home","item":"https:\/\/elearning.upt.ro\/"},{"@type":"ListItem","position":2,"name":"Educa\u021bie","item":"https:\/\/elearning.upt.ro\/ro\/programele-de-studiu\/"},{"@type":"ListItem","position":3,"name":"Licenta"}]},{"@type":"WebSite","@id":"https:\/\/elearning.upt.ro\/ro\/#website","url":"https:\/\/elearning.upt.ro\/ro\/","name":"Universitatea Politehnica Timi\u015foara Departamentul de ID\/IFR \u0219i Educa\u021bie Digital\u0103 \u2013 DeL","description":"","potentialAction":[{"@type":"SearchAction","target":{"@type":"EntryPoint","urlTemplate":"https:\/\/elearning.upt.ro\/ro\/?s={search_term_string}"},"query-input":{"@type":"PropertyValueSpecification","valueRequired":true,"valueName":"search_term_string"}}],"inLanguage":"ro-RO"}]}},"_links":{"self":[{"href":"https:\/\/elearning.upt.ro\/ro\/wp-json\/wp\/v2\/pages\/2865","targetHints":{"allow":["GET"]}}],"collection":[{"href":"https:\/\/elearning.upt.ro\/ro\/wp-json\/wp\/v2\/pages"}],"about":[{"href":"https:\/\/elearning.upt.ro\/ro\/wp-json\/wp\/v2\/types\/page"}],"author":[{"embeddable":true,"href":"https:\/\/elearning.upt.ro\/ro\/wp-json\/wp\/v2\/users\/1"}],"replies":[{"embeddable":true,"href":"https:\/\/elearning.upt.ro\/ro\/wp-json\/wp\/v2\/comments?post=2865"}],"version-history":[{"count":34,"href":"https:\/\/elearning.upt.ro\/ro\/wp-json\/wp\/v2\/pages\/2865\/revisions"}],"predecessor-version":[{"id":30316,"href":"https:\/\/elearning.upt.ro\/ro\/wp-json\/wp\/v2\/pages\/2865\/revisions\/30316"}],"up":[{"embeddable":true,"href":"https:\/\/elearning.upt.ro\/ro\/wp-json\/wp\/v2\/pages\/2825"}],"wp:attachment":[{"href":"https:\/\/elearning.upt.ro\/ro\/wp-json\/wp\/v2\/media?parent=2865"}],"curies":[{"name":"wp","href":"https:\/\/api.w.org\/{rel}","templated":true}]}}