{"id":2833,"date":"2018-01-10T20:53:22","date_gmt":"2018-01-10T20:53:22","guid":{"rendered":"http:\/\/new.elearning.upt.ro\/?page_id=2833"},"modified":"2026-02-06T12:42:36","modified_gmt":"2026-02-06T10:42:36","slug":"contact","status":"publish","type":"page","link":"https:\/\/elearning.upt.ro\/ro\/contact\/","title":{"rendered":"Contact"},"content":{"rendered":"\t\t<div data-elementor-type=\"wp-page\" data-elementor-id=\"2833\" class=\"elementor elementor-2833\">\n\t\t\t\t\t\t<section class=\"elementor-section elementor-top-section elementor-element elementor-element-5b4f830d elementor-section-boxed elementor-section-height-default elementor-section-height-default\" data-id=\"5b4f830d\" data-element_type=\"section\" data-e-type=\"section\">\n\t\t\t\t\t\t<div class=\"elementor-container elementor-column-gap-default\">\n\t\t\t\t\t<div class=\"elementor-column elementor-col-100 elementor-top-column elementor-element elementor-element-4983f8bd\" data-id=\"4983f8bd\" data-element_type=\"column\" data-e-type=\"column\">\n\t\t\t<div class=\"elementor-widget-wrap elementor-element-populated\">\n\t\t\t\t\t\t<div class=\"elementor-element elementor-element-6dcfd43b elementor-widget elementor-widget-text-editor\" data-id=\"6dcfd43b\" data-element_type=\"widget\" data-e-type=\"widget\" data-widget_type=\"text-editor.default\">\n\t\t\t\t<div class=\"elementor-widget-container\">\n\t\t\t\t\t\t\t\t\t<p><span style=\"text-decoration: underline;\"><strong>Adres\u0103:<\/strong><\/span><\/p><p>Bl. Vasile Parvan, nr. 2 B, Etaj IV<br \/>Timisoara, Romania<br \/>(\u00een incinta Bibliotecii Centrale a Universit\u0103\u021bii Politehnica Timi\u0219oara, intrarea dinspre Electro)<\/p><p><span style=\"text-decoration: underline;\"><strong>Tel:<\/strong><\/span>\u00a0+40 256 403300<\/p><p>+40725890389<\/p><p>+40725890988<\/p><p><span style=\"text-decoration: underline;\"><strong>Mail<\/strong>:<\/span> <a href=\"mailto:contact@elearning.upt.ro\">contact@elearning.upt.ro<\/a><\/p>\t\t\t\t\t\t\t\t<\/div>\n\t\t\t\t<\/div>\n\t\t\t\t\t<\/div>\n\t\t<\/div>\n\t\t\t\t\t<\/div>\n\t\t<\/section>\n\t\t\t\t<section class=\"elementor-section elementor-top-section elementor-element elementor-element-f8ffe06 elementor-section-boxed elementor-section-height-default elementor-section-height-default\" data-id=\"f8ffe06\" data-element_type=\"section\" data-e-type=\"section\">\n\t\t\t\t\t\t<div class=\"elementor-container elementor-column-gap-default\">\n\t\t\t\t\t<div class=\"elementor-column elementor-col-100 elementor-top-column elementor-element elementor-element-573299b\" data-id=\"573299b\" data-element_type=\"column\" data-e-type=\"column\">\n\t\t\t<div class=\"elementor-widget-wrap elementor-element-populated\">\n\t\t\t\t\t\t<div class=\"elementor-element elementor-element-42e0c9d elementor-widget elementor-widget-text-editor\" data-id=\"42e0c9d\" data-element_type=\"widget\" data-e-type=\"widget\" data-widget_type=\"text-editor.default\">\n\t\t\t\t<div class=\"elementor-widget-container\">\n\t\t\t\t\t\t\t\t\t<p><b><span style=\"text-decoration: underline;\">Suport educa\u021bie digital\u0103 \u0219i ID\/IFR UPT<\/span>:<\/b><\/p><p><span style=\"font-weight: 400;\">Noul sistem,<\/span> <b>Suport educa\u021bie digital\u0103 \u0219i ID\/IFR UPT<\/b><span style=\"font-weight: 400;\">,<\/span><span style=\"font-weight: 400;\"> este la dispozi\u021bia profesorilor, studen\u021bilor \u0219i a candida\u021bilor online \u0219i propune <strong>un sistem de r\u0103spunsuri automate<\/strong> la o serie de \u00eentreb\u0103ri adresate pentru fiecare tip de scenariu \u00eent\u00e2lnit frecvent, pentru cele 3 categorii: <strong>academic, tehnic, admitere.<\/strong><\/span><\/p><p><span style=\"font-weight: 400;\">Cererile de asisten\u021b\u0103 mai complexe vor fi atribuite unui responsabil al centrului, \u00een func\u021bie de solicitarea solu\u021bion\u0103rii problemei. <\/span><span style=\"font-weight: 400;\"><strong>Fiecare utilizator poate deschide un tichet \u00een func\u021bie de TOPICUL \u0219i SUBIECTUL selectat.<\/strong><\/span><\/p>\t\t\t\t\t\t\t\t<\/div>\n\t\t\t\t<\/div>\n\t\t\t\t\t<\/div>\n\t\t<\/div>\n\t\t\t\t\t<\/div>\n\t\t<\/section>\n\t\t\t\t<section class=\"elementor-section elementor-top-section elementor-element elementor-element-a05e276 elementor-section-boxed elementor-section-height-default elementor-section-height-default\" data-id=\"a05e276\" data-element_type=\"section\" data-e-type=\"section\">\n\t\t\t\t\t\t<div class=\"elementor-container elementor-column-gap-default\">\n\t\t\t\t\t<div class=\"elementor-column elementor-col-100 elementor-top-column elementor-element elementor-element-b7c430a\" data-id=\"b7c430a\" data-element_type=\"column\" data-e-type=\"column\">\n\t\t\t<div class=\"elementor-widget-wrap elementor-element-populated\">\n\t\t\t\t\t\t<div class=\"elementor-element elementor-element-eded4d6 elementor-align-center elementor-widget elementor-widget-button\" data-id=\"eded4d6\" data-element_type=\"widget\" data-e-type=\"widget\" data-widget_type=\"button.default\">\n\t\t\t\t<div class=\"elementor-widget-container\">\n\t\t\t\t\t\t\t\t\t<div class=\"elementor-button-wrapper\">\n\t\t\t\t\t<a class=\"elementor-button elementor-button-link elementor-size-md elementor-animation-pulse-grow\" href=\"https:\/\/suport.elearning.upt.ro\/open.php\" target=\"_blank\">\n\t\t\t\t\t\t<span class=\"elementor-button-content-wrapper\">\n\t\t\t\t\t\t\t\t\t<span class=\"elementor-button-text\">Utilizeaz\u0103  Suport educa\u021bie digital\u0103 \u0219i ID\/IFR UPT<\/span>\n\t\t\t\t\t<\/span>\n\t\t\t\t\t<\/a>\n\t\t\t\t<\/div>\n\t\t\t\t\t\t\t\t<\/div>\n\t\t\t\t<\/div>\n\t\t\t\t<div class=\"elementor-element elementor-element-ec1e067 elementor-alert-danger elementor-widget elementor-widget-alert\" data-id=\"ec1e067\" data-element_type=\"widget\" data-e-type=\"widget\" data-widget_type=\"alert.default\">\n\t\t\t\t<div class=\"elementor-widget-container\">\n\t\t\t\t\t\t\t<div class=\"elementor-alert\" role=\"alert\">\n\n\t\t\t\t\t\t<span class=\"elementor-alert-title\">Suport educa\u021bie digital\u0103 \u0219i ID\/IFR Universitatea Politehnica Timi\u0219oara<\/span>\n\t\t\t\n\t\t\t\t\t\t<span class=\"elementor-alert-description\">Pentru a putea accesa \u0219i utiliza Suport educa\u021bie digital\u0103 \u0219i ID\/IFR UPT, este necesar\u0103 o adres\u0103 de e-mail valid\u0103, deoarece se pot trimite r\u0103spunsuri \u0219i prin e-mail!<\/span>\n\t\t\t\n\t\t\t\n\t\t<\/div>\n\t\t\t\t\t\t<\/div>\n\t\t\t\t<\/div>\n\t\t\t\t\t<\/div>\n\t\t<\/div>\n\t\t\t\t\t<\/div>\n\t\t<\/section>\n\t\t\t\t<section class=\"elementor-section elementor-top-section elementor-element elementor-element-6ee123c elementor-section-boxed elementor-section-height-default elementor-section-height-default\" data-id=\"6ee123c\" data-element_type=\"section\" data-e-type=\"section\">\n\t\t\t\t\t\t<div class=\"elementor-container elementor-column-gap-default\">\n\t\t\t\t\t<div class=\"elementor-column elementor-col-100 elementor-top-column elementor-element elementor-element-4d47cb9\" data-id=\"4d47cb9\" data-element_type=\"column\" data-e-type=\"column\">\n\t\t\t<div class=\"elementor-widget-wrap\">\n\t\t\t\t\t\t\t<\/div>\n\t\t<\/div>\n\t\t\t\t\t<\/div>\n\t\t<\/section>\n\t\t\t\t<\/div>\n\t\t","protected":false},"excerpt":{"rendered":"<p>Adres\u0103: Bl. Vasile Parvan, nr. 2 B, Etaj IVTimisoara, Romania(\u00een incinta Bibliotecii Centrale a Universit\u0103\u021bii Politehnica Timi\u0219oara, intrarea dinspre Electro) Tel:\u00a0+40 256 403300 +40725890389 +40725890988 Mail: contact@elearning.upt.ro Suport educa\u021bie digital\u0103 \u0219i ID\/IFR UPT: Noul sistem, Suport educa\u021bie digital\u0103 \u0219i ID\/IFR UPT, este la dispozi\u021bia profesorilor, studen\u021bilor \u0219i a candida\u021bilor online \u0219i propune un sistem de [&hellip;]<\/p>\n","protected":false},"author":1,"featured_media":0,"parent":0,"menu_order":0,"comment_status":"closed","ping_status":"closed","template":"","meta":{"footnotes":""},"class_list":["post-2833","page","type-page","status-publish","hentry"],"yoast_head":"<!-- This site is optimized with the Yoast SEO plugin v27.3 - https:\/\/yoast.com\/product\/yoast-seo-wordpress\/ -->\n<title>Contact - Universitatea Politehnica Timi\u015foara Departamentul de ID\/IFR \u0219i Educa\u021bie Digital\u0103 \u2013 DeL<\/title>\n<meta name=\"robots\" content=\"index, follow, max-snippet:-1, max-image-preview:large, max-video-preview:-1\" \/>\n<link rel=\"canonical\" href=\"https:\/\/elearning.upt.ro\/ro\/contact\/\" \/>\n<meta property=\"og:locale\" content=\"ro_RO\" \/>\n<meta property=\"og:type\" content=\"article\" \/>\n<meta property=\"og:title\" content=\"Contact - Universitatea Politehnica Timi\u015foara Departamentul de ID\/IFR \u0219i Educa\u021bie Digital\u0103 \u2013 DeL\" \/>\n<meta property=\"og:description\" content=\"Adres\u0103: Bl. Vasile Parvan, nr. 2 B, Etaj IVTimisoara, Romania(\u00een incinta Bibliotecii Centrale a Universit\u0103\u021bii Politehnica Timi\u0219oara, intrarea dinspre Electro) Tel:\u00a0+40 256 403300 +40725890389 +40725890988 Mail: contact@elearning.upt.ro Suport educa\u021bie digital\u0103 \u0219i ID\/IFR UPT: Noul sistem, Suport educa\u021bie digital\u0103 \u0219i ID\/IFR UPT, este la dispozi\u021bia profesorilor, studen\u021bilor \u0219i a candida\u021bilor online \u0219i propune un sistem de [&hellip;]\" \/>\n<meta property=\"og:url\" content=\"https:\/\/elearning.upt.ro\/ro\/contact\/\" \/>\n<meta property=\"og:site_name\" content=\"Universitatea Politehnica Timi\u015foara Departamentul de ID\/IFR \u0219i Educa\u021bie Digital\u0103 \u2013 DeL\" \/>\n<meta property=\"article:publisher\" content=\"https:\/\/www.facebook.com\/CIDUPT\/?ref=page_internal\" \/>\n<meta property=\"article:modified_time\" content=\"2026-02-06T10:42:36+00:00\" \/>\n<meta name=\"twitter:card\" content=\"summary_large_image\" \/>\n<meta name=\"twitter:label1\" content=\"Est. reading time\" \/>\n\t<meta name=\"twitter:data1\" content=\"1 minute\" \/>\n<script type=\"application\/ld+json\" class=\"yoast-schema-graph\">{\"@context\":\"https:\\\/\\\/schema.org\",\"@graph\":[{\"@type\":\"WebPage\",\"@id\":\"https:\\\/\\\/elearning.upt.ro\\\/ro\\\/contact\\\/\",\"url\":\"https:\\\/\\\/elearning.upt.ro\\\/ro\\\/contact\\\/\",\"name\":\"Contact - Universitatea Politehnica Timi\u015foara Departamentul de ID\\\/IFR \u0219i Educa\u021bie Digital\u0103 \u2013 DeL\",\"isPartOf\":{\"@id\":\"https:\\\/\\\/elearning.upt.ro\\\/ro\\\/#website\"},\"datePublished\":\"2018-01-10T20:53:22+00:00\",\"dateModified\":\"2026-02-06T10:42:36+00:00\",\"breadcrumb\":{\"@id\":\"https:\\\/\\\/elearning.upt.ro\\\/ro\\\/contact\\\/#breadcrumb\"},\"inLanguage\":\"ro-RO\",\"potentialAction\":[{\"@type\":\"ReadAction\",\"target\":[\"https:\\\/\\\/elearning.upt.ro\\\/ro\\\/contact\\\/\"]}]},{\"@type\":\"BreadcrumbList\",\"@id\":\"https:\\\/\\\/elearning.upt.ro\\\/ro\\\/contact\\\/#breadcrumb\",\"itemListElement\":[{\"@type\":\"ListItem\",\"position\":1,\"name\":\"Home\",\"item\":\"https:\\\/\\\/elearning.upt.ro\\\/\"},{\"@type\":\"ListItem\",\"position\":2,\"name\":\"Contact\"}]},{\"@type\":\"WebSite\",\"@id\":\"https:\\\/\\\/elearning.upt.ro\\\/ro\\\/#website\",\"url\":\"https:\\\/\\\/elearning.upt.ro\\\/ro\\\/\",\"name\":\"Universitatea Politehnica Timi\u015foara Departamentul de ID\\\/IFR \u0219i Educa\u021bie Digital\u0103 \u2013 DeL\",\"description\":\"\",\"potentialAction\":[{\"@type\":\"SearchAction\",\"target\":{\"@type\":\"EntryPoint\",\"urlTemplate\":\"https:\\\/\\\/elearning.upt.ro\\\/ro\\\/?s={search_term_string}\"},\"query-input\":{\"@type\":\"PropertyValueSpecification\",\"valueRequired\":true,\"valueName\":\"search_term_string\"}}],\"inLanguage\":\"ro-RO\"}]}<\/script>\n<!-- \/ Yoast SEO plugin. -->","yoast_head_json":{"title":"Contact - Universitatea Politehnica Timi\u015foara Departamentul de ID\/IFR \u0219i Educa\u021bie Digital\u0103 \u2013 DeL","robots":{"index":"index","follow":"follow","max-snippet":"max-snippet:-1","max-image-preview":"max-image-preview:large","max-video-preview":"max-video-preview:-1"},"canonical":"https:\/\/elearning.upt.ro\/ro\/contact\/","og_locale":"ro_RO","og_type":"article","og_title":"Contact - Universitatea Politehnica Timi\u015foara Departamentul de ID\/IFR \u0219i Educa\u021bie Digital\u0103 \u2013 DeL","og_description":"Adres\u0103: Bl. Vasile Parvan, nr. 2 B, Etaj IVTimisoara, Romania(\u00een incinta Bibliotecii Centrale a Universit\u0103\u021bii Politehnica Timi\u0219oara, intrarea dinspre Electro) Tel:\u00a0+40 256 403300 +40725890389 +40725890988 Mail: contact@elearning.upt.ro Suport educa\u021bie digital\u0103 \u0219i ID\/IFR UPT: Noul sistem, Suport educa\u021bie digital\u0103 \u0219i ID\/IFR UPT, este la dispozi\u021bia profesorilor, studen\u021bilor \u0219i a candida\u021bilor online \u0219i propune un sistem de [&hellip;]","og_url":"https:\/\/elearning.upt.ro\/ro\/contact\/","og_site_name":"Universitatea Politehnica Timi\u015foara Departamentul de ID\/IFR \u0219i Educa\u021bie Digital\u0103 \u2013 DeL","article_publisher":"https:\/\/www.facebook.com\/CIDUPT\/?ref=page_internal","article_modified_time":"2026-02-06T10:42:36+00:00","twitter_card":"summary_large_image","twitter_misc":{"Est. reading time":"1 minute"},"schema":{"@context":"https:\/\/schema.org","@graph":[{"@type":"WebPage","@id":"https:\/\/elearning.upt.ro\/ro\/contact\/","url":"https:\/\/elearning.upt.ro\/ro\/contact\/","name":"Contact - Universitatea Politehnica Timi\u015foara Departamentul de ID\/IFR \u0219i Educa\u021bie Digital\u0103 \u2013 DeL","isPartOf":{"@id":"https:\/\/elearning.upt.ro\/ro\/#website"},"datePublished":"2018-01-10T20:53:22+00:00","dateModified":"2026-02-06T10:42:36+00:00","breadcrumb":{"@id":"https:\/\/elearning.upt.ro\/ro\/contact\/#breadcrumb"},"inLanguage":"ro-RO","potentialAction":[{"@type":"ReadAction","target":["https:\/\/elearning.upt.ro\/ro\/contact\/"]}]},{"@type":"BreadcrumbList","@id":"https:\/\/elearning.upt.ro\/ro\/contact\/#breadcrumb","itemListElement":[{"@type":"ListItem","position":1,"name":"Home","item":"https:\/\/elearning.upt.ro\/"},{"@type":"ListItem","position":2,"name":"Contact"}]},{"@type":"WebSite","@id":"https:\/\/elearning.upt.ro\/ro\/#website","url":"https:\/\/elearning.upt.ro\/ro\/","name":"Universitatea Politehnica Timi\u015foara Departamentul de ID\/IFR \u0219i Educa\u021bie Digital\u0103 \u2013 DeL","description":"","potentialAction":[{"@type":"SearchAction","target":{"@type":"EntryPoint","urlTemplate":"https:\/\/elearning.upt.ro\/ro\/?s={search_term_string}"},"query-input":{"@type":"PropertyValueSpecification","valueRequired":true,"valueName":"search_term_string"}}],"inLanguage":"ro-RO"}]}},"_links":{"self":[{"href":"https:\/\/elearning.upt.ro\/ro\/wp-json\/wp\/v2\/pages\/2833","targetHints":{"allow":["GET"]}}],"collection":[{"href":"https:\/\/elearning.upt.ro\/ro\/wp-json\/wp\/v2\/pages"}],"about":[{"href":"https:\/\/elearning.upt.ro\/ro\/wp-json\/wp\/v2\/types\/page"}],"author":[{"embeddable":true,"href":"https:\/\/elearning.upt.ro\/ro\/wp-json\/wp\/v2\/users\/1"}],"replies":[{"embeddable":true,"href":"https:\/\/elearning.upt.ro\/ro\/wp-json\/wp\/v2\/comments?post=2833"}],"version-history":[{"count":11,"href":"https:\/\/elearning.upt.ro\/ro\/wp-json\/wp\/v2\/pages\/2833\/revisions"}],"predecessor-version":[{"id":30313,"href":"https:\/\/elearning.upt.ro\/ro\/wp-json\/wp\/v2\/pages\/2833\/revisions\/30313"}],"wp:attachment":[{"href":"https:\/\/elearning.upt.ro\/ro\/wp-json\/wp\/v2\/media?parent=2833"}],"curies":[{"name":"wp","href":"https:\/\/api.w.org\/{rel}","templated":true}]}}