{"id":7041,"date":"2019-09-23T20:41:39","date_gmt":"2019-09-23T17:41:39","guid":{"rendered":"https:\/\/elearning.upt.ro\/?page_id=7041"},"modified":"2019-09-23T20:42:31","modified_gmt":"2019-09-23T17:42:31","slug":"terms-of-use","status":"publish","type":"page","link":"https:\/\/elearning.upt.ro\/en\/terms-of-use\/","title":{"rendered":"privacy policy"},"content":{"rendered":"<p>This policy targets the mobile application of the Virtual Campus of the Polytechnic University of Timi\u0219oara.<\/p>\n\n\n\n<p>We maintain the confidentiality of your information and take all reasonable steps to protect your personal data. We do not share your personal information (including email address) with any third party. We may be required by law to distribute certain personal information saved to accredited legal bodies.<\/p>\n\n\n\n<p>The visited sections of the application and the corresponding information are saved for all users of the application in order to obtain analytical data of use of the application. They are also saved in normal operations in our server logs. <\/p>\n\n\n\n<p>If you have any questions about any of these practices or the use of your personal data, please write an email to <a href=\"mailto:contact@elearning.upt.ro\">contact@elearning.upt.ro<\/a>.<\/p>","protected":false},"excerpt":{"rendered":"<p>Aceast\u0103 politic\u0103 vizeaz\u0103 aplica\u021bia mobil\u0103 a Campusului Virtual al Universit\u0103\u021bii Politehnica Timi\u0219oara. P\u0103str\u0103m confiden\u021bialitatea informa\u021biilor tale \u0219i lu\u0103m toate m\u0103surile rezonabile pentru a \u00ee\u021bi proteja datele personale. Nu distribuim informa\u021biile tale personale (inclusiv adresa de email) c\u0103tre nicio ter\u021b\u0103 parte. Am putea fi obliga\u021bi prin lege s\u0103 distribuim anumite informa\u021bii personale salvate, c\u0103tre organismele legale [&hellip;]<\/p>\n","protected":false},"author":1,"featured_media":0,"parent":0,"menu_order":0,"comment_status":"closed","ping_status":"closed","template":"","meta":{"footnotes":""},"class_list":["post-7041","page","type-page","status-publish","hentry"],"yoast_head":"<!-- This site is optimized with the Yoast SEO plugin v27.3 - https:\/\/yoast.com\/product\/yoast-seo-wordpress\/ -->\n<title>Politica de confiden\u021bialitate - Universitatea Politehnica Timi\u015foara Departamentul de ID\/IFR \u0219i Educa\u021bie Digital\u0103 \u2013 DeL<\/title>\n<meta name=\"robots\" content=\"index, follow, max-snippet:-1, max-image-preview:large, max-video-preview:-1\" \/>\n<link rel=\"canonical\" href=\"https:\/\/elearning.upt.ro\/en\/terms-of-use\/\" \/>\n<meta property=\"og:locale\" content=\"en_US\" \/>\n<meta property=\"og:type\" content=\"article\" \/>\n<meta property=\"og:title\" content=\"Politica de confiden\u021bialitate - Universitatea Politehnica Timi\u015foara Departamentul de ID\/IFR \u0219i Educa\u021bie Digital\u0103 \u2013 DeL\" \/>\n<meta property=\"og:description\" content=\"Aceast\u0103 politic\u0103 vizeaz\u0103 aplica\u021bia mobil\u0103 a Campusului Virtual al Universit\u0103\u021bii Politehnica Timi\u0219oara. P\u0103str\u0103m confiden\u021bialitatea informa\u021biilor tale \u0219i lu\u0103m toate m\u0103surile rezonabile pentru a \u00ee\u021bi proteja datele personale. Nu distribuim informa\u021biile tale personale (inclusiv adresa de email) c\u0103tre nicio ter\u021b\u0103 parte. Am putea fi obliga\u021bi prin lege s\u0103 distribuim anumite informa\u021bii personale salvate, c\u0103tre organismele legale [&hellip;]\" \/>\n<meta property=\"og:url\" content=\"https:\/\/elearning.upt.ro\/en\/terms-of-use\/\" \/>\n<meta property=\"og:site_name\" content=\"Universitatea Politehnica Timi\u015foara Departamentul de ID\/IFR \u0219i Educa\u021bie Digital\u0103 \u2013 DeL\" \/>\n<meta property=\"article:publisher\" content=\"https:\/\/www.facebook.com\/CIDUPT\/?ref=page_internal\" \/>\n<meta property=\"article:modified_time\" content=\"2019-09-23T17:42:31+00:00\" \/>\n<meta name=\"twitter:card\" content=\"summary_large_image\" \/>\n<meta name=\"twitter:label1\" content=\"Est. reading time\" \/>\n\t<meta name=\"twitter:data1\" content=\"1 minute\" \/>\n<script type=\"application\/ld+json\" class=\"yoast-schema-graph\">{\"@context\":\"https:\\\/\\\/schema.org\",\"@graph\":[{\"@type\":\"WebPage\",\"@id\":\"https:\\\/\\\/elearning.upt.ro\\\/ro\\\/terms-of-use\\\/\",\"url\":\"https:\\\/\\\/elearning.upt.ro\\\/ro\\\/terms-of-use\\\/\",\"name\":\"Politica de confiden\u021bialitate - Universitatea Politehnica Timi\u015foara Departamentul de ID\\\/IFR \u0219i Educa\u021bie Digital\u0103 \u2013 DeL\",\"isPartOf\":{\"@id\":\"https:\\\/\\\/elearning.upt.ro\\\/ro\\\/#website\"},\"datePublished\":\"2019-09-23T17:41:39+00:00\",\"dateModified\":\"2019-09-23T17:42:31+00:00\",\"breadcrumb\":{\"@id\":\"https:\\\/\\\/elearning.upt.ro\\\/ro\\\/terms-of-use\\\/#breadcrumb\"},\"inLanguage\":\"en-US\",\"potentialAction\":[{\"@type\":\"ReadAction\",\"target\":[\"https:\\\/\\\/elearning.upt.ro\\\/ro\\\/terms-of-use\\\/\"]}]},{\"@type\":\"BreadcrumbList\",\"@id\":\"https:\\\/\\\/elearning.upt.ro\\\/ro\\\/terms-of-use\\\/#breadcrumb\",\"itemListElement\":[{\"@type\":\"ListItem\",\"position\":1,\"name\":\"Home\",\"item\":\"https:\\\/\\\/elearning.upt.ro\\\/\"},{\"@type\":\"ListItem\",\"position\":2,\"name\":\"Politica de confiden\u021bialitate\"}]},{\"@type\":\"WebSite\",\"@id\":\"https:\\\/\\\/elearning.upt.ro\\\/ro\\\/#website\",\"url\":\"https:\\\/\\\/elearning.upt.ro\\\/ro\\\/\",\"name\":\"Universitatea Politehnica Timi\u015foara Departamentul de ID\\\/IFR \u0219i Educa\u021bie Digital\u0103 \u2013 DeL\",\"description\":\"\",\"potentialAction\":[{\"@type\":\"SearchAction\",\"target\":{\"@type\":\"EntryPoint\",\"urlTemplate\":\"https:\\\/\\\/elearning.upt.ro\\\/ro\\\/?s={search_term_string}\"},\"query-input\":{\"@type\":\"PropertyValueSpecification\",\"valueRequired\":true,\"valueName\":\"search_term_string\"}}],\"inLanguage\":\"en-US\"}]}<\/script>\n<!-- \/ Yoast SEO plugin. -->","yoast_head_json":{"title":"Privacy Policy - Politehnica University Timi\u015foara Department of ID\/IFR and Digital Education \u2013 DeL","robots":{"index":"index","follow":"follow","max-snippet":"max-snippet:-1","max-image-preview":"max-image-preview:large","max-video-preview":"max-video-preview:-1"},"canonical":"https:\/\/elearning.upt.ro\/en\/terms-of-use\/","og_locale":"en_US","og_type":"article","og_title":"Politica de confiden\u021bialitate - Universitatea Politehnica Timi\u015foara Departamentul de ID\/IFR \u0219i Educa\u021bie Digital\u0103 \u2013 DeL","og_description":"Aceast\u0103 politic\u0103 vizeaz\u0103 aplica\u021bia mobil\u0103 a Campusului Virtual al Universit\u0103\u021bii Politehnica Timi\u0219oara. P\u0103str\u0103m confiden\u021bialitatea informa\u021biilor tale \u0219i lu\u0103m toate m\u0103surile rezonabile pentru a \u00ee\u021bi proteja datele personale. Nu distribuim informa\u021biile tale personale (inclusiv adresa de email) c\u0103tre nicio ter\u021b\u0103 parte. Am putea fi obliga\u021bi prin lege s\u0103 distribuim anumite informa\u021bii personale salvate, c\u0103tre organismele legale [&hellip;]","og_url":"https:\/\/elearning.upt.ro\/en\/terms-of-use\/","og_site_name":"Universitatea Politehnica Timi\u015foara Departamentul de ID\/IFR \u0219i Educa\u021bie Digital\u0103 \u2013 DeL","article_publisher":"https:\/\/www.facebook.com\/CIDUPT\/?ref=page_internal","article_modified_time":"2019-09-23T17:42:31+00:00","twitter_card":"summary_large_image","twitter_misc":{"Est. reading time":"1 minute"},"schema":{"@context":"https:\/\/schema.org","@graph":[{"@type":"WebPage","@id":"https:\/\/elearning.upt.ro\/ro\/terms-of-use\/","url":"https:\/\/elearning.upt.ro\/ro\/terms-of-use\/","name":"Privacy Policy - Politehnica University Timi\u015foara Department of ID\/IFR and Digital Education \u2013 DeL","isPartOf":{"@id":"https:\/\/elearning.upt.ro\/ro\/#website"},"datePublished":"2019-09-23T17:41:39+00:00","dateModified":"2019-09-23T17:42:31+00:00","breadcrumb":{"@id":"https:\/\/elearning.upt.ro\/ro\/terms-of-use\/#breadcrumb"},"inLanguage":"en-US","potentialAction":[{"@type":"ReadAction","target":["https:\/\/elearning.upt.ro\/ro\/terms-of-use\/"]}]},{"@type":"BreadcrumbList","@id":"https:\/\/elearning.upt.ro\/ro\/terms-of-use\/#breadcrumb","itemListElement":[{"@type":"ListItem","position":1,"name":"Home","item":"https:\/\/elearning.upt.ro\/"},{"@type":"ListItem","position":2,"name":"Politica de confiden\u021bialitate"}]},{"@type":"WebSite","@id":"https:\/\/elearning.upt.ro\/ro\/#website","url":"https:\/\/elearning.upt.ro\/ro\/","name":"Politehnica University Timi\u015foara Department of ID\/IFR and Digital Education \u2013 DeL","description":"","potentialAction":[{"@type":"SearchAction","target":{"@type":"EntryPoint","urlTemplate":"https:\/\/elearning.upt.ro\/ro\/?s={search_term_string}"},"query-input":{"@type":"PropertyValueSpecification","valueRequired":true,"valueName":"search_term_string"}}],"inLanguage":"en-US"}]}},"_links":{"self":[{"href":"https:\/\/elearning.upt.ro\/en\/wp-json\/wp\/v2\/pages\/7041","targetHints":{"allow":["GET"]}}],"collection":[{"href":"https:\/\/elearning.upt.ro\/en\/wp-json\/wp\/v2\/pages"}],"about":[{"href":"https:\/\/elearning.upt.ro\/en\/wp-json\/wp\/v2\/types\/page"}],"author":[{"embeddable":true,"href":"https:\/\/elearning.upt.ro\/en\/wp-json\/wp\/v2\/users\/1"}],"replies":[{"embeddable":true,"href":"https:\/\/elearning.upt.ro\/en\/wp-json\/wp\/v2\/comments?post=7041"}],"version-history":[{"count":2,"href":"https:\/\/elearning.upt.ro\/en\/wp-json\/wp\/v2\/pages\/7041\/revisions"}],"predecessor-version":[{"id":7043,"href":"https:\/\/elearning.upt.ro\/en\/wp-json\/wp\/v2\/pages\/7041\/revisions\/7043"}],"wp:attachment":[{"href":"https:\/\/elearning.upt.ro\/en\/wp-json\/wp\/v2\/media?parent=7041"}],"curies":[{"name":"wp","href":"https:\/\/api.w.org\/{rel}","templated":true}]}}