{"id":3605,"date":"2018-01-13T22:30:13","date_gmt":"2018-01-13T22:30:13","guid":{"rendered":"http:\/\/new.elearning.upt.ro\/?page_id=3605"},"modified":"2024-07-03T13:17:34","modified_gmt":"2024-07-03T10:17:34","slug":"tst1","status":"publish","type":"page","link":"https:\/\/elearning.upt.ro\/en\/programele-de-studiu\/licenta\/curricula\/tst1\/","title":{"rendered":"Telecommunications Technologies and Systems - Year 1"},"content":{"rendered":"<h2 class=\"wp-block-heading\"><span class=\"selected\"><a href=\"https:\/\/elearning.upt.ro\/en\/?page_id=3587\">Technologies and Telecommunication Systems<\/a><\/span>&nbsp;&nbsp;|&nbsp;&nbsp;<a href=\"https:\/\/elearning.upt.ro\/en\/?page_id=3605\">an 1<\/a>&nbsp;&nbsp;\u2013&nbsp;&nbsp;<a href=\"https:\/\/elearning.upt.ro\/en\/?page_id=3607\">an 2<\/a>&nbsp;&nbsp;\u2013&nbsp;&nbsp;<a href=\"https:\/\/elearning.upt.ro\/en\/?page_id=3612\">an 3<\/a>&nbsp;&nbsp;\u2013&nbsp;&nbsp;<a href=\"https:\/\/elearning.upt.ro\/en\/?page_id=3614\">an 4<\/a><\/h2>\n\n\n\n<h2 class=\"wp-block-heading\"><a href=\"https:\/\/elearning.upt.ro\/en\/?page_id=3611\">Applied computer science<\/a>&nbsp;&nbsp;|&nbsp;&nbsp;<a href=\"https:\/\/elearning.upt.ro\/en\/?page_id=3619\">an 1<\/a>&nbsp;&nbsp;\u2013&nbsp;&nbsp;<a href=\"https:\/\/elearning.upt.ro\/en\/?page_id=3623\">an 2<\/a>&nbsp;&nbsp;\u2013&nbsp;&nbsp;<a href=\"https:\/\/elearning.upt.ro\/en\/?page_id=3626\">an 3<\/a><\/h2>\n\n\n\n<h2 class=\"wp-block-heading\"><a href=\"https:\/\/elearning.upt.ro\/en\/?page_id=3603\">Communication and public relations<\/a>&nbsp;&nbsp;|&nbsp;&nbsp;<a href=\"https:\/\/elearning.upt.ro\/en\/?page_id=3638\">an 1<\/a>&nbsp;&nbsp;\u2013&nbsp;&nbsp;<a href=\"https:\/\/elearning.upt.ro\/en\/?page_id=3642\">an 2<\/a>&nbsp;&nbsp;\u2013&nbsp;&nbsp;<a href=\"https:\/\/elearning.upt.ro\/en\/?page_id=3639\">an 3<\/a><\/h2>\n\n\n\n<h2 class=\"wp-block-heading\"><a href=\"https:\/\/elearning.upt.ro\/en\/?page_id=3600\">Machine Building Technology<\/a>&nbsp;&nbsp;|&nbsp;&nbsp;<a href=\"https:\/\/elearning.upt.ro\/en\/?page_id=3620\">an 1<\/a>&nbsp;&nbsp;\u2013&nbsp;&nbsp;<a href=\"https:\/\/elearning.upt.ro\/en\/?page_id=3629\">an 2<\/a>&nbsp;&nbsp;\u2013&nbsp;&nbsp;<a href=\"https:\/\/elearning.upt.ro\/en\/?page_id=3633\">an 3<\/a>&nbsp;&nbsp;\u2013&nbsp;&nbsp;<a href=\"https:\/\/elearning.upt.ro\/en\/?page_id=25000\">an 4<\/a><\/h2>\n\n\n\n<figure class=\"wp-block-table\"><table><tbody><tr><th>Courses<\/th><th>Tutors<\/th><\/tr><tr><td>Linear algebra, analytic and differential geometry<\/td><td>Prof. Dr. Eng. L\u0102ZUREANU Cristian<br>Lect. Dr. CARUNTU Bogdan<\/td><\/tr><tr><td>Mathematical Analysis 1<\/td><td>As. univ. dr. Father Flavius<br>I would. univ. POPESCU Dan<\/td><\/tr><tr><td>Circuit analysis and synthesis<\/td><td>\u015e.l.dr. Eng. Vesa Daniela<\/td><\/tr><tr><td>Physics \u2013 I<\/td><td>\u015e.l.dr. Eng. Trif-Tordai (Calinoiu) Delia-Gabriela\u0218.l.dr. Eng. Irizoiu Oana<\/td><\/tr><tr><td>Modern Languages 1 \u2013 English<\/td><td>Assist. Dr. CONSTANTIN Claudia<\/td><\/tr><tr><td>Programming languages 1<\/td><td>Associate Dr. Eng. STANCIU Loredana-MihaelaConf.dr.eng. ALBU Adriana\n<p>\u015e.l.dr. Inf. ZIMBRU Cristian-Grigore<\/p>\n<\/td><\/tr><tr><td>Materials for electronics<\/td><td>Associate Dr. Eng. Adrian Popovici<\/td><\/tr><tr><td>Physical Education and Sport 1<\/td><td>Prof. Dr. Dan Ionescu<\/td><\/tr><tr><td>Mathematical analysis 2<\/td><td>Associate Dr. Eng. LAZUREANU Cristian<br>Lect. university Dr. C\u0103runtu Bogdan<\/td><\/tr><tr><td>Electronic devices<\/td><td>Associate Dr. Eng. MOCOFAN Mugura\u015f<\/td><\/tr><tr><td>Physical education and sports 2<\/td><td>Prof. Dr. Dan Ionescu<\/td><\/tr><tr><td>Computer assisted graphics<\/td><td>Prof. Dr. Eng. VODA Mircea<\/td><\/tr><tr><td>Modern Languages 2 \u2013 English<\/td><td>Assist. univ. dr. Constantine Claudia<\/td><\/tr><tr><td>Measurements in Electronics and Telecommunications<\/td><td>Dr. Eng. M\u0103\u0163iu-Iovan Liliana<\/td><\/tr><tr><td>Special Mathematics<\/td><td>Assoc BLACK Romeo<\/td><\/tr><tr><td>Computer programming<\/td><td>Associate Dr. Eng. ALBU Adriana<br>Associate Dr. Eng. STANCIU Loredana-Mihaela<br>\u015e.l.dr. Inf. ZIMBRU Cristian-Grigore<\/td><\/tr><\/tbody><\/table><\/figure>","protected":false},"excerpt":{"rendered":"<p>Tehnologii si sisteme de telecomunicatii&nbsp;&nbsp;|&nbsp;&nbsp;an 1&nbsp;&nbsp;&#8211;&nbsp;&nbsp;an 2&nbsp;&nbsp;&#8211;&nbsp;&nbsp;an 3&nbsp;&nbsp;&#8211;&nbsp;&nbsp;an 4 Informatica aplicata&nbsp;&nbsp;|&nbsp;&nbsp;an 1&nbsp;&nbsp;&#8211;&nbsp;&nbsp;an 2&nbsp;&nbsp;&#8211;&nbsp;&nbsp;an 3 Comunicare si Relatii Publice&nbsp;&nbsp;|&nbsp;&nbsp;an 1&nbsp;&nbsp;&#8211;&nbsp;&nbsp;an 2&nbsp;&nbsp;&#8211;&nbsp;&nbsp;an 3 Tehnologia Constructiilor de Masini&nbsp;&nbsp;|&nbsp;&nbsp;an 1&nbsp;&nbsp;&#8211;&nbsp;&nbsp;an 2&nbsp;&nbsp;&#8211;&nbsp;&nbsp;an 3&nbsp;&nbsp;&#8211;&nbsp;&nbsp;an 4 Cursuri Tutori Algebr\u0103 liniar\u0103, geometrie analitic\u0103 \u0219i diferen\u021bial\u0103 Conf. Dr. Ing. L\u0102ZUREANU CristianLect. Dr. CARUNTU Bogdan Analiza Matematica 1 As.univ.dr. Pater FlaviusAs. univ. POPESCU Dan Analiza [&hellip;]<\/p>\n","protected":false},"author":1,"featured_media":0,"parent":3082,"menu_order":0,"comment_status":"closed","ping_status":"closed","template":"","meta":{"footnotes":""},"class_list":["post-3605","page","type-page","status-publish","hentry"],"yoast_head":"<!-- This site is optimized with the Yoast SEO plugin v27.3 - https:\/\/yoast.com\/product\/yoast-seo-wordpress\/ -->\n<title>Tehnologii si Sisteme de Telecomunicatii &#8211; An 1 - Universitatea Politehnica Timi\u015foara Departamentul de ID\/IFR \u0219i Educa\u021bie Digital\u0103 \u2013 DeL<\/title>\n<meta name=\"robots\" content=\"index, follow, max-snippet:-1, max-image-preview:large, max-video-preview:-1\" \/>\n<link rel=\"canonical\" href=\"https:\/\/elearning.upt.ro\/en\/programele-de-studiu\/licenta\/curricula\/tst1\/\" \/>\n<meta property=\"og:locale\" content=\"en_US\" \/>\n<meta property=\"og:type\" content=\"article\" \/>\n<meta property=\"og:title\" content=\"Tehnologii si Sisteme de Telecomunicatii &#8211; An 1 - Universitatea Politehnica Timi\u015foara Departamentul de ID\/IFR \u0219i Educa\u021bie Digital\u0103 \u2013 DeL\" \/>\n<meta property=\"og:description\" content=\"Tehnologii si sisteme de telecomunicatii&nbsp;&nbsp;|&nbsp;&nbsp;an 1&nbsp;&nbsp;&#8211;&nbsp;&nbsp;an 2&nbsp;&nbsp;&#8211;&nbsp;&nbsp;an 3&nbsp;&nbsp;&#8211;&nbsp;&nbsp;an 4 Informatica aplicata&nbsp;&nbsp;|&nbsp;&nbsp;an 1&nbsp;&nbsp;&#8211;&nbsp;&nbsp;an 2&nbsp;&nbsp;&#8211;&nbsp;&nbsp;an 3 Comunicare si Relatii Publice&nbsp;&nbsp;|&nbsp;&nbsp;an 1&nbsp;&nbsp;&#8211;&nbsp;&nbsp;an 2&nbsp;&nbsp;&#8211;&nbsp;&nbsp;an 3 Tehnologia Constructiilor de Masini&nbsp;&nbsp;|&nbsp;&nbsp;an 1&nbsp;&nbsp;&#8211;&nbsp;&nbsp;an 2&nbsp;&nbsp;&#8211;&nbsp;&nbsp;an 3&nbsp;&nbsp;&#8211;&nbsp;&nbsp;an 4 Cursuri Tutori Algebr\u0103 liniar\u0103, geometrie analitic\u0103 \u0219i diferen\u021bial\u0103 Conf. Dr. Ing. L\u0102ZUREANU CristianLect. Dr. CARUNTU Bogdan Analiza Matematica 1 As.univ.dr. Pater FlaviusAs. univ. POPESCU Dan Analiza [&hellip;]\" \/>\n<meta property=\"og:url\" content=\"https:\/\/elearning.upt.ro\/en\/programele-de-studiu\/licenta\/curricula\/tst1\/\" \/>\n<meta property=\"og:site_name\" content=\"Universitatea Politehnica Timi\u015foara Departamentul de ID\/IFR \u0219i Educa\u021bie Digital\u0103 \u2013 DeL\" \/>\n<meta property=\"article:publisher\" content=\"https:\/\/www.facebook.com\/CIDUPT\/?ref=page_internal\" \/>\n<meta property=\"article:modified_time\" content=\"2024-07-03T10:17:34+00:00\" \/>\n<meta name=\"twitter:card\" content=\"summary_large_image\" \/>\n<meta name=\"twitter:label1\" content=\"Est. reading time\" \/>\n\t<meta name=\"twitter:data1\" content=\"1 minute\" \/>\n<script type=\"application\/ld+json\" class=\"yoast-schema-graph\">{\"@context\":\"https:\\\/\\\/schema.org\",\"@graph\":[{\"@type\":\"WebPage\",\"@id\":\"https:\\\/\\\/elearning.upt.ro\\\/ro\\\/programele-de-studiu\\\/licenta\\\/curricula\\\/tst1\\\/\",\"url\":\"https:\\\/\\\/elearning.upt.ro\\\/ro\\\/programele-de-studiu\\\/licenta\\\/curricula\\\/tst1\\\/\",\"name\":\"Tehnologii si Sisteme de Telecomunicatii &#8211; An 1 - Universitatea Politehnica Timi\u015foara Departamentul de ID\\\/IFR \u0219i Educa\u021bie Digital\u0103 \u2013 DeL\",\"isPartOf\":{\"@id\":\"https:\\\/\\\/elearning.upt.ro\\\/ro\\\/#website\"},\"datePublished\":\"2018-01-13T22:30:13+00:00\",\"dateModified\":\"2024-07-03T10:17:34+00:00\",\"breadcrumb\":{\"@id\":\"https:\\\/\\\/elearning.upt.ro\\\/ro\\\/programele-de-studiu\\\/licenta\\\/curricula\\\/tst1\\\/#breadcrumb\"},\"inLanguage\":\"en-US\",\"potentialAction\":[{\"@type\":\"ReadAction\",\"target\":[\"https:\\\/\\\/elearning.upt.ro\\\/ro\\\/programele-de-studiu\\\/licenta\\\/curricula\\\/tst1\\\/\"]}]},{\"@type\":\"BreadcrumbList\",\"@id\":\"https:\\\/\\\/elearning.upt.ro\\\/ro\\\/programele-de-studiu\\\/licenta\\\/curricula\\\/tst1\\\/#breadcrumb\",\"itemListElement\":[{\"@type\":\"ListItem\",\"position\":1,\"name\":\"Home\",\"item\":\"https:\\\/\\\/elearning.upt.ro\\\/\"},{\"@type\":\"ListItem\",\"position\":2,\"name\":\"Educa\u021bie\",\"item\":\"https:\\\/\\\/elearning.upt.ro\\\/ro\\\/programele-de-studiu\\\/\"},{\"@type\":\"ListItem\",\"position\":3,\"name\":\"Licenta\",\"item\":\"https:\\\/\\\/elearning.upt.ro\\\/ro\\\/programele-de-studiu\\\/licenta\\\/\"},{\"@type\":\"ListItem\",\"position\":4,\"name\":\"Curricula\",\"item\":\"https:\\\/\\\/elearning.upt.ro\\\/ro\\\/programele-de-studiu\\\/licenta\\\/curricula\\\/\"},{\"@type\":\"ListItem\",\"position\":5,\"name\":\"Tehnologii si Sisteme de Telecomunicatii &#8211; An 1\"}]},{\"@type\":\"WebSite\",\"@id\":\"https:\\\/\\\/elearning.upt.ro\\\/ro\\\/#website\",\"url\":\"https:\\\/\\\/elearning.upt.ro\\\/ro\\\/\",\"name\":\"Universitatea Politehnica Timi\u015foara Departamentul de ID\\\/IFR \u0219i Educa\u021bie Digital\u0103 \u2013 DeL\",\"description\":\"\",\"potentialAction\":[{\"@type\":\"SearchAction\",\"target\":{\"@type\":\"EntryPoint\",\"urlTemplate\":\"https:\\\/\\\/elearning.upt.ro\\\/ro\\\/?s={search_term_string}\"},\"query-input\":{\"@type\":\"PropertyValueSpecification\",\"valueRequired\":true,\"valueName\":\"search_term_string\"}}],\"inLanguage\":\"en-US\"}]}<\/script>\n<!-- \/ Yoast SEO plugin. -->","yoast_head_json":{"title":"Telecommunications Technologies and Systems \u2013 Year 1 - Politehnica University Timi\u015foara Department of ID\/IFR and Digital Education \u2013 DeL","robots":{"index":"index","follow":"follow","max-snippet":"max-snippet:-1","max-image-preview":"max-image-preview:large","max-video-preview":"max-video-preview:-1"},"canonical":"https:\/\/elearning.upt.ro\/en\/programele-de-studiu\/licenta\/curricula\/tst1\/","og_locale":"en_US","og_type":"article","og_title":"Tehnologii si Sisteme de Telecomunicatii &#8211; An 1 - Universitatea Politehnica Timi\u015foara Departamentul de ID\/IFR \u0219i Educa\u021bie Digital\u0103 \u2013 DeL","og_description":"Tehnologii si sisteme de telecomunicatii&nbsp;&nbsp;|&nbsp;&nbsp;an 1&nbsp;&nbsp;&#8211;&nbsp;&nbsp;an 2&nbsp;&nbsp;&#8211;&nbsp;&nbsp;an 3&nbsp;&nbsp;&#8211;&nbsp;&nbsp;an 4 Informatica aplicata&nbsp;&nbsp;|&nbsp;&nbsp;an 1&nbsp;&nbsp;&#8211;&nbsp;&nbsp;an 2&nbsp;&nbsp;&#8211;&nbsp;&nbsp;an 3 Comunicare si Relatii Publice&nbsp;&nbsp;|&nbsp;&nbsp;an 1&nbsp;&nbsp;&#8211;&nbsp;&nbsp;an 2&nbsp;&nbsp;&#8211;&nbsp;&nbsp;an 3 Tehnologia Constructiilor de Masini&nbsp;&nbsp;|&nbsp;&nbsp;an 1&nbsp;&nbsp;&#8211;&nbsp;&nbsp;an 2&nbsp;&nbsp;&#8211;&nbsp;&nbsp;an 3&nbsp;&nbsp;&#8211;&nbsp;&nbsp;an 4 Cursuri Tutori Algebr\u0103 liniar\u0103, geometrie analitic\u0103 \u0219i diferen\u021bial\u0103 Conf. Dr. Ing. L\u0102ZUREANU CristianLect. Dr. CARUNTU Bogdan Analiza Matematica 1 As.univ.dr. Pater FlaviusAs. univ. POPESCU Dan Analiza [&hellip;]","og_url":"https:\/\/elearning.upt.ro\/en\/programele-de-studiu\/licenta\/curricula\/tst1\/","og_site_name":"Universitatea Politehnica Timi\u015foara Departamentul de ID\/IFR \u0219i Educa\u021bie Digital\u0103 \u2013 DeL","article_publisher":"https:\/\/www.facebook.com\/CIDUPT\/?ref=page_internal","article_modified_time":"2024-07-03T10:17:34+00:00","twitter_card":"summary_large_image","twitter_misc":{"Est. reading time":"1 minute"},"schema":{"@context":"https:\/\/schema.org","@graph":[{"@type":"WebPage","@id":"https:\/\/elearning.upt.ro\/ro\/programele-de-studiu\/licenta\/curricula\/tst1\/","url":"https:\/\/elearning.upt.ro\/ro\/programele-de-studiu\/licenta\/curricula\/tst1\/","name":"Telecommunications Technologies and Systems \u2013 Year 1 - Politehnica University Timi\u015foara Department of ID\/IFR and Digital Education \u2013 DeL","isPartOf":{"@id":"https:\/\/elearning.upt.ro\/ro\/#website"},"datePublished":"2018-01-13T22:30:13+00:00","dateModified":"2024-07-03T10:17:34+00:00","breadcrumb":{"@id":"https:\/\/elearning.upt.ro\/ro\/programele-de-studiu\/licenta\/curricula\/tst1\/#breadcrumb"},"inLanguage":"en-US","potentialAction":[{"@type":"ReadAction","target":["https:\/\/elearning.upt.ro\/ro\/programele-de-studiu\/licenta\/curricula\/tst1\/"]}]},{"@type":"BreadcrumbList","@id":"https:\/\/elearning.upt.ro\/ro\/programele-de-studiu\/licenta\/curricula\/tst1\/#breadcrumb","itemListElement":[{"@type":"ListItem","position":1,"name":"Home","item":"https:\/\/elearning.upt.ro\/"},{"@type":"ListItem","position":2,"name":"Educa\u021bie","item":"https:\/\/elearning.upt.ro\/ro\/programele-de-studiu\/"},{"@type":"ListItem","position":3,"name":"Licenta","item":"https:\/\/elearning.upt.ro\/ro\/programele-de-studiu\/licenta\/"},{"@type":"ListItem","position":4,"name":"Curricula","item":"https:\/\/elearning.upt.ro\/ro\/programele-de-studiu\/licenta\/curricula\/"},{"@type":"ListItem","position":5,"name":"Tehnologii si Sisteme de Telecomunicatii &#8211; An 1"}]},{"@type":"WebSite","@id":"https:\/\/elearning.upt.ro\/ro\/#website","url":"https:\/\/elearning.upt.ro\/ro\/","name":"Politehnica University Timi\u015foara Department of ID\/IFR and Digital Education \u2013 DeL","description":"","potentialAction":[{"@type":"SearchAction","target":{"@type":"EntryPoint","urlTemplate":"https:\/\/elearning.upt.ro\/ro\/?s={search_term_string}"},"query-input":{"@type":"PropertyValueSpecification","valueRequired":true,"valueName":"search_term_string"}}],"inLanguage":"en-US"}]}},"_links":{"self":[{"href":"https:\/\/elearning.upt.ro\/en\/wp-json\/wp\/v2\/pages\/3605","targetHints":{"allow":["GET"]}}],"collection":[{"href":"https:\/\/elearning.upt.ro\/en\/wp-json\/wp\/v2\/pages"}],"about":[{"href":"https:\/\/elearning.upt.ro\/en\/wp-json\/wp\/v2\/types\/page"}],"author":[{"embeddable":true,"href":"https:\/\/elearning.upt.ro\/en\/wp-json\/wp\/v2\/users\/1"}],"replies":[{"embeddable":true,"href":"https:\/\/elearning.upt.ro\/en\/wp-json\/wp\/v2\/comments?post=3605"}],"version-history":[{"count":14,"href":"https:\/\/elearning.upt.ro\/en\/wp-json\/wp\/v2\/pages\/3605\/revisions"}],"predecessor-version":[{"id":26440,"href":"https:\/\/elearning.upt.ro\/en\/wp-json\/wp\/v2\/pages\/3605\/revisions\/26440"}],"up":[{"embeddable":true,"href":"https:\/\/elearning.upt.ro\/en\/wp-json\/wp\/v2\/pages\/3082"}],"wp:attachment":[{"href":"https:\/\/elearning.upt.ro\/en\/wp-json\/wp\/v2\/media?parent=3605"}],"curies":[{"name":"wp","href":"https:\/\/api.w.org\/{rel}","templated":true}]}}