{"id":3603,"date":"2018-01-13T22:30:19","date_gmt":"2018-01-13T22:30:19","guid":{"rendered":"http:\/\/new.elearning.upt.ro\/?page_id=3603"},"modified":"2023-06-14T21:02:53","modified_gmt":"2023-06-14T18:02:53","slug":"crp","status":"publish","type":"page","link":"https:\/\/elearning.upt.ro\/en\/programele-de-studiu\/licenta\/curricula\/crp\/","title":{"rendered":"Communication and public relations"},"content":{"rendered":"<h2><span class=\"selected\"><a href=\"https:\/\/elearning.upt.ro\/en\/?page_id=3587\">Technologies and Telecommunication Systems<\/a><\/span>&nbsp;&nbsp;|&nbsp;&nbsp;<a href=\"https:\/\/elearning.upt.ro\/en\/?page_id=3605\">an 1<\/a>&nbsp;&nbsp;\u2013&nbsp;&nbsp;<a href=\"https:\/\/elearning.upt.ro\/en\/?page_id=3607\">an 2<\/a>&nbsp;&nbsp;\u2013&nbsp;&nbsp;<a href=\"https:\/\/elearning.upt.ro\/en\/?page_id=3612\">an 3<\/a>&nbsp;&nbsp;\u2013&nbsp;&nbsp;<a href=\"https:\/\/elearning.upt.ro\/en\/?page_id=3614\">an 4<\/a><\/h2>\n<h2><a href=\"https:\/\/elearning.upt.ro\/en\/?page_id=3611\">Applied computer science<\/a>&nbsp;&nbsp;|&nbsp;&nbsp;<a href=\"https:\/\/elearning.upt.ro\/en\/?page_id=3619\">an 1<\/a>&nbsp;&nbsp;\u2013&nbsp;&nbsp;<a href=\"https:\/\/elearning.upt.ro\/en\/?page_id=3623\">an 2<\/a>&nbsp;&nbsp;\u2013&nbsp;&nbsp;<a href=\"https:\/\/elearning.upt.ro\/en\/?page_id=3626\">an 3<\/a><\/h2>\n<h2><a href=\"https:\/\/elearning.upt.ro\/en\/?page_id=3603\">Communication and public relations<\/a>&nbsp;&nbsp;|&nbsp;&nbsp;<a href=\"https:\/\/elearning.upt.ro\/en\/?page_id=3638\">an 1<\/a>&nbsp;&nbsp;\u2013&nbsp;&nbsp;<a href=\"https:\/\/elearning.upt.ro\/en\/?page_id=3642\">an 2<\/a>&nbsp;&nbsp;\u2013&nbsp;&nbsp;<a href=\"https:\/\/elearning.upt.ro\/en\/?page_id=3639\">an 3<\/a><\/h2>\n<h2><a href=\"https:\/\/elearning.upt.ro\/en\/?page_id=3600\">Machine Building Technology<\/a>&nbsp;&nbsp;|&nbsp;&nbsp;<a href=\"https:\/\/elearning.upt.ro\/en\/?page_id=3620\">an 1<\/a>&nbsp;&nbsp;\u2013&nbsp;&nbsp;<a href=\"https:\/\/elearning.upt.ro\/en\/?page_id=3629\">an 2<\/a>&nbsp;&nbsp;\u2013&nbsp;&nbsp;<a href=\"https:\/\/elearning.upt.ro\/en\/?page_id=3633\">an 3<\/a> \u2013&nbsp;&nbsp;<a href=\"https:\/\/elearning.upt.ro\/en\/?page_id=25000\">an 4<\/a><\/h2>\n\n\n<figure class=\"wp-block-table\"><table><tbody><tr><td><strong>Courses<\/strong><\/td><td><strong>Tutors<\/strong><\/td><\/tr><tr><td>Foundations of Communication Sciences<\/td><td>Prof. Dr. Suciu Lavinia<br>Assist. Dr. Timplaru Adina<\/td><\/tr><tr><td>Introduction to the mass media system<\/td><td>Prof. Dr. Cernicova Mariana<br>Lect. Dr. Ciurel Daniel<\/td><\/tr><tr><td>Critical thinking<\/td><td>Lect. Dr. Bia\u0219 Cosmin<\/td><\/tr><tr><td>Communicative grammar E<\/td><td>Lect. Dr. Kilyeni Annamaria<\/td><\/tr><tr><td>Oral communication in professional contexts E<\/td><td>Prof. Dr. Simon Simona<br>Assist. Dr. Pele Andreea<\/td><\/tr><tr><td>Foreign language II \u2013 F<\/td><td>Prof. Dr. Pop Mirela<br>Lect AUF Crept Gautier<\/td><\/tr><tr><td>Foreign language II \u2013 G<\/td><td>Prof. Dr. Dejica-Car\u021bi\u0219 Anca<\/td><\/tr><tr><td>Sociology of public opinion<\/td><td>Prof. Dr. Dragomir Gabriel Mugurel<\/td><\/tr><tr><td>Physical education 1<\/td><td>Lect. Dr. D. Ionescu<\/td><\/tr><tr><td>Introduction to public relations<\/td><td>Prof. Dr. Palea Adina<\/td><\/tr><tr><td>Introduction to advertising<\/td><td>Lect. Dr. Ciurel Daniel<\/td><\/tr><tr><td>Writing and presentation techniques<\/td><td>Prof. Dr. Suciu Lavinia<\/td><\/tr><tr><td>Culture and civilization in the context of globalization E<\/td><td>Prof. Dr. Farca\u0219iu Marcela<\/td><\/tr><tr><td>Written communication in professional contexts E<\/td><td>Prof. Dr. Farca\u0219iu Marcela<\/td><\/tr><tr><td>Foreign language II \u2013 F<\/td><td>Prof. Dr. Pop Mirela<br>Lecturer AUF Crept Gautier<\/td><\/tr><tr><td>Foreign language II \u2013 G<\/td><td>Prof. Dr. Dejica-Car\u021bi\u0219 Anca<\/td><\/tr><tr><td>Multimedia<\/td><td>Prof. Dr. Eng. Mocofan Mugura\u0219<\/td><\/tr><tr><td>Physical education 2<\/td><td>Lect. Dr. D. Ionescu<\/td><\/tr><tr><td>Ethics and deontology of communication<\/td><td>Prof. Dr. Cernicova Mariana<\/td><\/tr><tr><td>Writing PR materials<\/td><td>Prof. Dr. Cernicova Mariana<br>Prof. Dr. Palea Adina<\/td><\/tr><tr><td>Communication with the press<\/td><td>Prof. Dr. Cernicova Mariana<br>Lect. Dr. Ciurel Daniel<\/td><\/tr><tr><td>Specialized lexicon E<\/td><td>Lect. Dr. Kilyeni Annamaria<\/td><\/tr><tr><td>Pragmatics E<\/td><td>Prof. Dr. Simon Simona<\/td><\/tr><tr><td>Foreign language II \u2013 F<\/td><td>Prof. Dr. Pop Mirela<br>Lecturer AUF Crept Gautier<\/td><\/tr><tr><td>Foreign language II \u2013 G<\/td><td>Prof. Dr. Dejica-Car\u021bi\u0219 Anca<\/td><\/tr><tr><td>Notions of management and marketing<\/td><td>Prof. Dr. Eng. Gabriela Pro\u0219tean<\/td><\/tr><tr><td>Physical education 3<\/td><td>Lect. Dr. D. Ionescu<\/td><\/tr><tr><td>Research methods in the social sciences<\/td><td>Prof. Dr. Dragomir Gabriel Mugurel<\/td><\/tr><tr><td>Development of RP products with the computer<\/td><td>Prof. Dr. Gherhe\u0219 Vasile<\/td><\/tr><tr><td>RP management<\/td><td>Prof. Dr. Palea Adina<\/td><\/tr><tr><td>Specialized languages E<\/td><td>Lect. Dr. Kilyeni Annamaria<br>Assist. Dr. Pele Andreea<\/td><\/tr><tr><td>Speech analysis E<\/td><td>Lect. Dr. Claudia Stoian<\/td><\/tr><tr><td>Rhetoric<\/td><td>Lect. Dr. Bia\u0219 Cosmin<\/td><\/tr><tr><td>Practice <\/td><td>Dr. Lect. Grosseck Maria-Dana<br>Prof. Dr. Palea Adina<\/td><\/tr><tr><td>Physical education 4<\/td><td>Lect. Dr. D. Ionescu<\/td><\/tr><tr><td>Organization of events<\/td><td>Prof. Dr. Palea Adina<\/td><\/tr><tr><td>PR campaigns<\/td><td>Prof. Dr. Dragomir Gabriel Mugurel<\/td><\/tr><tr><td>Election campaign<\/td><td>Lect. Dr. Suciu Sorin<\/td><\/tr><tr><td>Internal communication<\/td><td>Prof. Dr. Palea Adina<\/td><\/tr><tr><td>Corporate communication<\/td><td>Assist. Dr. Cismariu Liliana<\/td><\/tr><tr><td>Linguistic and cultural mediation (E)<\/td><td>Prof. Dr. Dejica-Car\u021bi\u0219 Daniel<br>Lect. Dr. Claudia Stoian<\/td><\/tr><tr><td>Legislation in the field of communication<\/td><td>Lect. Dr. Luminous Caius<\/td><\/tr><tr><td>Interpersonal communication<\/td><td>Assist. Dr. Stanici Miroslav<\/td><\/tr><tr><td>Sectoral public relations<\/td><td>Prof. Dr. Cernicova Mariana<\/td><\/tr><tr><td>PR in social media<\/td><td>Prof. Dr. Gherhe\u0219 Vasile<\/td><\/tr><tr><td>Visual communication<\/td><td>Lect. Dr. Suciu Sorin<\/td><\/tr><\/tbody><\/table><\/figure>","protected":false},"excerpt":{"rendered":"<p>Tehnologii si sisteme de telecomunicatii&nbsp;&nbsp;|&nbsp;&nbsp;an 1&nbsp;&nbsp;&#8211;&nbsp;&nbsp;an 2&nbsp;&nbsp;&#8211;&nbsp;&nbsp;an 3&nbsp;&nbsp;&#8211;&nbsp;&nbsp;an 4 Informatica aplicata&nbsp;&nbsp;|&nbsp;&nbsp;an 1&nbsp;&nbsp;&#8211;&nbsp;&nbsp;an 2&nbsp;&nbsp;&#8211;&nbsp;&nbsp;an 3 Comunicare si Relatii Publice&nbsp;&nbsp;|&nbsp;&nbsp;an 1&nbsp;&nbsp;&#8211;&nbsp;&nbsp;an 2&nbsp;&nbsp;&#8211;&nbsp;&nbsp;an 3 Tehnologia Constructiilor de Masini&nbsp;&nbsp;|&nbsp;&nbsp;an 1&nbsp;&nbsp;&#8211;&nbsp;&nbsp;an 2&nbsp;&nbsp;&#8211;&nbsp;&nbsp;an 3 &#8211;&nbsp;&nbsp;an 4 Cursuri Tutori Fundamente ale \u0219tiin\u021belor comunic\u0103rii Conf. dr. Suciu LaviniaAsist. dr. T\u00eemplaru Adina Introducere \u00een sistemul mass-media Conf. dr. Cernicova MarianaLect. dr. Ciurel Daniel G\u00e2ndire [&hellip;]<\/p>\n","protected":false},"author":1,"featured_media":0,"parent":3082,"menu_order":0,"comment_status":"closed","ping_status":"closed","template":"","meta":{"footnotes":""},"class_list":["post-3603","page","type-page","status-publish","hentry"],"yoast_head":"<!-- This site is optimized with the Yoast SEO plugin v27.3 - https:\/\/yoast.com\/product\/yoast-seo-wordpress\/ -->\n<title>Comunicare si Relatii Publice - Universitatea Politehnica Timi\u015foara Departamentul de ID\/IFR \u0219i Educa\u021bie Digital\u0103 \u2013 DeL<\/title>\n<meta name=\"robots\" content=\"index, follow, max-snippet:-1, max-image-preview:large, max-video-preview:-1\" \/>\n<link rel=\"canonical\" href=\"https:\/\/elearning.upt.ro\/en\/programele-de-studiu\/licenta\/curricula\/crp\/\" \/>\n<meta property=\"og:locale\" content=\"en_US\" \/>\n<meta property=\"og:type\" content=\"article\" \/>\n<meta property=\"og:title\" content=\"Comunicare si Relatii Publice - Universitatea Politehnica Timi\u015foara Departamentul de ID\/IFR \u0219i Educa\u021bie Digital\u0103 \u2013 DeL\" \/>\n<meta property=\"og:description\" content=\"Tehnologii si sisteme de telecomunicatii&nbsp;&nbsp;|&nbsp;&nbsp;an 1&nbsp;&nbsp;&#8211;&nbsp;&nbsp;an 2&nbsp;&nbsp;&#8211;&nbsp;&nbsp;an 3&nbsp;&nbsp;&#8211;&nbsp;&nbsp;an 4 Informatica aplicata&nbsp;&nbsp;|&nbsp;&nbsp;an 1&nbsp;&nbsp;&#8211;&nbsp;&nbsp;an 2&nbsp;&nbsp;&#8211;&nbsp;&nbsp;an 3 Comunicare si Relatii Publice&nbsp;&nbsp;|&nbsp;&nbsp;an 1&nbsp;&nbsp;&#8211;&nbsp;&nbsp;an 2&nbsp;&nbsp;&#8211;&nbsp;&nbsp;an 3 Tehnologia Constructiilor de Masini&nbsp;&nbsp;|&nbsp;&nbsp;an 1&nbsp;&nbsp;&#8211;&nbsp;&nbsp;an 2&nbsp;&nbsp;&#8211;&nbsp;&nbsp;an 3 &#8211;&nbsp;&nbsp;an 4 Cursuri Tutori Fundamente ale \u0219tiin\u021belor comunic\u0103rii Conf. dr. Suciu LaviniaAsist. dr. T\u00eemplaru Adina Introducere \u00een sistemul mass-media Conf. dr. Cernicova MarianaLect. dr. Ciurel Daniel G\u00e2ndire [&hellip;]\" \/>\n<meta property=\"og:url\" content=\"https:\/\/elearning.upt.ro\/en\/programele-de-studiu\/licenta\/curricula\/crp\/\" \/>\n<meta property=\"og:site_name\" content=\"Universitatea Politehnica Timi\u015foara Departamentul de ID\/IFR \u0219i Educa\u021bie Digital\u0103 \u2013 DeL\" \/>\n<meta property=\"article:publisher\" content=\"https:\/\/www.facebook.com\/CIDUPT\/?ref=page_internal\" \/>\n<meta property=\"article:modified_time\" content=\"2023-06-14T18:02:53+00:00\" \/>\n<meta name=\"twitter:card\" content=\"summary_large_image\" \/>\n<meta name=\"twitter:label1\" content=\"Est. reading time\" \/>\n\t<meta name=\"twitter:data1\" content=\"2 minutes\" \/>\n<script type=\"application\/ld+json\" class=\"yoast-schema-graph\">{\"@context\":\"https:\\\/\\\/schema.org\",\"@graph\":[{\"@type\":\"WebPage\",\"@id\":\"https:\\\/\\\/elearning.upt.ro\\\/ro\\\/programele-de-studiu\\\/licenta\\\/curricula\\\/crp\\\/\",\"url\":\"https:\\\/\\\/elearning.upt.ro\\\/ro\\\/programele-de-studiu\\\/licenta\\\/curricula\\\/crp\\\/\",\"name\":\"Comunicare si Relatii Publice - Universitatea Politehnica Timi\u015foara Departamentul de ID\\\/IFR \u0219i Educa\u021bie Digital\u0103 \u2013 DeL\",\"isPartOf\":{\"@id\":\"https:\\\/\\\/elearning.upt.ro\\\/ro\\\/#website\"},\"datePublished\":\"2018-01-13T22:30:19+00:00\",\"dateModified\":\"2023-06-14T18:02:53+00:00\",\"breadcrumb\":{\"@id\":\"https:\\\/\\\/elearning.upt.ro\\\/ro\\\/programele-de-studiu\\\/licenta\\\/curricula\\\/crp\\\/#breadcrumb\"},\"inLanguage\":\"en-US\",\"potentialAction\":[{\"@type\":\"ReadAction\",\"target\":[\"https:\\\/\\\/elearning.upt.ro\\\/ro\\\/programele-de-studiu\\\/licenta\\\/curricula\\\/crp\\\/\"]}]},{\"@type\":\"BreadcrumbList\",\"@id\":\"https:\\\/\\\/elearning.upt.ro\\\/ro\\\/programele-de-studiu\\\/licenta\\\/curricula\\\/crp\\\/#breadcrumb\",\"itemListElement\":[{\"@type\":\"ListItem\",\"position\":1,\"name\":\"Home\",\"item\":\"https:\\\/\\\/elearning.upt.ro\\\/\"},{\"@type\":\"ListItem\",\"position\":2,\"name\":\"Educa\u021bie\",\"item\":\"https:\\\/\\\/elearning.upt.ro\\\/ro\\\/programele-de-studiu\\\/\"},{\"@type\":\"ListItem\",\"position\":3,\"name\":\"Licenta\",\"item\":\"https:\\\/\\\/elearning.upt.ro\\\/ro\\\/programele-de-studiu\\\/licenta\\\/\"},{\"@type\":\"ListItem\",\"position\":4,\"name\":\"Curricula\",\"item\":\"https:\\\/\\\/elearning.upt.ro\\\/ro\\\/programele-de-studiu\\\/licenta\\\/curricula\\\/\"},{\"@type\":\"ListItem\",\"position\":5,\"name\":\"Comunicare si Relatii Publice\"}]},{\"@type\":\"WebSite\",\"@id\":\"https:\\\/\\\/elearning.upt.ro\\\/ro\\\/#website\",\"url\":\"https:\\\/\\\/elearning.upt.ro\\\/ro\\\/\",\"name\":\"Universitatea Politehnica Timi\u015foara Departamentul de ID\\\/IFR \u0219i Educa\u021bie Digital\u0103 \u2013 DeL\",\"description\":\"\",\"potentialAction\":[{\"@type\":\"SearchAction\",\"target\":{\"@type\":\"EntryPoint\",\"urlTemplate\":\"https:\\\/\\\/elearning.upt.ro\\\/ro\\\/?s={search_term_string}\"},\"query-input\":{\"@type\":\"PropertyValueSpecification\",\"valueRequired\":true,\"valueName\":\"search_term_string\"}}],\"inLanguage\":\"en-US\"}]}<\/script>\n<!-- \/ Yoast SEO plugin. -->","yoast_head_json":{"title":"Communication and Public Relations - Politehnica University Timi\u015foara Department of ID\/IFR and Digital Education \u2013 DeL","robots":{"index":"index","follow":"follow","max-snippet":"max-snippet:-1","max-image-preview":"max-image-preview:large","max-video-preview":"max-video-preview:-1"},"canonical":"https:\/\/elearning.upt.ro\/en\/programele-de-studiu\/licenta\/curricula\/crp\/","og_locale":"en_US","og_type":"article","og_title":"Comunicare si Relatii Publice - Universitatea Politehnica Timi\u015foara Departamentul de ID\/IFR \u0219i Educa\u021bie Digital\u0103 \u2013 DeL","og_description":"Tehnologii si sisteme de telecomunicatii&nbsp;&nbsp;|&nbsp;&nbsp;an 1&nbsp;&nbsp;&#8211;&nbsp;&nbsp;an 2&nbsp;&nbsp;&#8211;&nbsp;&nbsp;an 3&nbsp;&nbsp;&#8211;&nbsp;&nbsp;an 4 Informatica aplicata&nbsp;&nbsp;|&nbsp;&nbsp;an 1&nbsp;&nbsp;&#8211;&nbsp;&nbsp;an 2&nbsp;&nbsp;&#8211;&nbsp;&nbsp;an 3 Comunicare si Relatii Publice&nbsp;&nbsp;|&nbsp;&nbsp;an 1&nbsp;&nbsp;&#8211;&nbsp;&nbsp;an 2&nbsp;&nbsp;&#8211;&nbsp;&nbsp;an 3 Tehnologia Constructiilor de Masini&nbsp;&nbsp;|&nbsp;&nbsp;an 1&nbsp;&nbsp;&#8211;&nbsp;&nbsp;an 2&nbsp;&nbsp;&#8211;&nbsp;&nbsp;an 3 &#8211;&nbsp;&nbsp;an 4 Cursuri Tutori Fundamente ale \u0219tiin\u021belor comunic\u0103rii Conf. dr. Suciu LaviniaAsist. dr. T\u00eemplaru Adina Introducere \u00een sistemul mass-media Conf. dr. Cernicova MarianaLect. dr. Ciurel Daniel G\u00e2ndire [&hellip;]","og_url":"https:\/\/elearning.upt.ro\/en\/programele-de-studiu\/licenta\/curricula\/crp\/","og_site_name":"Universitatea Politehnica Timi\u015foara Departamentul de ID\/IFR \u0219i Educa\u021bie Digital\u0103 \u2013 DeL","article_publisher":"https:\/\/www.facebook.com\/CIDUPT\/?ref=page_internal","article_modified_time":"2023-06-14T18:02:53+00:00","twitter_card":"summary_large_image","twitter_misc":{"Est. reading time":"2 minutes"},"schema":{"@context":"https:\/\/schema.org","@graph":[{"@type":"WebPage","@id":"https:\/\/elearning.upt.ro\/ro\/programele-de-studiu\/licenta\/curricula\/crp\/","url":"https:\/\/elearning.upt.ro\/ro\/programele-de-studiu\/licenta\/curricula\/crp\/","name":"Communication and Public Relations - Politehnica University Timi\u015foara Department of ID\/IFR and Digital Education \u2013 DeL","isPartOf":{"@id":"https:\/\/elearning.upt.ro\/ro\/#website"},"datePublished":"2018-01-13T22:30:19+00:00","dateModified":"2023-06-14T18:02:53+00:00","breadcrumb":{"@id":"https:\/\/elearning.upt.ro\/ro\/programele-de-studiu\/licenta\/curricula\/crp\/#breadcrumb"},"inLanguage":"en-US","potentialAction":[{"@type":"ReadAction","target":["https:\/\/elearning.upt.ro\/ro\/programele-de-studiu\/licenta\/curricula\/crp\/"]}]},{"@type":"BreadcrumbList","@id":"https:\/\/elearning.upt.ro\/ro\/programele-de-studiu\/licenta\/curricula\/crp\/#breadcrumb","itemListElement":[{"@type":"ListItem","position":1,"name":"Home","item":"https:\/\/elearning.upt.ro\/"},{"@type":"ListItem","position":2,"name":"Educa\u021bie","item":"https:\/\/elearning.upt.ro\/ro\/programele-de-studiu\/"},{"@type":"ListItem","position":3,"name":"Licenta","item":"https:\/\/elearning.upt.ro\/ro\/programele-de-studiu\/licenta\/"},{"@type":"ListItem","position":4,"name":"Curricula","item":"https:\/\/elearning.upt.ro\/ro\/programele-de-studiu\/licenta\/curricula\/"},{"@type":"ListItem","position":5,"name":"Comunicare si Relatii Publice"}]},{"@type":"WebSite","@id":"https:\/\/elearning.upt.ro\/ro\/#website","url":"https:\/\/elearning.upt.ro\/ro\/","name":"Politehnica University Timi\u015foara Department of ID\/IFR and Digital Education \u2013 DeL","description":"","potentialAction":[{"@type":"SearchAction","target":{"@type":"EntryPoint","urlTemplate":"https:\/\/elearning.upt.ro\/ro\/?s={search_term_string}"},"query-input":{"@type":"PropertyValueSpecification","valueRequired":true,"valueName":"search_term_string"}}],"inLanguage":"en-US"}]}},"_links":{"self":[{"href":"https:\/\/elearning.upt.ro\/en\/wp-json\/wp\/v2\/pages\/3603","targetHints":{"allow":["GET"]}}],"collection":[{"href":"https:\/\/elearning.upt.ro\/en\/wp-json\/wp\/v2\/pages"}],"about":[{"href":"https:\/\/elearning.upt.ro\/en\/wp-json\/wp\/v2\/types\/page"}],"author":[{"embeddable":true,"href":"https:\/\/elearning.upt.ro\/en\/wp-json\/wp\/v2\/users\/1"}],"replies":[{"embeddable":true,"href":"https:\/\/elearning.upt.ro\/en\/wp-json\/wp\/v2\/comments?post=3603"}],"version-history":[{"count":5,"href":"https:\/\/elearning.upt.ro\/en\/wp-json\/wp\/v2\/pages\/3603\/revisions"}],"predecessor-version":[{"id":25012,"href":"https:\/\/elearning.upt.ro\/en\/wp-json\/wp\/v2\/pages\/3603\/revisions\/25012"}],"up":[{"embeddable":true,"href":"https:\/\/elearning.upt.ro\/en\/wp-json\/wp\/v2\/pages\/3082"}],"wp:attachment":[{"href":"https:\/\/elearning.upt.ro\/en\/wp-json\/wp\/v2\/media?parent=3603"}],"curies":[{"name":"wp","href":"https:\/\/api.w.org\/{rel}","templated":true}]}}