{"id":3199,"date":"2018-01-13T19:25:56","date_gmt":"2018-01-13T19:25:56","guid":{"rendered":"http:\/\/new.elearning.upt.ro\/?page_id=3199"},"modified":"2022-03-14T18:52:20","modified_gmt":"2022-03-14T16:52:20","slug":"diana-andone","status":"publish","type":"page","link":"https:\/\/elearning.upt.ro\/en\/diana-andone\/","title":{"rendered":"Dr. Diana Andone"},"content":{"rendered":"\t\t<div data-elementor-type=\"wp-post\" data-elementor-id=\"3199\" class=\"elementor elementor-3199\">\n\t\t\t\t\t\t<section class=\"elementor-section elementor-top-section elementor-element elementor-element-cc37c57 elementor-section-boxed elementor-section-height-default elementor-section-height-default\" data-id=\"cc37c57\" data-element_type=\"section\" data-e-type=\"section\">\n\t\t\t\t\t\t<div class=\"elementor-container elementor-column-gap-default\">\n\t\t\t\t\t<div class=\"elementor-column elementor-col-100 elementor-top-column elementor-element elementor-element-6a6728e\" data-id=\"6a6728e\" data-element_type=\"column\" data-e-type=\"column\">\n\t\t\t<div class=\"elementor-widget-wrap elementor-element-populated\">\n\t\t\t\t\t\t<div class=\"elementor-element elementor-element-dbfe5d2 elementor-widget elementor-widget-text-editor\" data-id=\"dbfe5d2\" data-element_type=\"widget\" data-e-type=\"widget\" data-widget_type=\"text-editor.default\">\n\t\t\t\t<div class=\"elementor-widget-container\">\n\t\t\t\t\t\t\t\t\t<p><img fetchpriority=\"high\" decoding=\"async\" class=\"alignleft\" src=\"https:\/\/elearning.upt.ro\/wp-content\/uploads\/2019\/06\/DianaAndone-233x300.jpg\" alt=\"\" width=\"233\" height=\"300\" \/><strong>[Rom\u00e2n\u0103]<\/strong><\/p><p><strong>Dr. Diana Andone<\/strong> (@diando70) este director al <a href=\"https:\/\/elearning.upt.ro\/ro\/\">Centrului de e-Learning<\/a>, <a href=\"http:\/\/upt.ro\/\">Universitatea Politehnica Timi\u0219oara<\/a>, cu responsabilit\u0103\u021bi \u00een planificarea \u0219i implementarea \u00eenv\u0103\u021b\u0103m\u00e2ntului la distan\u021b\u0103 \u0219i a integr\u0103rii utiliz\u0103rii tehnologiilor educa\u021bionale digitale pentru toate formele de \u00eenv\u0103\u021b\u0103m\u00e2nt, prin <a href=\"https:\/\/cv.upt.ro\/\">Campusul Virtual al UPT \u2013 CVUPT<\/a>. Dr. Andone este lector \u00een tehnologii multimedia \u0219i web, dezvolt\u00e2nd cursurile Tehnologii multimedia, Tehnologii web 2.0, Interactivitate \u0219i usabilitate, Tehnologii instruc\u021bionale, la nivel de licen\u021b\u0103 \u0219i master, ini\u021biind \u00een 2008 proiectul international de mobilit\u0103\u021bi virtuale <a href=\"https:\/\/talktechproject.net\/\">TalkTech<\/a>. Diana este pasionat\u0103 de integrarea omniprezent\u0103 a thenologiilor \u00een via\u021ba de fiecare zi \u0219i \u00een utilizarea lor pentru o via\u021b\u0103 mai bun\u0103.<\/p><p>Dr. Andone de\u021bine un doctorat \u00een \u201dProiectarea spa\u021biilor de eLearning pentru studen\u021bii digitali\u201d la Universitatea din Brighton, Marea Britanie, un master \u00een Studii Europene de la Universitatea de Vest Timi\u0219oara, un curs postuniversitar de \u00eenv\u0103\u021b\u0103m\u00e2nt la distan\u021b\u0103 \u201eLearning about Open Learning\u201d la Universitatea Herriott-Watt, Edinburgh, Marea Britanie; Master \u00een Inteligen\u021b\u0103 Artificial\u0103 la Universitatea Politehnica din Timi\u0219oara, Rom\u00e2nia. A urmat diferite specializ\u0103ri \u00een universit\u0103\u021bi din Marea Britanie, Fran\u021ba, Finlanda, Grecia, Germania. Din 1998 pred\u0103 module de curs \u00een universit\u0103\u021bi din Marea Britanie, Fran\u021ba, SUA, Finlanda, Italia, Grecia.<\/p><p>Dr. Andone are o activitate de cercetare intens\u0103 la nivel interna\u021bional prin diverse proiecte cu finan\u021bare european\u0103 \u0219i multiple publica\u021bii: \u00a0peste 17 c\u0103r\u021bi, 100 de lucr\u0103ri \u0219tiin\u021bifice, 11 Best paper Awards (premii pentru cea mai bun\u0103 lucrare), din 2010 Co-Chair la IADIS WWW\/Inter International Conference din 2017 Chair la IEEE ICALT iOpenLearn Conference, din 2019 Chair la EDEN International Conference, membru in peste 20 de comitete de conferinta, recenzor la 6 jurnale de impact \u0219i din 2020 editor asociat pentru IEEE Transactions on Education.<\/p><p>Dr. Andone este puternic implicat\u0103 \u00een activitatea comunit\u0103\u021bii \u0219tiin\u021bifice\u00a0(EDEN, IEEE, AACE, IADIS, IAFES) \u00a0prin diverse func\u021bii de conducere ale unor asocia\u021bii interna\u021bionale <a href=\"http:\/\/www.eden-online.org\/\">EDEN<\/a> (Vice-pre\u0219edinte pentru comunicare 2018 &#8211; 2021), membru in Comitetul na\u021bional <a href=\"https:\/\/romania.ieeer8.org\/\">IEEE Romania<\/a> (responsabil educa\u021bie 2019 &#8211; prezent), membru \u00een Comitetul international de conducere <a href=\"https:\/\/ieee-edusociety.org\/\">IEEE Education<\/a> (2020- prezent). In 2012 a primit distinc\u021bia EDEN Fellow Title (European Distance and E-Learning Network) \u0219i \u00een 2021 cea de EDEN Senior Fellow. In 2021 a primit distinc\u021bia IEEE Education Society 2021 Distinguished Chapter Leadership Award (premiul pentru excelen\u021b\u0103 \u00een leadership educa\u021bional al IEEE Education Society), in 2021 Diploma de excelen\u021b\u0103 a Facult\u0103\u021bii de Electronic\u0103, Telecomunica\u021bii \u0219i Tehnologii Informa\u021bionale din UPT, iar Centrului de e-Learning i-a fost decernat Premiul pentru excelen\u021b\u0103 digitalizare al UPT \u00een 2020.<\/p><p>\u00cen ultimii 25 de ani, ea a fost implicat\u0103 \u00een peste 30 de proiecte finan\u021bate de UE, recent, focalizate pe educa\u021bie deschis\u0103, acces liber la cunoa\u0219tere, tehnologii open source, competen\u021be digitale \u0219i cultur\u0103 digital\u0103. A fost coordonatoare \u0219i ini\u021biatoarea proiectelor Erasmus+ <a href=\"https:\/\/digiculture.eu\/ro\/\">DigiCulture<\/a> (Perfec\u021bionarea comperen\u021belor digitale \u0219i \u00eembun\u0103t\u0103\u021birea incluziunii sociale a adul\u021bilor), LLL ViCaDiS (Campus virtual pentru studen\u021bi digitali) \u0219i responsabil\u0103 na\u021bional pe MODE-IT, ABCtoVLE, OpenVirtualMobilities, IoT Rapid ProtoLab, GirlsTech, m-commerce, SKILL2E, CBVI, i2Agora, TafCity, ESIL, e-Taster, e-report proiecte, precum \u0219i proiectul na\u021bional DidaTec (Training in blended-learning \u0219i noi tehnologii educa\u021bionale pentru personalul universitar).\u00a0 Dr. Andone, \u00eempreun\u0103 cu echipa CeL, a ini\u021biat in 2016\u00a0 proiectul <a href=\"https:\/\/unicampus.ro\/\">UniCampus \u2013 cursuri online \u00een Rom\u00e2nia<\/a> prin care s-au creat primele MOOC-uri rom\u00e2ne\u0219ti.<\/p><p>Ea promoveaz\u0103 activ principiile educa\u021biei deschise, utilizarea resurselor educa\u021bionale deschise (OER), cuno\u0219tin\u021be deschise \u0219i cursuri online masive deschise (MOOC), formarea pentru competen\u021be digitale, cultura digiatl\u0103, ca parte a activit\u0103\u021bilor sale de zi cu zi sau prin munca ei \u00een diferite asocia\u021bii sau comunit\u0103\u021bi, dar \u0219i prin sprijinirea activit\u0103\u021bii comunit\u0103\u021bii regionale de start-up \u0219i inova\u021bie, (StartUp Weekend, HacktTM, hackathons, CoderDojo, Girls in Tech, Women in Tech \u0219i femei \u00een \u0219tiin\u021b\u0103 -STEM) culturale (membru \u00een Asocia\u021bia Timi\u0219oara 2023 Capitala cultural\u0103 European\u0103) \u0219i de responsabilitate social (membru in Board Funda\u021bia Pentru Voi, membru \u0219i fost pre\u0219edinte Rotary Club Timi\u0219oara).<\/p><p>\u00cen ultimii 25 de ani a activat in diverse proiecte de media (BBC \u0219i Teleuniversitatea) \u0219i \u00een proiecte culturale regionale. Din 2018 a ini\u021biat proiectul de cultural\u0103 digital <a href=\"https:\/\/spotlight-timisoara.eu\/\">Spotlight Heritage Timi\u0219oara<\/a> \/ Patrimoniul sub reflectoare Timi\u0219oara, un proiect participativ de creare a patrimoniului cultural digital intangibil, care spune multiplele pove\u0219ti ale Timi\u0219oarei prin intermediul tehnologiilor digitale.<\/p><p><strong>[English]<\/strong><\/p><p><strong>Dr.ing. Diana Andone<\/strong> is the Director of the eLearning Center of Politehnica University of Timisoara, Romania, responsible for planning and implementing digital technologies, online learning technologies, and the university award winning <a href=\"https:\/\/cv.upt.ro\/login\/index.php\" target=\"_blank\" rel=\"noopener\">Virtual Campus<\/a> CVUPT. She is also associate professor at the Politehnica University of Timisoara, Romania, in the area of multimedia, interactive and web technologies. Since 1998, she teaches course modules in universities from UK, France, USA, Finland, Italy, Greece. She holds a PhD in Designing eLearning Spaces for Digital Students with Brighton University, UK, has extensive research experience with intense publication (over 17 books, 100 research papers, 11 Best paper Awards) and more than 30 research and educational projects, mainly funded by the European Commission. \u00a0She is passionate about the ubiquitous access to technologies and how they can be used to improve people\u2019s life. Dr. Andone actively promotes the use of OERs, MOOCs and the open education principles, developing UniCampus.eu for training for digital skills, acting in international associations (EDEN, IEEE, AACE, IADIS, IAFES,) actively supports the local start-up movement (StartUp Weekend, HackTM, hackathons, CoderDojo) and Girls in Tech, Women in Tech and STEM education. She also acts in the Board of Romanian NGOs (Pentru Voi Foundation), in Timisoara 2021 European Capital of Culture Task Force and in other voluntary organisations. Dr. Andone is EDEN Senior Fellow, IEEE Education Society 2021 Distinguished Chapter Leadership Award, EDEN Vice-President for Communication and Communities (2018-2021), and member in IEEE Education Society Board of Governors (2021-present), and in IEEE Romania Section the Educational activities Chair (2019-present).<\/p><div><strong>Dr. Diana Andone<\/strong><\/div><p><strong>Director<\/strong><br \/><a href=\"https:\/\/elearning.upt.ro\/\" target=\"_blank\" rel=\"noopener\">eLearning Centre<\/a><br \/><a href=\"http:\/\/upt.ro\/\" target=\"_blank\" rel=\"noopener\">Politehnica University of Timi\u0219oara<\/a><br \/>Bul. V. Parvan No.2<br \/>300223 Timisoara, Romania<\/p><p>E-mail: <a href=\"mailto:diana.andone@upt.ro\">diana.andone@upt.ro<\/a><br \/>Web: <a href=\"http:\/\/elearning.upt.ro\/diana_andone\">http:\/\/elearning.upt.ro\/diana_andone<\/a><\/p><p><b><a href=\"https:\/\/elearning.upt.ro\/wp-content\/uploads\/2019\/06\/CV_Andone_en_2019-1.pdf\" target=\"_blank\" rel=\"noopener\">Curriculum Vitae Diana Andone<\/a><\/b><\/p><p><b><a href=\"https:\/\/elearning.upt.ro\/wp-content\/uploads\/2019\/06\/Lista-publicatii_Andone_febr2019.pdf\" target=\"_blank\" rel=\"noopener\">Lista publicatii Diana Andone<\/a><\/b><\/p>\t\t\t\t\t\t\t\t<\/div>\n\t\t\t\t<\/div>\n\t\t\t\t\t<\/div>\n\t\t<\/div>\n\t\t\t\t\t<\/div>\n\t\t<\/section>\n\t\t\t\t<section class=\"elementor-section elementor-top-section elementor-element elementor-element-a9bfe80 elementor-section-boxed elementor-section-height-default elementor-section-height-default\" data-id=\"a9bfe80\" data-element_type=\"section\" data-e-type=\"section\">\n\t\t\t\t\t\t<div class=\"elementor-container elementor-column-gap-default\">\n\t\t\t\t\t<div class=\"elementor-column elementor-col-100 elementor-top-column elementor-element elementor-element-25f64b8\" data-id=\"25f64b8\" data-element_type=\"column\" data-e-type=\"column\">\n\t\t\t<div class=\"elementor-widget-wrap elementor-element-populated\">\n\t\t\t\t\t\t<div class=\"elementor-element elementor-element-508ab90 e-grid-align-left elementor-shape-rounded elementor-grid-0 elementor-widget elementor-widget-social-icons\" data-id=\"508ab90\" data-element_type=\"widget\" data-e-type=\"widget\" data-widget_type=\"social-icons.default\">\n\t\t\t\t<div class=\"elementor-widget-container\">\n\t\t\t\t\t\t\t<div class=\"elementor-social-icons-wrapper elementor-grid\" role=\"list\">\n\t\t\t\t\t\t\t<span class=\"elementor-grid-item\" role=\"listitem\">\n\t\t\t\t\t<a class=\"elementor-icon elementor-social-icon elementor-social-icon-twitter elementor-repeater-item-e10a219\" href=\"https:\/\/twitter.com\/diando70\" target=\"_blank\">\n\t\t\t\t\t\t<span class=\"elementor-screen-only\">Twitter<\/span>\n\t\t\t\t\t\t\t\t\t\t\t\t\t<i class=\"fa fa-twitter\" aria-hidden=\"true\"><\/i>\n\t\t\t\t\t\t\t\t\t\t\t<\/a>\n\t\t\t\t<\/span>\n\t\t\t\t\t\t\t<span class=\"elementor-grid-item\" role=\"listitem\">\n\t\t\t\t\t<a class=\"elementor-icon elementor-social-icon elementor-social-icon-linkedin elementor-repeater-item-23bf4db\" href=\"http:\/\/ro.linkedin.com\/pub\/diana-andone\/8\/7a6\/333\" target=\"_blank\">\n\t\t\t\t\t\t<span class=\"elementor-screen-only\">Linkedin<\/span>\n\t\t\t\t\t\t\t\t\t\t\t\t\t<i class=\"fa fa-linkedin\" aria-hidden=\"true\"><\/i>\n\t\t\t\t\t\t\t\t\t\t\t<\/a>\n\t\t\t\t<\/span>\n\t\t\t\t\t\t\t<span class=\"elementor-grid-item\" role=\"listitem\">\n\t\t\t\t\t<a class=\"elementor-icon elementor-social-icon elementor-social-icon-slideshare elementor-repeater-item-7d32b98\" href=\"http:\/\/www.slideshare.net\/diando70\" target=\"_blank\">\n\t\t\t\t\t\t<span class=\"elementor-screen-only\">Slideshare<\/span>\n\t\t\t\t\t\t\t\t\t\t\t\t\t<i class=\"fa fa-slideshare\" aria-hidden=\"true\"><\/i>\n\t\t\t\t\t\t\t\t\t\t\t<\/a>\n\t\t\t\t<\/span>\n\t\t\t\t\t<\/div>\n\t\t\t\t\t\t<\/div>\n\t\t\t\t<\/div>\n\t\t\t\t\t<\/div>\n\t\t<\/div>\n\t\t\t\t\t<\/div>\n\t\t<\/section>\n\t\t\t\t<\/div>\n\t\t","protected":false},"excerpt":{"rendered":"<p>[Rom\u00e2n\u0103] Dr. Diana Andone (@diando70) este director al Centrului de e-Learning, Universitatea Politehnica Timi\u0219oara, cu responsabilit\u0103\u021bi \u00een planificarea \u0219i implementarea \u00eenv\u0103\u021b\u0103m\u00e2ntului la distan\u021b\u0103 \u0219i a integr\u0103rii utiliz\u0103rii tehnologiilor educa\u021bionale digitale pentru toate formele de \u00eenv\u0103\u021b\u0103m\u00e2nt, prin Campusul Virtual al UPT \u2013 CVUPT. Dr. Andone este lector \u00een tehnologii multimedia \u0219i web, dezvolt\u00e2nd cursurile Tehnologii multimedia, [&hellip;]<\/p>\n","protected":false},"author":1,"featured_media":0,"parent":0,"menu_order":0,"comment_status":"closed","ping_status":"closed","template":"","meta":{"footnotes":""},"class_list":["post-3199","page","type-page","status-publish","hentry"],"yoast_head":"<!-- This site is optimized with the Yoast SEO plugin v27.3 - https:\/\/yoast.com\/product\/yoast-seo-wordpress\/ -->\n<title>Dr. Diana Andone - Universitatea Politehnica Timi\u015foara Departamentul de ID\/IFR \u0219i Educa\u021bie Digital\u0103 \u2013 DeL<\/title>\n<meta name=\"robots\" content=\"index, follow, max-snippet:-1, max-image-preview:large, max-video-preview:-1\" \/>\n<link rel=\"canonical\" href=\"https:\/\/elearning.upt.ro\/en\/diana-andone\/\" \/>\n<meta property=\"og:locale\" content=\"en_US\" \/>\n<meta property=\"og:type\" content=\"article\" \/>\n<meta property=\"og:title\" content=\"Dr. Diana Andone - Universitatea Politehnica Timi\u015foara Departamentul de ID\/IFR \u0219i Educa\u021bie Digital\u0103 \u2013 DeL\" \/>\n<meta property=\"og:description\" content=\"[Rom\u00e2n\u0103] Dr. Diana Andone (@diando70) este director al Centrului de e-Learning, Universitatea Politehnica Timi\u0219oara, cu responsabilit\u0103\u021bi \u00een planificarea \u0219i implementarea \u00eenv\u0103\u021b\u0103m\u00e2ntului la distan\u021b\u0103 \u0219i a integr\u0103rii utiliz\u0103rii tehnologiilor educa\u021bionale digitale pentru toate formele de \u00eenv\u0103\u021b\u0103m\u00e2nt, prin Campusul Virtual al UPT \u2013 CVUPT. Dr. Andone este lector \u00een tehnologii multimedia \u0219i web, dezvolt\u00e2nd cursurile Tehnologii multimedia, [&hellip;]\" \/>\n<meta property=\"og:url\" content=\"https:\/\/elearning.upt.ro\/en\/diana-andone\/\" \/>\n<meta property=\"og:site_name\" content=\"Universitatea Politehnica Timi\u015foara Departamentul de ID\/IFR \u0219i Educa\u021bie Digital\u0103 \u2013 DeL\" \/>\n<meta property=\"article:publisher\" content=\"https:\/\/www.facebook.com\/CIDUPT\/?ref=page_internal\" \/>\n<meta property=\"article:modified_time\" content=\"2022-03-14T16:52:20+00:00\" \/>\n<meta property=\"og:image\" content=\"https:\/\/elearning.upt.ro\/wp-content\/uploads\/2019\/06\/DianaAndone-233x300.jpg\" \/>\n<meta name=\"twitter:card\" content=\"summary_large_image\" \/>\n<meta name=\"twitter:label1\" content=\"Est. reading time\" \/>\n\t<meta name=\"twitter:data1\" content=\"5 minutes\" \/>\n<script type=\"application\/ld+json\" class=\"yoast-schema-graph\">{\"@context\":\"https:\\\/\\\/schema.org\",\"@graph\":[{\"@type\":\"WebPage\",\"@id\":\"https:\\\/\\\/elearning.upt.ro\\\/en\\\/diana-andone\\\/\",\"url\":\"https:\\\/\\\/elearning.upt.ro\\\/en\\\/diana-andone\\\/\",\"name\":\"Dr. Diana Andone - Universitatea Politehnica Timi\u015foara Departamentul de ID\\\/IFR \u0219i Educa\u021bie Digital\u0103 \u2013 DeL\",\"isPartOf\":{\"@id\":\"https:\\\/\\\/elearning.upt.ro\\\/ro\\\/#website\"},\"primaryImageOfPage\":{\"@id\":\"https:\\\/\\\/elearning.upt.ro\\\/en\\\/diana-andone\\\/#primaryimage\"},\"image\":{\"@id\":\"https:\\\/\\\/elearning.upt.ro\\\/en\\\/diana-andone\\\/#primaryimage\"},\"thumbnailUrl\":\"https:\\\/\\\/elearning.upt.ro\\\/wp-content\\\/uploads\\\/2019\\\/06\\\/DianaAndone-233x300.jpg\",\"datePublished\":\"2018-01-13T19:25:56+00:00\",\"dateModified\":\"2022-03-14T16:52:20+00:00\",\"breadcrumb\":{\"@id\":\"https:\\\/\\\/elearning.upt.ro\\\/en\\\/diana-andone\\\/#breadcrumb\"},\"inLanguage\":\"en-US\",\"potentialAction\":[{\"@type\":\"ReadAction\",\"target\":[\"https:\\\/\\\/elearning.upt.ro\\\/en\\\/diana-andone\\\/\"]}]},{\"@type\":\"ImageObject\",\"inLanguage\":\"en-US\",\"@id\":\"https:\\\/\\\/elearning.upt.ro\\\/en\\\/diana-andone\\\/#primaryimage\",\"url\":\"https:\\\/\\\/elearning.upt.ro\\\/wp-content\\\/uploads\\\/2019\\\/06\\\/DianaAndone-233x300.jpg\",\"contentUrl\":\"https:\\\/\\\/elearning.upt.ro\\\/wp-content\\\/uploads\\\/2019\\\/06\\\/DianaAndone-233x300.jpg\"},{\"@type\":\"BreadcrumbList\",\"@id\":\"https:\\\/\\\/elearning.upt.ro\\\/en\\\/diana-andone\\\/#breadcrumb\",\"itemListElement\":[{\"@type\":\"ListItem\",\"position\":1,\"name\":\"Home\",\"item\":\"https:\\\/\\\/elearning.upt.ro\\\/\"},{\"@type\":\"ListItem\",\"position\":2,\"name\":\"Dr. Diana Andone\"}]},{\"@type\":\"WebSite\",\"@id\":\"https:\\\/\\\/elearning.upt.ro\\\/ro\\\/#website\",\"url\":\"https:\\\/\\\/elearning.upt.ro\\\/ro\\\/\",\"name\":\"Universitatea Politehnica Timi\u015foara Departamentul de ID\\\/IFR \u0219i Educa\u021bie Digital\u0103 \u2013 DeL\",\"description\":\"\",\"potentialAction\":[{\"@type\":\"SearchAction\",\"target\":{\"@type\":\"EntryPoint\",\"urlTemplate\":\"https:\\\/\\\/elearning.upt.ro\\\/ro\\\/?s={search_term_string}\"},\"query-input\":{\"@type\":\"PropertyValueSpecification\",\"valueRequired\":true,\"valueName\":\"search_term_string\"}}],\"inLanguage\":\"en-US\"}]}<\/script>\n<!-- \/ Yoast SEO plugin. -->","yoast_head_json":{"title":"Dr. Diana Andone - Politehnica University Timi\u015foara Department of ID\/IFR and Digital Education \u2013 DeL","robots":{"index":"index","follow":"follow","max-snippet":"max-snippet:-1","max-image-preview":"max-image-preview:large","max-video-preview":"max-video-preview:-1"},"canonical":"https:\/\/elearning.upt.ro\/en\/diana-andone\/","og_locale":"en_US","og_type":"article","og_title":"Dr. Diana Andone - Universitatea Politehnica Timi\u015foara Departamentul de ID\/IFR \u0219i Educa\u021bie Digital\u0103 \u2013 DeL","og_description":"[Rom\u00e2n\u0103] Dr. Diana Andone (@diando70) este director al Centrului de e-Learning, Universitatea Politehnica Timi\u0219oara, cu responsabilit\u0103\u021bi \u00een planificarea \u0219i implementarea \u00eenv\u0103\u021b\u0103m\u00e2ntului la distan\u021b\u0103 \u0219i a integr\u0103rii utiliz\u0103rii tehnologiilor educa\u021bionale digitale pentru toate formele de \u00eenv\u0103\u021b\u0103m\u00e2nt, prin Campusul Virtual al UPT \u2013 CVUPT. Dr. Andone este lector \u00een tehnologii multimedia \u0219i web, dezvolt\u00e2nd cursurile Tehnologii multimedia, [&hellip;]","og_url":"https:\/\/elearning.upt.ro\/en\/diana-andone\/","og_site_name":"Universitatea Politehnica Timi\u015foara Departamentul de ID\/IFR \u0219i Educa\u021bie Digital\u0103 \u2013 DeL","article_publisher":"https:\/\/www.facebook.com\/CIDUPT\/?ref=page_internal","article_modified_time":"2022-03-14T16:52:20+00:00","og_image":[{"url":"https:\/\/elearning.upt.ro\/wp-content\/uploads\/2019\/06\/DianaAndone-233x300.jpg","type":"","width":"","height":""}],"twitter_card":"summary_large_image","twitter_misc":{"Est. reading time":"5 minutes"},"schema":{"@context":"https:\/\/schema.org","@graph":[{"@type":"WebPage","@id":"https:\/\/elearning.upt.ro\/en\/diana-andone\/","url":"https:\/\/elearning.upt.ro\/en\/diana-andone\/","name":"Dr. Diana Andone - Politehnica University Timi\u015foara Department of ID\/IFR and Digital Education \u2013 DeL","isPartOf":{"@id":"https:\/\/elearning.upt.ro\/ro\/#website"},"primaryImageOfPage":{"@id":"https:\/\/elearning.upt.ro\/en\/diana-andone\/#primaryimage"},"image":{"@id":"https:\/\/elearning.upt.ro\/en\/diana-andone\/#primaryimage"},"thumbnailUrl":"https:\/\/elearning.upt.ro\/wp-content\/uploads\/2019\/06\/DianaAndone-233x300.jpg","datePublished":"2018-01-13T19:25:56+00:00","dateModified":"2022-03-14T16:52:20+00:00","breadcrumb":{"@id":"https:\/\/elearning.upt.ro\/en\/diana-andone\/#breadcrumb"},"inLanguage":"en-US","potentialAction":[{"@type":"ReadAction","target":["https:\/\/elearning.upt.ro\/en\/diana-andone\/"]}]},{"@type":"ImageObject","inLanguage":"en-US","@id":"https:\/\/elearning.upt.ro\/en\/diana-andone\/#primaryimage","url":"https:\/\/elearning.upt.ro\/wp-content\/uploads\/2019\/06\/DianaAndone-233x300.jpg","contentUrl":"https:\/\/elearning.upt.ro\/wp-content\/uploads\/2019\/06\/DianaAndone-233x300.jpg"},{"@type":"BreadcrumbList","@id":"https:\/\/elearning.upt.ro\/en\/diana-andone\/#breadcrumb","itemListElement":[{"@type":"ListItem","position":1,"name":"Home","item":"https:\/\/elearning.upt.ro\/"},{"@type":"ListItem","position":2,"name":"Dr. Diana Andone"}]},{"@type":"WebSite","@id":"https:\/\/elearning.upt.ro\/ro\/#website","url":"https:\/\/elearning.upt.ro\/ro\/","name":"Politehnica University Timi\u015foara Department of ID\/IFR and Digital Education \u2013 DeL","description":"","potentialAction":[{"@type":"SearchAction","target":{"@type":"EntryPoint","urlTemplate":"https:\/\/elearning.upt.ro\/ro\/?s={search_term_string}"},"query-input":{"@type":"PropertyValueSpecification","valueRequired":true,"valueName":"search_term_string"}}],"inLanguage":"en-US"}]}},"_links":{"self":[{"href":"https:\/\/elearning.upt.ro\/en\/wp-json\/wp\/v2\/pages\/3199","targetHints":{"allow":["GET"]}}],"collection":[{"href":"https:\/\/elearning.upt.ro\/en\/wp-json\/wp\/v2\/pages"}],"about":[{"href":"https:\/\/elearning.upt.ro\/en\/wp-json\/wp\/v2\/types\/page"}],"author":[{"embeddable":true,"href":"https:\/\/elearning.upt.ro\/en\/wp-json\/wp\/v2\/users\/1"}],"replies":[{"embeddable":true,"href":"https:\/\/elearning.upt.ro\/en\/wp-json\/wp\/v2\/comments?post=3199"}],"version-history":[{"count":45,"href":"https:\/\/elearning.upt.ro\/en\/wp-json\/wp\/v2\/pages\/3199\/revisions"}],"predecessor-version":[{"id":19590,"href":"https:\/\/elearning.upt.ro\/en\/wp-json\/wp\/v2\/pages\/3199\/revisions\/19590"}],"wp:attachment":[{"href":"https:\/\/elearning.upt.ro\/en\/wp-json\/wp\/v2\/media?parent=3199"}],"curies":[{"name":"wp","href":"https:\/\/api.w.org\/{rel}","templated":true}]}}