{"id":3182,"date":"2018-01-13T19:16:26","date_gmt":"2018-01-13T19:16:26","guid":{"rendered":"http:\/\/new.elearning.upt.ro\/?page_id=3182"},"modified":"2018-01-13T19:54:08","modified_gmt":"2018-01-13T19:54:08","slug":"facultati-si-specializari","status":"publish","type":"page","link":"https:\/\/elearning.upt.ro\/en\/campus-virtual\/facultati-si-specializari\/","title":{"rendered":"Faculties and specializations"},"content":{"rendered":"<h2 class=\"titlu colorblue\">Faculties and specializations integrated in the Virtual Campus<\/h2>\n<p>&nbsp;<\/p>\n<p><strong>Faculty of Architecture and Urbanism<\/strong><\/p>\n<ul>\n<li>Urbanism and landscaping<\/li>\n<li>New trends, materials and technologies in interior architecture<\/li>\n<\/ul>\n<p>&nbsp;<\/p>\n<p><strong>Faculty of Computer Science<\/strong><\/p>\n<ul>\n<li>Automotive Embedded Software<\/li>\n<li>Computer Engineering<\/li>\n<li>Information Technology<\/li>\n<li>Automated systems engineering<\/li>\n<li>Computer systems applied in production and services<\/li>\n<li>Health care information systems<\/li>\n<li>Software Engineering<\/li>\n<li>Information technology<\/li>\n<\/ul>\n<p><strong>Faculty of Industrial Chemistry and Environmental Engineering<\/strong><\/p>\n<ul>\n<li>Food control and approval<\/li>\n<li>Engineering and environmental management in industry<\/li>\n<li>Micro and nanomaterials<\/li>\n<\/ul>\n<p><strong>Faculty of Civil Engineering<\/strong><\/p>\n<ul>\n<li>Advanced design of steel and composite structures<\/li>\n<li>Cadastre and real estate valuation<\/li>\n<li>Sustainable development: energy audit and fire safety of buildings<\/li>\n<li>Transport infrastructures<\/li>\n<li>Sustainable rural engineering and rehabilitation<\/li>\n<li>Optimizing the operation of sanitary engineering systems and environmental protection<\/li>\n<li>Optimization and modernization of installation systems<\/li>\n<li>Optimization of hydrotechnical systems<\/li>\n<li>Rehabilitation of constructions<\/li>\n<li>Structures for sustainable constructions under conditions of natural hazard and actions (Sustainable contructions under natural hazard and catastrophic events)<\/li>\n<\/ul>\n<p><strong>University of electronics and telecommunication<\/strong><\/p>\n<ul>\n<li>Biomedical electronics<\/li>\n<li>Electronics of intelligent systems<\/li>\n<li>Telecommunication network engineering<\/li>\n<li>Communications networks engineering<\/li>\n<li>Advanced techniques in electronics<\/li>\n<li>Multimedia technologies<\/li>\n<\/ul>\n<p><strong>Faculty of Electrical Engineering and Electric Power<\/strong><\/p>\n<ul>\n<li>Management of electric power systems<\/li>\n<li>Electrical engineering and power electronics<\/li>\n<li>Renewable energies-Solar energies<\/li>\n<\/ul>\n<p>&nbsp;<\/p>\n<p><strong>Hunedoara Faculty of Engineering:<\/strong><\/p>\n<ul>\n<li>Engineering and management of sustainable development in the materials industry<\/li>\n<li>Mechanical systems engineering and management<\/li>\n<li>Advanced materials and technologies for the automotive industry<\/li>\n<li>Advanced systems for industrial use of electricity<\/li>\n<li>Computer techniques in electrical engineering<\/li>\n<\/ul>\n<p><strong>Faculty of Management in Production and Transport<\/strong><\/p>\n<ul>\n<li>Engineering and competitiveness management<\/li>\n<li>Logistics systems management and management<\/li>\n<li>Master in business administration<\/li>\n<\/ul>\n<p><strong>Faculty of Mechanics<\/strong><\/p>\n<ul>\n<li>Ergoinginerie in mechatronics<\/li>\n<li>Hydrodynamics of machines and hydromechanical systems<\/li>\n<li>Implants, prostheses and biomechanical evaluation<\/li>\n<li>Quality engineering in mechatronics and robotics<\/li>\n<li>Engineering of propulsion systems for vehicles<\/li>\n<li>Labor relations engineering, health and safety at work<\/li>\n<li>Integrated engineering<\/li>\n<li>Advanced mechanical engineering<\/li>\n<li>Quality management of technological processes<\/li>\n<li>Advanced materials and technologies<\/li>\n<li>Statistical methods and techniques in health and clinical research<\/li>\n<li>Productive welding processes in protective gas environment<\/li>\n<li>Modern railway systems<\/li>\n<li>Integrated systems for agri-food manufacturing<\/li>\n<li>Robotic systems with artificial intelligence<\/li>\n<li>Advanced techniques in road transport<\/li>\n<li>Computer aided design of the advanced mechanical system (CAD for advanced mechanical systems)<\/li>\n<\/ul>\n<p><strong>Faculty of Communication Sciences<\/strong><\/p>\n<ul>\n<li>Communication, public relations and digital media<\/li>\n<\/ul>\n<p>&nbsp;<\/p>","protected":false},"excerpt":{"rendered":"<p>Facultati si specializari integrate in Campusul Virtual &nbsp; Facultatea de Arhitectura si Urbanism Urbanism si amenajarea teritoriului Tendinte, materiale si tehnologii noi in arhitectura de interior &nbsp; Facultatea de Automatica si Calculatoare Automotive Embedded Software Computer Engineering Information Technology Ingineria sistemelor automate Sisteme informatice aplicate \u00een produc\u0163ie \u015fi servicii Sisteme informatice \u00een \u00eengrijirea s\u0103n\u0103t\u0103\u0163ii Software [&hellip;]<\/p>\n","protected":false},"author":1,"featured_media":0,"parent":2829,"menu_order":0,"comment_status":"closed","ping_status":"closed","template":"","meta":{"footnotes":""},"class_list":["post-3182","page","type-page","status-publish","hentry"],"yoast_head":"<!-- This site is optimized with the Yoast SEO plugin v27.3 - https:\/\/yoast.com\/product\/yoast-seo-wordpress\/ -->\n<title>Facultati si specializari - Universitatea Politehnica Timi\u015foara Departamentul de ID\/IFR \u0219i Educa\u021bie Digital\u0103 \u2013 DeL<\/title>\n<meta name=\"robots\" content=\"index, follow, max-snippet:-1, max-image-preview:large, max-video-preview:-1\" \/>\n<link rel=\"canonical\" href=\"https:\/\/elearning.upt.ro\/en\/campus-virtual\/facultati-si-specializari\/\" \/>\n<meta property=\"og:locale\" content=\"en_US\" \/>\n<meta property=\"og:type\" content=\"article\" \/>\n<meta property=\"og:title\" content=\"Facultati si specializari - Universitatea Politehnica Timi\u015foara Departamentul de ID\/IFR \u0219i Educa\u021bie Digital\u0103 \u2013 DeL\" \/>\n<meta property=\"og:description\" content=\"Facultati si specializari integrate in Campusul Virtual &nbsp; Facultatea de Arhitectura si Urbanism Urbanism si amenajarea teritoriului Tendinte, materiale si tehnologii noi in arhitectura de interior &nbsp; Facultatea de Automatica si Calculatoare Automotive Embedded Software Computer Engineering Information Technology Ingineria sistemelor automate Sisteme informatice aplicate \u00een produc\u0163ie \u015fi servicii Sisteme informatice \u00een \u00eengrijirea s\u0103n\u0103t\u0103\u0163ii Software [&hellip;]\" \/>\n<meta property=\"og:url\" content=\"https:\/\/elearning.upt.ro\/en\/campus-virtual\/facultati-si-specializari\/\" \/>\n<meta property=\"og:site_name\" content=\"Universitatea Politehnica Timi\u015foara Departamentul de ID\/IFR \u0219i Educa\u021bie Digital\u0103 \u2013 DeL\" \/>\n<meta property=\"article:publisher\" content=\"https:\/\/www.facebook.com\/CIDUPT\/?ref=page_internal\" \/>\n<meta property=\"article:modified_time\" content=\"2018-01-13T19:54:08+00:00\" \/>\n<meta name=\"twitter:card\" content=\"summary_large_image\" \/>\n<meta name=\"twitter:label1\" content=\"Est. reading time\" \/>\n\t<meta name=\"twitter:data1\" content=\"2 minutes\" \/>\n<script type=\"application\/ld+json\" class=\"yoast-schema-graph\">{\"@context\":\"https:\\\/\\\/schema.org\",\"@graph\":[{\"@type\":\"WebPage\",\"@id\":\"https:\\\/\\\/elearning.upt.ro\\\/ro\\\/campus-virtual\\\/facultati-si-specializari\\\/\",\"url\":\"https:\\\/\\\/elearning.upt.ro\\\/ro\\\/campus-virtual\\\/facultati-si-specializari\\\/\",\"name\":\"Facultati si specializari - Universitatea Politehnica Timi\u015foara Departamentul de ID\\\/IFR \u0219i Educa\u021bie Digital\u0103 \u2013 DeL\",\"isPartOf\":{\"@id\":\"https:\\\/\\\/elearning.upt.ro\\\/ro\\\/#website\"},\"datePublished\":\"2018-01-13T19:16:26+00:00\",\"dateModified\":\"2018-01-13T19:54:08+00:00\",\"breadcrumb\":{\"@id\":\"https:\\\/\\\/elearning.upt.ro\\\/ro\\\/campus-virtual\\\/facultati-si-specializari\\\/#breadcrumb\"},\"inLanguage\":\"en-US\",\"potentialAction\":[{\"@type\":\"ReadAction\",\"target\":[\"https:\\\/\\\/elearning.upt.ro\\\/ro\\\/campus-virtual\\\/facultati-si-specializari\\\/\"]}]},{\"@type\":\"BreadcrumbList\",\"@id\":\"https:\\\/\\\/elearning.upt.ro\\\/ro\\\/campus-virtual\\\/facultati-si-specializari\\\/#breadcrumb\",\"itemListElement\":[{\"@type\":\"ListItem\",\"position\":1,\"name\":\"Home\",\"item\":\"https:\\\/\\\/elearning.upt.ro\\\/\"},{\"@type\":\"ListItem\",\"position\":2,\"name\":\"Campus Virtual\",\"item\":\"https:\\\/\\\/elearning.upt.ro\\\/ro\\\/campus-virtual\\\/\"},{\"@type\":\"ListItem\",\"position\":3,\"name\":\"Facultati si specializari\"}]},{\"@type\":\"WebSite\",\"@id\":\"https:\\\/\\\/elearning.upt.ro\\\/ro\\\/#website\",\"url\":\"https:\\\/\\\/elearning.upt.ro\\\/ro\\\/\",\"name\":\"Universitatea Politehnica Timi\u015foara Departamentul de ID\\\/IFR \u0219i Educa\u021bie Digital\u0103 \u2013 DeL\",\"description\":\"\",\"potentialAction\":[{\"@type\":\"SearchAction\",\"target\":{\"@type\":\"EntryPoint\",\"urlTemplate\":\"https:\\\/\\\/elearning.upt.ro\\\/ro\\\/?s={search_term_string}\"},\"query-input\":{\"@type\":\"PropertyValueSpecification\",\"valueRequired\":true,\"valueName\":\"search_term_string\"}}],\"inLanguage\":\"en-US\"}]}<\/script>\n<!-- \/ Yoast SEO plugin. -->","yoast_head_json":{"title":"Faculties and specializations - Politehnica University Timi\u015foara Department of ID\/IFR and Digital Education \u2013 DeL","robots":{"index":"index","follow":"follow","max-snippet":"max-snippet:-1","max-image-preview":"max-image-preview:large","max-video-preview":"max-video-preview:-1"},"canonical":"https:\/\/elearning.upt.ro\/en\/campus-virtual\/facultati-si-specializari\/","og_locale":"en_US","og_type":"article","og_title":"Facultati si specializari - Universitatea Politehnica Timi\u015foara Departamentul de ID\/IFR \u0219i Educa\u021bie Digital\u0103 \u2013 DeL","og_description":"Facultati si specializari integrate in Campusul Virtual &nbsp; Facultatea de Arhitectura si Urbanism Urbanism si amenajarea teritoriului Tendinte, materiale si tehnologii noi in arhitectura de interior &nbsp; Facultatea de Automatica si Calculatoare Automotive Embedded Software Computer Engineering Information Technology Ingineria sistemelor automate Sisteme informatice aplicate \u00een produc\u0163ie \u015fi servicii Sisteme informatice \u00een \u00eengrijirea s\u0103n\u0103t\u0103\u0163ii Software [&hellip;]","og_url":"https:\/\/elearning.upt.ro\/en\/campus-virtual\/facultati-si-specializari\/","og_site_name":"Universitatea Politehnica Timi\u015foara Departamentul de ID\/IFR \u0219i Educa\u021bie Digital\u0103 \u2013 DeL","article_publisher":"https:\/\/www.facebook.com\/CIDUPT\/?ref=page_internal","article_modified_time":"2018-01-13T19:54:08+00:00","twitter_card":"summary_large_image","twitter_misc":{"Est. reading time":"2 minutes"},"schema":{"@context":"https:\/\/schema.org","@graph":[{"@type":"WebPage","@id":"https:\/\/elearning.upt.ro\/ro\/campus-virtual\/facultati-si-specializari\/","url":"https:\/\/elearning.upt.ro\/ro\/campus-virtual\/facultati-si-specializari\/","name":"Faculties and specializations - Politehnica University Timi\u015foara Department of ID\/IFR and Digital Education \u2013 DeL","isPartOf":{"@id":"https:\/\/elearning.upt.ro\/ro\/#website"},"datePublished":"2018-01-13T19:16:26+00:00","dateModified":"2018-01-13T19:54:08+00:00","breadcrumb":{"@id":"https:\/\/elearning.upt.ro\/ro\/campus-virtual\/facultati-si-specializari\/#breadcrumb"},"inLanguage":"en-US","potentialAction":[{"@type":"ReadAction","target":["https:\/\/elearning.upt.ro\/ro\/campus-virtual\/facultati-si-specializari\/"]}]},{"@type":"BreadcrumbList","@id":"https:\/\/elearning.upt.ro\/ro\/campus-virtual\/facultati-si-specializari\/#breadcrumb","itemListElement":[{"@type":"ListItem","position":1,"name":"Home","item":"https:\/\/elearning.upt.ro\/"},{"@type":"ListItem","position":2,"name":"Campus Virtual","item":"https:\/\/elearning.upt.ro\/ro\/campus-virtual\/"},{"@type":"ListItem","position":3,"name":"Facultati si specializari"}]},{"@type":"WebSite","@id":"https:\/\/elearning.upt.ro\/ro\/#website","url":"https:\/\/elearning.upt.ro\/ro\/","name":"Politehnica University Timi\u015foara Department of ID\/IFR and Digital Education \u2013 DeL","description":"","potentialAction":[{"@type":"SearchAction","target":{"@type":"EntryPoint","urlTemplate":"https:\/\/elearning.upt.ro\/ro\/?s={search_term_string}"},"query-input":{"@type":"PropertyValueSpecification","valueRequired":true,"valueName":"search_term_string"}}],"inLanguage":"en-US"}]}},"_links":{"self":[{"href":"https:\/\/elearning.upt.ro\/en\/wp-json\/wp\/v2\/pages\/3182","targetHints":{"allow":["GET"]}}],"collection":[{"href":"https:\/\/elearning.upt.ro\/en\/wp-json\/wp\/v2\/pages"}],"about":[{"href":"https:\/\/elearning.upt.ro\/en\/wp-json\/wp\/v2\/types\/page"}],"author":[{"embeddable":true,"href":"https:\/\/elearning.upt.ro\/en\/wp-json\/wp\/v2\/users\/1"}],"replies":[{"embeddable":true,"href":"https:\/\/elearning.upt.ro\/en\/wp-json\/wp\/v2\/comments?post=3182"}],"version-history":[{"count":2,"href":"https:\/\/elearning.upt.ro\/en\/wp-json\/wp\/v2\/pages\/3182\/revisions"}],"predecessor-version":[{"id":3254,"href":"https:\/\/elearning.upt.ro\/en\/wp-json\/wp\/v2\/pages\/3182\/revisions\/3254"}],"up":[{"embeddable":true,"href":"https:\/\/elearning.upt.ro\/en\/wp-json\/wp\/v2\/pages\/2829"}],"wp:attachment":[{"href":"https:\/\/elearning.upt.ro\/en\/wp-json\/wp\/v2\/media?parent=3182"}],"curies":[{"name":"wp","href":"https:\/\/api.w.org\/{rel}","templated":true}]}}