{"id":3123,"date":"2018-01-13T18:39:50","date_gmt":"2018-01-13T18:39:50","guid":{"rendered":"http:\/\/new.elearning.upt.ro\/?page_id=3123"},"modified":"2023-06-14T22:05:25","modified_gmt":"2023-06-14T19:05:25","slug":"tehnologia-constructiilor-de-masini","status":"publish","type":"page","link":"https:\/\/elearning.upt.ro\/en\/cel-2\/personal\/tehnologia-constructiilor-de-masini\/","title":{"rendered":"Personnel - Specialization in Machine Building Technology"},"content":{"rendered":"<table class=\"table\">\n<tbody>\n<tr class=\"row0\">\n<td>Dr. Eng. Badarau Rodica<\/td>\n<td>Pneumatic and hydraulic actuations and controls (A)<br \/>\nFluid Mechanics<\/td>\n<\/tr>\n<tr class=\"row1\">\n<td>Lecturer Olivia Mihaela Bundau<\/td>\n<td>Special mathematics<\/td>\n<\/tr>\n<tr class=\"row0\">\n<td>Associate Dr. Eng. Drink Adrian<\/td>\n<td>Technologies on Machines with Numerical Controls<\/td>\n<\/tr>\n<tr class=\"row1\">\n<td>Dr. Eng. Mace Dragos<\/td>\n<td>Selection of materials<br \/>\nThermal treatments<\/td>\n<\/tr>\n<tr class=\"row0\">\n<td>Assoc Caruntu Bogdan<\/td>\n<td>Linear algebra, analytic and differential geometry<\/td>\n<\/tr>\n<tr class=\"row1\">\n<td>Assist. univ. dr. Constantine Claudia<\/td>\n<td>Languages of international circulation 1<br \/>\nLanguages of international circulation 2<\/td>\n<\/tr>\n<tr class=\"row0\">\n<td>Dr. Eng. Duma Sebastian<\/td>\n<td>Materials Science and Engineering I<br \/>\nMaterials Science and Engineering II<\/td>\n<\/tr>\n<tr class=\"row1\">\n<td>Dr. Eng. Hello Adrian Ilie<\/td>\n<td>Machine tools<br \/>\nComputer programming and programming languages<br \/>\nComputer aided design<br \/>\nServomechanisms, translators and sensors<br \/>\nPractice 1<br \/>\nPractice 2<\/td>\n<\/tr>\n<tr class=\"row0\">\n<td>Prof. univ. dr. chem. Du\u021beanu Narcis<\/td>\n<td>Chemistry<\/td>\n<\/tr>\n<tr class=\"row1\">\n<td>Associate Dr. Eng. Fire Anamaria<\/td>\n<td>Quality engineering<br \/>\nIndustrial welding procedures<\/td>\n<\/tr>\n<tr class=\"row0\">\n<td>Dr. Eng. Sergiu Galatanu<\/td>\n<td>Numerical methods<\/td>\n<\/tr>\n<tr class=\"row1\">\n<td>Associate Dr. Eng. Groza Ioan-Vasile<\/td>\n<td>Tolerances and dimensional control<\/td>\n<\/tr>\n<tr class=\"row0\">\n<td>Univ. Prof. Dr. Eng. Herisanu Nicolae<\/td>\n<td>Mechanics I<br \/>\nMechanics II<br \/>\nMechanical vibrations<\/td>\n<\/tr>\n<tr class=\"row1\">\n<td>Prof. Dr. Eng. Elijah Mariana<\/td>\n<td>Technical drawing and infographics<br \/>\nDescriptive geometry and technical drawing<\/td>\n<\/tr>\n<tr class=\"row0\">\n<td>Dr. Lect. Ionescu Dan<\/td>\n<td>Physical Education 1<br \/>\nPhysical Education 2<br \/>\nPhysical Education 3<br \/>\nPhysical Education 4<\/td>\n<\/tr>\n<tr class=\"row1\">\n<td>Professor Cristian L\u0103zureanu<\/td>\n<td>Linear algebra, analytic and differential geometry<\/td>\n<\/tr>\n<tr class=\"row0\">\n<td>Associate Dr. Eng. Margineanu Dan<\/td>\n<td>Organs of machines I<br \/>\nMachine parts II<\/td>\n<\/tr>\n<tr class=\"row1\">\n<td>Dr. Eng. Moldovan Cristian Emil<\/td>\n<td>Mechanisms I<br \/>\nMechanisms II<\/td>\n<\/tr>\n<tr class=\"row0\">\n<td>Dr. Eng. Molnar Richard Istvan<\/td>\n<td>Industrial welding procedures<\/td>\n<\/tr>\n<tr class=\"row1\">\n<td>Prof. Dr. Eng. Nicoara Mircea<\/td>\n<td>Thermal treatments<\/td>\n<\/tr>\n<tr class=\"row0\">\n<td>Assoc Father Flavius<\/td>\n<td>Mathematical analysis<\/td>\n<\/tr>\n<tr class=\"row1\">\n<td>\u015e.l.dr. Pater Liana<\/td>\n<td>Marketing<\/td>\n<\/tr>\n<tr class=\"row0\">\n<td>Prof. dr. habil. Pop Nicolina Rodica<\/td>\n<td>Physics<\/td>\n<\/tr>\n<tr class=\"row1\">\n<td>Associate Dr. Eng. Pop-C\u0103limanu Marius<\/td>\n<td>Materials technology 1<br \/>\nMaterials technology 2<\/td>\n<\/tr>\n<tr class=\"row0\">\n<td>University assistant Popescu Dan<\/td>\n<td>Mathematical analysis<\/td>\n<\/tr>\n<tr class=\"row1\">\n<td>Prof. Dr. Eng. Stupid Gabriela<\/td>\n<td>Communication<\/td>\n<\/tr>\n<tr class=\"row0\">\n<td>Associate Dr. Eng. Radu Bogdan<\/td>\n<td>Selection of materials<\/td>\n<\/tr>\n<tr class=\"row1\">\n<td>Dr. Eng. Sava Marcela<\/td>\n<td>Strength of materials I<br \/>\nStrength of materials II<\/td>\n<\/tr>\n<tr class=\"row0\">\n<td>Associate Dr. Eng. Stan Daniel Voicu<\/td>\n<td>Innovation and professional communication<br \/>\nPlastics and manufacturing technologies<br \/>\nPolymer materials processing technologies<\/td>\n<\/tr>\n<tr class=\"row1\">\n<td>Prof. Dr. Eng. Stoian Floriana<\/td>\n<td>Thermotechnics I<br \/>\nThermotechnics II<\/td>\n<\/tr>\n<tr class=\"row0\">\n<td>Dr. Eng. Strauti Gabriela<\/td>\n<td>Management<\/td>\n<\/tr>\n<tr class=\"row1\">\n<td>Dr. Eng. Stef Ioan Dorian<\/td>\n<td>Pneumatic and hydraulic actuators and controls (B)<br \/>\nConstruction and Operation of Cutting Tools<br \/>\nPrototyping and rapid manufacturing<br \/>\nManufacturing technologies and equipment<br \/>\nPractice 1<br \/>\nPractice 2<\/td>\n<\/tr>\n<tr class=\"row0\">\n<td>Dr. Eng. Trif-Tordai Gavrila<\/td>\n<td>Thermotechnics I<br \/>\nThermotechnics II<\/td>\n<\/tr>\n<tr class=\"row1\">\n<td>Associate Dr. Eng. Tulcan Aurel<\/td>\n<td>3D measurement procedures<br \/>\nTechnologies of plastic deformation<\/td>\n<\/tr>\n<tr class=\"row0\">\n<td>Associate Dr. Eng. Tulcan Liliana<\/td>\n<td>Materials technology 1<br \/>\nMaterials technology 2<\/td>\n<\/tr>\n<tr class=\"row1\">\n<td>Associate Dr. Eng. Turkish Cristian Gheorghe<\/td>\n<td>The basics of manufacturing processes<br \/>\nProduct Manufacturing Technology<\/td>\n<\/tr>\n<tr class=\"row0\">\n<td>Associate Dr. Eng. Timpea Stefan Adrian<\/td>\n<td>Technological Devices<\/td>\n<\/tr>\n<tr class=\"row1\">\n<td>Prof. Dr. Eng. Utu Dragos<\/td>\n<td>Thermal coatings and reconditioning<\/td>\n<\/tr>\n<tr class=\"row0\">\n<td>Dr. Eng. Vesa Daniela<\/td>\n<td>electrotechnics<\/td>\n<\/tr>\n<\/tbody>\n<\/table>","protected":false},"excerpt":{"rendered":"<p>\u0218.l.dr.ing. Badarau Rodica Actionari si comenzi pneumatice si hidraulice (A) Mecanica Fluidelor Lect.univ.dr. Bund\u0103u Olivia Mihaela Matematici speciale Conf.dr.ing. But Adrian Tehnologii pe Masini cu Comenzi Numerice \u0218.l.dr.ing. Buzdugan Drago\u0219 Selectia materialelor Tratamente termice Conf.univ.dr. C\u0103runtu Bogdan Algebr\u0103 liniar\u0103, geometrie analitic\u0103 \u0219i diferen\u021bial\u0103 Asist.univ.dr. Constantin Claudia Limbi de circulatie internationala 1 Limbi de circulatie internationala [&hellip;]<\/p>\n","protected":false},"author":1,"featured_media":0,"parent":2935,"menu_order":0,"comment_status":"closed","ping_status":"closed","template":"","meta":{"footnotes":""},"class_list":["post-3123","page","type-page","status-publish","hentry"],"yoast_head":"<!-- This site is optimized with the Yoast SEO plugin v27.3 - https:\/\/yoast.com\/product\/yoast-seo-wordpress\/ -->\n<title>Personal &#8211; Specializarea Tehnologia Constructiilor de Masini - Universitatea Politehnica Timi\u015foara Departamentul de ID\/IFR \u0219i Educa\u021bie Digital\u0103 \u2013 DeL<\/title>\n<meta name=\"robots\" content=\"index, follow, max-snippet:-1, max-image-preview:large, max-video-preview:-1\" \/>\n<link rel=\"canonical\" href=\"https:\/\/elearning.upt.ro\/en\/cel-2\/personal\/tehnologia-constructiilor-de-masini\/\" \/>\n<meta property=\"og:locale\" content=\"en_US\" \/>\n<meta property=\"og:type\" content=\"article\" \/>\n<meta property=\"og:title\" content=\"Personal &#8211; Specializarea Tehnologia Constructiilor de Masini - Universitatea Politehnica Timi\u015foara Departamentul de ID\/IFR \u0219i Educa\u021bie Digital\u0103 \u2013 DeL\" \/>\n<meta property=\"og:description\" content=\"\u0218.l.dr.ing. Badarau Rodica Actionari si comenzi pneumatice si hidraulice (A) Mecanica Fluidelor Lect.univ.dr. Bund\u0103u Olivia Mihaela Matematici speciale Conf.dr.ing. But Adrian Tehnologii pe Masini cu Comenzi Numerice \u0218.l.dr.ing. Buzdugan Drago\u0219 Selectia materialelor Tratamente termice Conf.univ.dr. C\u0103runtu Bogdan Algebr\u0103 liniar\u0103, geometrie analitic\u0103 \u0219i diferen\u021bial\u0103 Asist.univ.dr. Constantin Claudia Limbi de circulatie internationala 1 Limbi de circulatie internationala [&hellip;]\" \/>\n<meta property=\"og:url\" content=\"https:\/\/elearning.upt.ro\/en\/cel-2\/personal\/tehnologia-constructiilor-de-masini\/\" \/>\n<meta property=\"og:site_name\" content=\"Universitatea Politehnica Timi\u015foara Departamentul de ID\/IFR \u0219i Educa\u021bie Digital\u0103 \u2013 DeL\" \/>\n<meta property=\"article:publisher\" content=\"https:\/\/www.facebook.com\/CIDUPT\/?ref=page_internal\" \/>\n<meta property=\"article:modified_time\" content=\"2023-06-14T19:05:25+00:00\" \/>\n<meta name=\"twitter:card\" content=\"summary_large_image\" \/>\n<meta name=\"twitter:label1\" content=\"Est. reading time\" \/>\n\t<meta name=\"twitter:data1\" content=\"2 minutes\" \/>\n<script type=\"application\/ld+json\" class=\"yoast-schema-graph\">{\"@context\":\"https:\\\/\\\/schema.org\",\"@graph\":[{\"@type\":\"WebPage\",\"@id\":\"https:\\\/\\\/elearning.upt.ro\\\/cel-2\\\/personal\\\/tehnologia-constructiilor-de-masini\\\/\",\"url\":\"https:\\\/\\\/elearning.upt.ro\\\/cel-2\\\/personal\\\/tehnologia-constructiilor-de-masini\\\/\",\"name\":\"Personal &#8211; Specializarea Tehnologia Constructiilor de Masini - Universitatea Politehnica Timi\u015foara Departamentul de ID\\\/IFR \u0219i Educa\u021bie Digital\u0103 \u2013 DeL\",\"isPartOf\":{\"@id\":\"https:\\\/\\\/elearning.upt.ro\\\/ro\\\/#website\"},\"datePublished\":\"2018-01-13T18:39:50+00:00\",\"dateModified\":\"2023-06-14T19:05:25+00:00\",\"breadcrumb\":{\"@id\":\"https:\\\/\\\/elearning.upt.ro\\\/cel-2\\\/personal\\\/tehnologia-constructiilor-de-masini\\\/#breadcrumb\"},\"inLanguage\":\"en-US\",\"potentialAction\":[{\"@type\":\"ReadAction\",\"target\":[\"https:\\\/\\\/elearning.upt.ro\\\/cel-2\\\/personal\\\/tehnologia-constructiilor-de-masini\\\/\"]}]},{\"@type\":\"BreadcrumbList\",\"@id\":\"https:\\\/\\\/elearning.upt.ro\\\/cel-2\\\/personal\\\/tehnologia-constructiilor-de-masini\\\/#breadcrumb\",\"itemListElement\":[{\"@type\":\"ListItem\",\"position\":1,\"name\":\"Home\",\"item\":\"https:\\\/\\\/elearning.upt.ro\\\/\"},{\"@type\":\"ListItem\",\"position\":2,\"name\":\"Despre DeL\",\"item\":\"https:\\\/\\\/elearning.upt.ro\\\/cel-2\\\/\"},{\"@type\":\"ListItem\",\"position\":3,\"name\":\"Personal\",\"item\":\"https:\\\/\\\/elearning.upt.ro\\\/cel-2\\\/personal\\\/\"},{\"@type\":\"ListItem\",\"position\":4,\"name\":\"Personal &#8211; Specializarea Tehnologia Constructiilor de Masini\"}]},{\"@type\":\"WebSite\",\"@id\":\"https:\\\/\\\/elearning.upt.ro\\\/ro\\\/#website\",\"url\":\"https:\\\/\\\/elearning.upt.ro\\\/ro\\\/\",\"name\":\"Universitatea Politehnica Timi\u015foara Departamentul de ID\\\/IFR \u0219i Educa\u021bie Digital\u0103 \u2013 DeL\",\"description\":\"\",\"potentialAction\":[{\"@type\":\"SearchAction\",\"target\":{\"@type\":\"EntryPoint\",\"urlTemplate\":\"https:\\\/\\\/elearning.upt.ro\\\/ro\\\/?s={search_term_string}\"},\"query-input\":{\"@type\":\"PropertyValueSpecification\",\"valueRequired\":true,\"valueName\":\"search_term_string\"}}],\"inLanguage\":\"en-US\"}]}<\/script>\n<!-- \/ Yoast SEO plugin. -->","yoast_head_json":{"title":"Staff \u2013 Specialization in Machine Construction Technology - Politehnica University Timi\u015foara Department of ID\/IFR and Digital Education \u2013 DeL","robots":{"index":"index","follow":"follow","max-snippet":"max-snippet:-1","max-image-preview":"max-image-preview:large","max-video-preview":"max-video-preview:-1"},"canonical":"https:\/\/elearning.upt.ro\/en\/cel-2\/personal\/tehnologia-constructiilor-de-masini\/","og_locale":"en_US","og_type":"article","og_title":"Personal &#8211; Specializarea Tehnologia Constructiilor de Masini - Universitatea Politehnica Timi\u015foara Departamentul de ID\/IFR \u0219i Educa\u021bie Digital\u0103 \u2013 DeL","og_description":"\u0218.l.dr.ing. Badarau Rodica Actionari si comenzi pneumatice si hidraulice (A) Mecanica Fluidelor Lect.univ.dr. Bund\u0103u Olivia Mihaela Matematici speciale Conf.dr.ing. But Adrian Tehnologii pe Masini cu Comenzi Numerice \u0218.l.dr.ing. Buzdugan Drago\u0219 Selectia materialelor Tratamente termice Conf.univ.dr. C\u0103runtu Bogdan Algebr\u0103 liniar\u0103, geometrie analitic\u0103 \u0219i diferen\u021bial\u0103 Asist.univ.dr. Constantin Claudia Limbi de circulatie internationala 1 Limbi de circulatie internationala [&hellip;]","og_url":"https:\/\/elearning.upt.ro\/en\/cel-2\/personal\/tehnologia-constructiilor-de-masini\/","og_site_name":"Universitatea Politehnica Timi\u015foara Departamentul de ID\/IFR \u0219i Educa\u021bie Digital\u0103 \u2013 DeL","article_publisher":"https:\/\/www.facebook.com\/CIDUPT\/?ref=page_internal","article_modified_time":"2023-06-14T19:05:25+00:00","twitter_card":"summary_large_image","twitter_misc":{"Est. reading time":"2 minutes"},"schema":{"@context":"https:\/\/schema.org","@graph":[{"@type":"WebPage","@id":"https:\/\/elearning.upt.ro\/cel-2\/personal\/tehnologia-constructiilor-de-masini\/","url":"https:\/\/elearning.upt.ro\/cel-2\/personal\/tehnologia-constructiilor-de-masini\/","name":"Staff \u2013 Specialization in Machine Construction Technology - Politehnica University Timi\u015foara Department of ID\/IFR and Digital Education \u2013 DeL","isPartOf":{"@id":"https:\/\/elearning.upt.ro\/ro\/#website"},"datePublished":"2018-01-13T18:39:50+00:00","dateModified":"2023-06-14T19:05:25+00:00","breadcrumb":{"@id":"https:\/\/elearning.upt.ro\/cel-2\/personal\/tehnologia-constructiilor-de-masini\/#breadcrumb"},"inLanguage":"en-US","potentialAction":[{"@type":"ReadAction","target":["https:\/\/elearning.upt.ro\/cel-2\/personal\/tehnologia-constructiilor-de-masini\/"]}]},{"@type":"BreadcrumbList","@id":"https:\/\/elearning.upt.ro\/cel-2\/personal\/tehnologia-constructiilor-de-masini\/#breadcrumb","itemListElement":[{"@type":"ListItem","position":1,"name":"Home","item":"https:\/\/elearning.upt.ro\/"},{"@type":"ListItem","position":2,"name":"Despre DeL","item":"https:\/\/elearning.upt.ro\/cel-2\/"},{"@type":"ListItem","position":3,"name":"Personal","item":"https:\/\/elearning.upt.ro\/cel-2\/personal\/"},{"@type":"ListItem","position":4,"name":"Personal &#8211; Specializarea Tehnologia Constructiilor de Masini"}]},{"@type":"WebSite","@id":"https:\/\/elearning.upt.ro\/ro\/#website","url":"https:\/\/elearning.upt.ro\/ro\/","name":"Politehnica University Timi\u015foara Department of ID\/IFR and Digital Education \u2013 DeL","description":"","potentialAction":[{"@type":"SearchAction","target":{"@type":"EntryPoint","urlTemplate":"https:\/\/elearning.upt.ro\/ro\/?s={search_term_string}"},"query-input":{"@type":"PropertyValueSpecification","valueRequired":true,"valueName":"search_term_string"}}],"inLanguage":"en-US"}]}},"_links":{"self":[{"href":"https:\/\/elearning.upt.ro\/en\/wp-json\/wp\/v2\/pages\/3123","targetHints":{"allow":["GET"]}}],"collection":[{"href":"https:\/\/elearning.upt.ro\/en\/wp-json\/wp\/v2\/pages"}],"about":[{"href":"https:\/\/elearning.upt.ro\/en\/wp-json\/wp\/v2\/types\/page"}],"author":[{"embeddable":true,"href":"https:\/\/elearning.upt.ro\/en\/wp-json\/wp\/v2\/users\/1"}],"replies":[{"embeddable":true,"href":"https:\/\/elearning.upt.ro\/en\/wp-json\/wp\/v2\/comments?post=3123"}],"version-history":[{"count":33,"href":"https:\/\/elearning.upt.ro\/en\/wp-json\/wp\/v2\/pages\/3123\/revisions"}],"predecessor-version":[{"id":25045,"href":"https:\/\/elearning.upt.ro\/en\/wp-json\/wp\/v2\/pages\/3123\/revisions\/25045"}],"up":[{"embeddable":true,"href":"https:\/\/elearning.upt.ro\/en\/wp-json\/wp\/v2\/pages\/2935"}],"wp:attachment":[{"href":"https:\/\/elearning.upt.ro\/en\/wp-json\/wp\/v2\/media?parent=3123"}],"curies":[{"name":"wp","href":"https:\/\/api.w.org\/{rel}","templated":true}]}}