{"id":3117,"date":"2018-01-13T18:39:08","date_gmt":"2018-01-13T18:39:08","guid":{"rendered":"http:\/\/new.elearning.upt.ro\/?page_id=3117"},"modified":"2020-06-17T11:51:37","modified_gmt":"2020-06-17T08:51:37","slug":"informatica","status":"publish","type":"page","link":"https:\/\/elearning.upt.ro\/en\/cel-2\/personal\/informatica\/","title":{"rendered":"Staff - Computer Science Specialization"},"content":{"rendered":"<table class=\"table\">\n<tbody>\n<tr>\n<th>Name<\/th>\n<th><\/th>\n<th>Courses<\/th>\n<th>Contact<\/th>\n<\/tr>\n<tr class=\"row0\">\n<td class=\"primutd\">\u0218.l.dr. ing.<\/td>\n<td>ALBU Adriana<\/td>\n<td>Introduction to Computer Programming<\/td>\n<td><a class=\"vcard\" title=\"Hcard \/ Vcard \/ QRcode\" href=\"https:\/\/elearning.upt.ro\/en\/despre-cel\/personal\/ia\/\" rel=\"https:\/\/elearning.upt.ro\/hcard\/947\/\">vcard<\/a><\/td>\n<\/tr>\n<tr class=\"row1\">\n<td class=\"primutd\">Dr. ing.<\/td>\n<td>BERIAN Dorin<\/td>\n<td>Environments and Programming Technologies<\/td>\n<td><a class=\"vcard\" title=\"Hcard \/ Vcard \/ QRcode\" href=\"https:\/\/elearning.upt.ro\/en\/despre-cel\/personal\/ia\/\" rel=\"https:\/\/elearning.upt.ro\/hcard\/926\/\">vcard<\/a><\/td>\n<\/tr>\n<tr class=\"row0\">\n<td class=\"primutd\">\u0218.l.dr. ing.<\/td>\n<td>BOGDAN R\u0103zvan<\/td>\n<td>Embedded Systems<\/td>\n<td><a class=\"vcard\" title=\"Hcard \/ Vcard \/ QRcode\" href=\"https:\/\/elearning.upt.ro\/en\/despre-cel\/personal\/ia\/\" rel=\"https:\/\/elearning.upt.ro\/hcard\/16536\/\">vcard<\/a><\/td>\n<\/tr>\n<tr class=\"row1\">\n<td class=\"primutd\">Conf.univ. dr.<\/td>\n<td>C\u0102DARIU Liviu<\/td>\n<td>Linear Algebra<\/td>\n<td><a class=\"vcard\" title=\"Hcard \/ Vcard \/ QRcode\" href=\"https:\/\/elearning.upt.ro\/en\/despre-cel\/personal\/ia\/\" rel=\"https:\/\/elearning.upt.ro\/hcard\/5863\/\">vcard<\/a><\/td>\n<\/tr>\n<tr class=\"row0\">\n<td class=\"primutd\">Lect. dr.<\/td>\n<td>C\u0102RUNTU Bogdan<\/td>\n<td>Linear Algebra<\/td>\n<td><a class=\"vcard\" title=\"Hcard \/ Vcard \/ QRcode\" href=\"https:\/\/elearning.upt.ro\/en\/despre-cel\/personal\/ia\/\" rel=\"https:\/\/elearning.upt.ro\/hcard\/5865\/\">vcard<\/a><\/td>\n<\/tr>\n<tr class=\"row1\">\n<td class=\"primutd\">As.dr.ing.<\/td>\n<td>CAUSA Oana<\/td>\n<td>Concepts of programming languages<br \/>\nSyncretic Project<\/td>\n<td><a class=\"vcard\" title=\"Hcard \/ Vcard \/ QRcode\" href=\"https:\/\/elearning.upt.ro\/en\/despre-cel\/personal\/ia\/\" rel=\"https:\/\/elearning.upt.ro\/hcard\/988\/\">vcard<\/a><\/td>\n<\/tr>\n<tr class=\"row0\">\n<td class=\"primutd\">Conf.dr. ing.<\/td>\n<td>CHIRIL\u0102 Ciprian-Bogdan<\/td>\n<td>Algorithm Analysis<br \/>\nPractice IA2<br \/>\nData structures and algorithms<\/td>\n<td><a class=\"vcard\" title=\"Hcard \/ Vcard \/ QRcode\" href=\"https:\/\/elearning.upt.ro\/en\/despre-cel\/personal\/ia\/\" rel=\"https:\/\/elearning.upt.ro\/hcard\/1145\/\">vcard<\/a><\/td>\n<\/tr>\n<tr class=\"row1\">\n<td class=\"primutd\">\u0218.l.dr.ing<\/td>\n<td>CHIRILA Oana - Sorina<\/td>\n<td>Java programming<\/td>\n<td><a class=\"vcard\" title=\"Hcard \/ Vcard \/ QRcode\" href=\"https:\/\/elearning.upt.ro\/en\/despre-cel\/personal\/ia\/\" rel=\"https:\/\/elearning.upt.ro\/hcard\/1991\/\">vcard<\/a><\/td>\n<\/tr>\n<tr class=\"row0\">\n<td class=\"primutd\">Prof.dr. ing.<\/td>\n<td>CIOC\u00c2RLIE Horia<\/td>\n<td>Syncretic Project<br \/>\nProgramming techniques<\/td>\n<td><a class=\"vcard\" title=\"Hcard \/ Vcard \/ QRcode\" href=\"https:\/\/elearning.upt.ro\/en\/despre-cel\/personal\/ia\/\" rel=\"https:\/\/elearning.upt.ro\/hcard\/956\/\">vcard<\/a><\/td>\n<\/tr>\n<tr class=\"row1\">\n<td class=\"primutd\">Asist.univ. dr.<\/td>\n<td>CONSTANTIN Claudia<\/td>\n<td>English language<br \/>\nEnglish 2 (Computer Science)<\/td>\n<td><a class=\"vcard\" title=\"Hcard \/ Vcard \/ QRcode\" href=\"https:\/\/elearning.upt.ro\/en\/despre-cel\/personal\/ia\/\" rel=\"https:\/\/elearning.upt.ro\/hcard\/12333\/\">vcard<\/a><\/td>\n<\/tr>\n<tr class=\"row0\">\n<td class=\"primutd\">Prof.dr.ing.<\/td>\n<td>CRE\u021aU Vladimir<\/td>\n<td>Algorithm Analysis<\/td>\n<td><a class=\"vcard\" title=\"Hcard \/ Vcard \/ QRcode\" href=\"https:\/\/elearning.upt.ro\/en\/despre-cel\/personal\/ia\/\" rel=\"https:\/\/elearning.upt.ro\/hcard\/955\/\">vcard<\/a><\/td>\n<\/tr>\n<tr class=\"row1\">\n<td class=\"primutd\">Prof.dr.ing.<\/td>\n<td>CRI\u0218AN Marius<\/td>\n<td>Logic and discrete structures<\/td>\n<td><a class=\"vcard\" title=\"Hcard \/ Vcard \/ QRcode\" href=\"https:\/\/elearning.upt.ro\/en\/despre-cel\/personal\/ia\/\" rel=\"https:\/\/elearning.upt.ro\/hcard\/976\/\">vcard<\/a><\/td>\n<\/tr>\n<tr class=\"row0\">\n<td class=\"primutd\">Conf.univ.dr. ing.<\/td>\n<td>DR\u0102GAN Florin<\/td>\n<td>Fundamentals of Computers<br \/>\nOperating systems<\/td>\n<td><a class=\"vcard\" title=\"Hcard \/ Vcard \/ QRcode\" href=\"https:\/\/elearning.upt.ro\/en\/despre-cel\/personal\/ia\/\" rel=\"https:\/\/elearning.upt.ro\/hcard\/925\/\">vcard<\/a><\/td>\n<\/tr>\n<tr class=\"row1\">\n<td class=\"primutd\">Prof.dr.ing.<\/td>\n<td>DR\u0102GHICI Anca<\/td>\n<td>Culture and civilization<\/td>\n<td><a class=\"vcard\" title=\"Hcard \/ Vcard \/ QRcode\" href=\"https:\/\/elearning.upt.ro\/en\/despre-cel\/personal\/ia\/\" rel=\"https:\/\/elearning.upt.ro\/hcard\/3148\/\">vcard<\/a><\/td>\n<\/tr>\n<tr class=\"row0\">\n<td class=\"primutd\">\u0218.l.dr.ing.<\/td>\n<td>GAL Norbert<\/td>\n<td>Fundamentals of Software Engineering<br \/>\nLicense<br \/>\nMultimedia application programming<br \/>\nSyncretic project (PS)<br \/>\nDigital Microsystems Design<\/td>\n<td><a class=\"vcard\" title=\"Hcard \/ Vcard \/ QRcode\" href=\"https:\/\/elearning.upt.ro\/en\/despre-cel\/personal\/ia\/\" rel=\"https:\/\/elearning.upt.ro\/hcard\/6866\/\">vcard<\/a><\/td>\n<\/tr>\n<tr class=\"row1\">\n<td class=\"primutd\">Prof.dr.<\/td>\n<td>GOLE\u021a Ioan<\/td>\n<td>Mathematical analysis<\/td>\n<td><a class=\"vcard\" title=\"Hcard \/ Vcard \/ QRcode\" href=\"https:\/\/elearning.upt.ro\/en\/despre-cel\/personal\/ia\/\" rel=\"https:\/\/elearning.upt.ro\/hcard\/942\/\">vcard<\/a><\/td>\n<\/tr>\n<tr class=\"row0\">\n<td class=\"primutd\">\u0218.l.dr.ing.<\/td>\n<td>ISTIN Codru\u021ba<\/td>\n<td>Formal Languages and Compilation Techniques<br \/>\nDatabase design<\/td>\n<td><a class=\"vcard\" title=\"Hcard \/ Vcard \/ QRcode\" href=\"https:\/\/elearning.upt.ro\/en\/despre-cel\/personal\/ia\/\" rel=\"https:\/\/elearning.upt.ro\/hcard\/1151\/\">vcard<\/a><\/td>\n<\/tr>\n<tr class=\"row1\">\n<td class=\"primutd\">\u0218.l.dr.ing.<\/td>\n<td>MIOC Mirella<\/td>\n<td>Programming techniques<\/td>\n<td><a class=\"vcard\" title=\"Hcard \/ Vcard \/ QRcode\" href=\"https:\/\/elearning.upt.ro\/en\/despre-cel\/personal\/ia\/\" rel=\"https:\/\/elearning.upt.ro\/hcard\/6953\/\">vcard<\/a><\/td>\n<\/tr>\n<tr class=\"row0\">\n<td class=\"primutd\">As.univ.<\/td>\n<td>POPESCU Dan<\/td>\n<td>Mathematical analysis<br \/>\nSpecial mathematics (Probability and statistics)<\/td>\n<td><a class=\"vcard\" title=\"Hcard \/ Vcard \/ QRcode\" href=\"https:\/\/elearning.upt.ro\/en\/despre-cel\/personal\/ia\/\" rel=\"https:\/\/elearning.upt.ro\/hcard\/5864\/\">vcard<\/a><\/td>\n<\/tr>\n<tr class=\"row1\">\n<td class=\"primutd\">As.univ.<\/td>\n<td>POPESCU Diana<\/td>\n<td>Culture and civilization<\/td>\n<td><a class=\"vcard\" title=\"Hcard \/ Vcard \/ QRcode\" href=\"https:\/\/elearning.upt.ro\/en\/despre-cel\/personal\/ia\/\" rel=\"https:\/\/elearning.upt.ro\/hcard\/4322\/\">vcard<\/a><\/td>\n<\/tr>\n<tr class=\"row0\">\n<td class=\"primutd\">Conf.dr.ing.<\/td>\n<td>PRODAN Lucian<\/td>\n<td>Designing Applications on Reconfigurable Platforms<\/td>\n<td><a class=\"vcard\" title=\"Hcard \/ Vcard \/ QRcode\" href=\"https:\/\/elearning.upt.ro\/en\/despre-cel\/personal\/ia\/\" rel=\"https:\/\/elearning.upt.ro\/hcard\/1170\/\">vcard<\/a><\/td>\n<\/tr>\n<tr class=\"row1\">\n<td class=\"primutd\">Prof.dr.ing.<\/td>\n<td>FOOL Gabriela<\/td>\n<td>Communication<br \/>\nManagement<br \/>\nMarketing<\/td>\n<td><a class=\"vcard\" title=\"Hcard \/ Vcard \/ QRcode\" href=\"https:\/\/elearning.upt.ro\/en\/despre-cel\/personal\/ia\/\" rel=\"https:\/\/elearning.upt.ro\/hcard\/928\/\">vcard<\/a><\/td>\n<\/tr>\n<tr class=\"row0\">\n<td class=\"primutd\">Prof.dr.ing.<\/td>\n<td>FOOL Octavian<\/td>\n<td>Elements of automation<\/td>\n<td><a class=\"vcard\" title=\"Hcard \/ Vcard \/ QRcode\" href=\"https:\/\/elearning.upt.ro\/en\/despre-cel\/personal\/ia\/\" rel=\"https:\/\/elearning.upt.ro\/hcard\/927\/\">vcard<\/a><\/td>\n<\/tr>\n<tr class=\"row1\">\n<td class=\"primutd\">Prof.dr.ing.<\/td>\n<td>SILEA Ioan<\/td>\n<td>Practice IA2<\/td>\n<td><a class=\"vcard\" title=\"Hcard \/ Vcard \/ QRcode\" href=\"https:\/\/elearning.upt.ro\/en\/despre-cel\/personal\/ia\/\" rel=\"https:\/\/elearning.upt.ro\/hcard\/933\/\">vcard<\/a><\/td>\n<\/tr>\n<tr class=\"row0\">\n<td class=\"primutd\">\u0218.l.dr.ing.<\/td>\n<td>STANCIU Antonius<\/td>\n<td>Computer architecture<br \/>\nLogic and discrete structures<\/td>\n<td><a class=\"vcard\" title=\"Hcard \/ Vcard \/ QRcode\" href=\"https:\/\/elearning.upt.ro\/en\/despre-cel\/personal\/ia\/\" rel=\"https:\/\/elearning.upt.ro\/hcard\/1068\/\">vcard<\/a><\/td>\n<\/tr>\n<tr class=\"row1\">\n<td class=\"primutd\">Cof.dr.ing.<\/td>\n<td>STANCIU Loredana-Mihaela<\/td>\n<td>Introduction to Computer Programming<\/td>\n<td><a class=\"vcard\" title=\"Hcard \/ Vcard \/ QRcode\" href=\"https:\/\/elearning.upt.ro\/en\/despre-cel\/personal\/ia\/\" rel=\"https:\/\/elearning.upt.ro\/hcard\/1183\/\">vcard<\/a><\/td>\n<\/tr>\n<tr class=\"row0\">\n<td class=\"primutd\">\u0218.l.dr.ing.<\/td>\n<td>STEFAN Octavian<\/td>\n<td>Network administration<br \/>\nComputer networks<\/td>\n<td><a class=\"vcard\" title=\"Hcard \/ Vcard \/ QRcode\" href=\"https:\/\/elearning.upt.ro\/en\/despre-cel\/personal\/ia\/\" rel=\"https:\/\/elearning.upt.ro\/hcard\/3999\/\">vcard<\/a><\/td>\n<\/tr>\n<tr class=\"row1\">\n<td class=\"primutd\">Prof.dr.ing.<\/td>\n<td>STOICU-TIVADAR L\u0103cramioara<\/td>\n<td>Java programming<br \/>\nDesign of User Interfaces and Graphics<\/td>\n<td><a class=\"vcard\" title=\"Hcard \/ Vcard \/ QRcode\" href=\"https:\/\/elearning.upt.ro\/en\/despre-cel\/personal\/ia\/\" rel=\"https:\/\/elearning.upt.ro\/hcard\/940\/\">vcard<\/a><\/td>\n<\/tr>\n<tr class=\"row0\">\n<td class=\"primutd\">Prof.dr.ing.<\/td>\n<td>STOICU-TIVADAR Vasile<\/td>\n<td>Fundamentals of Software Engineering<br \/>\nObject Oriented Programming<\/td>\n<td><a class=\"vcard\" title=\"Hcard \/ Vcard \/ QRcode\" href=\"https:\/\/elearning.upt.ro\/en\/despre-cel\/personal\/ia\/\" rel=\"https:\/\/elearning.upt.ro\/hcard\/938\/\">vcard<\/a><\/td>\n<\/tr>\n<tr class=\"row1\">\n<td class=\"primutd\">Conf.dr.ing.<\/td>\n<td>SZEIDERT Iosif<\/td>\n<td>Database<br \/>\nWeb programming<\/td>\n<td><a class=\"vcard\" title=\"Hcard \/ Vcard \/ QRcode\" href=\"https:\/\/elearning.upt.ro\/en\/despre-cel\/personal\/ia\/\" rel=\"https:\/\/elearning.upt.ro\/hcard\/1138\/\">vcard<\/a><\/td>\n<\/tr>\n<tr class=\"row0\">\n<td class=\"primutd\">Conf.dr.ing.<\/td>\n<td>TAMA\u0218IL\u0102 Matei<\/td>\n<td>Microeconomics<\/td>\n<td><a class=\"vcard\" title=\"Hcard \/ Vcard \/ QRcode\" href=\"https:\/\/elearning.upt.ro\/en\/despre-cel\/personal\/ia\/\" rel=\"https:\/\/elearning.upt.ro\/hcard\/977\/\">vcard<\/a><\/td>\n<\/tr>\n<tr class=\"row1\">\n<td class=\"primutd\">\u0218.l.dr.ing.<\/td>\n<td>VASAR Cristian<\/td>\n<td>Database<br \/>\nElements of automation<br \/>\nWeb programming<\/td>\n<td><a class=\"vcard\" title=\"Hcard \/ Vcard \/ QRcode\" href=\"https:\/\/elearning.upt.ro\/en\/despre-cel\/personal\/ia\/\" rel=\"https:\/\/elearning.upt.ro\/hcard\/1137\/\">vcard<\/a><\/td>\n<\/tr>\n<tr class=\"row0\">\n<td class=\"primutd\">As.dr.ing.<\/td>\n<td>LIFE Mihaela Marcella<\/td>\n<td>Environments and Programming Technologies<br \/>\nPractice IA2<br \/>\nJava programming<br \/>\nObject Oriented Programming<br \/>\nDesign of User Interfaces and Graphics<br \/>\nDigital Microsystems Design<br \/>\nInformation security<br \/>\nData structures and algorithms<\/td>\n<td><a class=\"vcard\" title=\"Hcard \/ Vcard \/ QRcode\" href=\"https:\/\/elearning.upt.ro\/en\/despre-cel\/personal\/ia\/\" rel=\"https:\/\/elearning.upt.ro\/hcard\/3820\/\">vcard<\/a><\/td>\n<\/tr>\n<tr class=\"row1\">\n<td class=\"primutd\">As.ing.<\/td>\n<td>VOI\u0218AN Emil<\/td>\n<td>Fundamentals of Computers<br \/>\nOperating systems<\/td>\n<td><a class=\"vcard\" title=\"Hcard \/ Vcard \/ QRcode\" href=\"https:\/\/elearning.upt.ro\/en\/despre-cel\/personal\/ia\/\" rel=\"https:\/\/elearning.upt.ro\/hcard\/951\/\">vcard<\/a><\/td>\n<\/tr>\n<tr class=\"row0\">\n<td class=\"primutd\">Prof.dr.ing.<\/td>\n<td>VOLOSENCU Constantin<\/td>\n<td>Norms and standards in computer science<\/td>\n<td><a class=\"vcard\" title=\"Hcard \/ Vcard \/ QRcode\" href=\"https:\/\/elearning.upt.ro\/en\/despre-cel\/personal\/ia\/\" rel=\"https:\/\/elearning.upt.ro\/hcard\/1070\/\">vcard<\/a><\/td>\n<\/tr>\n<tr class=\"row1\">\n<td class=\"primutd\">As.univ.<\/td>\n<td>ZIMBRU Cristian-Grigore<\/td>\n<td>Computer architecture<br \/>\nIntroduction to Computer Programming<br \/>\nLogic and discrete structures<\/td>\n<td><a class=\"vcard\" title=\"Hcard \/ Vcard \/ QRcode\" href=\"https:\/\/elearning.upt.ro\/en\/despre-cel\/personal\/ia\/\" rel=\"https:\/\/elearning.upt.ro\/hcard\/3611\/\">vcard<\/a><\/td>\n<\/tr>\n<\/tbody>\n<\/table>","protected":false},"excerpt":{"rendered":"<p>Nume Cursuri Contact \u0218.l.dr. ing. ALBU Adriana Introducere \u00een Programarea Calculatoarelor vcard \u0218l.dr. ing. BERIAN Dorin Medii \u0219i Tehnologii de Programare vcard \u0218.l.dr. ing. BOGDAN R\u0103zvan Sisteme \u00cencorporate vcard Conf.univ. dr. C\u0102DARIU Liviu Algebr\u0103 Liniar\u0103 vcard Lect. dr. C\u0102RUNTU Bogdan Algebr\u0103 Liniar\u0103 vcard As.dr.ing. C\u0102U\u0218 Oana Concepte ale limbajelor de programare Proiect Sincretic vcard Conf.dr. [&hellip;]<\/p>\n","protected":false},"author":1,"featured_media":0,"parent":2935,"menu_order":0,"comment_status":"closed","ping_status":"closed","template":"","meta":{"footnotes":""},"class_list":["post-3117","page","type-page","status-publish","hentry"],"yoast_head":"<!-- This site is optimized with the Yoast SEO plugin v27.3 - https:\/\/yoast.com\/product\/yoast-seo-wordpress\/ -->\n<title>Personal - Specializarea Informatic\u0103 - Universitatea Politehnica Timi\u015foara Departamentul de ID\/IFR \u0219i Educa\u021bie Digital\u0103 \u2013 DeL<\/title>\n<meta name=\"robots\" content=\"index, follow, max-snippet:-1, max-image-preview:large, max-video-preview:-1\" \/>\n<link rel=\"canonical\" href=\"https:\/\/elearning.upt.ro\/en\/cel-2\/personal\/informatica\/\" \/>\n<meta property=\"og:locale\" content=\"en_US\" \/>\n<meta property=\"og:type\" content=\"article\" \/>\n<meta property=\"og:title\" content=\"Personal - Specializarea Informatic\u0103 - Universitatea Politehnica Timi\u015foara Departamentul de ID\/IFR \u0219i Educa\u021bie Digital\u0103 \u2013 DeL\" \/>\n<meta property=\"og:description\" content=\"Nume Cursuri Contact \u0218.l.dr. ing. ALBU Adriana Introducere \u00een Programarea Calculatoarelor vcard \u0218l.dr. ing. BERIAN Dorin Medii \u0219i Tehnologii de Programare vcard \u0218.l.dr. ing. BOGDAN R\u0103zvan Sisteme \u00cencorporate vcard Conf.univ. dr. C\u0102DARIU Liviu Algebr\u0103 Liniar\u0103 vcard Lect. dr. C\u0102RUNTU Bogdan Algebr\u0103 Liniar\u0103 vcard As.dr.ing. C\u0102U\u0218 Oana Concepte ale limbajelor de programare Proiect Sincretic vcard Conf.dr. [&hellip;]\" \/>\n<meta property=\"og:url\" content=\"https:\/\/elearning.upt.ro\/en\/cel-2\/personal\/informatica\/\" \/>\n<meta property=\"og:site_name\" content=\"Universitatea Politehnica Timi\u015foara Departamentul de ID\/IFR \u0219i Educa\u021bie Digital\u0103 \u2013 DeL\" \/>\n<meta property=\"article:publisher\" content=\"https:\/\/www.facebook.com\/CIDUPT\/?ref=page_internal\" \/>\n<meta property=\"article:modified_time\" content=\"2020-06-17T08:51:37+00:00\" \/>\n<meta name=\"twitter:card\" content=\"summary_large_image\" \/>\n<meta name=\"twitter:label1\" content=\"Est. reading time\" \/>\n\t<meta name=\"twitter:data1\" content=\"2 minutes\" \/>\n<script type=\"application\/ld+json\" class=\"yoast-schema-graph\">{\"@context\":\"https:\\\/\\\/schema.org\",\"@graph\":[{\"@type\":\"WebPage\",\"@id\":\"https:\\\/\\\/elearning.upt.ro\\\/cel-2\\\/personal\\\/informatica\\\/\",\"url\":\"https:\\\/\\\/elearning.upt.ro\\\/cel-2\\\/personal\\\/informatica\\\/\",\"name\":\"Personal - Specializarea Informatic\u0103 - Universitatea Politehnica Timi\u015foara Departamentul de ID\\\/IFR \u0219i Educa\u021bie Digital\u0103 \u2013 DeL\",\"isPartOf\":{\"@id\":\"https:\\\/\\\/elearning.upt.ro\\\/ro\\\/#website\"},\"datePublished\":\"2018-01-13T18:39:08+00:00\",\"dateModified\":\"2020-06-17T08:51:37+00:00\",\"breadcrumb\":{\"@id\":\"https:\\\/\\\/elearning.upt.ro\\\/cel-2\\\/personal\\\/informatica\\\/#breadcrumb\"},\"inLanguage\":\"en-US\",\"potentialAction\":[{\"@type\":\"ReadAction\",\"target\":[\"https:\\\/\\\/elearning.upt.ro\\\/cel-2\\\/personal\\\/informatica\\\/\"]}]},{\"@type\":\"BreadcrumbList\",\"@id\":\"https:\\\/\\\/elearning.upt.ro\\\/cel-2\\\/personal\\\/informatica\\\/#breadcrumb\",\"itemListElement\":[{\"@type\":\"ListItem\",\"position\":1,\"name\":\"Home\",\"item\":\"https:\\\/\\\/elearning.upt.ro\\\/\"},{\"@type\":\"ListItem\",\"position\":2,\"name\":\"Despre DeL\",\"item\":\"https:\\\/\\\/elearning.upt.ro\\\/cel-2\\\/\"},{\"@type\":\"ListItem\",\"position\":3,\"name\":\"Personal\",\"item\":\"https:\\\/\\\/elearning.upt.ro\\\/cel-2\\\/personal\\\/\"},{\"@type\":\"ListItem\",\"position\":4,\"name\":\"Personal &#8211; Specializarea Informatic\u0103\"}]},{\"@type\":\"WebSite\",\"@id\":\"https:\\\/\\\/elearning.upt.ro\\\/ro\\\/#website\",\"url\":\"https:\\\/\\\/elearning.upt.ro\\\/ro\\\/\",\"name\":\"Universitatea Politehnica Timi\u015foara Departamentul de ID\\\/IFR \u0219i Educa\u021bie Digital\u0103 \u2013 DeL\",\"description\":\"\",\"potentialAction\":[{\"@type\":\"SearchAction\",\"target\":{\"@type\":\"EntryPoint\",\"urlTemplate\":\"https:\\\/\\\/elearning.upt.ro\\\/ro\\\/?s={search_term_string}\"},\"query-input\":{\"@type\":\"PropertyValueSpecification\",\"valueRequired\":true,\"valueName\":\"search_term_string\"}}],\"inLanguage\":\"en-US\"}]}<\/script>\n<!-- \/ Yoast SEO plugin. -->","yoast_head_json":{"title":"Staff - Computer Science Specialization - Politehnica University Timi\u015foara Department of ID\/IFR and Digital Education \u2013 DeL","robots":{"index":"index","follow":"follow","max-snippet":"max-snippet:-1","max-image-preview":"max-image-preview:large","max-video-preview":"max-video-preview:-1"},"canonical":"https:\/\/elearning.upt.ro\/en\/cel-2\/personal\/informatica\/","og_locale":"en_US","og_type":"article","og_title":"Personal - Specializarea Informatic\u0103 - Universitatea Politehnica Timi\u015foara Departamentul de ID\/IFR \u0219i Educa\u021bie Digital\u0103 \u2013 DeL","og_description":"Nume Cursuri Contact \u0218.l.dr. ing. ALBU Adriana Introducere \u00een Programarea Calculatoarelor vcard \u0218l.dr. ing. BERIAN Dorin Medii \u0219i Tehnologii de Programare vcard \u0218.l.dr. ing. BOGDAN R\u0103zvan Sisteme \u00cencorporate vcard Conf.univ. dr. C\u0102DARIU Liviu Algebr\u0103 Liniar\u0103 vcard Lect. dr. C\u0102RUNTU Bogdan Algebr\u0103 Liniar\u0103 vcard As.dr.ing. C\u0102U\u0218 Oana Concepte ale limbajelor de programare Proiect Sincretic vcard Conf.dr. [&hellip;]","og_url":"https:\/\/elearning.upt.ro\/en\/cel-2\/personal\/informatica\/","og_site_name":"Universitatea Politehnica Timi\u015foara Departamentul de ID\/IFR \u0219i Educa\u021bie Digital\u0103 \u2013 DeL","article_publisher":"https:\/\/www.facebook.com\/CIDUPT\/?ref=page_internal","article_modified_time":"2020-06-17T08:51:37+00:00","twitter_card":"summary_large_image","twitter_misc":{"Est. reading time":"2 minutes"},"schema":{"@context":"https:\/\/schema.org","@graph":[{"@type":"WebPage","@id":"https:\/\/elearning.upt.ro\/cel-2\/personal\/informatica\/","url":"https:\/\/elearning.upt.ro\/cel-2\/personal\/informatica\/","name":"Staff - Computer Science Specialization - Politehnica University Timi\u015foara Department of ID\/IFR and Digital Education \u2013 DeL","isPartOf":{"@id":"https:\/\/elearning.upt.ro\/ro\/#website"},"datePublished":"2018-01-13T18:39:08+00:00","dateModified":"2020-06-17T08:51:37+00:00","breadcrumb":{"@id":"https:\/\/elearning.upt.ro\/cel-2\/personal\/informatica\/#breadcrumb"},"inLanguage":"en-US","potentialAction":[{"@type":"ReadAction","target":["https:\/\/elearning.upt.ro\/cel-2\/personal\/informatica\/"]}]},{"@type":"BreadcrumbList","@id":"https:\/\/elearning.upt.ro\/cel-2\/personal\/informatica\/#breadcrumb","itemListElement":[{"@type":"ListItem","position":1,"name":"Home","item":"https:\/\/elearning.upt.ro\/"},{"@type":"ListItem","position":2,"name":"Despre DeL","item":"https:\/\/elearning.upt.ro\/cel-2\/"},{"@type":"ListItem","position":3,"name":"Personal","item":"https:\/\/elearning.upt.ro\/cel-2\/personal\/"},{"@type":"ListItem","position":4,"name":"Personal &#8211; Specializarea Informatic\u0103"}]},{"@type":"WebSite","@id":"https:\/\/elearning.upt.ro\/ro\/#website","url":"https:\/\/elearning.upt.ro\/ro\/","name":"Politehnica University Timi\u015foara Department of ID\/IFR and Digital Education \u2013 DeL","description":"","potentialAction":[{"@type":"SearchAction","target":{"@type":"EntryPoint","urlTemplate":"https:\/\/elearning.upt.ro\/ro\/?s={search_term_string}"},"query-input":{"@type":"PropertyValueSpecification","valueRequired":true,"valueName":"search_term_string"}}],"inLanguage":"en-US"}]}},"_links":{"self":[{"href":"https:\/\/elearning.upt.ro\/en\/wp-json\/wp\/v2\/pages\/3117","targetHints":{"allow":["GET"]}}],"collection":[{"href":"https:\/\/elearning.upt.ro\/en\/wp-json\/wp\/v2\/pages"}],"about":[{"href":"https:\/\/elearning.upt.ro\/en\/wp-json\/wp\/v2\/types\/page"}],"author":[{"embeddable":true,"href":"https:\/\/elearning.upt.ro\/en\/wp-json\/wp\/v2\/users\/1"}],"replies":[{"embeddable":true,"href":"https:\/\/elearning.upt.ro\/en\/wp-json\/wp\/v2\/comments?post=3117"}],"version-history":[{"count":24,"href":"https:\/\/elearning.upt.ro\/en\/wp-json\/wp\/v2\/pages\/3117\/revisions"}],"predecessor-version":[{"id":24284,"href":"https:\/\/elearning.upt.ro\/en\/wp-json\/wp\/v2\/pages\/3117\/revisions\/24284"}],"up":[{"embeddable":true,"href":"https:\/\/elearning.upt.ro\/en\/wp-json\/wp\/v2\/pages\/2935"}],"wp:attachment":[{"href":"https:\/\/elearning.upt.ro\/en\/wp-json\/wp\/v2\/media?parent=3117"}],"curies":[{"name":"wp","href":"https:\/\/api.w.org\/{rel}","templated":true}]}}