{"id":3112,"date":"2018-01-13T18:38:47","date_gmt":"2018-01-13T18:38:47","guid":{"rendered":"http:\/\/new.elearning.upt.ro\/?page_id=3112"},"modified":"2022-11-01T15:02:16","modified_gmt":"2022-11-01T13:02:16","slug":"tehnologii-si-sisteme-de-telecomunicatii","status":"publish","type":"page","link":"https:\/\/elearning.upt.ro\/en\/cel-2\/personal\/tehnologii-si-sisteme-de-telecomunicatii\/","title":{"rendered":"Personnel - Specialization Telecommunication technologies and systems"},"content":{"rendered":"<table>\n<tbody>\n<tr>\n<th>Name<\/th>\n<th><\/th>\n<th>Courses<\/th>\n<th>Contact<\/th>\n<\/tr>\n<tr>\n<td>\u0218.l.dr.ing.<\/td>\n<td>ALBU Adriana<\/td>\n<td>Computer programming<\/td>\n<td><a title=\"Hcard \/ Vcard \/ QRcode\" href=\"https:\/\/elearning.upt.ro\/en\/despre-cel\/personal\/tst\/\" rel=\"https:\/\/elearning.upt.ro\/hcard\/947\/\">vcard<\/a><\/td>\n<\/tr>\n<tr>\n<td>Prof.dr.ing.<\/td>\n<td>ALEXA Florin<\/td>\n<td>radio<\/td>\n<td><a title=\"Hcard \/ Vcard \/ QRcode\" href=\"https:\/\/elearning.upt.ro\/en\/despre-cel\/personal\/tst\/\" rel=\"https:\/\/elearning.upt.ro\/hcard\/934\/\">vcard<\/a><\/td>\n<\/tr>\n<tr>\n<td>Dr.ing.<\/td>\n<td>ANDONE Diana<\/td>\n<td>Multimedia Technologies<br \/>\nWeb 2.0 technologies<\/td>\n<td><a title=\"Hcard \/ Vcard \/ QRcode\" href=\"https:\/\/elearning.upt.ro\/en\/despre-cel\/personal\/tst\/\" rel=\"https:\/\/elearning.upt.ro\/hcard\/937\/\">vcard<\/a><\/td>\n<\/tr>\n<tr>\n<td>\u0218.l.dr.ing.<\/td>\n<td>BALINT Cornel<\/td>\n<td>Digital switching systems<br \/>\nModern telecommunications techniques<\/td>\n<td><a title=\"Hcard \/ Vcard \/ QRcode\" href=\"https:\/\/elearning.upt.ro\/en\/despre-cel\/personal\/tst\/\" rel=\"https:\/\/elearning.upt.ro\/hcard\/974\/\">vcard<\/a><\/td>\n<\/tr>\n<tr>\n<td>Conf.dr.ing.<\/td>\n<td>BUDURA Georgeta<\/td>\n<td>Signal Processing<br \/>\nSignals and Systems<\/td>\n<td><a title=\"Hcard \/ Vcard \/ QRcode\" href=\"https:\/\/elearning.upt.ro\/en\/despre-cel\/personal\/tst\/\" rel=\"https:\/\/elearning.upt.ro\/hcard\/946\/\">vcard<\/a><\/td>\n<\/tr>\n<tr>\n<td>Assoc<\/td>\n<td>C\u0102DARIU Liviu<\/td>\n<td>Algebra and Geometry<br \/>\nSpecial Mathematics<\/td>\n<td><a title=\"Hcard \/ Vcard \/ QRcode\" href=\"https:\/\/elearning.upt.ro\/en\/despre-cel\/personal\/tst\/\" rel=\"https:\/\/elearning.upt.ro\/hcard\/5863\/\">vcard<\/a><\/td>\n<\/tr>\n<tr>\n<td>Lect.dr.<\/td>\n<td>C\u0102RUNTU Bogdan<\/td>\n<td>Algebra and Geometry<br \/>\nSpecial Mathematics<\/td>\n<td><a title=\"Hcard \/ Vcard \/ QRcode\" href=\"https:\/\/elearning.upt.ro\/en\/despre-cel\/personal\/tst\/\" rel=\"https:\/\/elearning.upt.ro\/hcard\/5865\/\">vcard<\/a><\/td>\n<\/tr>\n<tr>\n<td>Asist.univ.dr.<\/td>\n<td>CONSTANTIN Claudia<\/td>\n<td>English language<br \/>\nEnglish 2<\/td>\n<td><a title=\"Hcard \/ Vcard \/ QRcode\" href=\"https:\/\/elearning.upt.ro\/en\/despre-cel\/personal\/tst\/\" rel=\"https:\/\/elearning.upt.ro\/hcard\/12333\/\">vcard<\/a><\/td>\n<\/tr>\n<tr>\n<td>\u0218.l.dr.ing.<\/td>\n<td>ERM\u0102LAI Iasmina<\/td>\n<td>License<br \/>\nModeling and simulation<br \/>\nMultimedia Project (Development)<br \/>\nMultimedia Technologies<\/td>\n<td><a title=\"Hcard \/ Vcard \/ QRcode\" href=\"https:\/\/elearning.upt.ro\/en\/despre-cel\/personal\/tst\/\" rel=\"https:\/\/elearning.upt.ro\/hcard\/961\/\">vcard<\/a><\/td>\n<\/tr>\n<tr>\n<td>\u0218.l.dr.ing.<\/td>\n<td>GAL Norbert<\/td>\n<td>Microprocessor numerical processing systems<\/td>\n<td><a title=\"Hcard \/ Vcard \/ QRcode\" href=\"https:\/\/elearning.upt.ro\/en\/despre-cel\/personal\/tst\/\" rel=\"https:\/\/elearning.upt.ro\/hcard\/6866\/\">vcard<\/a><\/td>\n<\/tr>\n<tr>\n<td>Prof.dr.<\/td>\n<td>GOLE\u021a Ioan<\/td>\n<td>Mathematical analysis<\/td>\n<td><a title=\"Hcard \/ Vcard \/ QRcode\" href=\"https:\/\/elearning.upt.ro\/en\/despre-cel\/personal\/tst\/\" rel=\"https:\/\/elearning.upt.ro\/hcard\/942\/\">vcard<\/a><\/td>\n<\/tr>\n<tr>\n<td>Prof.dr.ing.<\/td>\n<td>GONTEAN Aurel<\/td>\n<td>Fundamental electronic circuits<br \/>\nDigital integrated circuits<br \/>\nSoftware for electronics and telecommunications<\/td>\n<td><a title=\"Hcard \/ Vcard \/ QRcode\" href=\"https:\/\/elearning.upt.ro\/en\/despre-cel\/personal\/tst\/\" rel=\"https:\/\/elearning.upt.ro\/hcard\/960\/\">vcard<\/a><\/td>\n<\/tr>\n<tr>\n<td>\u0218.l.dr.ing.<\/td>\n<td>IFTODE Cora<\/td>\n<td>Electromagnetic compatibility<\/td>\n<td><a title=\"Hcard \/ Vcard \/ QRcode\" href=\"https:\/\/elearning.upt.ro\/en\/despre-cel\/personal\/tst\/\" rel=\"https:\/\/elearning.upt.ro\/hcard\/2561\/\">vcard<\/a><\/td>\n<\/tr>\n<tr>\n<td>Conf.dr.ing.<\/td>\n<td>IRIMIA Dumitru<\/td>\n<td>Electromagnetic Fields and Waves<br \/>\nElectrical Circuits<\/td>\n<td><a title=\"Hcard \/ Vcard \/ QRcode\" href=\"https:\/\/elearning.upt.ro\/en\/despre-cel\/personal\/tst\/\" rel=\"https:\/\/elearning.upt.ro\/hcard\/981\/\">vcard<\/a><\/td>\n<\/tr>\n<tr>\n<td>Prof.dr.ing.<\/td>\n<td>ISAR Alexandru<\/td>\n<td>Network security<\/td>\n<td><a title=\"Hcard \/ Vcard \/ QRcode\" href=\"https:\/\/elearning.upt.ro\/en\/despre-cel\/personal\/tst\/\" rel=\"https:\/\/elearning.upt.ro\/hcard\/978\/\">vcard<\/a><\/td>\n<\/tr>\n<tr>\n<td>Prof.dr.ing.<\/td>\n<td>ISAR Dorina<\/td>\n<td>Analog integrated circuits<br \/>\nElectronic Interface Equipment<\/td>\n<td><a title=\"Hcard \/ Vcard \/ QRcode\" href=\"https:\/\/elearning.upt.ro\/en\/despre-cel\/personal\/tst\/\" rel=\"https:\/\/elearning.upt.ro\/hcard\/985\/\">vcard<\/a><\/td>\n<\/tr>\n<tr>\n<td>Prof.dr.ing.<\/td>\n<td>JURCA Traian<\/td>\n<td>Electronic and measuring devices<br \/>\nElectrical and electronic measurements<\/td>\n<td><a title=\"Hcard \/ Vcard \/ QRcode\" href=\"https:\/\/elearning.upt.ro\/en\/despre-cel\/personal\/tst\/\" rel=\"https:\/\/elearning.upt.ro\/hcard\/967\/\">vcard<\/a><\/td>\n<\/tr>\n<tr>\n<td>\u0218.l.dr.ing.<\/td>\n<td>KOVACI Maria<\/td>\n<td>Network security<\/td>\n<td><a title=\"Hcard \/ Vcard \/ QRcode\" href=\"https:\/\/elearning.upt.ro\/en\/despre-cel\/personal\/tst\/\" rel=\"https:\/\/elearning.upt.ro\/hcard\/1072\/\">vcard<\/a><\/td>\n<\/tr>\n<tr>\n<td>Prof.dr.ing.<\/td>\n<td>LASCU Dan<\/td>\n<td>Power Electronics - ID<\/td>\n<td><a title=\"Hcard \/ Vcard \/ QRcode\" href=\"https:\/\/elearning.upt.ro\/en\/despre-cel\/personal\/tst\/\" rel=\"https:\/\/elearning.upt.ro\/hcard\/968\/\">vcard<\/a><\/td>\n<\/tr>\n<tr>\n<td>Prof.dr.ing.<\/td>\n<td>LASCU Mihaela<\/td>\n<td>Virtual instrumentation<\/td>\n<td><a title=\"Hcard \/ Vcard \/ QRcode\" href=\"https:\/\/elearning.upt.ro\/en\/despre-cel\/personal\/tst\/\" rel=\"https:\/\/elearning.upt.ro\/hcard\/973\/\">vcard<\/a><\/td>\n<\/tr>\n<tr>\n<td>Conf.dr.ing.<\/td>\n<td>MARINCA Bogdan<\/td>\n<td>Analog integrated circuits<\/td>\n<td><a title=\"Hcard \/ Vcard \/ QRcode\" href=\"https:\/\/elearning.upt.ro\/en\/despre-cel\/personal\/tst\/\" rel=\"https:\/\/elearning.upt.ro\/hcard\/2535\/\">vcard<\/a><\/td>\n<\/tr>\n<tr>\n<td>\u0218.l.dr.ing.<\/td>\n<td>M\u0102\u021aIU-IOVAN Liliana<\/td>\n<td>Electronic and measuring devices<br \/>\nElectrical and electronic measurements<\/td>\n<td><a title=\"Hcard \/ Vcard \/ QRcode\" href=\"https:\/\/elearning.upt.ro\/en\/despre-cel\/personal\/tst\/\" rel=\"https:\/\/elearning.upt.ro\/hcard\/6883\/\">vcard<\/a><\/td>\n<\/tr>\n<tr>\n<td>Prof.dr.ing.<\/td>\n<td>MIH\u0102ESCU Adrian<\/td>\n<td>Information and coding theory<\/td>\n<td><a title=\"Hcard \/ Vcard \/ QRcode\" href=\"https:\/\/elearning.upt.ro\/en\/despre-cel\/personal\/tst\/\" rel=\"https:\/\/elearning.upt.ro\/hcard\/969\/\">vcard<\/a><\/td>\n<\/tr>\n<tr>\n<td>Conf.dr.ing.<\/td>\n<td>MOCOFAN Mugur<\/td>\n<td>Audio-video compression - TST ID<br \/>\nElectrical and optoelectric devices<br \/>\nObject Oriented Programming (ID)<br \/>\nAudio-video production<br \/>\nTesting of electronic and telecommunications equipment - ID<\/td>\n<td><a title=\"Hcard \/ Vcard \/ QRcode\" href=\"https:\/\/elearning.upt.ro\/en\/despre-cel\/personal\/tst\/\" rel=\"https:\/\/elearning.upt.ro\/hcard\/935\/\">vcard<\/a><\/td>\n<\/tr>\n<tr>\n<td>Lecturer dr.ing.<\/td>\n<td>MOLDOVAN Cristian Emil<\/td>\n<td>Fundamentals of Mechanical Engineering<\/td>\n<td><a title=\"Hcard \/ Vcard \/ QRcode\" href=\"https:\/\/elearning.upt.ro\/en\/despre-cel\/personal\/tst\/\" rel=\"https:\/\/elearning.upt.ro\/hcard\/6884\/\">vcard<\/a><\/td>\n<\/tr>\n<tr>\n<td>Assoc<\/td>\n<td>BLACK Romeo<\/td>\n<td>Computer aided mathematics<\/td>\n<td><a title=\"Hcard \/ Vcard \/ QRcode\" href=\"https:\/\/elearning.upt.ro\/en\/despre-cel\/personal\/tst\/\" rel=\"https:\/\/elearning.upt.ro\/hcard\/953\/\">vcard<\/a><\/td>\n<\/tr>\n<tr>\n<td>\u0218.l.dr.ing.<\/td>\n<td>ONI\u021a\u0102 Mihai<\/td>\n<td>Multimedia project<br \/>\nComputer Aided Design<\/td>\n<td><a title=\"Hcard \/ Vcard \/ QRcode\" href=\"https:\/\/elearning.upt.ro\/en\/despre-cel\/personal\/tst\/\" rel=\"https:\/\/elearning.upt.ro\/hcard\/959\/\">vcard<\/a><\/td>\n<\/tr>\n<tr>\n<td>Prof.dr.ing.<\/td>\n<td>OTE\u0218TEANU Marius<\/td>\n<td>Television systems<br \/>\nTelephone transmissions<\/td>\n<td><a title=\"Hcard \/ Vcard \/ QRcode\" href=\"https:\/\/elearning.upt.ro\/en\/despre-cel\/personal\/tst\/\" rel=\"https:\/\/elearning.upt.ro\/hcard\/936\/\">vcard<\/a><\/td>\n<\/tr>\n<tr>\n<td>\u0218.l.dr.ing.<\/td>\n<td>PAZSITKA Robert<\/td>\n<td>Data acquisition systems<\/td>\n<td><a title=\"Hcard \/ Vcard \/ QRcode\" href=\"https:\/\/elearning.upt.ro\/en\/despre-cel\/personal\/tst\/\" rel=\"https:\/\/elearning.upt.ro\/hcard\/971\/\">vcard<\/a><\/td>\n<\/tr>\n<tr>\n<td>\u0218.l.dr.ing.<\/td>\n<td>POPA Daniel<\/td>\n<td>Television systems<br \/>\nTelephone transmissions<\/td>\n<td><a title=\"Hcard \/ Vcard \/ QRcode\" href=\"https:\/\/elearning.upt.ro\/en\/despre-cel\/personal\/tst\/\" rel=\"https:\/\/elearning.upt.ro\/hcard\/2516\/\">vcard<\/a><\/td>\n<\/tr>\n<tr>\n<td>As.univ.<\/td>\n<td>POPESCU Dan<\/td>\n<td>Mathematical analysis<\/td>\n<td><a title=\"Hcard \/ Vcard \/ QRcode\" href=\"https:\/\/elearning.upt.ro\/en\/despre-cel\/personal\/tst\/\" rel=\"https:\/\/elearning.upt.ro\/hcard\/5864\/\">vcard<\/a><\/td>\n<\/tr>\n<tr>\n<td>As.univ.<\/td>\n<td>POPESCU Diana<\/td>\n<td>Culture and civilization<\/td>\n<td><a title=\"Hcard \/ Vcard \/ QRcode\" href=\"https:\/\/elearning.upt.ro\/en\/despre-cel\/personal\/tst\/\" rel=\"https:\/\/elearning.upt.ro\/hcard\/4322\/\">vcard<\/a><\/td>\n<\/tr>\n<tr>\n<td>As.dr.ing.<\/td>\n<td>POPESCU Sorin<\/td>\n<td>Electronic Interface Equipment<\/td>\n<td><a title=\"Hcard \/ Vcard \/ QRcode\" href=\"https:\/\/elearning.upt.ro\/en\/despre-cel\/personal\/tst\/\" rel=\"https:\/\/elearning.upt.ro\/hcard\/1168\/\">vcard<\/a><\/td>\n<\/tr>\n<tr>\n<td>Conf.dr.ing.<\/td>\n<td>POPOVICI Adrian<\/td>\n<td>Materials, Components and Electronic Technology<\/td>\n<td><a title=\"Hcard \/ Vcard \/ QRcode\" href=\"https:\/\/elearning.upt.ro\/en\/despre-cel\/personal\/tst\/\" rel=\"https:\/\/elearning.upt.ro\/hcard\/980\/\">vcard<\/a><\/td>\n<\/tr>\n<tr>\n<td>Prof.dr.ing.<\/td>\n<td>FOOL Gabriela<\/td>\n<td>Communication<br \/>\nManagement and marketing<\/td>\n<td><a title=\"Hcard \/ Vcard \/ QRcode\" href=\"https:\/\/elearning.upt.ro\/en\/despre-cel\/personal\/tst\/\" rel=\"https:\/\/elearning.upt.ro\/hcard\/928\/\">vcard<\/a><\/td>\n<\/tr>\n<tr>\n<td>Conf.dr.ing.<\/td>\n<td>STANCIU Loredana-Mihaela<\/td>\n<td>Using Computers<\/td>\n<td><a title=\"Hcard \/ Vcard \/ QRcode\" href=\"https:\/\/elearning.upt.ro\/en\/despre-cel\/personal\/tst\/\" rel=\"https:\/\/elearning.upt.ro\/hcard\/1183\/\">vcard<\/a><\/td>\n<\/tr>\n<tr>\n<td>Conf.dr.ing.<\/td>\n<td>T\u0102N\u0102\u015eIL\u0102 Matei<\/td>\n<td>Microeconomics<\/td>\n<td><a title=\"Hcard \/ Vcard \/ QRcode\" href=\"https:\/\/elearning.upt.ro\/en\/despre-cel\/personal\/tst\/\" rel=\"https:\/\/elearning.upt.ro\/hcard\/977\/\">vcard<\/a><\/td>\n<\/tr>\n<tr>\n<td>\u0218.l.dr.ing.<\/td>\n<td>TERNAUCIUC Andrei<\/td>\n<td>Databases (ID)<br \/>\nTST3 practice<br \/>\nSoftware project (ID)<\/td>\n<td><a title=\"Hcard \/ Vcard \/ QRcode\" href=\"https:\/\/elearning.upt.ro\/en\/despre-cel\/personal\/tst\/\" rel=\"https:\/\/elearning.upt.ro\/hcard\/1076\/\">vcard<\/a><\/td>\n<\/tr>\n<tr>\n<td>\u0218.l.dr.ing.<\/td>\n<td>V\u00c2RTOSU Adrian<\/td>\n<td>High frequency technique<\/td>\n<td><a title=\"Hcard \/ Vcard \/ QRcode\" href=\"https:\/\/elearning.upt.ro\/en\/despre-cel\/personal\/tst\/\" rel=\"https:\/\/elearning.upt.ro\/hcard\/963\/\">vcard<\/a><\/td>\n<\/tr>\n<tr>\n<td>Prof.univ.dr.ing.<\/td>\n<td>VASIU Radu<\/td>\n<td>Audio-video compression - TST ID<br \/>\nTST3 practice<br \/>\nTesting of electronic and telecommunications equipment - ID<\/td>\n<td><a title=\"Hcard \/ Vcard \/ QRcode\" href=\"https:\/\/elearning.upt.ro\/en\/despre-cel\/personal\/tst\/\" rel=\"https:\/\/elearning.upt.ro\/hcard\/922\/\">vcard<\/a><\/td>\n<\/tr>\n<tr>\n<td>\u0218.l.dr.ing.<\/td>\n<td>VESA Andy<\/td>\n<td>Computer network architecture<br \/>\nData communications<\/td>\n<td><a title=\"Hcard \/ Vcard \/ QRcode\" href=\"https:\/\/elearning.upt.ro\/en\/despre-cel\/personal\/tst\/\" rel=\"https:\/\/elearning.upt.ro\/hcard\/992\/\">vcard<\/a><\/td>\n<\/tr>\n<\/tbody>\n<\/table>","protected":false},"excerpt":{"rendered":"<p>Nume Cursuri Contact \u0218.l.dr.ing. ALBU Adriana Programarea Calculatoarelor vcard Prof.dr.ing. ALEXA Florin Radiocomunica\u021bii vcard Dr.ing. ANDONE Diana Tehnologii Multimedia Tehnologii Web 2.0 vcard \u0218.l.dr.ing. BALINT Cornel Sisteme de comuta\u021bie digital\u0103 Tehnici moderne de telecomunica\u021bii vcard Conf.dr.ing. BUDURA Georgeta Prelucrarea Semnalelor Semnale \u0219i Sisteme vcard Conf.univ.dr. C\u0102DARIU Liviu Algebr\u0103 \u0219i Geometrie Matematici Speciale vcard Lect.dr. C\u0102RUNTU [&hellip;]<\/p>\n","protected":false},"author":1,"featured_media":0,"parent":2935,"menu_order":0,"comment_status":"closed","ping_status":"closed","template":"","meta":{"footnotes":""},"class_list":["post-3112","page","type-page","status-publish","hentry"],"yoast_head":"<!-- This site is optimized with the Yoast SEO plugin v27.3 - https:\/\/yoast.com\/product\/yoast-seo-wordpress\/ -->\n<title>Personal &#8211; Specializarea Tehnologii si sisteme de telecomunicatii - Universitatea Politehnica Timi\u015foara Departamentul de ID\/IFR \u0219i Educa\u021bie Digital\u0103 \u2013 DeL<\/title>\n<meta name=\"robots\" content=\"index, follow, max-snippet:-1, max-image-preview:large, max-video-preview:-1\" \/>\n<link rel=\"canonical\" href=\"https:\/\/elearning.upt.ro\/en\/cel-2\/personal\/tehnologii-si-sisteme-de-telecomunicatii\/\" \/>\n<meta property=\"og:locale\" content=\"en_US\" \/>\n<meta property=\"og:type\" content=\"article\" \/>\n<meta property=\"og:title\" content=\"Personal &#8211; Specializarea Tehnologii si sisteme de telecomunicatii - Universitatea Politehnica Timi\u015foara Departamentul de ID\/IFR \u0219i Educa\u021bie Digital\u0103 \u2013 DeL\" \/>\n<meta property=\"og:description\" content=\"Nume Cursuri Contact \u0218.l.dr.ing. ALBU Adriana Programarea Calculatoarelor vcard Prof.dr.ing. ALEXA Florin Radiocomunica\u021bii vcard Dr.ing. ANDONE Diana Tehnologii Multimedia Tehnologii Web 2.0 vcard \u0218.l.dr.ing. BALINT Cornel Sisteme de comuta\u021bie digital\u0103 Tehnici moderne de telecomunica\u021bii vcard Conf.dr.ing. BUDURA Georgeta Prelucrarea Semnalelor Semnale \u0219i Sisteme vcard Conf.univ.dr. C\u0102DARIU Liviu Algebr\u0103 \u0219i Geometrie Matematici Speciale vcard Lect.dr. C\u0102RUNTU [&hellip;]\" \/>\n<meta property=\"og:url\" content=\"https:\/\/elearning.upt.ro\/en\/cel-2\/personal\/tehnologii-si-sisteme-de-telecomunicatii\/\" \/>\n<meta property=\"og:site_name\" content=\"Universitatea Politehnica Timi\u015foara Departamentul de ID\/IFR \u0219i Educa\u021bie Digital\u0103 \u2013 DeL\" \/>\n<meta property=\"article:publisher\" content=\"https:\/\/www.facebook.com\/CIDUPT\/?ref=page_internal\" \/>\n<meta property=\"article:modified_time\" content=\"2022-11-01T13:02:16+00:00\" \/>\n<meta name=\"twitter:card\" content=\"summary_large_image\" \/>\n<meta name=\"twitter:label1\" content=\"Est. reading time\" \/>\n\t<meta name=\"twitter:data1\" content=\"2 minutes\" \/>\n<script type=\"application\/ld+json\" class=\"yoast-schema-graph\">{\"@context\":\"https:\\\/\\\/schema.org\",\"@graph\":[{\"@type\":\"WebPage\",\"@id\":\"https:\\\/\\\/elearning.upt.ro\\\/cel-2\\\/personal\\\/tehnologii-si-sisteme-de-telecomunicatii\\\/\",\"url\":\"https:\\\/\\\/elearning.upt.ro\\\/cel-2\\\/personal\\\/tehnologii-si-sisteme-de-telecomunicatii\\\/\",\"name\":\"Personal &#8211; Specializarea Tehnologii si sisteme de telecomunicatii - Universitatea Politehnica Timi\u015foara Departamentul de ID\\\/IFR \u0219i Educa\u021bie Digital\u0103 \u2013 DeL\",\"isPartOf\":{\"@id\":\"https:\\\/\\\/elearning.upt.ro\\\/ro\\\/#website\"},\"datePublished\":\"2018-01-13T18:38:47+00:00\",\"dateModified\":\"2022-11-01T13:02:16+00:00\",\"breadcrumb\":{\"@id\":\"https:\\\/\\\/elearning.upt.ro\\\/cel-2\\\/personal\\\/tehnologii-si-sisteme-de-telecomunicatii\\\/#breadcrumb\"},\"inLanguage\":\"en-US\",\"potentialAction\":[{\"@type\":\"ReadAction\",\"target\":[\"https:\\\/\\\/elearning.upt.ro\\\/cel-2\\\/personal\\\/tehnologii-si-sisteme-de-telecomunicatii\\\/\"]}]},{\"@type\":\"BreadcrumbList\",\"@id\":\"https:\\\/\\\/elearning.upt.ro\\\/cel-2\\\/personal\\\/tehnologii-si-sisteme-de-telecomunicatii\\\/#breadcrumb\",\"itemListElement\":[{\"@type\":\"ListItem\",\"position\":1,\"name\":\"Home\",\"item\":\"https:\\\/\\\/elearning.upt.ro\\\/\"},{\"@type\":\"ListItem\",\"position\":2,\"name\":\"Despre DeL\",\"item\":\"https:\\\/\\\/elearning.upt.ro\\\/cel-2\\\/\"},{\"@type\":\"ListItem\",\"position\":3,\"name\":\"Personal\",\"item\":\"https:\\\/\\\/elearning.upt.ro\\\/cel-2\\\/personal\\\/\"},{\"@type\":\"ListItem\",\"position\":4,\"name\":\"Personal &#8211; Specializarea Tehnologii si sisteme de telecomunicatii\"}]},{\"@type\":\"WebSite\",\"@id\":\"https:\\\/\\\/elearning.upt.ro\\\/ro\\\/#website\",\"url\":\"https:\\\/\\\/elearning.upt.ro\\\/ro\\\/\",\"name\":\"Universitatea Politehnica Timi\u015foara Departamentul de ID\\\/IFR \u0219i Educa\u021bie Digital\u0103 \u2013 DeL\",\"description\":\"\",\"potentialAction\":[{\"@type\":\"SearchAction\",\"target\":{\"@type\":\"EntryPoint\",\"urlTemplate\":\"https:\\\/\\\/elearning.upt.ro\\\/ro\\\/?s={search_term_string}\"},\"query-input\":{\"@type\":\"PropertyValueSpecification\",\"valueRequired\":true,\"valueName\":\"search_term_string\"}}],\"inLanguage\":\"en-US\"}]}<\/script>\n<!-- \/ Yoast SEO plugin. -->","yoast_head_json":{"title":"Staff \u2013 Telecommunications Technologies and Systems Specialization - Politehnica University Timi\u015foara Department of ID\/IFR and Digital Education \u2013 DeL","robots":{"index":"index","follow":"follow","max-snippet":"max-snippet:-1","max-image-preview":"max-image-preview:large","max-video-preview":"max-video-preview:-1"},"canonical":"https:\/\/elearning.upt.ro\/en\/cel-2\/personal\/tehnologii-si-sisteme-de-telecomunicatii\/","og_locale":"en_US","og_type":"article","og_title":"Personal &#8211; Specializarea Tehnologii si sisteme de telecomunicatii - Universitatea Politehnica Timi\u015foara Departamentul de ID\/IFR \u0219i Educa\u021bie Digital\u0103 \u2013 DeL","og_description":"Nume Cursuri Contact \u0218.l.dr.ing. ALBU Adriana Programarea Calculatoarelor vcard Prof.dr.ing. ALEXA Florin Radiocomunica\u021bii vcard Dr.ing. ANDONE Diana Tehnologii Multimedia Tehnologii Web 2.0 vcard \u0218.l.dr.ing. BALINT Cornel Sisteme de comuta\u021bie digital\u0103 Tehnici moderne de telecomunica\u021bii vcard Conf.dr.ing. BUDURA Georgeta Prelucrarea Semnalelor Semnale \u0219i Sisteme vcard Conf.univ.dr. C\u0102DARIU Liviu Algebr\u0103 \u0219i Geometrie Matematici Speciale vcard Lect.dr. C\u0102RUNTU [&hellip;]","og_url":"https:\/\/elearning.upt.ro\/en\/cel-2\/personal\/tehnologii-si-sisteme-de-telecomunicatii\/","og_site_name":"Universitatea Politehnica Timi\u015foara Departamentul de ID\/IFR \u0219i Educa\u021bie Digital\u0103 \u2013 DeL","article_publisher":"https:\/\/www.facebook.com\/CIDUPT\/?ref=page_internal","article_modified_time":"2022-11-01T13:02:16+00:00","twitter_card":"summary_large_image","twitter_misc":{"Est. reading time":"2 minutes"},"schema":{"@context":"https:\/\/schema.org","@graph":[{"@type":"WebPage","@id":"https:\/\/elearning.upt.ro\/cel-2\/personal\/tehnologii-si-sisteme-de-telecomunicatii\/","url":"https:\/\/elearning.upt.ro\/cel-2\/personal\/tehnologii-si-sisteme-de-telecomunicatii\/","name":"Staff \u2013 Telecommunications Technologies and Systems Specialization - Politehnica University Timi\u015foara Department of ID\/IFR and Digital Education \u2013 DeL","isPartOf":{"@id":"https:\/\/elearning.upt.ro\/ro\/#website"},"datePublished":"2018-01-13T18:38:47+00:00","dateModified":"2022-11-01T13:02:16+00:00","breadcrumb":{"@id":"https:\/\/elearning.upt.ro\/cel-2\/personal\/tehnologii-si-sisteme-de-telecomunicatii\/#breadcrumb"},"inLanguage":"en-US","potentialAction":[{"@type":"ReadAction","target":["https:\/\/elearning.upt.ro\/cel-2\/personal\/tehnologii-si-sisteme-de-telecomunicatii\/"]}]},{"@type":"BreadcrumbList","@id":"https:\/\/elearning.upt.ro\/cel-2\/personal\/tehnologii-si-sisteme-de-telecomunicatii\/#breadcrumb","itemListElement":[{"@type":"ListItem","position":1,"name":"Home","item":"https:\/\/elearning.upt.ro\/"},{"@type":"ListItem","position":2,"name":"Despre DeL","item":"https:\/\/elearning.upt.ro\/cel-2\/"},{"@type":"ListItem","position":3,"name":"Personal","item":"https:\/\/elearning.upt.ro\/cel-2\/personal\/"},{"@type":"ListItem","position":4,"name":"Personal &#8211; Specializarea Tehnologii si sisteme de telecomunicatii"}]},{"@type":"WebSite","@id":"https:\/\/elearning.upt.ro\/ro\/#website","url":"https:\/\/elearning.upt.ro\/ro\/","name":"Politehnica University Timi\u015foara Department of ID\/IFR and Digital Education \u2013 DeL","description":"","potentialAction":[{"@type":"SearchAction","target":{"@type":"EntryPoint","urlTemplate":"https:\/\/elearning.upt.ro\/ro\/?s={search_term_string}"},"query-input":{"@type":"PropertyValueSpecification","valueRequired":true,"valueName":"search_term_string"}}],"inLanguage":"en-US"}]}},"_links":{"self":[{"href":"https:\/\/elearning.upt.ro\/en\/wp-json\/wp\/v2\/pages\/3112","targetHints":{"allow":["GET"]}}],"collection":[{"href":"https:\/\/elearning.upt.ro\/en\/wp-json\/wp\/v2\/pages"}],"about":[{"href":"https:\/\/elearning.upt.ro\/en\/wp-json\/wp\/v2\/types\/page"}],"author":[{"embeddable":true,"href":"https:\/\/elearning.upt.ro\/en\/wp-json\/wp\/v2\/users\/1"}],"replies":[{"embeddable":true,"href":"https:\/\/elearning.upt.ro\/en\/wp-json\/wp\/v2\/comments?post=3112"}],"version-history":[{"count":44,"href":"https:\/\/elearning.upt.ro\/en\/wp-json\/wp\/v2\/pages\/3112\/revisions"}],"predecessor-version":[{"id":23352,"href":"https:\/\/elearning.upt.ro\/en\/wp-json\/wp\/v2\/pages\/3112\/revisions\/23352"}],"up":[{"embeddable":true,"href":"https:\/\/elearning.upt.ro\/en\/wp-json\/wp\/v2\/pages\/2935"}],"wp:attachment":[{"href":"https:\/\/elearning.upt.ro\/en\/wp-json\/wp\/v2\/media?parent=3112"}],"curies":[{"name":"wp","href":"https:\/\/api.w.org\/{rel}","templated":true}]}}