{"id":2831,"date":"2018-01-10T20:53:14","date_gmt":"2018-01-10T20:53:14","guid":{"rendered":"http:\/\/new.elearning.upt.ro\/?page_id=2831"},"modified":"2022-12-22T16:36:38","modified_gmt":"2022-12-22T14:36:38","slug":"unicampus","status":"publish","type":"page","link":"https:\/\/elearning.upt.ro\/en\/unicampus\/","title":{"rendered":"Unicampus"},"content":{"rendered":"<div data-elementor-type=\"wp-page\" data-elementor-id=\"2831\" class=\"elementor elementor-2831\">\n\t\t\t\t\t\t<section class=\"elementor-section elementor-top-section elementor-element elementor-element-10363adb elementor-section-boxed elementor-section-height-default elementor-section-height-default\" data-id=\"10363adb\" data-element_type=\"section\" data-e-type=\"section\">\n\t\t\t\t\t\t<div class=\"elementor-container elementor-column-gap-default\">\n\t\t\t\t\t<div class=\"elementor-column elementor-col-100 elementor-top-column elementor-element elementor-element-6fb3e0d2\" data-id=\"6fb3e0d2\" data-element_type=\"column\" data-e-type=\"column\">\n\t\t\t<div class=\"elementor-widget-wrap elementor-element-populated\">\n\t\t\t\t\t\t<div class=\"elementor-element elementor-element-5b261b78 elementor-widget elementor-widget-text-editor\" data-id=\"5b261b78\" data-element_type=\"widget\" data-e-type=\"widget\" data-widget_type=\"text-editor.default\">\n\t\t\t\t<div class=\"elementor-widget-container\">\n\t\t\t\t\t\t\t\t\t\n<p class=\"translation-block\"><strong>UniCampus<\/strong> is an initiative of the ID \/ IFR and eLearning Center (CEL) of the Politehnica University of Timi\u0219oara (UPT) in order to develop the first <strong>MOOC (Massive Open Online Courses)<\/strong> in Romania, as a virtual online platform for free open courses, for everyone. <strong>UniCampus' vision<\/strong> is to strengthen the recognition of Romanian universities, the power to support and reach into the economic, social and educational life in Romania of quality, academic education, by promoting free access to knowledge. <strong>The UniCampus platform<\/strong> is an open platform, developed by UPT and is supported by CEL, which will be attended by other universities in Romania that want to contribute to the development of open education, by developing MOOC courses in Romanian, similar with those offered internationally by Coursera, EdX, FutureLearn etc.<\/p>\n\n\n\n<p><a href=\"https:\/\/unicampus.ro\/\">https:\/\/unicampus.ro\/<\/a><\/p>\n\t\t\t\t\t\t\t\t<\/div>\n\t\t\t\t<\/div>\n\t\t\t\t\t<\/div>\n\t\t<\/div>\n\t\t\t\t\t<\/div>\n\t\t<\/section>\n\t\t\t\t<\/div>","protected":false},"excerpt":{"rendered":"<p>UniCampus\u00a0este o ini\u021biativ\u0103 a Centrului de ID\/IFR \u0219i eLearning (CEL) al Universit\u0103\u021bii Politehnica Timi\u0219oara (UPT) cu scopul de a dezvolta primul\u00a0MOOC (Massive Open Online Courses) universitar din Rom\u00e2nia, ca o platform\u0103 virtual\u0103 online pentru cursuri \u00een regim liber, gratuit, deschis, pentru toat\u0103 lumea.\u00a0Viziunea UniCampus\u00a0este de \u00eent\u0103rire a recunoa\u0219terii universit\u0103\u021bilor rom\u00e2ne\u0219ti, a puterii de sus\u021binere \u0219i [&hellip;]<\/p>\n","protected":false},"author":1,"featured_media":0,"parent":0,"menu_order":0,"comment_status":"closed","ping_status":"closed","template":"","meta":{"footnotes":""},"class_list":["post-2831","page","type-page","status-publish","hentry"],"yoast_head":"<!-- This site is optimized with the Yoast SEO plugin v27.5 - https:\/\/yoast.com\/product\/yoast-seo-wordpress\/ -->\n<title>Unicampus - Universitatea Politehnica Timi\u015foara Departamentul de ID\/IFR \u0219i Educa\u021bie Digital\u0103 \u2013 DeL<\/title>\n<meta name=\"robots\" content=\"index, follow, max-snippet:-1, max-image-preview:large, max-video-preview:-1\" \/>\n<link rel=\"canonical\" href=\"https:\/\/elearning.upt.ro\/en\/unicampus\/\" \/>\n<meta property=\"og:locale\" content=\"en_US\" \/>\n<meta property=\"og:type\" content=\"article\" \/>\n<meta property=\"og:title\" content=\"Unicampus - Universitatea Politehnica Timi\u015foara Departamentul de ID\/IFR \u0219i Educa\u021bie Digital\u0103 \u2013 DeL\" \/>\n<meta property=\"og:description\" content=\"UniCampus\u00a0este o ini\u021biativ\u0103 a Centrului de ID\/IFR \u0219i eLearning (CEL) al Universit\u0103\u021bii Politehnica Timi\u0219oara (UPT) cu scopul de a dezvolta primul\u00a0MOOC (Massive Open Online Courses) universitar din Rom\u00e2nia, ca o platform\u0103 virtual\u0103 online pentru cursuri \u00een regim liber, gratuit, deschis, pentru toat\u0103 lumea.\u00a0Viziunea UniCampus\u00a0este de \u00eent\u0103rire a recunoa\u0219terii universit\u0103\u021bilor rom\u00e2ne\u0219ti, a puterii de sus\u021binere \u0219i [&hellip;]\" \/>\n<meta property=\"og:url\" content=\"https:\/\/elearning.upt.ro\/en\/unicampus\/\" \/>\n<meta property=\"og:site_name\" content=\"Universitatea Politehnica Timi\u015foara Departamentul de ID\/IFR \u0219i Educa\u021bie Digital\u0103 \u2013 DeL\" \/>\n<meta property=\"article:publisher\" content=\"https:\/\/www.facebook.com\/CIDUPT\/?ref=page_internal\" \/>\n<meta property=\"article:modified_time\" content=\"2022-12-22T14:36:38+00:00\" \/>\n<meta name=\"twitter:card\" content=\"summary_large_image\" \/>\n<meta name=\"twitter:label1\" content=\"Est. reading time\" \/>\n\t<meta name=\"twitter:data1\" content=\"1 minute\" \/>\n<script type=\"application\/ld+json\" class=\"yoast-schema-graph\">{\"@context\":\"https:\\\/\\\/schema.org\",\"@graph\":[{\"@type\":\"WebPage\",\"@id\":\"https:\\\/\\\/elearning.upt.ro\\\/ro\\\/unicampus\\\/\",\"url\":\"https:\\\/\\\/elearning.upt.ro\\\/ro\\\/unicampus\\\/\",\"name\":\"Unicampus - Universitatea Politehnica Timi\u015foara Departamentul de ID\\\/IFR \u0219i Educa\u021bie Digital\u0103 \u2013 DeL\",\"isPartOf\":{\"@id\":\"https:\\\/\\\/elearning.upt.ro\\\/ro\\\/#website\"},\"datePublished\":\"2018-01-10T20:53:14+00:00\",\"dateModified\":\"2022-12-22T14:36:38+00:00\",\"breadcrumb\":{\"@id\":\"https:\\\/\\\/elearning.upt.ro\\\/ro\\\/unicampus\\\/#breadcrumb\"},\"inLanguage\":\"en-US\",\"potentialAction\":[{\"@type\":\"ReadAction\",\"target\":[\"https:\\\/\\\/elearning.upt.ro\\\/ro\\\/unicampus\\\/\"]}]},{\"@type\":\"BreadcrumbList\",\"@id\":\"https:\\\/\\\/elearning.upt.ro\\\/ro\\\/unicampus\\\/#breadcrumb\",\"itemListElement\":[{\"@type\":\"ListItem\",\"position\":1,\"name\":\"Home\",\"item\":\"https:\\\/\\\/elearning.upt.ro\\\/\"},{\"@type\":\"ListItem\",\"position\":2,\"name\":\"Unicampus\"}]},{\"@type\":\"WebSite\",\"@id\":\"https:\\\/\\\/elearning.upt.ro\\\/ro\\\/#website\",\"url\":\"https:\\\/\\\/elearning.upt.ro\\\/ro\\\/\",\"name\":\"Universitatea Politehnica Timi\u015foara Departamentul de ID\\\/IFR \u0219i Educa\u021bie Digital\u0103 \u2013 DeL\",\"description\":\"\",\"potentialAction\":[{\"@type\":\"SearchAction\",\"target\":{\"@type\":\"EntryPoint\",\"urlTemplate\":\"https:\\\/\\\/elearning.upt.ro\\\/ro\\\/?s={search_term_string}\"},\"query-input\":{\"@type\":\"PropertyValueSpecification\",\"valueRequired\":true,\"valueName\":\"search_term_string\"}}],\"inLanguage\":\"en-US\"}]}<\/script>\n<!-- \/ Yoast SEO plugin. -->","yoast_head_json":{"title":"Unicampus - Politehnica University Timi\u015foara Department of ID\/IFR and Digital Education \u2013 DeL","robots":{"index":"index","follow":"follow","max-snippet":"max-snippet:-1","max-image-preview":"max-image-preview:large","max-video-preview":"max-video-preview:-1"},"canonical":"https:\/\/elearning.upt.ro\/en\/unicampus\/","og_locale":"en_US","og_type":"article","og_title":"Unicampus - Universitatea Politehnica Timi\u015foara Departamentul de ID\/IFR \u0219i Educa\u021bie Digital\u0103 \u2013 DeL","og_description":"UniCampus\u00a0este o ini\u021biativ\u0103 a Centrului de ID\/IFR \u0219i eLearning (CEL) al Universit\u0103\u021bii Politehnica Timi\u0219oara (UPT) cu scopul de a dezvolta primul\u00a0MOOC (Massive Open Online Courses) universitar din Rom\u00e2nia, ca o platform\u0103 virtual\u0103 online pentru cursuri \u00een regim liber, gratuit, deschis, pentru toat\u0103 lumea.\u00a0Viziunea UniCampus\u00a0este de \u00eent\u0103rire a recunoa\u0219terii universit\u0103\u021bilor rom\u00e2ne\u0219ti, a puterii de sus\u021binere \u0219i [&hellip;]","og_url":"https:\/\/elearning.upt.ro\/en\/unicampus\/","og_site_name":"Universitatea Politehnica Timi\u015foara Departamentul de ID\/IFR \u0219i Educa\u021bie Digital\u0103 \u2013 DeL","article_publisher":"https:\/\/www.facebook.com\/CIDUPT\/?ref=page_internal","article_modified_time":"2022-12-22T14:36:38+00:00","twitter_card":"summary_large_image","twitter_misc":{"Est. reading time":"1 minute"},"schema":{"@context":"https:\/\/schema.org","@graph":[{"@type":"WebPage","@id":"https:\/\/elearning.upt.ro\/ro\/unicampus\/","url":"https:\/\/elearning.upt.ro\/ro\/unicampus\/","name":"Unicampus - Politehnica University Timi\u015foara Department of ID\/IFR and Digital Education \u2013 DeL","isPartOf":{"@id":"https:\/\/elearning.upt.ro\/ro\/#website"},"datePublished":"2018-01-10T20:53:14+00:00","dateModified":"2022-12-22T14:36:38+00:00","breadcrumb":{"@id":"https:\/\/elearning.upt.ro\/ro\/unicampus\/#breadcrumb"},"inLanguage":"en-US","potentialAction":[{"@type":"ReadAction","target":["https:\/\/elearning.upt.ro\/ro\/unicampus\/"]}]},{"@type":"BreadcrumbList","@id":"https:\/\/elearning.upt.ro\/ro\/unicampus\/#breadcrumb","itemListElement":[{"@type":"ListItem","position":1,"name":"Home","item":"https:\/\/elearning.upt.ro\/"},{"@type":"ListItem","position":2,"name":"Unicampus"}]},{"@type":"WebSite","@id":"https:\/\/elearning.upt.ro\/ro\/#website","url":"https:\/\/elearning.upt.ro\/ro\/","name":"Politehnica University Timi\u015foara Department of ID\/IFR and Digital Education \u2013 DeL","description":"","potentialAction":[{"@type":"SearchAction","target":{"@type":"EntryPoint","urlTemplate":"https:\/\/elearning.upt.ro\/ro\/?s={search_term_string}"},"query-input":{"@type":"PropertyValueSpecification","valueRequired":true,"valueName":"search_term_string"}}],"inLanguage":"en-US"}]}},"_links":{"self":[{"href":"https:\/\/elearning.upt.ro\/en\/wp-json\/wp\/v2\/pages\/2831","targetHints":{"allow":["GET"]}}],"collection":[{"href":"https:\/\/elearning.upt.ro\/en\/wp-json\/wp\/v2\/pages"}],"about":[{"href":"https:\/\/elearning.upt.ro\/en\/wp-json\/wp\/v2\/types\/page"}],"author":[{"embeddable":true,"href":"https:\/\/elearning.upt.ro\/en\/wp-json\/wp\/v2\/users\/1"}],"replies":[{"embeddable":true,"href":"https:\/\/elearning.upt.ro\/en\/wp-json\/wp\/v2\/comments?post=2831"}],"version-history":[{"count":7,"href":"https:\/\/elearning.upt.ro\/en\/wp-json\/wp\/v2\/pages\/2831\/revisions"}],"predecessor-version":[{"id":24378,"href":"https:\/\/elearning.upt.ro\/en\/wp-json\/wp\/v2\/pages\/2831\/revisions\/24378"}],"wp:attachment":[{"href":"https:\/\/elearning.upt.ro\/en\/wp-json\/wp\/v2\/media?parent=2831"}],"curies":[{"name":"wp","href":"https:\/\/api.w.org\/{rel}","templated":true}]}}